{"id":1585,"date":"2024-06-05T12:43:17","date_gmt":"2024-06-05T12:43:17","guid":{"rendered":"https:\/\/www.belenushotel.hu\/?page_id=1585"},"modified":"2024-06-11T15:01:16","modified_gmt":"2024-06-11T15:01:16","slug":"registration-form","status":"publish","type":"page","link":"https:\/\/www.belenushotel.hu\/en\/registration-form\/","title":{"rendered":"Registration form"},"content":{"rendered":"<div class=\"row section justify-content-end\">\n\t<div class=\"col-md-1 d-none d-md-block icon\"><img decoding=\"async\" src=\"https:\/\/www.belenushotel.hu\/wp-content\/themes\/belenus\/images\/description.svg\"><\/div>\n\t<div class=\"col-md-11 align-self-end description\">\n\t\t<h3><\/h3>\n\t\t<\/p>\n<p>\n<div class=\"wpcf7 no-js\" id=\"wpcf7-f1624-o1\" lang=\"en-US\" dir=\"ltr\" data-wpcf7-id=\"1624\">\n<div class=\"screen-reader-response\"><p role=\"status\" aria-live=\"polite\" aria-atomic=\"true\"><\/p> <ul><\/ul><\/div>\n<form action=\"\/en\/wp-json\/wp\/v2\/pages\/1585#wpcf7-f1624-o1\" method=\"post\" class=\"wpcf7-form init\" aria-label=\"Contact form\" novalidate=\"novalidate\" data-status=\"init\">\n<fieldset class=\"hidden-fields-container\"><input type=\"hidden\" name=\"_wpcf7\" value=\"1624\" \/><input type=\"hidden\" name=\"_wpcf7_version\" value=\"6.1.5\" \/><input type=\"hidden\" name=\"_wpcf7_locale\" value=\"en_US\" \/><input type=\"hidden\" name=\"_wpcf7_unit_tag\" value=\"wpcf7-f1624-o1\" \/><input type=\"hidden\" name=\"_wpcf7_container_post\" value=\"0\" \/><input type=\"hidden\" name=\"_wpcf7_posted_data_hash\" value=\"\" \/>\n<\/fieldset>\n<div class=\"row g-3 mainguest\">\n    <label class=\"form-label d-block\">1st guest (contact person) details<\/label>\n    <div class=\"col-lg-6\">\n      <span class=\"wpcf7-form-control-wrap\" data-name=\"name1\"><input size=\"40\" maxlength=\"400\" class=\"wpcf7-form-control wpcf7-text wpcf7-validates-as-required form-control\" aria-required=\"true\" aria-invalid=\"false\" placeholder=\"Name\" value=\"\" type=\"text\" name=\"name1\" \/><\/span>\n    <\/div>\n    <div class=\"col-lg-6\">\n      <span class=\"wpcf7-form-control-wrap\" data-name=\"birth_place\"><input size=\"40\" maxlength=\"400\" class=\"wpcf7-form-control wpcf7-text wpcf7-validates-as-required form-control\" aria-required=\"true\" aria-invalid=\"false\" placeholder=\"Date and place of birth\" value=\"\" type=\"text\" name=\"birth_place\" \/><\/span>\n    <\/div>\n    <div class=\"col-lg-4\">\n      <span class=\"wpcf7-form-control-wrap\" data-name=\"address\"><input size=\"40\" maxlength=\"400\" class=\"wpcf7-form-control wpcf7-text wpcf7-validates-as-required form-control\" aria-required=\"true\" aria-invalid=\"false\" placeholder=\"Address\" value=\"\" type=\"text\" name=\"address\" \/><\/span>\n    <\/div>\n    <div class=\"col-lg-4\">\n      <span class=\"wpcf7-form-control-wrap\" data-name=\"id_number\"><input size=\"40\" maxlength=\"400\" class=\"wpcf7-form-control wpcf7-text wpcf7-validates-as-required form-control\" aria-required=\"true\" aria-invalid=\"false\" placeholder=\"Personal identification number\" value=\"\" type=\"text\" name=\"id_number\" \/><\/span>\n    <\/div>\n    <div class=\"col-lg-4\">\n      <span class=\"wpcf7-form-control-wrap\" data-name=\"citizenship\"><input size=\"40\" maxlength=\"400\" class=\"wpcf7-form-control wpcf7-text wpcf7-validates-as-required form-control\" aria-required=\"true\" aria-invalid=\"false\" placeholder=\"Citizenship\" value=\"\" type=\"text\" name=\"citizenship\" \/><\/span>\n    <\/div>\n    <div class=\"col-lg-6\">\n      <span class=\"wpcf7-form-control-wrap\" data-name=\"email\"><input size=\"40\" maxlength=\"400\" class=\"wpcf7-form-control wpcf7-email wpcf7-validates-as-required wpcf7-text wpcf7-validates-as-email form-control\" aria-required=\"true\" aria-invalid=\"false\" placeholder=\"E-mail\" value=\"\" type=\"email\" name=\"email\" \/><\/span>\n    <\/div>\n    <div class=\"col-lg-6\">\n      <span class=\"wpcf7-form-control-wrap\" data-name=\"phone\"><input size=\"40\" maxlength=\"400\" class=\"wpcf7-form-control wpcf7-tel wpcf7-validates-as-required wpcf7-text wpcf7-validates-as-tel form-control\" aria-required=\"true\" aria-invalid=\"false\" placeholder=\"Phone number\" value=\"\" type=\"tel\" name=\"phone\" \/><\/span>\n    <\/div>\n<\/div>\n<div class=\"row g-3 mt-3\">\n    <div class=\"col-lg-6\">\n      <span class=\"wpcf7-form-control-wrap\" data-name=\"name2\"><input size=\"40\" maxlength=\"400\" class=\"wpcf7-form-control wpcf7-text form-control\" aria-invalid=\"false\" placeholder=\"Name of the 2nd guest\" value=\"\" type=\"text\" name=\"name2\" \/><\/span>\n    <\/div>\n    <div class=\"col-lg-6\">\n      <span class=\"wpcf7-form-control-wrap\" data-name=\"name3\"><input size=\"40\" maxlength=\"400\" class=\"wpcf7-form-control wpcf7-text form-control\" aria-invalid=\"false\" placeholder=\"Name of the 3rd guest\" value=\"\" type=\"text\" name=\"name3\" \/><\/span>\n    <\/div>\n    <div class=\"col-lg-6\">\n      <span class=\"wpcf7-form-control-wrap\" data-name=\"name4\"><input size=\"40\" maxlength=\"400\" class=\"wpcf7-form-control wpcf7-text form-control\" aria-invalid=\"false\" placeholder=\"Name of the 4th guest\" value=\"\" type=\"text\" name=\"name4\" \/><\/span>\n    <\/div>\n    <div class=\"col-lg-6\">\n      <span class=\"wpcf7-form-control-wrap\" data-name=\"name5\"><input size=\"40\" maxlength=\"400\" class=\"wpcf7-form-control wpcf7-text form-control\" aria-invalid=\"false\" placeholder=\"Name of the 5th guest\" value=\"\" type=\"text\" name=\"name5\" \/><\/span>\n    <\/div>\n    <div class=\"col-lg-6\">\n    <label class=\"form-label d-block\">Arrival date<\/label>\n    <span class=\"wpcf7-form-control-wrap\" data-name=\"arrival_date\"><input class=\"wpcf7-form-control wpcf7-date wpcf7-validates-as-required wpcf7-validates-as-date form-control\" aria-required=\"true\" aria-invalid=\"false\" value=\"\" type=\"date\" name=\"arrival_date\" \/><\/span>\n    <\/div>\n    <div class=\"col-lg-6\">\n    <label class=\"form-label d-block\">Departure date<\/label>\n    <span class=\"wpcf7-form-control-wrap\" data-name=\"departure_date\"><input class=\"wpcf7-form-control wpcf7-date wpcf7-validates-as-required wpcf7-validates-as-date form-control\" aria-required=\"true\" aria-invalid=\"false\" value=\"\" type=\"date\" name=\"departure_date\" \/><\/span>\n    <\/div>\n    <div class=\"col-lg-12\">\n    <span class=\"wpcf7-form-control-wrap\" data-name=\"dog_name\"><input size=\"40\" maxlength=\"400\" class=\"wpcf7-form-control wpcf7-text form-control\" aria-invalid=\"false\" placeholder=\"If a dog is also arriving, the name of the dog\" value=\"\" type=\"text\" name=\"dog_name\" \/><\/span>\n    <\/div>\n<\/div>\n<div class=\"row g-3 mt-3\">\n    <div class=\"form-label col-6\">\n      I am arriving by car:\n      <span class=\"wpcf7-form-control-wrap\" data-name=\"car_arrival\"><span class=\"wpcf7-form-control wpcf7-checkbox wpcf7-validates-as-required wpcf7-exclusive-checkbox\"><span class=\"wpcf7-list-item first\"><label class=\"form-check form-check-inline form-check-checkbox\"><input type=\"checkbox\" name=\"car_arrival\" value=\"Yes\" class=\"form-check-input\"><span class=\"wpcf7-list-item-label form-check-label\">Yes<\/span><\/label><\/span><span class=\"wpcf7-list-item last\"><label class=\"form-check form-check-inline form-check-checkbox\"><input type=\"checkbox\" name=\"car_arrival\" value=\"No\" class=\"form-check-input\"><span class=\"wpcf7-list-item-label form-check-label\">No<\/span><\/label><\/span><\/span><\/span>\n    <\/div>\n    <div class=\"form-label col-6\">\n      I request a hotel parking space:\n      <span class=\"wpcf7-form-control-wrap\" data-name=\"parking_request\"><span class=\"wpcf7-form-control wpcf7-checkbox wpcf7-validates-as-required wpcf7-exclusive-checkbox\"><span class=\"wpcf7-list-item first\"><label class=\"form-check form-check-inline form-check-checkbox\"><input type=\"checkbox\" name=\"parking_request\" value=\"Yes\" class=\"form-check-input\"><span class=\"wpcf7-list-item-label form-check-label\">Yes<\/span><\/label><\/span><span class=\"wpcf7-list-item last\"><label class=\"form-check form-check-inline form-check-checkbox\"><input type=\"checkbox\" name=\"parking_request\" value=\"No\" class=\"form-check-input\"><span class=\"wpcf7-list-item-label form-check-label\">No<\/span><\/label><\/span><\/span><\/span>\n    <\/div>\n    <div class=\"col-12\">\n      <span class=\"wpcf7-form-control-wrap\" data-name=\"car_license_plate\"><input size=\"40\" maxlength=\"400\" class=\"wpcf7-form-control wpcf7-text form-control\" aria-invalid=\"false\" placeholder=\"License plate number\" value=\"\" type=\"text\" name=\"car_license_plate\" \/><\/span>\n     <\/div>\n<\/div>\n<div class=\"row g-3 mt-3\">\n    <div class=\"col-12\">\n      <label class=\"form-label\">Meal times<\/label>\n<span class=\"wpcf7-form-control-wrap\" data-name=\"dining_time\"><select class=\"wpcf7-form-control wpcf7-select wpcf7-validates-as-required form-select\" aria-required=\"true\" aria-invalid=\"false\" name=\"dining_time\"><option value=\"\">&#8212;Please choose an option&#8212;<\/option><option value=\"1st time slot (breakfast 7:30-9:15, dinner 17:45-19:15)\">1st time slot (breakfast 7:30-9:15, dinner 17:45-19:15)<\/option><option value=\"2nd time slot (breakfast 9:15-11:00, dinner 19:15-20:45)\">2nd time slot (breakfast 9:15-11:00, dinner 19:15-20:45)<\/option><\/select><\/span>\n       <div class=\"form-text\">We will do our best to accommodate your request based on availability, the order of returned notification forms, and requirements.<\/div>\n    <\/div>\n    <div class=\"col-12 mt-5\">\n<span class=\"wpcf7-form-control-wrap\" data-name=\"terms\"><span class=\"wpcf7-form-control wpcf7-acceptance\"><span class=\"wpcf7-list-item\"><label class=\"form-check form-check-inline form-check-checkbox\"><input type=\"checkbox\" name=\"terms\" value=\"1\" aria-invalid=\"false\" class=\"form-check-input\"><span class=\"wpcf7-list-item-label form-check-label\">I consent to the use of my data solely for the hotel's marketing activities and occasional newsletter distribution.<\/span><\/label><\/span><\/span><\/span>\n    <\/div>\n    <div class=\"col-12\">\n<div class=\"cf7-cf-turnstile\" style=\"margin-top: 0px; margin-bottom: -15px;\"> <div id=\"cf-turnstile-cf7-3020032583\" class=\"cf-turnstile\" data-sitekey=\"0x4AAAAAAA7o7xmeA977qxUt\" data-theme=\"light\" data-language=\"auto\" data-size=\"normal\" data-retry=\"auto\" data-retry-interval=\"1000\" data-refresh-expired=\"auto\" data-action=\"contact-form-7\" data-appearance=\"always\"><\/div> <script>document.addEventListener(\"DOMContentLoaded\", function() { setTimeout(function(){ var e=document.getElementById(\"cf-turnstile-cf7-3020032583\"); e&&!e.innerHTML.trim()&&(turnstile.remove(\"#cf-turnstile-cf7-3020032583\"), turnstile.render(\"#cf-turnstile-cf7-3020032583\", {sitekey:\"0x4AAAAAAA7o7xmeA977qxUt\"})); }, 100); });<\/script> <br class=\"cf-turnstile-br cf-turnstile-br-cf7-3020032583\"> <style>#cf-turnstile-cf7-3020032583 { margin-left: -15px; }<\/style> <script>document.addEventListener(\"DOMContentLoaded\",function(){document.querySelectorAll('.wpcf7-form').forEach(function(e){e.addEventListener('submit',function(){if(document.getElementById('cf-turnstile-cf7-3020032583')){setTimeout(function(){turnstile.reset('#cf-turnstile-cf7-3020032583');},1000)}})})});<\/script> <\/div><br\/><input class=\"wpcf7-form-control wpcf7-submit has-spinner btn btn-primary details\" type=\"submit\" value=\"Submit\" \/>\n    <\/div>\n  <\/div><div class=\"wpcf7-response-output\" aria-hidden=\"true\"><\/div>\n<\/form>\n<\/div>\n<\/p>\n<p>\n\t<\/div>\n<\/div>\n","protected":false},"excerpt":{"rendered":"","protected":false},"author":1,"featured_media":0,"parent":0,"menu_order":121,"comment_status":"closed","ping_status":"closed","template":"","meta":{"footnotes":""},"class_list":["post-1585","page","type-page","status-publish","hentry"],"yoast_head":"<!-- This site is optimized with the Yoast SEO plugin v27.0 - https:\/\/yoast.com\/product\/yoast-seo-wordpress\/ -->\n<title>Registration form | Belenus Thermalhotel *** Zalakaros<\/title>\n<meta name=\"description\" content=\"Legjobb \u00e1rak a saj\u00e1t honlapon - Igaz\u00e1n isteni hely a felt\u00f6lt\u0151 wellness pihen\u00e9sre. Csod\u00e1s parkkal \u00e9s term\u00e1lvizes medenc\u00e9vel\" \/>\n<meta name=\"robots\" content=\"index, follow, max-snippet:-1, max-image-preview:large, max-video-preview:-1\" \/>\n<link rel=\"canonical\" href=\"https:\/\/www.belenushotel.hu\/en\/registration-form\/\" \/>\n<meta property=\"og:locale\" content=\"en_US\" \/>\n<meta property=\"og:type\" content=\"article\" \/>\n<meta property=\"og:title\" content=\"Registration form | Belenus Thermalhotel *** Zalakaros\" \/>\n<meta property=\"og:description\" content=\"Legjobb \u00e1rak a saj\u00e1t honlapon - Igaz\u00e1n isteni hely a felt\u00f6lt\u0151 wellness pihen\u00e9sre. Csod\u00e1s parkkal \u00e9s term\u00e1lvizes medenc\u00e9vel\" \/>\n<meta property=\"og:url\" content=\"https:\/\/www.belenushotel.hu\/en\/registration-form\/\" \/>\n<meta property=\"og:site_name\" content=\"Belenus Thermalhotel *** Zalakaros\" \/>\n<meta property=\"article:publisher\" content=\"https:\/\/www.facebook.com\/belenushotel\" \/>\n<meta property=\"article:modified_time\" content=\"2024-06-11T15:01:16+00:00\" \/>\n<meta property=\"og:image\" content=\"https:\/\/www.belenushotel.hu\/files\/2024\/06\/KEP_9076.webp\" \/>\n\t<meta property=\"og:image:width\" content=\"1500\" \/>\n\t<meta property=\"og:image:height\" content=\"1000\" \/>\n\t<meta property=\"og:image:type\" content=\"image\/webp\" \/>\n<meta name=\"twitter:card\" content=\"summary_large_image\" \/>\n<meta name=\"twitter:label1\" content=\"Est. reading time\" \/>\n\t<meta name=\"twitter:data1\" content=\"1 minute\" \/>\n<script type=\"application\/ld+json\" class=\"yoast-schema-graph\">{\"@context\":\"https:\/\/schema.org\",\"@graph\":[{\"@type\":\"WebPage\",\"@id\":\"https:\/\/www.belenushotel.hu\/en\/registration-form\/\",\"url\":\"https:\/\/www.belenushotel.hu\/en\/registration-form\/\",\"name\":\"Registration form | Belenus Thermalhotel *** Zalakaros\",\"isPartOf\":{\"@id\":\"https:\/\/www.belenushotel.hu\/#website\"},\"datePublished\":\"2024-06-05T12:43:17+00:00\",\"dateModified\":\"2024-06-11T15:01:16+00:00\",\"description\":\"Legjobb \u00e1rak a saj\u00e1t honlapon - Igaz\u00e1n isteni hely a felt\u00f6lt\u0151 wellness pihen\u00e9sre. Csod\u00e1s parkkal \u00e9s term\u00e1lvizes medenc\u00e9vel\",\"inLanguage\":\"en-US\",\"potentialAction\":[{\"@type\":\"ReadAction\",\"target\":[\"https:\/\/www.belenushotel.hu\/en\/registration-form\/\"]}]},{\"@type\":\"WebSite\",\"@id\":\"https:\/\/www.belenushotel.hu\/#website\",\"url\":\"https:\/\/www.belenushotel.hu\/\",\"name\":\"Belenus Thermalhotel *** Superior Zalakaros\",\"description\":\"Egy \u201eisteni\u201d hely...\",\"publisher\":{\"@id\":\"https:\/\/www.belenushotel.hu\/#organization\"},\"potentialAction\":[{\"@type\":\"SearchAction\",\"target\":{\"@type\":\"EntryPoint\",\"urlTemplate\":\"https:\/\/www.belenushotel.hu\/?s={search_term_string}\"},\"query-input\":{\"@type\":\"PropertyValueSpecification\",\"valueRequired\":true,\"valueName\":\"search_term_string\"}}],\"inLanguage\":\"en-US\"},{\"@type\":\"Organization\",\"@id\":\"https:\/\/www.belenushotel.hu\/#organization\",\"name\":\"Belenus Thermalhotel *** Superior Zalakaros\",\"url\":\"https:\/\/www.belenushotel.hu\/\",\"logo\":{\"@type\":\"ImageObject\",\"inLanguage\":\"en-US\",\"@id\":\"https:\/\/www.belenushotel.hu\/#\/schema\/logo\/image\/\",\"url\":\"https:\/\/www.belenushotel.hu\/files\/2024\/06\/belenus_logo_696.webp\",\"contentUrl\":\"https:\/\/www.belenushotel.hu\/files\/2024\/06\/belenus_logo_696.webp\",\"width\":696,\"height\":696,\"caption\":\"Belenus Thermalhotel *** Superior Zalakaros\"},\"image\":{\"@id\":\"https:\/\/www.belenushotel.hu\/#\/schema\/logo\/image\/\"},\"sameAs\":[\"https:\/\/www.facebook.com\/belenushotel\"]}]}<\/script>\n<!-- \/ Yoast SEO plugin. -->","yoast_head_json":{"title":"Registration form | Belenus Thermalhotel *** Zalakaros","description":"Legjobb \u00e1rak a saj\u00e1t honlapon - Igaz\u00e1n isteni hely a felt\u00f6lt\u0151 wellness pihen\u00e9sre. Csod\u00e1s parkkal \u00e9s term\u00e1lvizes medenc\u00e9vel","robots":{"index":"index","follow":"follow","max-snippet":"max-snippet:-1","max-image-preview":"max-image-preview:large","max-video-preview":"max-video-preview:-1"},"canonical":"https:\/\/www.belenushotel.hu\/en\/registration-form\/","og_locale":"en_US","og_type":"article","og_title":"Registration form | Belenus Thermalhotel *** Zalakaros","og_description":"Legjobb \u00e1rak a saj\u00e1t honlapon - Igaz\u00e1n isteni hely a felt\u00f6lt\u0151 wellness pihen\u00e9sre. Csod\u00e1s parkkal \u00e9s term\u00e1lvizes medenc\u00e9vel","og_url":"https:\/\/www.belenushotel.hu\/en\/registration-form\/","og_site_name":"Belenus Thermalhotel *** Zalakaros","article_publisher":"https:\/\/www.facebook.com\/belenushotel","article_modified_time":"2024-06-11T15:01:16+00:00","og_image":[{"width":1500,"height":1000,"url":"https:\/\/www.belenushotel.hu\/files\/2024\/06\/KEP_9076.webp","type":"image\/webp"}],"twitter_card":"summary_large_image","twitter_misc":{"Est. reading time":"1 minute"},"schema":{"@context":"https:\/\/schema.org","@graph":[{"@type":"WebPage","@id":"https:\/\/www.belenushotel.hu\/en\/registration-form\/","url":"https:\/\/www.belenushotel.hu\/en\/registration-form\/","name":"Registration form | Belenus Thermalhotel *** Zalakaros","isPartOf":{"@id":"https:\/\/www.belenushotel.hu\/#website"},"datePublished":"2024-06-05T12:43:17+00:00","dateModified":"2024-06-11T15:01:16+00:00","description":"Legjobb \u00e1rak a saj\u00e1t honlapon - Igaz\u00e1n isteni hely a felt\u00f6lt\u0151 wellness pihen\u00e9sre. Csod\u00e1s parkkal \u00e9s term\u00e1lvizes medenc\u00e9vel","inLanguage":"en-US","potentialAction":[{"@type":"ReadAction","target":["https:\/\/www.belenushotel.hu\/en\/registration-form\/"]}]},{"@type":"WebSite","@id":"https:\/\/www.belenushotel.hu\/#website","url":"https:\/\/www.belenushotel.hu\/","name":"Belenus Thermalhotel *** Superior Zalakaros","description":"Egy \u201eisteni\u201d hely...","publisher":{"@id":"https:\/\/www.belenushotel.hu\/#organization"},"potentialAction":[{"@type":"SearchAction","target":{"@type":"EntryPoint","urlTemplate":"https:\/\/www.belenushotel.hu\/?s={search_term_string}"},"query-input":{"@type":"PropertyValueSpecification","valueRequired":true,"valueName":"search_term_string"}}],"inLanguage":"en-US"},{"@type":"Organization","@id":"https:\/\/www.belenushotel.hu\/#organization","name":"Belenus Thermalhotel *** Superior Zalakaros","url":"https:\/\/www.belenushotel.hu\/","logo":{"@type":"ImageObject","inLanguage":"en-US","@id":"https:\/\/www.belenushotel.hu\/#\/schema\/logo\/image\/","url":"https:\/\/www.belenushotel.hu\/files\/2024\/06\/belenus_logo_696.webp","contentUrl":"https:\/\/www.belenushotel.hu\/files\/2024\/06\/belenus_logo_696.webp","width":696,"height":696,"caption":"Belenus Thermalhotel *** Superior Zalakaros"},"image":{"@id":"https:\/\/www.belenushotel.hu\/#\/schema\/logo\/image\/"},"sameAs":["https:\/\/www.facebook.com\/belenushotel"]}]}},"_links":{"self":[{"href":"https:\/\/www.belenushotel.hu\/en\/wp-json\/wp\/v2\/pages\/1585","targetHints":{"allow":["GET"]}}],"collection":[{"href":"https:\/\/www.belenushotel.hu\/en\/wp-json\/wp\/v2\/pages"}],"about":[{"href":"https:\/\/www.belenushotel.hu\/en\/wp-json\/wp\/v2\/types\/page"}],"author":[{"embeddable":true,"href":"https:\/\/www.belenushotel.hu\/en\/wp-json\/wp\/v2\/users\/1"}],"replies":[{"embeddable":true,"href":"https:\/\/www.belenushotel.hu\/en\/wp-json\/wp\/v2\/comments?post=1585"}],"version-history":[{"count":0,"href":"https:\/\/www.belenushotel.hu\/en\/wp-json\/wp\/v2\/pages\/1585\/revisions"}],"wp:attachment":[{"href":"https:\/\/www.belenushotel.hu\/en\/wp-json\/wp\/v2\/media?parent=1585"}],"curies":[{"name":"wp","href":"https:\/\/api.w.org\/{rel}","templated":true}]}}