{"id":1584,"date":"2024-05-28T16:41:37","date_gmt":"2024-05-28T16:41:37","guid":{"rendered":"https:\/\/www.belenushotel.hu\/?page_id=1584"},"modified":"2024-06-11T13:29:37","modified_gmt":"2024-06-11T13:29:37","slug":"programs-organized-by-the-city-of-zalakaros","status":"publish","type":"page","link":"https:\/\/www.belenushotel.hu\/en\/services\/programmes\/programs-organized-by-the-city-of-zalakaros\/","title":{"rendered":"Programs organized by the city of Zalakaros"},"content":{"rendered":"<p>Through the following organized programs, you can gain insight into Hungarian culture, the beauty of the surrounding towns and landscapes, and get to know the hospitable people living here.<\/p>\n<h2>Zalakaros Programs 2024<\/h2>\n<p>&nbsp;<\/p>\n<table class=\"table-responsive program\" class=\"table-responsive\">\n<thead>\n<tr>\n<th>Date<\/th>\n<th>Event<\/th>\n<th>Location<\/th>\n<\/tr>\n<\/thead>\n<tbody>\n<tr>\n<td>January 6<\/td>\n<td>Goodbye to Winter Break<\/td>\n<td><\/td>\n<\/tr>\n<tr>\n<td>January 20<\/td>\n<td>Quiz Night<\/td>\n<td><\/td>\n<\/tr>\n<tr>\n<td>January 27<\/td>\n<td>Kis-Balaton Pig Slaughtering<\/td>\n<td><\/td>\n<\/tr>\n<tr>\n<td>February 10<\/td>\n<td>Carnival<\/td>\n<td><\/td>\n<\/tr>\n<tr>\n<td>February 17<\/td>\n<td>Valentine&#8217;s Day<\/td>\n<td><\/td>\n<\/tr>\n<tr>\n<td>March 7<\/td>\n<td>Greeting of Women Working in Zalakaros<\/td>\n<td><\/td>\n<\/tr>\n<tr>\n<td>March 9<\/td>\n<td>Women&#8217;s Day on the Promenade<\/td>\n<td><\/td>\n<\/tr>\n<tr>\n<td>March 15-17<\/td>\n<td>Szabads\u00e1gON ZalakarosON<\/td>\n<td><\/td>\n<\/tr>\n<tr>\n<td>March 29 \u2013 April 1<\/td>\n<td>Easter<\/td>\n<td><\/td>\n<\/tr>\n<tr>\n<td>April 13<\/td>\n<td>Comedy Play<\/td>\n<td><\/td>\n<\/tr>\n<tr>\n<td>April 26-28<\/td>\n<td>Motorcycle Day<\/td>\n<td><\/td>\n<\/tr>\n<tr>\n<td>April 30<\/td>\n<td>M\u00e1jusfa\u00e1ll\u00edt\u00e1s<\/td>\n<td><\/td>\n<\/tr>\n<tr>\n<td>May 1<\/td>\n<td>Promenade May Day Celebration<\/td>\n<td><\/td>\n<\/tr>\n<tr>\n<td>May 4<\/td>\n<td>Gastro Promenade<\/td>\n<td><\/td>\n<\/tr>\n<tr>\n<td>May 10-11<\/td>\n<td>Night of Caf\u00e9s<\/td>\n<td><\/td>\n<\/tr>\n<tr>\n<td>May 17-20<\/td>\n<td>Pentecost Weekend (This Circus Is Ours)<\/td>\n<td><\/td>\n<\/tr>\n<tr>\n<td>May 25 \u2013 June 2<\/td>\n<td>Chess Tournament<\/td>\n<td><\/td>\n<\/tr>\n<tr>\n<td>May 25 or June 1<\/td>\n<td>Family and Children&#8217;s Day<\/td>\n<td><\/td>\n<\/tr>\n<tr>\n<td>June 15<\/td>\n<td>Leather Pants &amp; Tambura Evening<\/td>\n<td><\/td>\n<\/tr>\n<tr>\n<td>June 21-23<\/td>\n<td>Tour de Zalakaros<\/td>\n<td><\/td>\n<\/tr>\n<tr>\n<td>July 1 \u2013 August 31<\/td>\n<td>Promenade Summer Evenings<\/td>\n<td><\/td>\n<\/tr>\n<tr>\n<td>July 6<\/td>\n<td>Karosi Rhythm<\/td>\n<td><\/td>\n<\/tr>\n<tr>\n<td>July 12-14<\/td>\n<td>Zalakaros City Day<\/td>\n<td><\/td>\n<\/tr>\n<tr>\n<td>July 20<\/td>\n<td>Party with Karos<\/td>\n<td><\/td>\n<\/tr>\n<tr>\n<td>August 7-11<\/td>\n<td>XXVI. Zalakaros Wine Days<\/td>\n<td><\/td>\n<\/tr>\n<tr>\n<td>August 17-20<\/td>\n<td>St. Stephen&#8217;s Days<\/td>\n<td><\/td>\n<\/tr>\n<tr>\n<td>August 31<\/td>\n<td>Summer Farewell<\/td>\n<td><\/td>\n<\/tr>\n<tr>\n<td>September 14<\/td>\n<td>Harvest Grape Harvesting<\/td>\n<td><\/td>\n<\/tr>\n<tr>\n<td>September 15<\/td>\n<td>Small Balaton Circuit Running Race<\/td>\n<td><\/td>\n<\/tr>\n<tr>\n<td>September 27-28<\/td>\n<td>OctFest<\/td>\n<td><\/td>\n<\/tr>\n<tr>\n<td>October 26 \u2013 November 3<\/td>\n<td>Pumpkin Fun in Zalakaros<\/td>\n<td><\/td>\n<\/tr>\n<tr>\n<td>November 8-9<\/td>\n<td>Vineyard Picnic<\/td>\n<td><\/td>\n<\/tr>\n<tr>\n<td><\/td>\n<td><strong>Advent Weekends<\/strong><\/td>\n<td><\/td>\n<\/tr>\n<tr>\n<td>November 30<\/td>\n<td>Waiting for Santa<\/td>\n<td><\/td>\n<\/tr>\n<tr>\n<td>December 7<\/td>\n<td>Countryside Atmosphere<\/td>\n<td><\/td>\n<\/tr>\n<tr>\n<td>December 14<\/td>\n<td>Brass Christmas<\/td>\n<td><\/td>\n<\/tr>\n<tr>\n<td>December 21<\/td>\n<td>Light in the Darkness<\/td>\n<td><\/td>\n<\/tr>\n<tr>\n<td>December 27-31<\/td>\n<td>Star Magic in Zalakaros<\/td>\n<td><\/td>\n<\/tr>\n<\/tbody>\n<\/table>\n<p>&nbsp;<\/p>\n","protected":false},"excerpt":{"rendered":"<p>Through the following organized programs, you can gain insight into Hungarian culture, the beauty of the surrounding towns and landscapes, and get to know the hospitable people living here. Zalakaros Programs 2024 &nbsp; Date Event Location January 6 Goodbye to Winter Break January 20 Quiz Night January 27 Kis-Balaton Pig Slaughtering February 10 Carnival February [&hellip;]<\/p>\n","protected":false},"author":1,"featured_media":0,"parent":1580,"menu_order":120,"comment_status":"closed","ping_status":"closed","template":"","meta":{"footnotes":""},"class_list":["post-1584","page","type-page","status-publish","hentry"],"yoast_head":"<!-- This site is optimized with the Yoast SEO plugin v27.5 - https:\/\/yoast.com\/product\/yoast-seo-wordpress\/ -->\n<title>Programs organized by the city of Zalakaros | Belenus Thermalhotel *** Zalakaros<\/title>\n<meta name=\"description\" content=\"Legjobb \u00e1rak a saj\u00e1t honlapon - Igaz\u00e1n isteni hely a felt\u00f6lt\u0151 wellness pihen\u00e9sre. Csod\u00e1s parkkal \u00e9s term\u00e1lvizes medenc\u00e9vel\" \/>\n<meta name=\"robots\" content=\"index, follow, max-snippet:-1, max-image-preview:large, max-video-preview:-1\" \/>\n<link rel=\"canonical\" href=\"https:\/\/www.belenushotel.hu\/en\/services\/programmes\/programs-organized-by-the-city-of-zalakaros\/\" \/>\n<meta property=\"og:locale\" content=\"en_US\" \/>\n<meta property=\"og:type\" content=\"article\" \/>\n<meta property=\"og:title\" content=\"Programs organized by the city of Zalakaros | Belenus Thermalhotel *** Zalakaros\" \/>\n<meta property=\"og:description\" content=\"Legjobb \u00e1rak a saj\u00e1t honlapon - Igaz\u00e1n isteni hely a felt\u00f6lt\u0151 wellness pihen\u00e9sre. Csod\u00e1s parkkal \u00e9s term\u00e1lvizes medenc\u00e9vel\" \/>\n<meta property=\"og:url\" content=\"https:\/\/www.belenushotel.hu\/en\/services\/programmes\/programs-organized-by-the-city-of-zalakaros\/\" \/>\n<meta property=\"og:site_name\" content=\"Belenus Thermalhotel *** Zalakaros\" \/>\n<meta property=\"article:publisher\" content=\"https:\/\/www.facebook.com\/belenushotel\" \/>\n<meta property=\"article:modified_time\" content=\"2024-06-11T13:29:37+00:00\" \/>\n<meta property=\"og:image\" content=\"https:\/\/www.belenushotel.hu\/files\/2024\/06\/KEP_9076.webp\" \/>\n\t<meta property=\"og:image:width\" content=\"1500\" \/>\n\t<meta property=\"og:image:height\" content=\"1000\" \/>\n\t<meta property=\"og:image:type\" content=\"image\/webp\" \/>\n<meta name=\"twitter:card\" content=\"summary_large_image\" \/>\n<meta name=\"twitter:label1\" content=\"Est. reading time\" \/>\n\t<meta name=\"twitter:data1\" content=\"2 minutes\" \/>\n<script type=\"application\/ld+json\" class=\"yoast-schema-graph\">{\"@context\":\"https:\\\/\\\/schema.org\",\"@graph\":[{\"@type\":\"WebPage\",\"@id\":\"https:\\\/\\\/www.belenushotel.hu\\\/en\\\/services\\\/programmes\\\/programs-organized-by-the-city-of-zalakaros\\\/\",\"url\":\"https:\\\/\\\/www.belenushotel.hu\\\/en\\\/services\\\/programmes\\\/programs-organized-by-the-city-of-zalakaros\\\/\",\"name\":\"Programs organized by the city of Zalakaros | Belenus Thermalhotel *** Zalakaros\",\"isPartOf\":{\"@id\":\"https:\\\/\\\/www.belenushotel.hu\\\/#website\"},\"datePublished\":\"2024-05-28T16:41:37+00:00\",\"dateModified\":\"2024-06-11T13:29:37+00:00\",\"description\":\"Legjobb \u00e1rak a saj\u00e1t honlapon - Igaz\u00e1n isteni hely a felt\u00f6lt\u0151 wellness pihen\u00e9sre. Csod\u00e1s parkkal \u00e9s term\u00e1lvizes medenc\u00e9vel\",\"breadcrumb\":{\"@id\":\"https:\\\/\\\/www.belenushotel.hu\\\/en\\\/services\\\/programmes\\\/programs-organized-by-the-city-of-zalakaros\\\/#breadcrumb\"},\"inLanguage\":\"en-US\",\"potentialAction\":[{\"@type\":\"ReadAction\",\"target\":[\"https:\\\/\\\/www.belenushotel.hu\\\/en\\\/services\\\/programmes\\\/programs-organized-by-the-city-of-zalakaros\\\/\"]}]},{\"@type\":\"BreadcrumbList\",\"@id\":\"https:\\\/\\\/www.belenushotel.hu\\\/en\\\/services\\\/programmes\\\/programs-organized-by-the-city-of-zalakaros\\\/#breadcrumb\",\"itemListElement\":[{\"@type\":\"ListItem\",\"position\":1,\"name\":\"Services\",\"item\":\"https:\\\/\\\/www.belenushotel.hu\\\/en\\\/services\\\/\"},{\"@type\":\"ListItem\",\"position\":2,\"name\":\"Programmes\",\"item\":\"https:\\\/\\\/www.belenushotel.hu\\\/en\\\/services\\\/programmes\\\/\"},{\"@type\":\"ListItem\",\"position\":3,\"name\":\"Programs organized by the city of Zalakaros\"}]},{\"@type\":\"WebSite\",\"@id\":\"https:\\\/\\\/www.belenushotel.hu\\\/#website\",\"url\":\"https:\\\/\\\/www.belenushotel.hu\\\/\",\"name\":\"Belenus Thermalhotel *** Superior Zalakaros\",\"description\":\"Egy \u201eisteni\u201d hely...\",\"publisher\":{\"@id\":\"https:\\\/\\\/www.belenushotel.hu\\\/#organization\"},\"potentialAction\":[{\"@type\":\"SearchAction\",\"target\":{\"@type\":\"EntryPoint\",\"urlTemplate\":\"https:\\\/\\\/www.belenushotel.hu\\\/?s={search_term_string}\"},\"query-input\":{\"@type\":\"PropertyValueSpecification\",\"valueRequired\":true,\"valueName\":\"search_term_string\"}}],\"inLanguage\":\"en-US\"},{\"@type\":\"Organization\",\"@id\":\"https:\\\/\\\/www.belenushotel.hu\\\/#organization\",\"name\":\"Belenus Thermalhotel *** Superior Zalakaros\",\"url\":\"https:\\\/\\\/www.belenushotel.hu\\\/\",\"logo\":{\"@type\":\"ImageObject\",\"inLanguage\":\"en-US\",\"@id\":\"https:\\\/\\\/www.belenushotel.hu\\\/#\\\/schema\\\/logo\\\/image\\\/\",\"url\":\"https:\\\/\\\/www.belenushotel.hu\\\/files\\\/2024\\\/06\\\/belenus_logo_696.webp\",\"contentUrl\":\"https:\\\/\\\/www.belenushotel.hu\\\/files\\\/2024\\\/06\\\/belenus_logo_696.webp\",\"width\":696,\"height\":696,\"caption\":\"Belenus Thermalhotel *** Superior Zalakaros\"},\"image\":{\"@id\":\"https:\\\/\\\/www.belenushotel.hu\\\/#\\\/schema\\\/logo\\\/image\\\/\"},\"sameAs\":[\"https:\\\/\\\/www.facebook.com\\\/belenushotel\"]}]}<\/script>\n<!-- \/ Yoast SEO plugin. -->","yoast_head_json":{"title":"Programs organized by the city of Zalakaros | Belenus Thermalhotel *** Zalakaros","description":"Legjobb \u00e1rak a saj\u00e1t honlapon - Igaz\u00e1n isteni hely a felt\u00f6lt\u0151 wellness pihen\u00e9sre. Csod\u00e1s parkkal \u00e9s term\u00e1lvizes medenc\u00e9vel","robots":{"index":"index","follow":"follow","max-snippet":"max-snippet:-1","max-image-preview":"max-image-preview:large","max-video-preview":"max-video-preview:-1"},"canonical":"https:\/\/www.belenushotel.hu\/en\/services\/programmes\/programs-organized-by-the-city-of-zalakaros\/","og_locale":"en_US","og_type":"article","og_title":"Programs organized by the city of Zalakaros | Belenus Thermalhotel *** Zalakaros","og_description":"Legjobb \u00e1rak a saj\u00e1t honlapon - Igaz\u00e1n isteni hely a felt\u00f6lt\u0151 wellness pihen\u00e9sre. Csod\u00e1s parkkal \u00e9s term\u00e1lvizes medenc\u00e9vel","og_url":"https:\/\/www.belenushotel.hu\/en\/services\/programmes\/programs-organized-by-the-city-of-zalakaros\/","og_site_name":"Belenus Thermalhotel *** Zalakaros","article_publisher":"https:\/\/www.facebook.com\/belenushotel","article_modified_time":"2024-06-11T13:29:37+00:00","og_image":[{"width":1500,"height":1000,"url":"https:\/\/www.belenushotel.hu\/files\/2024\/06\/KEP_9076.webp","type":"image\/webp"}],"twitter_card":"summary_large_image","twitter_misc":{"Est. reading time":"2 minutes"},"schema":{"@context":"https:\/\/schema.org","@graph":[{"@type":"WebPage","@id":"https:\/\/www.belenushotel.hu\/en\/services\/programmes\/programs-organized-by-the-city-of-zalakaros\/","url":"https:\/\/www.belenushotel.hu\/en\/services\/programmes\/programs-organized-by-the-city-of-zalakaros\/","name":"Programs organized by the city of Zalakaros | Belenus Thermalhotel *** Zalakaros","isPartOf":{"@id":"https:\/\/www.belenushotel.hu\/#website"},"datePublished":"2024-05-28T16:41:37+00:00","dateModified":"2024-06-11T13:29:37+00:00","description":"Legjobb \u00e1rak a saj\u00e1t honlapon - Igaz\u00e1n isteni hely a felt\u00f6lt\u0151 wellness pihen\u00e9sre. Csod\u00e1s parkkal \u00e9s term\u00e1lvizes medenc\u00e9vel","breadcrumb":{"@id":"https:\/\/www.belenushotel.hu\/en\/services\/programmes\/programs-organized-by-the-city-of-zalakaros\/#breadcrumb"},"inLanguage":"en-US","potentialAction":[{"@type":"ReadAction","target":["https:\/\/www.belenushotel.hu\/en\/services\/programmes\/programs-organized-by-the-city-of-zalakaros\/"]}]},{"@type":"BreadcrumbList","@id":"https:\/\/www.belenushotel.hu\/en\/services\/programmes\/programs-organized-by-the-city-of-zalakaros\/#breadcrumb","itemListElement":[{"@type":"ListItem","position":1,"name":"Services","item":"https:\/\/www.belenushotel.hu\/en\/services\/"},{"@type":"ListItem","position":2,"name":"Programmes","item":"https:\/\/www.belenushotel.hu\/en\/services\/programmes\/"},{"@type":"ListItem","position":3,"name":"Programs organized by the city of Zalakaros"}]},{"@type":"WebSite","@id":"https:\/\/www.belenushotel.hu\/#website","url":"https:\/\/www.belenushotel.hu\/","name":"Belenus Thermalhotel *** Superior Zalakaros","description":"Egy \u201eisteni\u201d hely...","publisher":{"@id":"https:\/\/www.belenushotel.hu\/#organization"},"potentialAction":[{"@type":"SearchAction","target":{"@type":"EntryPoint","urlTemplate":"https:\/\/www.belenushotel.hu\/?s={search_term_string}"},"query-input":{"@type":"PropertyValueSpecification","valueRequired":true,"valueName":"search_term_string"}}],"inLanguage":"en-US"},{"@type":"Organization","@id":"https:\/\/www.belenushotel.hu\/#organization","name":"Belenus Thermalhotel *** Superior Zalakaros","url":"https:\/\/www.belenushotel.hu\/","logo":{"@type":"ImageObject","inLanguage":"en-US","@id":"https:\/\/www.belenushotel.hu\/#\/schema\/logo\/image\/","url":"https:\/\/www.belenushotel.hu\/files\/2024\/06\/belenus_logo_696.webp","contentUrl":"https:\/\/www.belenushotel.hu\/files\/2024\/06\/belenus_logo_696.webp","width":696,"height":696,"caption":"Belenus Thermalhotel *** Superior Zalakaros"},"image":{"@id":"https:\/\/www.belenushotel.hu\/#\/schema\/logo\/image\/"},"sameAs":["https:\/\/www.facebook.com\/belenushotel"]}]}},"_links":{"self":[{"href":"https:\/\/www.belenushotel.hu\/en\/wp-json\/wp\/v2\/pages\/1584","targetHints":{"allow":["GET"]}}],"collection":[{"href":"https:\/\/www.belenushotel.hu\/en\/wp-json\/wp\/v2\/pages"}],"about":[{"href":"https:\/\/www.belenushotel.hu\/en\/wp-json\/wp\/v2\/types\/page"}],"author":[{"embeddable":true,"href":"https:\/\/www.belenushotel.hu\/en\/wp-json\/wp\/v2\/users\/1"}],"replies":[{"embeddable":true,"href":"https:\/\/www.belenushotel.hu\/en\/wp-json\/wp\/v2\/comments?post=1584"}],"version-history":[{"count":0,"href":"https:\/\/www.belenushotel.hu\/en\/wp-json\/wp\/v2\/pages\/1584\/revisions"}],"up":[{"embeddable":true,"href":"https:\/\/www.belenushotel.hu\/en\/wp-json\/wp\/v2\/pages\/1580"}],"wp:attachment":[{"href":"https:\/\/www.belenushotel.hu\/en\/wp-json\/wp\/v2\/media?parent=1584"}],"curies":[{"name":"wp","href":"https:\/\/api.w.org\/{rel}","templated":true}]}}