{"id":1457,"date":"2024-05-28T12:30:48","date_gmt":"2024-05-28T10:30:48","guid":{"rendered":"https:\/\/www.belenushotel.hu\/?page_id=1457"},"modified":"2026-05-11T12:57:07","modified_gmt":"2026-05-11T10:57:07","slug":"last-minute-offers","status":"publish","type":"page","link":"https:\/\/www.belenushotel.hu\/en\/offers\/last-minute-offers\/","title":{"rendered":"Last minute offers"},"content":{"rendered":"<p>You&#8217;re also among those who plan months in advance on how and where they&#8217;ll spend their holidays? Those who book their accommodation well in advance, hoping that nothing will come up and they can enjoy their relaxation undisturbed? Or do you belong to the camp of spontaneity, eagerly browsing through last-minute offers and seizing the one that suits you best? If you belong to the latter group, then you&#8217;re definitely in the right place! You can confidently choose from our super discounted Last Minute offers.<\/p>\n<p>Make it yours, a super discounted Last Minute Belenus getaway!<\/p>\n<p>&nbsp;<\/p>\n<p><a class=\"details\" title=\"Tov\u00e1bbi v\u00e9lem\u00e9nyek\" href=\"https:\/\/booking.belenushotel.hu\/en\/online-booking\" target=\"_blank\" rel=\"noopener\">Booking<\/a>\u00a0<a class=\"details outline\" title=\"\u00c9rt\u00e9kelek\" href=\"https:\/\/booking.belenushotel.hu\/en\/online-inquiry\" target=\"_blank\" rel=\"noopener\">Price Calculation<\/a><\/p>\n<p>&nbsp;<\/p>\n<p><strong>Our offer is exclusively available for direct booking through our hotel&#8217;s website and is subject to availability until further notice. The reservation is NON-REFUNDABLE and its value cannot be reimbursed. We kindly ask for the payment to be settled either by credit card or via bank transfer within 3 days; failure to do so will result in the cancellation of the reservation.<\/strong><\/p>\n<div class=\"row section justify-content-end\">\n\t<div class=\"col-md-1 d-none d-md-block icon\"><img decoding=\"async\" src=\"https:\/\/www.belenushotel.hu\/wp-content\/themes\/belenus\/images\/description.svg\"><\/div>\n\t<div class=\"col-md-11 align-self-end description\">\n\t\t<h3>Our discounted offer includes the following services<\/h3>\n\t\t<\/p>\n<p>Accommodation with abundant buffet breakfast (7:30 &#8211; 11:00) and buffet dinner (17:45 &#8211; 20:45). Depending on the number of guests, live music occasionally contributes to the pleasant atmosphere during dinner (mostly on weekends). Bathrobe, multi-functional indoor covered adventure pool (35\u00b0C), outdoor thermal pool (33\u00b0C), infrared sauna, steam cave, Finnish sauna, heated relaxation benches, Kneipp bench, tropical experience shower, sauna bucket shower, WiFi connection in the rooms and throughout the hotel area, VAT.<\/p>\n<p>\n\t<\/div>\n<\/div>\n<div class=\"row section justify-content-end\">\n\t<div class=\"col-md-1 d-none d-md-block icon\"><img decoding=\"async\" src=\"https:\/\/www.belenushotel.hu\/wp-content\/themes\/belenus\/images\/child.svg\"><\/div>\n\t<div class=\"col-md-11 align-self-end description\">\n\t\t<h3>Children's discount<\/h3>\n\t\t<\/p>\n<p>The age-based discount is only available when there are at least 2 full-paying guests per room with an extra bed. Children aged 0-1.99 stay and dine for free when sharing a room with a parent; children aged 2-11.99 receive a 50% discount on accommodation when sharing a room with a parent. Bathrobes are provided for children aged 12 and above. The discount is applicable for children staying in the same room as adults, up to a maximum of 2 children per room.<\/p>\n<p>\n\t<\/div>\n<\/div>\n<div class=\"row section justify-content-end\">\n\t<div class=\"col-md-1 d-none d-md-block icon\"><img decoding=\"async\" src=\"https:\/\/www.belenushotel.hu\/wp-content\/themes\/belenus\/images\/tax.svg\"><\/div>\n\t<div class=\"col-md-11 align-self-end description\">\n\t\t<h3>Tourist tax<\/h3>\n\t\t<\/p>\n<p>600 HUF \/person \/night, payable in cash on-site, for guests aged 18 and over.<\/p>\n<p>\n\t<\/div>\n<\/div>\n<div class=\"row section justify-content-end\">\n\t<div class=\"col-md-1 d-none d-md-block icon\"><img decoding=\"async\" src=\"https:\/\/www.belenushotel.hu\/wp-content\/themes\/belenus\/images\/car.svg\"><\/div>\n\t<div class=\"col-md-11 align-self-end description\">\n\t\t<h3>Parking fee<\/h3>\n\t\t<\/p>\n<p>1,000 HUF \/night \/car (in the hotel&#8217;s courtyard, in a parking lot protected by a barrier and monitored by cameras)<\/p>\n<p>\n\t<\/div>\n<\/div>\n<div class=\"row section justify-content-end\">\n\t<div class=\"col-md-1 d-none d-md-block icon\"><img decoding=\"async\" src=\"https:\/\/www.belenushotel.hu\/wp-content\/themes\/belenus\/images\/paw.svg\"><\/div>\n\t<div class=\"col-md-11 align-self-end description\">\n\t\t<h3>Pet fee<\/h3>\n\t\t<\/p>\n<p>6 500 Ft \/pet \/night<\/p>\n<p>\n\t<\/div>\n<\/div>\n<p>&nbsp;<\/p>\n","protected":false},"excerpt":{"rendered":"<p>You&#8217;re also among those who plan months in advance on how and where they&#8217;ll spend their holidays? Those who book their accommodation well in advance, hoping that nothing will come up and they can enjoy their relaxation undisturbed? Or do you belong to the camp of spontaneity, eagerly browsing through last-minute offers and seizing the [&hellip;]<\/p>\n","protected":false},"author":1,"featured_media":0,"parent":1558,"menu_order":94,"comment_status":"closed","ping_status":"closed","template":"","meta":{"footnotes":""},"class_list":["post-1457","page","type-page","status-publish","hentry"],"yoast_head":"<!-- This site is optimized with the Yoast SEO plugin v27.5 - https:\/\/yoast.com\/product\/yoast-seo-wordpress\/ -->\n<title>Last minute offers | Belenus Thermalhotel *** Zalakaros<\/title>\n<meta name=\"description\" content=\"Legjobb \u00e1rak a saj\u00e1t honlapon - Igaz\u00e1n isteni hely a felt\u00f6lt\u0151 wellness pihen\u00e9sre. Csod\u00e1s parkkal \u00e9s term\u00e1lvizes medenc\u00e9vel\" \/>\n<meta name=\"robots\" content=\"index, follow, max-snippet:-1, max-image-preview:large, max-video-preview:-1\" \/>\n<link rel=\"canonical\" href=\"https:\/\/www.belenushotel.hu\/en\/offers\/last-minute-offers\/\" \/>\n<meta property=\"og:locale\" content=\"en_US\" \/>\n<meta property=\"og:type\" content=\"article\" \/>\n<meta property=\"og:title\" content=\"Last minute offers | Belenus Thermalhotel *** Zalakaros\" \/>\n<meta property=\"og:description\" content=\"Legjobb \u00e1rak a saj\u00e1t honlapon - Igaz\u00e1n isteni hely a felt\u00f6lt\u0151 wellness pihen\u00e9sre. Csod\u00e1s parkkal \u00e9s term\u00e1lvizes medenc\u00e9vel\" \/>\n<meta property=\"og:url\" content=\"https:\/\/www.belenushotel.hu\/en\/offers\/last-minute-offers\/\" \/>\n<meta property=\"og:site_name\" content=\"Belenus Thermalhotel *** Zalakaros\" \/>\n<meta property=\"article:publisher\" content=\"https:\/\/www.facebook.com\/belenushotel\" \/>\n<meta property=\"article:modified_time\" content=\"2026-05-11T10:57:07+00:00\" \/>\n<meta property=\"og:image\" content=\"https:\/\/www.belenushotel.hu\/files\/2024\/06\/KEP_9076.webp\" \/>\n\t<meta property=\"og:image:width\" content=\"1500\" \/>\n\t<meta property=\"og:image:height\" content=\"1000\" \/>\n\t<meta property=\"og:image:type\" content=\"image\/webp\" \/>\n<meta name=\"twitter:card\" content=\"summary_large_image\" \/>\n<meta name=\"twitter:label1\" content=\"Est. reading time\" \/>\n\t<meta name=\"twitter:data1\" content=\"3 minutes\" \/>\n<script type=\"application\/ld+json\" class=\"yoast-schema-graph\">{\"@context\":\"https:\\\/\\\/schema.org\",\"@graph\":[{\"@type\":\"WebPage\",\"@id\":\"https:\\\/\\\/www.belenushotel.hu\\\/en\\\/offers\\\/last-minute-offers\\\/\",\"url\":\"https:\\\/\\\/www.belenushotel.hu\\\/en\\\/offers\\\/last-minute-offers\\\/\",\"name\":\"Last minute offers | Belenus Thermalhotel *** Zalakaros\",\"isPartOf\":{\"@id\":\"https:\\\/\\\/www.belenushotel.hu\\\/#website\"},\"datePublished\":\"2024-05-28T10:30:48+00:00\",\"dateModified\":\"2026-05-11T10:57:07+00:00\",\"description\":\"Legjobb \u00e1rak a saj\u00e1t honlapon - Igaz\u00e1n isteni hely a felt\u00f6lt\u0151 wellness pihen\u00e9sre. Csod\u00e1s parkkal \u00e9s term\u00e1lvizes medenc\u00e9vel\",\"breadcrumb\":{\"@id\":\"https:\\\/\\\/www.belenushotel.hu\\\/en\\\/offers\\\/last-minute-offers\\\/#breadcrumb\"},\"inLanguage\":\"en-US\",\"potentialAction\":[{\"@type\":\"ReadAction\",\"target\":[\"https:\\\/\\\/www.belenushotel.hu\\\/en\\\/offers\\\/last-minute-offers\\\/\"]}]},{\"@type\":\"BreadcrumbList\",\"@id\":\"https:\\\/\\\/www.belenushotel.hu\\\/en\\\/offers\\\/last-minute-offers\\\/#breadcrumb\",\"itemListElement\":[{\"@type\":\"ListItem\",\"position\":1,\"name\":\"Offers\",\"item\":\"https:\\\/\\\/www.belenushotel.hu\\\/en\\\/offers\\\/\"},{\"@type\":\"ListItem\",\"position\":2,\"name\":\"Last minute offers\"}]},{\"@type\":\"WebSite\",\"@id\":\"https:\\\/\\\/www.belenushotel.hu\\\/#website\",\"url\":\"https:\\\/\\\/www.belenushotel.hu\\\/\",\"name\":\"Belenus Thermalhotel *** Superior Zalakaros\",\"description\":\"Egy \u201eisteni\u201d hely...\",\"publisher\":{\"@id\":\"https:\\\/\\\/www.belenushotel.hu\\\/#organization\"},\"potentialAction\":[{\"@type\":\"SearchAction\",\"target\":{\"@type\":\"EntryPoint\",\"urlTemplate\":\"https:\\\/\\\/www.belenushotel.hu\\\/?s={search_term_string}\"},\"query-input\":{\"@type\":\"PropertyValueSpecification\",\"valueRequired\":true,\"valueName\":\"search_term_string\"}}],\"inLanguage\":\"en-US\"},{\"@type\":\"Organization\",\"@id\":\"https:\\\/\\\/www.belenushotel.hu\\\/#organization\",\"name\":\"Belenus Thermalhotel *** Superior Zalakaros\",\"url\":\"https:\\\/\\\/www.belenushotel.hu\\\/\",\"logo\":{\"@type\":\"ImageObject\",\"inLanguage\":\"en-US\",\"@id\":\"https:\\\/\\\/www.belenushotel.hu\\\/#\\\/schema\\\/logo\\\/image\\\/\",\"url\":\"https:\\\/\\\/www.belenushotel.hu\\\/files\\\/2024\\\/06\\\/belenus_logo_696.webp\",\"contentUrl\":\"https:\\\/\\\/www.belenushotel.hu\\\/files\\\/2024\\\/06\\\/belenus_logo_696.webp\",\"width\":696,\"height\":696,\"caption\":\"Belenus Thermalhotel *** Superior Zalakaros\"},\"image\":{\"@id\":\"https:\\\/\\\/www.belenushotel.hu\\\/#\\\/schema\\\/logo\\\/image\\\/\"},\"sameAs\":[\"https:\\\/\\\/www.facebook.com\\\/belenushotel\"]}]}<\/script>\n<!-- \/ Yoast SEO plugin. -->","yoast_head_json":{"title":"Last minute offers | Belenus Thermalhotel *** Zalakaros","description":"Legjobb \u00e1rak a saj\u00e1t honlapon - Igaz\u00e1n isteni hely a felt\u00f6lt\u0151 wellness pihen\u00e9sre. Csod\u00e1s parkkal \u00e9s term\u00e1lvizes medenc\u00e9vel","robots":{"index":"index","follow":"follow","max-snippet":"max-snippet:-1","max-image-preview":"max-image-preview:large","max-video-preview":"max-video-preview:-1"},"canonical":"https:\/\/www.belenushotel.hu\/en\/offers\/last-minute-offers\/","og_locale":"en_US","og_type":"article","og_title":"Last minute offers | Belenus Thermalhotel *** Zalakaros","og_description":"Legjobb \u00e1rak a saj\u00e1t honlapon - Igaz\u00e1n isteni hely a felt\u00f6lt\u0151 wellness pihen\u00e9sre. Csod\u00e1s parkkal \u00e9s term\u00e1lvizes medenc\u00e9vel","og_url":"https:\/\/www.belenushotel.hu\/en\/offers\/last-minute-offers\/","og_site_name":"Belenus Thermalhotel *** Zalakaros","article_publisher":"https:\/\/www.facebook.com\/belenushotel","article_modified_time":"2026-05-11T10:57:07+00:00","og_image":[{"width":1500,"height":1000,"url":"https:\/\/www.belenushotel.hu\/files\/2024\/06\/KEP_9076.webp","type":"image\/webp"}],"twitter_card":"summary_large_image","twitter_misc":{"Est. reading time":"3 minutes"},"schema":{"@context":"https:\/\/schema.org","@graph":[{"@type":"WebPage","@id":"https:\/\/www.belenushotel.hu\/en\/offers\/last-minute-offers\/","url":"https:\/\/www.belenushotel.hu\/en\/offers\/last-minute-offers\/","name":"Last minute offers | Belenus Thermalhotel *** Zalakaros","isPartOf":{"@id":"https:\/\/www.belenushotel.hu\/#website"},"datePublished":"2024-05-28T10:30:48+00:00","dateModified":"2026-05-11T10:57:07+00:00","description":"Legjobb \u00e1rak a saj\u00e1t honlapon - Igaz\u00e1n isteni hely a felt\u00f6lt\u0151 wellness pihen\u00e9sre. Csod\u00e1s parkkal \u00e9s term\u00e1lvizes medenc\u00e9vel","breadcrumb":{"@id":"https:\/\/www.belenushotel.hu\/en\/offers\/last-minute-offers\/#breadcrumb"},"inLanguage":"en-US","potentialAction":[{"@type":"ReadAction","target":["https:\/\/www.belenushotel.hu\/en\/offers\/last-minute-offers\/"]}]},{"@type":"BreadcrumbList","@id":"https:\/\/www.belenushotel.hu\/en\/offers\/last-minute-offers\/#breadcrumb","itemListElement":[{"@type":"ListItem","position":1,"name":"Offers","item":"https:\/\/www.belenushotel.hu\/en\/offers\/"},{"@type":"ListItem","position":2,"name":"Last minute offers"}]},{"@type":"WebSite","@id":"https:\/\/www.belenushotel.hu\/#website","url":"https:\/\/www.belenushotel.hu\/","name":"Belenus Thermalhotel *** Superior Zalakaros","description":"Egy \u201eisteni\u201d hely...","publisher":{"@id":"https:\/\/www.belenushotel.hu\/#organization"},"potentialAction":[{"@type":"SearchAction","target":{"@type":"EntryPoint","urlTemplate":"https:\/\/www.belenushotel.hu\/?s={search_term_string}"},"query-input":{"@type":"PropertyValueSpecification","valueRequired":true,"valueName":"search_term_string"}}],"inLanguage":"en-US"},{"@type":"Organization","@id":"https:\/\/www.belenushotel.hu\/#organization","name":"Belenus Thermalhotel *** Superior Zalakaros","url":"https:\/\/www.belenushotel.hu\/","logo":{"@type":"ImageObject","inLanguage":"en-US","@id":"https:\/\/www.belenushotel.hu\/#\/schema\/logo\/image\/","url":"https:\/\/www.belenushotel.hu\/files\/2024\/06\/belenus_logo_696.webp","contentUrl":"https:\/\/www.belenushotel.hu\/files\/2024\/06\/belenus_logo_696.webp","width":696,"height":696,"caption":"Belenus Thermalhotel *** Superior Zalakaros"},"image":{"@id":"https:\/\/www.belenushotel.hu\/#\/schema\/logo\/image\/"},"sameAs":["https:\/\/www.facebook.com\/belenushotel"]}]}},"_links":{"self":[{"href":"https:\/\/www.belenushotel.hu\/en\/wp-json\/wp\/v2\/pages\/1457","targetHints":{"allow":["GET"]}}],"collection":[{"href":"https:\/\/www.belenushotel.hu\/en\/wp-json\/wp\/v2\/pages"}],"about":[{"href":"https:\/\/www.belenushotel.hu\/en\/wp-json\/wp\/v2\/types\/page"}],"author":[{"embeddable":true,"href":"https:\/\/www.belenushotel.hu\/en\/wp-json\/wp\/v2\/users\/1"}],"replies":[{"embeddable":true,"href":"https:\/\/www.belenushotel.hu\/en\/wp-json\/wp\/v2\/comments?post=1457"}],"version-history":[{"count":0,"href":"https:\/\/www.belenushotel.hu\/en\/wp-json\/wp\/v2\/pages\/1457\/revisions"}],"up":[{"embeddable":true,"href":"https:\/\/www.belenushotel.hu\/en\/wp-json\/wp\/v2\/pages\/1558"}],"wp:attachment":[{"href":"https:\/\/www.belenushotel.hu\/en\/wp-json\/wp\/v2\/media?parent=1457"}],"curies":[{"name":"wp","href":"https:\/\/api.w.org\/{rel}","templated":true}]}}