{"id":1429,"date":"2024-05-22T06:37:40","date_gmt":"2024-05-22T06:37:40","guid":{"rendered":"https:\/\/www.belenushotel.hu\/?page_id=1429"},"modified":"2024-06-10T07:19:35","modified_gmt":"2024-06-10T07:19:35","slug":"cancellation-policy","status":"publish","type":"page","link":"https:\/\/www.belenushotel.hu\/en\/information\/cancellation-policy\/","title":{"rendered":"Cancellation Policy"},"content":{"rendered":"<p><strong>From the time of booking, the cancellation policies and hotel rules automatically come into effect as outlined below and will be included in your booking confirmation.<\/strong><\/p>\n<p><strong>If a government organization or authority imposes travel or movement restrictions for certain periods, the cancellation policies stated in our confirmations will become void. Due to the &#8220;force majeure&#8221; situation affecting both parties, bookings can be canceled free of charge. In case of cancellation, we will issue a voucher equal to the value of the paid deposits or down payments, which can be used for any subsequent booking within one year from the date of issue.<\/strong><\/p>\n<p>&nbsp;<\/p>\n<h3>Our Cancellation Policy:<\/h3>\n<ol>\n<li>More than 15 days before arrival: no payment obligation.<\/li>\n<li>14-1 days before arrival: 50% of the total amount is payable.<\/li>\n<li>No cancellation or no show: 100% of the total amount is payable.<\/li>\n<\/ol>\n<p>We can only accept cancellations submitted in writing to our hotel\u2019s email or postal address.<\/p>\n<p>For guests with a foreign address or without any other payment guarantees, the hotel may request a deposit.<\/p>\n<p>Rooms and other services related to booked packages can be used from 2 PM on the day of arrival until 10 AM on the day of departure. Early arrival (from 9 AM) and\/or late departure (until 6 PM) is possible for an additional fee of 9,000 HUF\/room per occasion. The fee for early arrival and\/or late departure includes the use of the room and the wellness area, but not other services.<\/p>\n<p>Finally, we inform you that in accordance with Section 213 (1) of the Civil Code, your order or room reservation submitted in writing or by email in response to our offer published online, in the press, price lists, or given by phone, is considered acceptance of our offer. The room reservation contract between the Customer and the operating company is concluded upon receipt and acceptance of the order or reservation by Belenus Thermalhotel, and the conditions of the service-provision relationship are included in this confirmation. Within 24 hours of the receipt of this confirmation by the Customer, any written complaint related to the room reservation will dissolve the room reservation contract.<\/p>\n<p>The successful sending of the confirmation to the email address provided by the Customer (i.e., the email acknowledged as received by the Customer&#8217;s email server) constitutes automatic delivery of the confirmation, and any reference to an error in the email system does not exempt the Customer from the obligation to pay the cancellation fee.<\/p>\n<p>The Customer is entitled to withdraw from this room reservation contract under Section 320 of the Civil Code by sending a written cancellation notice to the hotel, and by paying a cancellation fee to the Company. Withdrawal dissolves the room reservation contract. The Customer must prove the fact of the written cancellation sent to our hotel\u2019s email or postal address.<\/p>\n<p>For matters not specifically regulated here, the provisions of the Civil Code and the service provider&#8217;s General Terms and Conditions shall apply.<\/p>\n","protected":false},"excerpt":{"rendered":"<p>From the time of booking, the cancellation policies and hotel rules automatically come into effect as outlined below and will be included in your booking confirmation. If a government organization or authority imposes travel or movement restrictions for certain periods, the cancellation policies stated in our confirmations will become void. Due to the &#8220;force majeure&#8221; [&hellip;]<\/p>\n","protected":false},"author":1,"featured_media":0,"parent":1556,"menu_order":26,"comment_status":"closed","ping_status":"closed","template":"","meta":{"footnotes":""},"class_list":["post-1429","page","type-page","status-publish","hentry"],"yoast_head":"<!-- This site is optimized with the Yoast SEO plugin v27.0 - https:\/\/yoast.com\/product\/yoast-seo-wordpress\/ -->\n<title>Cancellation Policy | Belenus Thermalhotel *** Zalakaros<\/title>\n<meta name=\"description\" content=\"Legjobb \u00e1rak a saj\u00e1t honlapon - Igaz\u00e1n isteni hely a felt\u00f6lt\u0151 wellness pihen\u00e9sre. Csod\u00e1s parkkal \u00e9s term\u00e1lvizes medenc\u00e9vel\" \/>\n<meta name=\"robots\" content=\"index, follow, max-snippet:-1, max-image-preview:large, max-video-preview:-1\" \/>\n<link rel=\"canonical\" href=\"https:\/\/www.belenushotel.hu\/en\/information\/cancellation-policy\/\" \/>\n<meta property=\"og:locale\" content=\"en_US\" \/>\n<meta property=\"og:type\" content=\"article\" \/>\n<meta property=\"og:title\" content=\"Cancellation Policy | Belenus Thermalhotel *** Zalakaros\" \/>\n<meta property=\"og:description\" content=\"Legjobb \u00e1rak a saj\u00e1t honlapon - Igaz\u00e1n isteni hely a felt\u00f6lt\u0151 wellness pihen\u00e9sre. Csod\u00e1s parkkal \u00e9s term\u00e1lvizes medenc\u00e9vel\" \/>\n<meta property=\"og:url\" content=\"https:\/\/www.belenushotel.hu\/en\/information\/cancellation-policy\/\" \/>\n<meta property=\"og:site_name\" content=\"Belenus Thermalhotel *** Zalakaros\" \/>\n<meta property=\"article:publisher\" content=\"https:\/\/www.facebook.com\/belenushotel\" \/>\n<meta property=\"article:modified_time\" content=\"2024-06-10T07:19:35+00:00\" \/>\n<meta property=\"og:image\" content=\"https:\/\/www.belenushotel.hu\/files\/2024\/06\/KEP_9076.webp\" \/>\n\t<meta property=\"og:image:width\" content=\"1500\" \/>\n\t<meta property=\"og:image:height\" content=\"1000\" \/>\n\t<meta property=\"og:image:type\" content=\"image\/webp\" \/>\n<meta name=\"twitter:card\" content=\"summary_large_image\" \/>\n<meta name=\"twitter:label1\" content=\"Est. reading time\" \/>\n\t<meta name=\"twitter:data1\" content=\"3 minutes\" \/>\n<script type=\"application\/ld+json\" class=\"yoast-schema-graph\">{\"@context\":\"https:\/\/schema.org\",\"@graph\":[{\"@type\":\"WebPage\",\"@id\":\"https:\/\/www.belenushotel.hu\/en\/information\/cancellation-policy\/\",\"url\":\"https:\/\/www.belenushotel.hu\/en\/information\/cancellation-policy\/\",\"name\":\"Cancellation Policy | Belenus Thermalhotel *** Zalakaros\",\"isPartOf\":{\"@id\":\"https:\/\/www.belenushotel.hu\/#website\"},\"datePublished\":\"2024-05-22T06:37:40+00:00\",\"dateModified\":\"2024-06-10T07:19:35+00:00\",\"description\":\"Legjobb \u00e1rak a saj\u00e1t honlapon - Igaz\u00e1n isteni hely a felt\u00f6lt\u0151 wellness pihen\u00e9sre. Csod\u00e1s parkkal \u00e9s term\u00e1lvizes medenc\u00e9vel\",\"breadcrumb\":{\"@id\":\"https:\/\/www.belenushotel.hu\/en\/information\/cancellation-policy\/#breadcrumb\"},\"inLanguage\":\"en-US\",\"potentialAction\":[{\"@type\":\"ReadAction\",\"target\":[\"https:\/\/www.belenushotel.hu\/en\/information\/cancellation-policy\/\"]}]},{\"@type\":\"BreadcrumbList\",\"@id\":\"https:\/\/www.belenushotel.hu\/en\/information\/cancellation-policy\/#breadcrumb\",\"itemListElement\":[{\"@type\":\"ListItem\",\"position\":1,\"name\":\"Information\",\"item\":\"https:\/\/www.belenushotel.hu\/en\/information\/\"},{\"@type\":\"ListItem\",\"position\":2,\"name\":\"Cancellation Policy\"}]},{\"@type\":\"WebSite\",\"@id\":\"https:\/\/www.belenushotel.hu\/#website\",\"url\":\"https:\/\/www.belenushotel.hu\/\",\"name\":\"Belenus Thermalhotel *** Superior Zalakaros\",\"description\":\"Egy \u201eisteni\u201d hely...\",\"publisher\":{\"@id\":\"https:\/\/www.belenushotel.hu\/#organization\"},\"potentialAction\":[{\"@type\":\"SearchAction\",\"target\":{\"@type\":\"EntryPoint\",\"urlTemplate\":\"https:\/\/www.belenushotel.hu\/?s={search_term_string}\"},\"query-input\":{\"@type\":\"PropertyValueSpecification\",\"valueRequired\":true,\"valueName\":\"search_term_string\"}}],\"inLanguage\":\"en-US\"},{\"@type\":\"Organization\",\"@id\":\"https:\/\/www.belenushotel.hu\/#organization\",\"name\":\"Belenus Thermalhotel *** Superior Zalakaros\",\"url\":\"https:\/\/www.belenushotel.hu\/\",\"logo\":{\"@type\":\"ImageObject\",\"inLanguage\":\"en-US\",\"@id\":\"https:\/\/www.belenushotel.hu\/#\/schema\/logo\/image\/\",\"url\":\"https:\/\/www.belenushotel.hu\/files\/2024\/06\/belenus_logo_696.webp\",\"contentUrl\":\"https:\/\/www.belenushotel.hu\/files\/2024\/06\/belenus_logo_696.webp\",\"width\":696,\"height\":696,\"caption\":\"Belenus Thermalhotel *** Superior Zalakaros\"},\"image\":{\"@id\":\"https:\/\/www.belenushotel.hu\/#\/schema\/logo\/image\/\"},\"sameAs\":[\"https:\/\/www.facebook.com\/belenushotel\"]}]}<\/script>\n<!-- \/ Yoast SEO plugin. -->","yoast_head_json":{"title":"Cancellation Policy | Belenus Thermalhotel *** Zalakaros","description":"Legjobb \u00e1rak a saj\u00e1t honlapon - Igaz\u00e1n isteni hely a felt\u00f6lt\u0151 wellness pihen\u00e9sre. Csod\u00e1s parkkal \u00e9s term\u00e1lvizes medenc\u00e9vel","robots":{"index":"index","follow":"follow","max-snippet":"max-snippet:-1","max-image-preview":"max-image-preview:large","max-video-preview":"max-video-preview:-1"},"canonical":"https:\/\/www.belenushotel.hu\/en\/information\/cancellation-policy\/","og_locale":"en_US","og_type":"article","og_title":"Cancellation Policy | Belenus Thermalhotel *** Zalakaros","og_description":"Legjobb \u00e1rak a saj\u00e1t honlapon - Igaz\u00e1n isteni hely a felt\u00f6lt\u0151 wellness pihen\u00e9sre. Csod\u00e1s parkkal \u00e9s term\u00e1lvizes medenc\u00e9vel","og_url":"https:\/\/www.belenushotel.hu\/en\/information\/cancellation-policy\/","og_site_name":"Belenus Thermalhotel *** Zalakaros","article_publisher":"https:\/\/www.facebook.com\/belenushotel","article_modified_time":"2024-06-10T07:19:35+00:00","og_image":[{"width":1500,"height":1000,"url":"https:\/\/www.belenushotel.hu\/files\/2024\/06\/KEP_9076.webp","type":"image\/webp"}],"twitter_card":"summary_large_image","twitter_misc":{"Est. reading time":"3 minutes"},"schema":{"@context":"https:\/\/schema.org","@graph":[{"@type":"WebPage","@id":"https:\/\/www.belenushotel.hu\/en\/information\/cancellation-policy\/","url":"https:\/\/www.belenushotel.hu\/en\/information\/cancellation-policy\/","name":"Cancellation Policy | Belenus Thermalhotel *** Zalakaros","isPartOf":{"@id":"https:\/\/www.belenushotel.hu\/#website"},"datePublished":"2024-05-22T06:37:40+00:00","dateModified":"2024-06-10T07:19:35+00:00","description":"Legjobb \u00e1rak a saj\u00e1t honlapon - Igaz\u00e1n isteni hely a felt\u00f6lt\u0151 wellness pihen\u00e9sre. Csod\u00e1s parkkal \u00e9s term\u00e1lvizes medenc\u00e9vel","breadcrumb":{"@id":"https:\/\/www.belenushotel.hu\/en\/information\/cancellation-policy\/#breadcrumb"},"inLanguage":"en-US","potentialAction":[{"@type":"ReadAction","target":["https:\/\/www.belenushotel.hu\/en\/information\/cancellation-policy\/"]}]},{"@type":"BreadcrumbList","@id":"https:\/\/www.belenushotel.hu\/en\/information\/cancellation-policy\/#breadcrumb","itemListElement":[{"@type":"ListItem","position":1,"name":"Information","item":"https:\/\/www.belenushotel.hu\/en\/information\/"},{"@type":"ListItem","position":2,"name":"Cancellation Policy"}]},{"@type":"WebSite","@id":"https:\/\/www.belenushotel.hu\/#website","url":"https:\/\/www.belenushotel.hu\/","name":"Belenus Thermalhotel *** Superior Zalakaros","description":"Egy \u201eisteni\u201d hely...","publisher":{"@id":"https:\/\/www.belenushotel.hu\/#organization"},"potentialAction":[{"@type":"SearchAction","target":{"@type":"EntryPoint","urlTemplate":"https:\/\/www.belenushotel.hu\/?s={search_term_string}"},"query-input":{"@type":"PropertyValueSpecification","valueRequired":true,"valueName":"search_term_string"}}],"inLanguage":"en-US"},{"@type":"Organization","@id":"https:\/\/www.belenushotel.hu\/#organization","name":"Belenus Thermalhotel *** Superior Zalakaros","url":"https:\/\/www.belenushotel.hu\/","logo":{"@type":"ImageObject","inLanguage":"en-US","@id":"https:\/\/www.belenushotel.hu\/#\/schema\/logo\/image\/","url":"https:\/\/www.belenushotel.hu\/files\/2024\/06\/belenus_logo_696.webp","contentUrl":"https:\/\/www.belenushotel.hu\/files\/2024\/06\/belenus_logo_696.webp","width":696,"height":696,"caption":"Belenus Thermalhotel *** Superior Zalakaros"},"image":{"@id":"https:\/\/www.belenushotel.hu\/#\/schema\/logo\/image\/"},"sameAs":["https:\/\/www.facebook.com\/belenushotel"]}]}},"_links":{"self":[{"href":"https:\/\/www.belenushotel.hu\/en\/wp-json\/wp\/v2\/pages\/1429","targetHints":{"allow":["GET"]}}],"collection":[{"href":"https:\/\/www.belenushotel.hu\/en\/wp-json\/wp\/v2\/pages"}],"about":[{"href":"https:\/\/www.belenushotel.hu\/en\/wp-json\/wp\/v2\/types\/page"}],"author":[{"embeddable":true,"href":"https:\/\/www.belenushotel.hu\/en\/wp-json\/wp\/v2\/users\/1"}],"replies":[{"embeddable":true,"href":"https:\/\/www.belenushotel.hu\/en\/wp-json\/wp\/v2\/comments?post=1429"}],"version-history":[{"count":0,"href":"https:\/\/www.belenushotel.hu\/en\/wp-json\/wp\/v2\/pages\/1429\/revisions"}],"up":[{"embeddable":true,"href":"https:\/\/www.belenushotel.hu\/en\/wp-json\/wp\/v2\/pages\/1556"}],"wp:attachment":[{"href":"https:\/\/www.belenushotel.hu\/en\/wp-json\/wp\/v2\/media?parent=1429"}],"curies":[{"name":"wp","href":"https:\/\/api.w.org\/{rel}","templated":true}]}}