{"id":1391,"date":"2024-05-28T15:02:49","date_gmt":"2024-05-28T15:02:49","guid":{"rendered":"https:\/\/www.belenushotel.hu\/?page_id=1391"},"modified":"2024-06-07T19:38:33","modified_gmt":"2024-06-07T19:38:33","slug":"7-chiefs-historical-adventure-park-and-garaboncias-farm","status":"publish","type":"page","link":"https:\/\/www.belenushotel.hu\/en\/services\/programmes\/7-chiefs-historical-adventure-park-and-garaboncias-farm\/","title":{"rendered":"7 Chiefs Historical Adventure Park and Garabonci\u00e1s Farm"},"content":{"rendered":"<h2>Game and Adventure &#8211; Going Hand in Hand<\/h2>\n<p>History can be both a game and an adventure, especially when an interactive exhibition and an experiential venue host such a program. Learn about the customs of the Hungarian conquerors, see how our ancestors lived, and then embark on a real adventure on a farm where you can ride horses, pet animals, and learn about the daily life of a traditional farm.<\/p>\n<h2>Imaginary Time Travel<\/h2>\n<p>In the 7 Chiefs Historical Adventure Park, every member of a multi-generational family can find enjoyable relaxation. The site features a gallery of Hungarian kings and a permanent exhibition of yurts, as well as the history of the region from the time of the Hungarian conquest, where visitors can learn interesting facts about Hungary while having fun. The exhibitions here are based on the latest archaeological and anthropological research and provide a new perspective on Hungarian history, relying on the most authentic historical sources available.<\/p>\n<h2>Life Comes Alive&#8230;<\/h2>\n<p>At the Garabonci\u00e1s Farm, a 21st-century peasant farm comes to life, where visitors can learn about traditional animal and plant cultivation. This farm is not only a peasant farm but also a real experiential venue where visitors can ride horses, take a ride on a horse-drawn carriage, travel on a hunting wagon, and even pet animals. Pecking chickens, chickens, sunbathing and happy pigs, gentle rabbits, spotted cows, proud Hungarian gray cattle, sheep and goats giving cheese, and carefree galloping horses await visitors here to forget the rush of everyday life for a while and bring a smile to our faces.<\/p>\n<p>Further information can be found on the <a href=\"https:\/\/7-vezer-kalandpark.hu\/en\/\" target=\"_blank\" rel=\"noopener\">website of the 7 Chiefs Historical Adventure Park and Garabonci\u00e1s Farm<\/a>.<\/p>\n","protected":false},"excerpt":{"rendered":"<p>Game and Adventure &#8211; Going Hand in Hand History can be both a game and an adventure, especially when an interactive exhibition and an experiential venue host such a program. Learn about the customs of the Hungarian conquerors, see how our ancestors lived, and then embark on a real adventure on a farm where you [&hellip;]<\/p>\n","protected":false},"author":1,"featured_media":0,"parent":1580,"menu_order":6,"comment_status":"closed","ping_status":"closed","template":"","meta":{"footnotes":""},"class_list":["post-1391","page","type-page","status-publish","hentry"],"yoast_head":"<!-- This site is optimized with the Yoast SEO plugin v27.5 - https:\/\/yoast.com\/product\/yoast-seo-wordpress\/ -->\n<title>7 Chiefs Historical Adventure Park and Garabonci\u00e1s Farm | Belenus Thermalhotel *** Zalakaros<\/title>\n<meta name=\"description\" content=\"Legjobb \u00e1rak a saj\u00e1t honlapon - Igaz\u00e1n isteni hely a felt\u00f6lt\u0151 wellness pihen\u00e9sre. Csod\u00e1s parkkal \u00e9s term\u00e1lvizes medenc\u00e9vel\" \/>\n<meta name=\"robots\" content=\"index, follow, max-snippet:-1, max-image-preview:large, max-video-preview:-1\" \/>\n<link rel=\"canonical\" href=\"https:\/\/www.belenushotel.hu\/en\/services\/programmes\/7-chiefs-historical-adventure-park-and-garaboncias-farm\/\" \/>\n<meta property=\"og:locale\" content=\"en_US\" \/>\n<meta property=\"og:type\" content=\"article\" \/>\n<meta property=\"og:title\" content=\"7 Chiefs Historical Adventure Park and Garabonci\u00e1s Farm | Belenus Thermalhotel *** Zalakaros\" \/>\n<meta property=\"og:description\" content=\"Legjobb \u00e1rak a saj\u00e1t honlapon - Igaz\u00e1n isteni hely a felt\u00f6lt\u0151 wellness pihen\u00e9sre. Csod\u00e1s parkkal \u00e9s term\u00e1lvizes medenc\u00e9vel\" \/>\n<meta property=\"og:url\" content=\"https:\/\/www.belenushotel.hu\/en\/services\/programmes\/7-chiefs-historical-adventure-park-and-garaboncias-farm\/\" \/>\n<meta property=\"og:site_name\" content=\"Belenus Thermalhotel *** Zalakaros\" \/>\n<meta property=\"article:publisher\" content=\"https:\/\/www.facebook.com\/belenushotel\" \/>\n<meta property=\"article:modified_time\" content=\"2024-06-07T19:38:33+00:00\" \/>\n<meta property=\"og:image\" content=\"https:\/\/www.belenushotel.hu\/files\/2024\/06\/KEP_9076.webp\" \/>\n\t<meta property=\"og:image:width\" content=\"1500\" \/>\n\t<meta property=\"og:image:height\" content=\"1000\" \/>\n\t<meta property=\"og:image:type\" content=\"image\/webp\" \/>\n<meta name=\"twitter:card\" content=\"summary_large_image\" \/>\n<meta name=\"twitter:label1\" content=\"Est. reading time\" \/>\n\t<meta name=\"twitter:data1\" content=\"2 minutes\" \/>\n<script type=\"application\/ld+json\" class=\"yoast-schema-graph\">{\"@context\":\"https:\\\/\\\/schema.org\",\"@graph\":[{\"@type\":\"WebPage\",\"@id\":\"https:\\\/\\\/www.belenushotel.hu\\\/en\\\/services\\\/programmes\\\/7-chiefs-historical-adventure-park-and-garaboncias-farm\\\/\",\"url\":\"https:\\\/\\\/www.belenushotel.hu\\\/en\\\/services\\\/programmes\\\/7-chiefs-historical-adventure-park-and-garaboncias-farm\\\/\",\"name\":\"7 Chiefs Historical Adventure Park and Garabonci\u00e1s Farm | Belenus Thermalhotel *** Zalakaros\",\"isPartOf\":{\"@id\":\"https:\\\/\\\/www.belenushotel.hu\\\/#website\"},\"datePublished\":\"2024-05-28T15:02:49+00:00\",\"dateModified\":\"2024-06-07T19:38:33+00:00\",\"description\":\"Legjobb \u00e1rak a saj\u00e1t honlapon - Igaz\u00e1n isteni hely a felt\u00f6lt\u0151 wellness pihen\u00e9sre. Csod\u00e1s parkkal \u00e9s term\u00e1lvizes medenc\u00e9vel\",\"breadcrumb\":{\"@id\":\"https:\\\/\\\/www.belenushotel.hu\\\/en\\\/services\\\/programmes\\\/7-chiefs-historical-adventure-park-and-garaboncias-farm\\\/#breadcrumb\"},\"inLanguage\":\"en-US\",\"potentialAction\":[{\"@type\":\"ReadAction\",\"target\":[\"https:\\\/\\\/www.belenushotel.hu\\\/en\\\/services\\\/programmes\\\/7-chiefs-historical-adventure-park-and-garaboncias-farm\\\/\"]}]},{\"@type\":\"BreadcrumbList\",\"@id\":\"https:\\\/\\\/www.belenushotel.hu\\\/en\\\/services\\\/programmes\\\/7-chiefs-historical-adventure-park-and-garaboncias-farm\\\/#breadcrumb\",\"itemListElement\":[{\"@type\":\"ListItem\",\"position\":1,\"name\":\"Services\",\"item\":\"https:\\\/\\\/www.belenushotel.hu\\\/en\\\/services\\\/\"},{\"@type\":\"ListItem\",\"position\":2,\"name\":\"Programmes\",\"item\":\"https:\\\/\\\/www.belenushotel.hu\\\/en\\\/services\\\/programmes\\\/\"},{\"@type\":\"ListItem\",\"position\":3,\"name\":\"7 Chiefs Historical Adventure Park and Garabonci\u00e1s Farm\"}]},{\"@type\":\"WebSite\",\"@id\":\"https:\\\/\\\/www.belenushotel.hu\\\/#website\",\"url\":\"https:\\\/\\\/www.belenushotel.hu\\\/\",\"name\":\"Belenus Thermalhotel *** Superior Zalakaros\",\"description\":\"Egy \u201eisteni\u201d hely...\",\"publisher\":{\"@id\":\"https:\\\/\\\/www.belenushotel.hu\\\/#organization\"},\"potentialAction\":[{\"@type\":\"SearchAction\",\"target\":{\"@type\":\"EntryPoint\",\"urlTemplate\":\"https:\\\/\\\/www.belenushotel.hu\\\/?s={search_term_string}\"},\"query-input\":{\"@type\":\"PropertyValueSpecification\",\"valueRequired\":true,\"valueName\":\"search_term_string\"}}],\"inLanguage\":\"en-US\"},{\"@type\":\"Organization\",\"@id\":\"https:\\\/\\\/www.belenushotel.hu\\\/#organization\",\"name\":\"Belenus Thermalhotel *** Superior Zalakaros\",\"url\":\"https:\\\/\\\/www.belenushotel.hu\\\/\",\"logo\":{\"@type\":\"ImageObject\",\"inLanguage\":\"en-US\",\"@id\":\"https:\\\/\\\/www.belenushotel.hu\\\/#\\\/schema\\\/logo\\\/image\\\/\",\"url\":\"https:\\\/\\\/www.belenushotel.hu\\\/files\\\/2024\\\/06\\\/belenus_logo_696.webp\",\"contentUrl\":\"https:\\\/\\\/www.belenushotel.hu\\\/files\\\/2024\\\/06\\\/belenus_logo_696.webp\",\"width\":696,\"height\":696,\"caption\":\"Belenus Thermalhotel *** Superior Zalakaros\"},\"image\":{\"@id\":\"https:\\\/\\\/www.belenushotel.hu\\\/#\\\/schema\\\/logo\\\/image\\\/\"},\"sameAs\":[\"https:\\\/\\\/www.facebook.com\\\/belenushotel\"]}]}<\/script>\n<!-- \/ Yoast SEO plugin. -->","yoast_head_json":{"title":"7 Chiefs Historical Adventure Park and Garabonci\u00e1s Farm | Belenus Thermalhotel *** Zalakaros","description":"Legjobb \u00e1rak a saj\u00e1t honlapon - Igaz\u00e1n isteni hely a felt\u00f6lt\u0151 wellness pihen\u00e9sre. Csod\u00e1s parkkal \u00e9s term\u00e1lvizes medenc\u00e9vel","robots":{"index":"index","follow":"follow","max-snippet":"max-snippet:-1","max-image-preview":"max-image-preview:large","max-video-preview":"max-video-preview:-1"},"canonical":"https:\/\/www.belenushotel.hu\/en\/services\/programmes\/7-chiefs-historical-adventure-park-and-garaboncias-farm\/","og_locale":"en_US","og_type":"article","og_title":"7 Chiefs Historical Adventure Park and Garabonci\u00e1s Farm | Belenus Thermalhotel *** Zalakaros","og_description":"Legjobb \u00e1rak a saj\u00e1t honlapon - Igaz\u00e1n isteni hely a felt\u00f6lt\u0151 wellness pihen\u00e9sre. Csod\u00e1s parkkal \u00e9s term\u00e1lvizes medenc\u00e9vel","og_url":"https:\/\/www.belenushotel.hu\/en\/services\/programmes\/7-chiefs-historical-adventure-park-and-garaboncias-farm\/","og_site_name":"Belenus Thermalhotel *** Zalakaros","article_publisher":"https:\/\/www.facebook.com\/belenushotel","article_modified_time":"2024-06-07T19:38:33+00:00","og_image":[{"width":1500,"height":1000,"url":"https:\/\/www.belenushotel.hu\/files\/2024\/06\/KEP_9076.webp","type":"image\/webp"}],"twitter_card":"summary_large_image","twitter_misc":{"Est. reading time":"2 minutes"},"schema":{"@context":"https:\/\/schema.org","@graph":[{"@type":"WebPage","@id":"https:\/\/www.belenushotel.hu\/en\/services\/programmes\/7-chiefs-historical-adventure-park-and-garaboncias-farm\/","url":"https:\/\/www.belenushotel.hu\/en\/services\/programmes\/7-chiefs-historical-adventure-park-and-garaboncias-farm\/","name":"7 Chiefs Historical Adventure Park and Garabonci\u00e1s Farm | Belenus Thermalhotel *** Zalakaros","isPartOf":{"@id":"https:\/\/www.belenushotel.hu\/#website"},"datePublished":"2024-05-28T15:02:49+00:00","dateModified":"2024-06-07T19:38:33+00:00","description":"Legjobb \u00e1rak a saj\u00e1t honlapon - Igaz\u00e1n isteni hely a felt\u00f6lt\u0151 wellness pihen\u00e9sre. Csod\u00e1s parkkal \u00e9s term\u00e1lvizes medenc\u00e9vel","breadcrumb":{"@id":"https:\/\/www.belenushotel.hu\/en\/services\/programmes\/7-chiefs-historical-adventure-park-and-garaboncias-farm\/#breadcrumb"},"inLanguage":"en-US","potentialAction":[{"@type":"ReadAction","target":["https:\/\/www.belenushotel.hu\/en\/services\/programmes\/7-chiefs-historical-adventure-park-and-garaboncias-farm\/"]}]},{"@type":"BreadcrumbList","@id":"https:\/\/www.belenushotel.hu\/en\/services\/programmes\/7-chiefs-historical-adventure-park-and-garaboncias-farm\/#breadcrumb","itemListElement":[{"@type":"ListItem","position":1,"name":"Services","item":"https:\/\/www.belenushotel.hu\/en\/services\/"},{"@type":"ListItem","position":2,"name":"Programmes","item":"https:\/\/www.belenushotel.hu\/en\/services\/programmes\/"},{"@type":"ListItem","position":3,"name":"7 Chiefs Historical Adventure Park and Garabonci\u00e1s Farm"}]},{"@type":"WebSite","@id":"https:\/\/www.belenushotel.hu\/#website","url":"https:\/\/www.belenushotel.hu\/","name":"Belenus Thermalhotel *** Superior Zalakaros","description":"Egy \u201eisteni\u201d hely...","publisher":{"@id":"https:\/\/www.belenushotel.hu\/#organization"},"potentialAction":[{"@type":"SearchAction","target":{"@type":"EntryPoint","urlTemplate":"https:\/\/www.belenushotel.hu\/?s={search_term_string}"},"query-input":{"@type":"PropertyValueSpecification","valueRequired":true,"valueName":"search_term_string"}}],"inLanguage":"en-US"},{"@type":"Organization","@id":"https:\/\/www.belenushotel.hu\/#organization","name":"Belenus Thermalhotel *** Superior Zalakaros","url":"https:\/\/www.belenushotel.hu\/","logo":{"@type":"ImageObject","inLanguage":"en-US","@id":"https:\/\/www.belenushotel.hu\/#\/schema\/logo\/image\/","url":"https:\/\/www.belenushotel.hu\/files\/2024\/06\/belenus_logo_696.webp","contentUrl":"https:\/\/www.belenushotel.hu\/files\/2024\/06\/belenus_logo_696.webp","width":696,"height":696,"caption":"Belenus Thermalhotel *** Superior Zalakaros"},"image":{"@id":"https:\/\/www.belenushotel.hu\/#\/schema\/logo\/image\/"},"sameAs":["https:\/\/www.facebook.com\/belenushotel"]}]}},"_links":{"self":[{"href":"https:\/\/www.belenushotel.hu\/en\/wp-json\/wp\/v2\/pages\/1391","targetHints":{"allow":["GET"]}}],"collection":[{"href":"https:\/\/www.belenushotel.hu\/en\/wp-json\/wp\/v2\/pages"}],"about":[{"href":"https:\/\/www.belenushotel.hu\/en\/wp-json\/wp\/v2\/types\/page"}],"author":[{"embeddable":true,"href":"https:\/\/www.belenushotel.hu\/en\/wp-json\/wp\/v2\/users\/1"}],"replies":[{"embeddable":true,"href":"https:\/\/www.belenushotel.hu\/en\/wp-json\/wp\/v2\/comments?post=1391"}],"version-history":[{"count":0,"href":"https:\/\/www.belenushotel.hu\/en\/wp-json\/wp\/v2\/pages\/1391\/revisions"}],"up":[{"embeddable":true,"href":"https:\/\/www.belenushotel.hu\/en\/wp-json\/wp\/v2\/pages\/1580"}],"wp:attachment":[{"href":"https:\/\/www.belenushotel.hu\/en\/wp-json\/wp\/v2\/media?parent=1391"}],"curies":[{"name":"wp","href":"https:\/\/api.w.org\/{rel}","templated":true}]}}