{"id":1351,"date":"2024-05-28T14:06:54","date_gmt":"2024-05-28T14:06:54","guid":{"rendered":"https:\/\/www.belenushotel.hu\/?page_id=1351"},"modified":"2024-06-07T18:38:59","modified_gmt":"2024-06-07T18:38:59","slug":"fekete-istvan-memorial-site-and-uncle-matulas-hut","status":"publish","type":"page","link":"https:\/\/www.belenushotel.hu\/en\/services\/programmes\/fekete-istvan-memorial-site-and-uncle-matulas-hut\/","title":{"rendered":"Fekete Istv\u00e1n Memorial Site and Uncle Matula&#8217;s Hut"},"content":{"rendered":"<p>On Di\u00e1s Island in the Kis-Balaton area, you can find the memorial house dedicated to Istv\u00e1n Fekete, the author of &#8220;T\u00fcskev\u00e1r,&#8221; and Uncle Matula&#8217;s hut, familiar from the novel.<\/p>\n<h2>The Magical World of Uncle Matula<\/h2>\n<p>Di\u00e1s Island is located in the Kis-Balaton area, southwest of Lake Balaton, much of which enjoys protected status. The area is renowned for its marshy landscape and significantly fluctuating water levels.<\/p>\n<p>The island can be accessed from the direction of S\u00e1rmell\u00e9k, at the intersection of highways 71 and 76. Hidden within its groves, visitors can find the memorial house dedicated to Istv\u00e1n Fekete, where they can get a glimpse into the famous author&#8217;s study. Fans of &#8220;T\u00fcskev\u00e1r&#8221; can visit Uncle Matula&#8217;s hut not only in their imagination but also in reality and explore the area&#8217;s natural treasures. This part of Kis-Balaton can be visited on guided tours organized with the permission of the Balaton Uplands National Park Directorate.<\/p>\n<p>Additionally, the island is home to a memorial room for the natural scientist Jakab V\u00f6n\u00f6czky Schenk.<\/p>\n","protected":false},"excerpt":{"rendered":"<p>On Di\u00e1s Island in the Kis-Balaton area, you can find the memorial house dedicated to Istv\u00e1n Fekete, the author of &#8220;T\u00fcskev\u00e1r,&#8221; and Uncle Matula&#8217;s hut, familiar from the novel. The Magical World of Uncle Matula Di\u00e1s Island is located in the Kis-Balaton area, southwest of Lake Balaton, much of which enjoys protected status. The area [&hellip;]<\/p>\n","protected":false},"author":1,"featured_media":0,"parent":1580,"menu_order":44,"comment_status":"closed","ping_status":"closed","template":"","meta":{"footnotes":""},"class_list":["post-1351","page","type-page","status-publish","hentry"],"yoast_head":"<!-- This site is optimized with the Yoast SEO plugin v27.5 - https:\/\/yoast.com\/product\/yoast-seo-wordpress\/ -->\n<title>Fekete Istv\u00e1n Memorial Site and Uncle Matula&#039;s Hut | Belenus Thermalhotel *** Zalakaros<\/title>\n<meta name=\"description\" content=\"Legjobb \u00e1rak a saj\u00e1t honlapon - Igaz\u00e1n isteni hely a felt\u00f6lt\u0151 wellness pihen\u00e9sre. Csod\u00e1s parkkal \u00e9s term\u00e1lvizes medenc\u00e9vel\" \/>\n<meta name=\"robots\" content=\"index, follow, max-snippet:-1, max-image-preview:large, max-video-preview:-1\" \/>\n<link rel=\"canonical\" href=\"https:\/\/www.belenushotel.hu\/en\/services\/programmes\/fekete-istvan-memorial-site-and-uncle-matulas-hut\/\" \/>\n<meta property=\"og:locale\" content=\"en_US\" \/>\n<meta property=\"og:type\" content=\"article\" \/>\n<meta property=\"og:title\" content=\"Fekete Istv\u00e1n Memorial Site and Uncle Matula&#039;s Hut | Belenus Thermalhotel *** Zalakaros\" \/>\n<meta property=\"og:description\" content=\"Legjobb \u00e1rak a saj\u00e1t honlapon - Igaz\u00e1n isteni hely a felt\u00f6lt\u0151 wellness pihen\u00e9sre. Csod\u00e1s parkkal \u00e9s term\u00e1lvizes medenc\u00e9vel\" \/>\n<meta property=\"og:url\" content=\"https:\/\/www.belenushotel.hu\/en\/services\/programmes\/fekete-istvan-memorial-site-and-uncle-matulas-hut\/\" \/>\n<meta property=\"og:site_name\" content=\"Belenus Thermalhotel *** Zalakaros\" \/>\n<meta property=\"article:publisher\" content=\"https:\/\/www.facebook.com\/belenushotel\" \/>\n<meta property=\"article:modified_time\" content=\"2024-06-07T18:38:59+00:00\" \/>\n<meta property=\"og:image\" content=\"https:\/\/www.belenushotel.hu\/files\/2024\/06\/KEP_9076.webp\" \/>\n\t<meta property=\"og:image:width\" content=\"1500\" \/>\n\t<meta property=\"og:image:height\" content=\"1000\" \/>\n\t<meta property=\"og:image:type\" content=\"image\/webp\" \/>\n<meta name=\"twitter:card\" content=\"summary_large_image\" \/>\n<meta name=\"twitter:label1\" content=\"Est. reading time\" \/>\n\t<meta name=\"twitter:data1\" content=\"1 minute\" \/>\n<script type=\"application\/ld+json\" class=\"yoast-schema-graph\">{\"@context\":\"https:\\\/\\\/schema.org\",\"@graph\":[{\"@type\":\"WebPage\",\"@id\":\"https:\\\/\\\/www.belenushotel.hu\\\/en\\\/services\\\/programmes\\\/fekete-istvan-memorial-site-and-uncle-matulas-hut\\\/\",\"url\":\"https:\\\/\\\/www.belenushotel.hu\\\/en\\\/services\\\/programmes\\\/fekete-istvan-memorial-site-and-uncle-matulas-hut\\\/\",\"name\":\"Fekete Istv\u00e1n Memorial Site and Uncle Matula's Hut | Belenus Thermalhotel *** Zalakaros\",\"isPartOf\":{\"@id\":\"https:\\\/\\\/www.belenushotel.hu\\\/#website\"},\"datePublished\":\"2024-05-28T14:06:54+00:00\",\"dateModified\":\"2024-06-07T18:38:59+00:00\",\"description\":\"Legjobb \u00e1rak a saj\u00e1t honlapon - Igaz\u00e1n isteni hely a felt\u00f6lt\u0151 wellness pihen\u00e9sre. Csod\u00e1s parkkal \u00e9s term\u00e1lvizes medenc\u00e9vel\",\"breadcrumb\":{\"@id\":\"https:\\\/\\\/www.belenushotel.hu\\\/en\\\/services\\\/programmes\\\/fekete-istvan-memorial-site-and-uncle-matulas-hut\\\/#breadcrumb\"},\"inLanguage\":\"en-US\",\"potentialAction\":[{\"@type\":\"ReadAction\",\"target\":[\"https:\\\/\\\/www.belenushotel.hu\\\/en\\\/services\\\/programmes\\\/fekete-istvan-memorial-site-and-uncle-matulas-hut\\\/\"]}]},{\"@type\":\"BreadcrumbList\",\"@id\":\"https:\\\/\\\/www.belenushotel.hu\\\/en\\\/services\\\/programmes\\\/fekete-istvan-memorial-site-and-uncle-matulas-hut\\\/#breadcrumb\",\"itemListElement\":[{\"@type\":\"ListItem\",\"position\":1,\"name\":\"Services\",\"item\":\"https:\\\/\\\/www.belenushotel.hu\\\/en\\\/services\\\/\"},{\"@type\":\"ListItem\",\"position\":2,\"name\":\"Programmes\",\"item\":\"https:\\\/\\\/www.belenushotel.hu\\\/en\\\/services\\\/programmes\\\/\"},{\"@type\":\"ListItem\",\"position\":3,\"name\":\"Fekete Istv\u00e1n Memorial Site and Uncle Matula&#8217;s Hut\"}]},{\"@type\":\"WebSite\",\"@id\":\"https:\\\/\\\/www.belenushotel.hu\\\/#website\",\"url\":\"https:\\\/\\\/www.belenushotel.hu\\\/\",\"name\":\"Belenus Thermalhotel *** Superior Zalakaros\",\"description\":\"Egy \u201eisteni\u201d hely...\",\"publisher\":{\"@id\":\"https:\\\/\\\/www.belenushotel.hu\\\/#organization\"},\"potentialAction\":[{\"@type\":\"SearchAction\",\"target\":{\"@type\":\"EntryPoint\",\"urlTemplate\":\"https:\\\/\\\/www.belenushotel.hu\\\/?s={search_term_string}\"},\"query-input\":{\"@type\":\"PropertyValueSpecification\",\"valueRequired\":true,\"valueName\":\"search_term_string\"}}],\"inLanguage\":\"en-US\"},{\"@type\":\"Organization\",\"@id\":\"https:\\\/\\\/www.belenushotel.hu\\\/#organization\",\"name\":\"Belenus Thermalhotel *** Superior Zalakaros\",\"url\":\"https:\\\/\\\/www.belenushotel.hu\\\/\",\"logo\":{\"@type\":\"ImageObject\",\"inLanguage\":\"en-US\",\"@id\":\"https:\\\/\\\/www.belenushotel.hu\\\/#\\\/schema\\\/logo\\\/image\\\/\",\"url\":\"https:\\\/\\\/www.belenushotel.hu\\\/files\\\/2024\\\/06\\\/belenus_logo_696.webp\",\"contentUrl\":\"https:\\\/\\\/www.belenushotel.hu\\\/files\\\/2024\\\/06\\\/belenus_logo_696.webp\",\"width\":696,\"height\":696,\"caption\":\"Belenus Thermalhotel *** Superior Zalakaros\"},\"image\":{\"@id\":\"https:\\\/\\\/www.belenushotel.hu\\\/#\\\/schema\\\/logo\\\/image\\\/\"},\"sameAs\":[\"https:\\\/\\\/www.facebook.com\\\/belenushotel\"]}]}<\/script>\n<!-- \/ Yoast SEO plugin. -->","yoast_head_json":{"title":"Fekete Istv\u00e1n Memorial Site and Uncle Matula's Hut | Belenus Thermalhotel *** Zalakaros","description":"Legjobb \u00e1rak a saj\u00e1t honlapon - Igaz\u00e1n isteni hely a felt\u00f6lt\u0151 wellness pihen\u00e9sre. Csod\u00e1s parkkal \u00e9s term\u00e1lvizes medenc\u00e9vel","robots":{"index":"index","follow":"follow","max-snippet":"max-snippet:-1","max-image-preview":"max-image-preview:large","max-video-preview":"max-video-preview:-1"},"canonical":"https:\/\/www.belenushotel.hu\/en\/services\/programmes\/fekete-istvan-memorial-site-and-uncle-matulas-hut\/","og_locale":"en_US","og_type":"article","og_title":"Fekete Istv\u00e1n Memorial Site and Uncle Matula's Hut | Belenus Thermalhotel *** Zalakaros","og_description":"Legjobb \u00e1rak a saj\u00e1t honlapon - Igaz\u00e1n isteni hely a felt\u00f6lt\u0151 wellness pihen\u00e9sre. Csod\u00e1s parkkal \u00e9s term\u00e1lvizes medenc\u00e9vel","og_url":"https:\/\/www.belenushotel.hu\/en\/services\/programmes\/fekete-istvan-memorial-site-and-uncle-matulas-hut\/","og_site_name":"Belenus Thermalhotel *** Zalakaros","article_publisher":"https:\/\/www.facebook.com\/belenushotel","article_modified_time":"2024-06-07T18:38:59+00:00","og_image":[{"width":1500,"height":1000,"url":"https:\/\/www.belenushotel.hu\/files\/2024\/06\/KEP_9076.webp","type":"image\/webp"}],"twitter_card":"summary_large_image","twitter_misc":{"Est. reading time":"1 minute"},"schema":{"@context":"https:\/\/schema.org","@graph":[{"@type":"WebPage","@id":"https:\/\/www.belenushotel.hu\/en\/services\/programmes\/fekete-istvan-memorial-site-and-uncle-matulas-hut\/","url":"https:\/\/www.belenushotel.hu\/en\/services\/programmes\/fekete-istvan-memorial-site-and-uncle-matulas-hut\/","name":"Fekete Istv\u00e1n Memorial Site and Uncle Matula's Hut | Belenus Thermalhotel *** Zalakaros","isPartOf":{"@id":"https:\/\/www.belenushotel.hu\/#website"},"datePublished":"2024-05-28T14:06:54+00:00","dateModified":"2024-06-07T18:38:59+00:00","description":"Legjobb \u00e1rak a saj\u00e1t honlapon - Igaz\u00e1n isteni hely a felt\u00f6lt\u0151 wellness pihen\u00e9sre. Csod\u00e1s parkkal \u00e9s term\u00e1lvizes medenc\u00e9vel","breadcrumb":{"@id":"https:\/\/www.belenushotel.hu\/en\/services\/programmes\/fekete-istvan-memorial-site-and-uncle-matulas-hut\/#breadcrumb"},"inLanguage":"en-US","potentialAction":[{"@type":"ReadAction","target":["https:\/\/www.belenushotel.hu\/en\/services\/programmes\/fekete-istvan-memorial-site-and-uncle-matulas-hut\/"]}]},{"@type":"BreadcrumbList","@id":"https:\/\/www.belenushotel.hu\/en\/services\/programmes\/fekete-istvan-memorial-site-and-uncle-matulas-hut\/#breadcrumb","itemListElement":[{"@type":"ListItem","position":1,"name":"Services","item":"https:\/\/www.belenushotel.hu\/en\/services\/"},{"@type":"ListItem","position":2,"name":"Programmes","item":"https:\/\/www.belenushotel.hu\/en\/services\/programmes\/"},{"@type":"ListItem","position":3,"name":"Fekete Istv\u00e1n Memorial Site and Uncle Matula&#8217;s Hut"}]},{"@type":"WebSite","@id":"https:\/\/www.belenushotel.hu\/#website","url":"https:\/\/www.belenushotel.hu\/","name":"Belenus Thermalhotel *** Superior Zalakaros","description":"Egy \u201eisteni\u201d hely...","publisher":{"@id":"https:\/\/www.belenushotel.hu\/#organization"},"potentialAction":[{"@type":"SearchAction","target":{"@type":"EntryPoint","urlTemplate":"https:\/\/www.belenushotel.hu\/?s={search_term_string}"},"query-input":{"@type":"PropertyValueSpecification","valueRequired":true,"valueName":"search_term_string"}}],"inLanguage":"en-US"},{"@type":"Organization","@id":"https:\/\/www.belenushotel.hu\/#organization","name":"Belenus Thermalhotel *** Superior Zalakaros","url":"https:\/\/www.belenushotel.hu\/","logo":{"@type":"ImageObject","inLanguage":"en-US","@id":"https:\/\/www.belenushotel.hu\/#\/schema\/logo\/image\/","url":"https:\/\/www.belenushotel.hu\/files\/2024\/06\/belenus_logo_696.webp","contentUrl":"https:\/\/www.belenushotel.hu\/files\/2024\/06\/belenus_logo_696.webp","width":696,"height":696,"caption":"Belenus Thermalhotel *** Superior Zalakaros"},"image":{"@id":"https:\/\/www.belenushotel.hu\/#\/schema\/logo\/image\/"},"sameAs":["https:\/\/www.facebook.com\/belenushotel"]}]}},"_links":{"self":[{"href":"https:\/\/www.belenushotel.hu\/en\/wp-json\/wp\/v2\/pages\/1351","targetHints":{"allow":["GET"]}}],"collection":[{"href":"https:\/\/www.belenushotel.hu\/en\/wp-json\/wp\/v2\/pages"}],"about":[{"href":"https:\/\/www.belenushotel.hu\/en\/wp-json\/wp\/v2\/types\/page"}],"author":[{"embeddable":true,"href":"https:\/\/www.belenushotel.hu\/en\/wp-json\/wp\/v2\/users\/1"}],"replies":[{"embeddable":true,"href":"https:\/\/www.belenushotel.hu\/en\/wp-json\/wp\/v2\/comments?post=1351"}],"version-history":[{"count":0,"href":"https:\/\/www.belenushotel.hu\/en\/wp-json\/wp\/v2\/pages\/1351\/revisions"}],"up":[{"embeddable":true,"href":"https:\/\/www.belenushotel.hu\/en\/wp-json\/wp\/v2\/pages\/1580"}],"wp:attachment":[{"href":"https:\/\/www.belenushotel.hu\/en\/wp-json\/wp\/v2\/media?parent=1351"}],"curies":[{"name":"wp","href":"https:\/\/api.w.org\/{rel}","templated":true}]}}