{"id":1333,"date":"2024-05-28T13:11:06","date_gmt":"2024-05-28T13:11:06","guid":{"rendered":"https:\/\/www.belenushotel.hu\/?page_id=1333"},"modified":"2024-06-07T15:01:06","modified_gmt":"2024-06-07T15:01:06","slug":"zalakaros-thermal-lake-and-ecoside","status":"publish","type":"page","link":"https:\/\/www.belenushotel.hu\/en\/services\/programmes\/zalakaros-thermal-lake-and-ecoside\/","title":{"rendered":"Zalakaros Thermal Lake and Ecoside"},"content":{"rendered":"<h2>&#8220;Draw strength from the wonders of nature!&#8221;<\/h2>\n<p>Zalakaros&#8217;s greatest treasure is its unique thermal water with its mineral composition, which has so far been intended solely for bathing, the comfort, healing, and relaxation of bath guests, but now it also nourishes an artificially created lake: this is the thermal lake. The Zalakaros Thermal Lake and Eco Park was created for the purpose of utilizing the runoff water from the Zalakaros Bath, which serves not only as a park offering wonderful views but also as a visitor center, recreational, and conditioning park.<\/p>\n<p>One of the main attractions of Zalakaros offers great entertainment opportunities for all ages, enriching the city&#8217;s tourism offerings and the palette of nearby active leisure programs.<\/p>\n<h2>The elements of the Thermal Lake and Eco Park include:<\/h2>\n<ul>\n<li>Reception building<\/li>\n<li>Slide<\/li>\n<li>Pavilion of Sounds<\/li>\n<li>Water treadle<\/li>\n<li>Meditation area of lights<\/li>\n<li>Nature trail<\/li>\n<li>Playground<\/li>\n<li>Labyrinth<\/li>\n<li>Active resting area for seniors<\/li>\n<\/ul>\n<p>The first stop of the thermal lake is the unique reception building, which is accompanied by a 15-meter-high lookout tower offering beautiful views of the lake, the surrounding forest, and the entire complex. The most outstanding element of the area is the 21-meter-high slide tower, which with its nearly 75 meters in length is unique in Hungary. Next to the reception building is the pavilion of sounds, where visitors can learn about sounds in a playful way and observe changes in their wavelengths. Those feeling brave enough can even learn the science of water walking on the water treadle built on the thermal lake.<\/p>\n<p>A romantic bridge connects the two shores of the lake, and from the island in the middle, we can enjoy a wonderful panorama. In the meditation pavilion of lights, we can witness a special light show, while on the southern edge of the lake, we can walk along a nature trail through the surrounding forest, learning more about local protected plants with the help of information boards. In addition to the playground, labyrinth, a outdoor fitness park also ensures carefree leisure time on the lakeshore.<\/p>\n<p>Further information can be found on the <a href=\"https:\/\/zalakaros.hu\/en\/thermal-lake-and-ecoside\" target=\"_blank\" rel=\"noopener\">website of the Zalakaros Thermal Lake and Eco Park<\/a>.<\/p>\n","protected":false},"excerpt":{"rendered":"<p>&#8220;Draw strength from the wonders of nature!&#8221; Zalakaros&#8217;s greatest treasure is its unique thermal water with its mineral composition, which has so far been intended solely for bathing, the comfort, healing, and relaxation of bath guests, but now it also nourishes an artificially created lake: this is the thermal lake. The Zalakaros Thermal Lake and [&hellip;]<\/p>\n","protected":false},"author":1,"featured_media":0,"parent":1580,"menu_order":168,"comment_status":"closed","ping_status":"closed","template":"","meta":{"footnotes":""},"class_list":["post-1333","page","type-page","status-publish","hentry"],"yoast_head":"<!-- This site is optimized with the Yoast SEO plugin v27.0 - https:\/\/yoast.com\/product\/yoast-seo-wordpress\/ -->\n<title>Zalakaros Thermal Lake and Ecoside | Belenus Thermalhotel *** Zalakaros<\/title>\n<meta name=\"description\" content=\"Legjobb \u00e1rak a saj\u00e1t honlapon - Igaz\u00e1n isteni hely a felt\u00f6lt\u0151 wellness pihen\u00e9sre. Csod\u00e1s parkkal \u00e9s term\u00e1lvizes medenc\u00e9vel\" \/>\n<meta name=\"robots\" content=\"index, follow, max-snippet:-1, max-image-preview:large, max-video-preview:-1\" \/>\n<link rel=\"canonical\" href=\"https:\/\/www.belenushotel.hu\/en\/services\/programmes\/zalakaros-thermal-lake-and-ecoside\/\" \/>\n<meta property=\"og:locale\" content=\"en_US\" \/>\n<meta property=\"og:type\" content=\"article\" \/>\n<meta property=\"og:title\" content=\"Zalakaros Thermal Lake and Ecoside | Belenus Thermalhotel *** Zalakaros\" \/>\n<meta property=\"og:description\" content=\"Legjobb \u00e1rak a saj\u00e1t honlapon - Igaz\u00e1n isteni hely a felt\u00f6lt\u0151 wellness pihen\u00e9sre. Csod\u00e1s parkkal \u00e9s term\u00e1lvizes medenc\u00e9vel\" \/>\n<meta property=\"og:url\" content=\"https:\/\/www.belenushotel.hu\/en\/services\/programmes\/zalakaros-thermal-lake-and-ecoside\/\" \/>\n<meta property=\"og:site_name\" content=\"Belenus Thermalhotel *** Zalakaros\" \/>\n<meta property=\"article:publisher\" content=\"https:\/\/www.facebook.com\/belenushotel\" \/>\n<meta property=\"article:modified_time\" content=\"2024-06-07T15:01:06+00:00\" \/>\n<meta property=\"og:image\" content=\"https:\/\/www.belenushotel.hu\/files\/2024\/06\/KEP_9076.webp\" \/>\n\t<meta property=\"og:image:width\" content=\"1500\" \/>\n\t<meta property=\"og:image:height\" content=\"1000\" \/>\n\t<meta property=\"og:image:type\" content=\"image\/webp\" \/>\n<meta name=\"twitter:card\" content=\"summary_large_image\" \/>\n<meta name=\"twitter:label1\" content=\"Est. reading time\" \/>\n\t<meta name=\"twitter:data1\" content=\"2 minutes\" \/>\n<script type=\"application\/ld+json\" class=\"yoast-schema-graph\">{\"@context\":\"https:\/\/schema.org\",\"@graph\":[{\"@type\":\"WebPage\",\"@id\":\"https:\/\/www.belenushotel.hu\/en\/services\/programmes\/zalakaros-thermal-lake-and-ecoside\/\",\"url\":\"https:\/\/www.belenushotel.hu\/en\/services\/programmes\/zalakaros-thermal-lake-and-ecoside\/\",\"name\":\"Zalakaros Thermal Lake and Ecoside | Belenus Thermalhotel *** Zalakaros\",\"isPartOf\":{\"@id\":\"https:\/\/www.belenushotel.hu\/#website\"},\"datePublished\":\"2024-05-28T13:11:06+00:00\",\"dateModified\":\"2024-06-07T15:01:06+00:00\",\"description\":\"Legjobb \u00e1rak a saj\u00e1t honlapon - Igaz\u00e1n isteni hely a felt\u00f6lt\u0151 wellness pihen\u00e9sre. Csod\u00e1s parkkal \u00e9s term\u00e1lvizes medenc\u00e9vel\",\"breadcrumb\":{\"@id\":\"https:\/\/www.belenushotel.hu\/en\/services\/programmes\/zalakaros-thermal-lake-and-ecoside\/#breadcrumb\"},\"inLanguage\":\"en-US\",\"potentialAction\":[{\"@type\":\"ReadAction\",\"target\":[\"https:\/\/www.belenushotel.hu\/en\/services\/programmes\/zalakaros-thermal-lake-and-ecoside\/\"]}]},{\"@type\":\"BreadcrumbList\",\"@id\":\"https:\/\/www.belenushotel.hu\/en\/services\/programmes\/zalakaros-thermal-lake-and-ecoside\/#breadcrumb\",\"itemListElement\":[{\"@type\":\"ListItem\",\"position\":1,\"name\":\"Services\",\"item\":\"https:\/\/www.belenushotel.hu\/en\/services\/\"},{\"@type\":\"ListItem\",\"position\":2,\"name\":\"Programmes\",\"item\":\"https:\/\/www.belenushotel.hu\/en\/services\/programmes\/\"},{\"@type\":\"ListItem\",\"position\":3,\"name\":\"Zalakaros Thermal Lake and Ecoside\"}]},{\"@type\":\"WebSite\",\"@id\":\"https:\/\/www.belenushotel.hu\/#website\",\"url\":\"https:\/\/www.belenushotel.hu\/\",\"name\":\"Belenus Thermalhotel *** Superior Zalakaros\",\"description\":\"Egy \u201eisteni\u201d hely...\",\"publisher\":{\"@id\":\"https:\/\/www.belenushotel.hu\/#organization\"},\"potentialAction\":[{\"@type\":\"SearchAction\",\"target\":{\"@type\":\"EntryPoint\",\"urlTemplate\":\"https:\/\/www.belenushotel.hu\/?s={search_term_string}\"},\"query-input\":{\"@type\":\"PropertyValueSpecification\",\"valueRequired\":true,\"valueName\":\"search_term_string\"}}],\"inLanguage\":\"en-US\"},{\"@type\":\"Organization\",\"@id\":\"https:\/\/www.belenushotel.hu\/#organization\",\"name\":\"Belenus Thermalhotel *** Superior Zalakaros\",\"url\":\"https:\/\/www.belenushotel.hu\/\",\"logo\":{\"@type\":\"ImageObject\",\"inLanguage\":\"en-US\",\"@id\":\"https:\/\/www.belenushotel.hu\/#\/schema\/logo\/image\/\",\"url\":\"https:\/\/www.belenushotel.hu\/files\/2024\/06\/belenus_logo_696.webp\",\"contentUrl\":\"https:\/\/www.belenushotel.hu\/files\/2024\/06\/belenus_logo_696.webp\",\"width\":696,\"height\":696,\"caption\":\"Belenus Thermalhotel *** Superior Zalakaros\"},\"image\":{\"@id\":\"https:\/\/www.belenushotel.hu\/#\/schema\/logo\/image\/\"},\"sameAs\":[\"https:\/\/www.facebook.com\/belenushotel\"]}]}<\/script>\n<!-- \/ Yoast SEO plugin. -->","yoast_head_json":{"title":"Zalakaros Thermal Lake and Ecoside | Belenus Thermalhotel *** Zalakaros","description":"Legjobb \u00e1rak a saj\u00e1t honlapon - Igaz\u00e1n isteni hely a felt\u00f6lt\u0151 wellness pihen\u00e9sre. Csod\u00e1s parkkal \u00e9s term\u00e1lvizes medenc\u00e9vel","robots":{"index":"index","follow":"follow","max-snippet":"max-snippet:-1","max-image-preview":"max-image-preview:large","max-video-preview":"max-video-preview:-1"},"canonical":"https:\/\/www.belenushotel.hu\/en\/services\/programmes\/zalakaros-thermal-lake-and-ecoside\/","og_locale":"en_US","og_type":"article","og_title":"Zalakaros Thermal Lake and Ecoside | Belenus Thermalhotel *** Zalakaros","og_description":"Legjobb \u00e1rak a saj\u00e1t honlapon - Igaz\u00e1n isteni hely a felt\u00f6lt\u0151 wellness pihen\u00e9sre. Csod\u00e1s parkkal \u00e9s term\u00e1lvizes medenc\u00e9vel","og_url":"https:\/\/www.belenushotel.hu\/en\/services\/programmes\/zalakaros-thermal-lake-and-ecoside\/","og_site_name":"Belenus Thermalhotel *** Zalakaros","article_publisher":"https:\/\/www.facebook.com\/belenushotel","article_modified_time":"2024-06-07T15:01:06+00:00","og_image":[{"width":1500,"height":1000,"url":"https:\/\/www.belenushotel.hu\/files\/2024\/06\/KEP_9076.webp","type":"image\/webp"}],"twitter_card":"summary_large_image","twitter_misc":{"Est. reading time":"2 minutes"},"schema":{"@context":"https:\/\/schema.org","@graph":[{"@type":"WebPage","@id":"https:\/\/www.belenushotel.hu\/en\/services\/programmes\/zalakaros-thermal-lake-and-ecoside\/","url":"https:\/\/www.belenushotel.hu\/en\/services\/programmes\/zalakaros-thermal-lake-and-ecoside\/","name":"Zalakaros Thermal Lake and Ecoside | Belenus Thermalhotel *** Zalakaros","isPartOf":{"@id":"https:\/\/www.belenushotel.hu\/#website"},"datePublished":"2024-05-28T13:11:06+00:00","dateModified":"2024-06-07T15:01:06+00:00","description":"Legjobb \u00e1rak a saj\u00e1t honlapon - Igaz\u00e1n isteni hely a felt\u00f6lt\u0151 wellness pihen\u00e9sre. Csod\u00e1s parkkal \u00e9s term\u00e1lvizes medenc\u00e9vel","breadcrumb":{"@id":"https:\/\/www.belenushotel.hu\/en\/services\/programmes\/zalakaros-thermal-lake-and-ecoside\/#breadcrumb"},"inLanguage":"en-US","potentialAction":[{"@type":"ReadAction","target":["https:\/\/www.belenushotel.hu\/en\/services\/programmes\/zalakaros-thermal-lake-and-ecoside\/"]}]},{"@type":"BreadcrumbList","@id":"https:\/\/www.belenushotel.hu\/en\/services\/programmes\/zalakaros-thermal-lake-and-ecoside\/#breadcrumb","itemListElement":[{"@type":"ListItem","position":1,"name":"Services","item":"https:\/\/www.belenushotel.hu\/en\/services\/"},{"@type":"ListItem","position":2,"name":"Programmes","item":"https:\/\/www.belenushotel.hu\/en\/services\/programmes\/"},{"@type":"ListItem","position":3,"name":"Zalakaros Thermal Lake and Ecoside"}]},{"@type":"WebSite","@id":"https:\/\/www.belenushotel.hu\/#website","url":"https:\/\/www.belenushotel.hu\/","name":"Belenus Thermalhotel *** Superior Zalakaros","description":"Egy \u201eisteni\u201d hely...","publisher":{"@id":"https:\/\/www.belenushotel.hu\/#organization"},"potentialAction":[{"@type":"SearchAction","target":{"@type":"EntryPoint","urlTemplate":"https:\/\/www.belenushotel.hu\/?s={search_term_string}"},"query-input":{"@type":"PropertyValueSpecification","valueRequired":true,"valueName":"search_term_string"}}],"inLanguage":"en-US"},{"@type":"Organization","@id":"https:\/\/www.belenushotel.hu\/#organization","name":"Belenus Thermalhotel *** Superior Zalakaros","url":"https:\/\/www.belenushotel.hu\/","logo":{"@type":"ImageObject","inLanguage":"en-US","@id":"https:\/\/www.belenushotel.hu\/#\/schema\/logo\/image\/","url":"https:\/\/www.belenushotel.hu\/files\/2024\/06\/belenus_logo_696.webp","contentUrl":"https:\/\/www.belenushotel.hu\/files\/2024\/06\/belenus_logo_696.webp","width":696,"height":696,"caption":"Belenus Thermalhotel *** Superior Zalakaros"},"image":{"@id":"https:\/\/www.belenushotel.hu\/#\/schema\/logo\/image\/"},"sameAs":["https:\/\/www.facebook.com\/belenushotel"]}]}},"_links":{"self":[{"href":"https:\/\/www.belenushotel.hu\/en\/wp-json\/wp\/v2\/pages\/1333","targetHints":{"allow":["GET"]}}],"collection":[{"href":"https:\/\/www.belenushotel.hu\/en\/wp-json\/wp\/v2\/pages"}],"about":[{"href":"https:\/\/www.belenushotel.hu\/en\/wp-json\/wp\/v2\/types\/page"}],"author":[{"embeddable":true,"href":"https:\/\/www.belenushotel.hu\/en\/wp-json\/wp\/v2\/users\/1"}],"replies":[{"embeddable":true,"href":"https:\/\/www.belenushotel.hu\/en\/wp-json\/wp\/v2\/comments?post=1333"}],"version-history":[{"count":0,"href":"https:\/\/www.belenushotel.hu\/en\/wp-json\/wp\/v2\/pages\/1333\/revisions"}],"up":[{"embeddable":true,"href":"https:\/\/www.belenushotel.hu\/en\/wp-json\/wp\/v2\/pages\/1580"}],"wp:attachment":[{"href":"https:\/\/www.belenushotel.hu\/en\/wp-json\/wp\/v2\/media?parent=1333"}],"curies":[{"name":"wp","href":"https:\/\/api.w.org\/{rel}","templated":true}]}}