{"id":1295,"date":"2024-05-21T14:11:31","date_gmt":"2024-05-21T12:11:31","guid":{"rendered":"https:\/\/www.belenushotel.hu\/?page_id=1295"},"modified":"2025-12-19T09:40:44","modified_gmt":"2025-12-19T07:40:44","slug":"zalakaros","status":"publish","type":"page","link":"https:\/\/www.belenushotel.hu\/en\/hotel\/zalakaros\/","title":{"rendered":"Zalakaros"},"content":{"rendered":"<div class=\"row section justify-content-end\"><div class=\"col-md-1 d-none d-md-block icon\"><img decoding=\"async\" src=\"https:\/\/www.belenushotel.hu\/wp-content\/themes\/belenus\/images\/gallery.svg\"><h4>5<\/h4> <span>pictures<\/span><\/div><div class=\"col-md-11 align-self-end description\"><div class=\"gallery-imgs gal-12881291 row\">\n\t\t\t<div class=\"gallery-item col-sm-10 pref-img\">\n\t\t\t\t\t\t<a href=\"https:\/\/www.belenushotel.hu\/files\/2024\/06\/korzo_1.webp\">\n\t\t\t\t\t\t\t<img decoding=\"async\" src=\"https:\/\/www.belenushotel.hu\/files\/2024\/06\/korzo_1.webp\" alt=\"\" class=\"img-fluid\">\n\t\t\t\t\t\t\t\n\t\t\t\t\t\t\t<span class=\"g-text\">To access the rest of the gallery, click on the image!<\/span>\n\t\t\t\t\t\t<\/a>\n\t\t\t\t\t  \n    \t\t<\/div><a href=\"https:\/\/www.belenushotel.hu\/files\/2024\/06\/korzo_2.webp\" class=\"d-none\">.<\/a><a href=\"https:\/\/www.belenushotel.hu\/files\/2024\/05\/zalakaros_02.webp\" class=\"d-none\">.<\/a><a href=\"https:\/\/www.belenushotel.hu\/files\/2024\/05\/zalakaros_01.webp\" class=\"d-none\">.<\/a><a href=\"https:\/\/www.belenushotel.hu\/files\/2024\/05\/zalakaros_03.webp\" class=\"d-none\">.<\/a><\/div><\/div><\/div>\n<div class=\"row section justify-content-end\">\n\t\n\t<div class=\"col-md-11 align-self-end description\">\n\t\t<h3>The spa<\/h3>\n\t\t<\/p>\n<p>For generations, the favorite bath of families. Countless experiences await children, teenagers, parents, and grandparents alike! Exciting water adventures, thrilling slides, refreshing-soothing-healing treatments, and the revitalizing power of medicinal waters &#8211; all in one place for active recreation and tranquility.<\/p>\n<p>In our hotel, tickets for the <strong>Zalakaros Spa<\/strong> can be purchased. The daily ticket entitles you to additional entry and exit opportunities during the day, besides the one-time entry option. Further information is available at our hotel reception<\/p>\n<p>.<\/p>\n<p>&nbsp;<\/p>\n<table class=\"table-responsive\" class=\"table-responsive\">\n<tbody>\n<tr>\n<th>Ticket Types<\/th>\n<th>Off-Peak Periods<\/th>\n<th>High Season Periods<\/th>\n<\/tr>\n<tr>\n<th><\/th>\n<th><\/th>\n<th><em>Friday, Saturday, Sunday, Long Weekends, School Holidays<\/em><\/th>\n<\/tr>\n<tr>\n<td>Adult<\/td>\n<td>6 700 HUF<\/td>\n<td>7 400 HUF<\/td>\n<\/tr>\n<tr>\n<td>Student<\/td>\n<td>5 700 HUF<\/td>\n<td>6 300 HUF<\/td>\n<\/tr>\n<tr>\n<td>Senior Citizen<sup>*<\/sup><\/td>\n<td>5 700 HUF<\/td>\n<td>&#8211;<\/td>\n<\/tr>\n<tr>\n<td>Child<\/td>\n<td>3 900 HUF<\/td>\n<td>4 400 HUF<\/td>\n<\/tr>\n<\/tbody>\n<\/table>\n<p>* Senior Citizen Ticket: For holders of ONYF identification card<br \/>\n<strong>Validity: 2025.12.19 &#8211; until further notice<\/strong><\/p>\n<p>\n\t<\/div>\n<\/div>\n<div class=\"row section justify-content-end\"><div class=\"col-md-1 d-none d-md-block icon\"><img decoding=\"async\" src=\"https:\/\/www.belenushotel.hu\/wp-content\/themes\/belenus\/images\/gallery.svg\"><h4>6<\/h4> <span>pictures<\/span><\/div><div class=\"col-md-11 align-self-end description\"><div class=\"gallery-imgs gal-447450 row\">\n\t\t\t<div class=\"gallery-item col-sm-10 pref-img\">\n\t\t\t\t\t\t<a href=\"https:\/\/www.belenushotel.hu\/files\/2024\/05\/furdo_01.webp\">\n\t\t\t\t\t\t\t<img decoding=\"async\" src=\"https:\/\/www.belenushotel.hu\/files\/2024\/05\/furdo_01.webp\" alt=\"\" class=\"img-fluid\">\n\t\t\t\t\t\t\t\n\t\t\t\t\t\t\t<span class=\"g-text\">To access the rest of the gallery, click on the image!<\/span>\n\t\t\t\t\t\t<\/a>\n\t\t\t\t\t  \n    \t\t<\/div><a href=\"https:\/\/www.belenushotel.hu\/files\/2024\/05\/furdo_02.webp\" class=\"d-none\">.<\/a><a href=\"https:\/\/www.belenushotel.hu\/files\/2024\/05\/furdo_03.webp\" class=\"d-none\">.<\/a><a href=\"https:\/\/www.belenushotel.hu\/files\/2024\/05\/furdo_04.webp\" class=\"d-none\">.<\/a><a href=\"https:\/\/www.belenushotel.hu\/files\/2024\/05\/furdo_05.webp\" class=\"d-none\">.<\/a><a href=\"https:\/\/www.belenushotel.hu\/files\/2024\/05\/furdo_06.webp\" class=\"d-none\">.<\/a><\/div><\/div><\/div>\n<div class=\"row section justify-content-end\">\n\t\n\t<div class=\"col-md-11 align-self-end description\">\n\t\t<h3>Leisure Time<\/h3>\n\t\t<\/p>\n<p>The city is endowed with all the natural and infrastructural features necessary to fully cater to the relaxation of its guests. The nearby enchanting Kis-Balaton Nature Reserve, the buffalo reserve, and the beaches of Lake Balaton, located 20-25 km away, also await visitors to the area.<\/p>\n<p>In addition to these, the city hosts outdoor folkloric events, street music performances, and high-quality stage shows. The atmosphere of the beer, wine, and flower festivals held several times a year attracts thousands of people to our city. Cultural events such as street balls, operettas, and concerts also frequently enrich the evenings of visitors.<\/p>\n<p>\n\t<\/div>\n<\/div>\n<div class=\"row section justify-content-end\"><div class=\"col-md-1 d-none d-md-block icon\"><img decoding=\"async\" src=\"https:\/\/www.belenushotel.hu\/wp-content\/themes\/belenus\/images\/gallery.svg\"><h4>6<\/h4> <span>pictures<\/span><\/div><div class=\"col-md-11 align-self-end description\"><div class=\"gallery-imgs gal-463466 row\">\n\t\t\t<div class=\"gallery-item col-sm-10 pref-img\">\n\t\t\t\t\t\t<a href=\"https:\/\/www.belenushotel.hu\/files\/2024\/05\/szabadido_06.webp\">\n\t\t\t\t\t\t\t<img decoding=\"async\" src=\"https:\/\/www.belenushotel.hu\/files\/2024\/05\/szabadido_06.webp\" alt=\"\" class=\"img-fluid\">\n\t\t\t\t\t\t\t\n\t\t\t\t\t\t\t<span class=\"g-text\">To access the rest of the gallery, click on the image!<\/span>\n\t\t\t\t\t\t<\/a>\n\t\t\t\t\t  \n    \t\t<\/div><a href=\"https:\/\/www.belenushotel.hu\/files\/2024\/05\/szabadido_01.webp\" class=\"d-none\">.<\/a><a href=\"https:\/\/www.belenushotel.hu\/files\/2024\/05\/szabadido_05.webp\" class=\"d-none\">.<\/a><a href=\"https:\/\/www.belenushotel.hu\/files\/2024\/05\/szabadido_02.webp\" class=\"d-none\">.<\/a><a href=\"https:\/\/www.belenushotel.hu\/files\/2024\/05\/szabadido_03.webp\" class=\"d-none\">.<\/a><a href=\"https:\/\/www.belenushotel.hu\/files\/2024\/05\/szabadido_04.webp\" class=\"d-none\">.<\/a><\/div><\/div><\/div>\n","protected":false},"excerpt":{"rendered":"","protected":false},"author":1,"featured_media":0,"parent":1540,"menu_order":163,"comment_status":"closed","ping_status":"closed","template":"","meta":{"footnotes":""},"class_list":["post-1295","page","type-page","status-publish","hentry"],"yoast_head":"<!-- This site is optimized with the Yoast SEO plugin v27.5 - https:\/\/yoast.com\/product\/yoast-seo-wordpress\/ -->\n<title>Zalakaros | Belenus Thermalhotel *** Zalakaros<\/title>\n<meta name=\"description\" content=\"Legjobb \u00e1rak a saj\u00e1t honlapon - Igaz\u00e1n isteni hely a felt\u00f6lt\u0151 wellness pihen\u00e9sre. Csod\u00e1s parkkal \u00e9s term\u00e1lvizes medenc\u00e9vel\" \/>\n<meta name=\"robots\" content=\"index, follow, max-snippet:-1, max-image-preview:large, max-video-preview:-1\" \/>\n<link rel=\"canonical\" href=\"https:\/\/www.belenushotel.hu\/en\/hotel\/zalakaros\/\" \/>\n<meta property=\"og:locale\" content=\"en_US\" \/>\n<meta property=\"og:type\" content=\"article\" \/>\n<meta property=\"og:title\" content=\"Zalakaros | Belenus Thermalhotel *** Zalakaros\" \/>\n<meta property=\"og:description\" content=\"Legjobb \u00e1rak a saj\u00e1t honlapon - Igaz\u00e1n isteni hely a felt\u00f6lt\u0151 wellness pihen\u00e9sre. Csod\u00e1s parkkal \u00e9s term\u00e1lvizes medenc\u00e9vel\" \/>\n<meta property=\"og:url\" content=\"https:\/\/www.belenushotel.hu\/en\/hotel\/zalakaros\/\" \/>\n<meta property=\"og:site_name\" content=\"Belenus Thermalhotel *** Zalakaros\" \/>\n<meta property=\"article:publisher\" content=\"https:\/\/www.facebook.com\/belenushotel\" \/>\n<meta property=\"article:modified_time\" content=\"2025-12-19T07:40:44+00:00\" \/>\n<meta property=\"og:image\" content=\"https:\/\/www.belenushotel.hu\/wp-content\/themes\/belenus\/images\/gallery.svg\" \/>\n<meta name=\"twitter:card\" content=\"summary_large_image\" \/>\n<meta name=\"twitter:label1\" content=\"Est. reading time\" \/>\n\t<meta name=\"twitter:data1\" content=\"2 minutes\" \/>\n<script type=\"application\/ld+json\" class=\"yoast-schema-graph\">{\"@context\":\"https:\\\/\\\/schema.org\",\"@graph\":[{\"@type\":\"WebPage\",\"@id\":\"https:\\\/\\\/www.belenushotel.hu\\\/en\\\/hotel\\\/zalakaros\\\/\",\"url\":\"https:\\\/\\\/www.belenushotel.hu\\\/en\\\/hotel\\\/zalakaros\\\/\",\"name\":\"Zalakaros | Belenus Thermalhotel *** Zalakaros\",\"isPartOf\":{\"@id\":\"https:\\\/\\\/www.belenushotel.hu\\\/#website\"},\"datePublished\":\"2024-05-21T12:11:31+00:00\",\"dateModified\":\"2025-12-19T07:40:44+00:00\",\"description\":\"Legjobb \u00e1rak a saj\u00e1t honlapon - Igaz\u00e1n isteni hely a felt\u00f6lt\u0151 wellness pihen\u00e9sre. Csod\u00e1s parkkal \u00e9s term\u00e1lvizes medenc\u00e9vel\",\"breadcrumb\":{\"@id\":\"https:\\\/\\\/www.belenushotel.hu\\\/en\\\/hotel\\\/zalakaros\\\/#breadcrumb\"},\"inLanguage\":\"en-US\",\"potentialAction\":[{\"@type\":\"ReadAction\",\"target\":[\"https:\\\/\\\/www.belenushotel.hu\\\/en\\\/hotel\\\/zalakaros\\\/\"]}]},{\"@type\":\"BreadcrumbList\",\"@id\":\"https:\\\/\\\/www.belenushotel.hu\\\/en\\\/hotel\\\/zalakaros\\\/#breadcrumb\",\"itemListElement\":[{\"@type\":\"ListItem\",\"position\":1,\"name\":\"Hotel\",\"item\":\"https:\\\/\\\/www.belenushotel.hu\\\/en\\\/hotel\\\/\"},{\"@type\":\"ListItem\",\"position\":2,\"name\":\"Zalakaros\"}]},{\"@type\":\"WebSite\",\"@id\":\"https:\\\/\\\/www.belenushotel.hu\\\/#website\",\"url\":\"https:\\\/\\\/www.belenushotel.hu\\\/\",\"name\":\"Belenus Thermalhotel *** Superior Zalakaros\",\"description\":\"Egy \u201eisteni\u201d hely...\",\"publisher\":{\"@id\":\"https:\\\/\\\/www.belenushotel.hu\\\/#organization\"},\"potentialAction\":[{\"@type\":\"SearchAction\",\"target\":{\"@type\":\"EntryPoint\",\"urlTemplate\":\"https:\\\/\\\/www.belenushotel.hu\\\/?s={search_term_string}\"},\"query-input\":{\"@type\":\"PropertyValueSpecification\",\"valueRequired\":true,\"valueName\":\"search_term_string\"}}],\"inLanguage\":\"en-US\"},{\"@type\":\"Organization\",\"@id\":\"https:\\\/\\\/www.belenushotel.hu\\\/#organization\",\"name\":\"Belenus Thermalhotel *** Superior Zalakaros\",\"url\":\"https:\\\/\\\/www.belenushotel.hu\\\/\",\"logo\":{\"@type\":\"ImageObject\",\"inLanguage\":\"en-US\",\"@id\":\"https:\\\/\\\/www.belenushotel.hu\\\/#\\\/schema\\\/logo\\\/image\\\/\",\"url\":\"https:\\\/\\\/www.belenushotel.hu\\\/files\\\/2024\\\/06\\\/belenus_logo_696.webp\",\"contentUrl\":\"https:\\\/\\\/www.belenushotel.hu\\\/files\\\/2024\\\/06\\\/belenus_logo_696.webp\",\"width\":696,\"height\":696,\"caption\":\"Belenus Thermalhotel *** Superior Zalakaros\"},\"image\":{\"@id\":\"https:\\\/\\\/www.belenushotel.hu\\\/#\\\/schema\\\/logo\\\/image\\\/\"},\"sameAs\":[\"https:\\\/\\\/www.facebook.com\\\/belenushotel\"]}]}<\/script>\n<!-- \/ Yoast SEO plugin. -->","yoast_head_json":{"title":"Zalakaros | Belenus Thermalhotel *** Zalakaros","description":"Legjobb \u00e1rak a saj\u00e1t honlapon - Igaz\u00e1n isteni hely a felt\u00f6lt\u0151 wellness pihen\u00e9sre. Csod\u00e1s parkkal \u00e9s term\u00e1lvizes medenc\u00e9vel","robots":{"index":"index","follow":"follow","max-snippet":"max-snippet:-1","max-image-preview":"max-image-preview:large","max-video-preview":"max-video-preview:-1"},"canonical":"https:\/\/www.belenushotel.hu\/en\/hotel\/zalakaros\/","og_locale":"en_US","og_type":"article","og_title":"Zalakaros | Belenus Thermalhotel *** Zalakaros","og_description":"Legjobb \u00e1rak a saj\u00e1t honlapon - Igaz\u00e1n isteni hely a felt\u00f6lt\u0151 wellness pihen\u00e9sre. Csod\u00e1s parkkal \u00e9s term\u00e1lvizes medenc\u00e9vel","og_url":"https:\/\/www.belenushotel.hu\/en\/hotel\/zalakaros\/","og_site_name":"Belenus Thermalhotel *** Zalakaros","article_publisher":"https:\/\/www.facebook.com\/belenushotel","article_modified_time":"2025-12-19T07:40:44+00:00","og_image":[{"url":"https:\/\/www.belenushotel.hu\/wp-content\/themes\/belenus\/images\/gallery.svg","type":"","width":"","height":""}],"twitter_card":"summary_large_image","twitter_misc":{"Est. reading time":"2 minutes"},"schema":{"@context":"https:\/\/schema.org","@graph":[{"@type":"WebPage","@id":"https:\/\/www.belenushotel.hu\/en\/hotel\/zalakaros\/","url":"https:\/\/www.belenushotel.hu\/en\/hotel\/zalakaros\/","name":"Zalakaros | Belenus Thermalhotel *** Zalakaros","isPartOf":{"@id":"https:\/\/www.belenushotel.hu\/#website"},"datePublished":"2024-05-21T12:11:31+00:00","dateModified":"2025-12-19T07:40:44+00:00","description":"Legjobb \u00e1rak a saj\u00e1t honlapon - Igaz\u00e1n isteni hely a felt\u00f6lt\u0151 wellness pihen\u00e9sre. Csod\u00e1s parkkal \u00e9s term\u00e1lvizes medenc\u00e9vel","breadcrumb":{"@id":"https:\/\/www.belenushotel.hu\/en\/hotel\/zalakaros\/#breadcrumb"},"inLanguage":"en-US","potentialAction":[{"@type":"ReadAction","target":["https:\/\/www.belenushotel.hu\/en\/hotel\/zalakaros\/"]}]},{"@type":"BreadcrumbList","@id":"https:\/\/www.belenushotel.hu\/en\/hotel\/zalakaros\/#breadcrumb","itemListElement":[{"@type":"ListItem","position":1,"name":"Hotel","item":"https:\/\/www.belenushotel.hu\/en\/hotel\/"},{"@type":"ListItem","position":2,"name":"Zalakaros"}]},{"@type":"WebSite","@id":"https:\/\/www.belenushotel.hu\/#website","url":"https:\/\/www.belenushotel.hu\/","name":"Belenus Thermalhotel *** Superior Zalakaros","description":"Egy \u201eisteni\u201d hely...","publisher":{"@id":"https:\/\/www.belenushotel.hu\/#organization"},"potentialAction":[{"@type":"SearchAction","target":{"@type":"EntryPoint","urlTemplate":"https:\/\/www.belenushotel.hu\/?s={search_term_string}"},"query-input":{"@type":"PropertyValueSpecification","valueRequired":true,"valueName":"search_term_string"}}],"inLanguage":"en-US"},{"@type":"Organization","@id":"https:\/\/www.belenushotel.hu\/#organization","name":"Belenus Thermalhotel *** Superior Zalakaros","url":"https:\/\/www.belenushotel.hu\/","logo":{"@type":"ImageObject","inLanguage":"en-US","@id":"https:\/\/www.belenushotel.hu\/#\/schema\/logo\/image\/","url":"https:\/\/www.belenushotel.hu\/files\/2024\/06\/belenus_logo_696.webp","contentUrl":"https:\/\/www.belenushotel.hu\/files\/2024\/06\/belenus_logo_696.webp","width":696,"height":696,"caption":"Belenus Thermalhotel *** Superior Zalakaros"},"image":{"@id":"https:\/\/www.belenushotel.hu\/#\/schema\/logo\/image\/"},"sameAs":["https:\/\/www.facebook.com\/belenushotel"]}]}},"_links":{"self":[{"href":"https:\/\/www.belenushotel.hu\/en\/wp-json\/wp\/v2\/pages\/1295","targetHints":{"allow":["GET"]}}],"collection":[{"href":"https:\/\/www.belenushotel.hu\/en\/wp-json\/wp\/v2\/pages"}],"about":[{"href":"https:\/\/www.belenushotel.hu\/en\/wp-json\/wp\/v2\/types\/page"}],"author":[{"embeddable":true,"href":"https:\/\/www.belenushotel.hu\/en\/wp-json\/wp\/v2\/users\/1"}],"replies":[{"embeddable":true,"href":"https:\/\/www.belenushotel.hu\/en\/wp-json\/wp\/v2\/comments?post=1295"}],"version-history":[{"count":0,"href":"https:\/\/www.belenushotel.hu\/en\/wp-json\/wp\/v2\/pages\/1295\/revisions"}],"up":[{"embeddable":true,"href":"https:\/\/www.belenushotel.hu\/en\/wp-json\/wp\/v2\/pages\/1540"}],"wp:attachment":[{"href":"https:\/\/www.belenushotel.hu\/en\/wp-json\/wp\/v2\/media?parent=1295"}],"curies":[{"name":"wp","href":"https:\/\/api.w.org\/{rel}","templated":true}]}}