{"id":1240,"date":"2024-05-21T14:11:21","date_gmt":"2024-05-21T12:11:21","guid":{"rendered":"https:\/\/www.belenushotel.hu\/?page_id=1240"},"modified":"2025-04-03T18:18:55","modified_gmt":"2025-04-03T16:18:55","slug":"gastronomy","status":"publish","type":"page","link":"https:\/\/www.belenushotel.hu\/en\/hotel\/gastronomy\/","title":{"rendered":"Gastronomy"},"content":{"rendered":"<div class=\"row section justify-content-end\">\n\t<div class=\"col-md-1 d-none d-md-block icon\"><img decoding=\"async\" src=\"https:\/\/www.belenushotel.hu\/wp-content\/themes\/belenus\/images\/gallery.svg\"><\/div>\n\t<div class=\"col-md-11 align-self-end description\">\n\t\t<h3><\/h3>\n\t\t<\/p>\n<div class=\"row\">\n<div class=\"col-sm-4 p-video\"><video controls=\"controls\" width=\"300\" height=\"150\"><source src=\"https:\/\/belenushotel.hu\/files\/konyha.mp4\" type=\"video\/mp4\" \/><\/video><\/div>\n<div class=\"col-sm-4 p-video\"><video controls=\"controls\" width=\"300\" height=\"150\"><source src=\"https:\/\/belenushotel.hu\/files\/pizza.mp4\" type=\"video\/mp4\" \/><\/video><\/div>\n<div class=\"col-sm-4 p-video\"><video controls=\"controls\" width=\"300\" height=\"150\"><source src=\"https:\/\/belenushotel.hu\/files\/cocktails.mp4\" type=\"video\/mp4\" \/><\/video><\/div>\n<\/div>\n<p>\n\t<\/div>\n<\/div>\n<div class=\"row section justify-content-end\"><div class=\"col-md-1 d-none d-md-block icon\"><img decoding=\"async\" src=\"https:\/\/www.belenushotel.hu\/wp-content\/themes\/belenus\/images\/gallery.svg\"><h4>19<\/h4> <span>pictures<\/span><\/div><div class=\"col-md-11 align-self-end description\"><div class=\"gallery-imgs gal-1086952 row\">\n\t\t\t<div class=\"gallery-item col-sm-10 pref-img\">\n\t\t\t\t\t\t<a href=\"https:\/\/www.belenushotel.hu\/files\/2024\/06\/DSC01187.webp\">\n\t\t\t\t\t\t\t<img decoding=\"async\" src=\"https:\/\/www.belenushotel.hu\/files\/2024\/06\/DSC01187.webp\" alt=\"\" class=\"img-fluid\">\n\t\t\t\t\t\t\t\n\t\t\t\t\t\t\t<span class=\"g-text\">To access the rest of the gallery, click on the image!<\/span>\n\t\t\t\t\t\t<\/a>\n\t\t\t\t\t  \n    \t\t<\/div><a href=\"https:\/\/www.belenushotel.hu\/files\/2024\/06\/KEP_9285.webp\" class=\"d-none\">.<\/a><a href=\"https:\/\/www.belenushotel.hu\/files\/2024\/06\/KEP_9305.webp\" class=\"d-none\">.<\/a><a href=\"https:\/\/www.belenushotel.hu\/files\/2024\/06\/Belenus_etterem2023-7.webp\" class=\"d-none\">.<\/a><a href=\"https:\/\/www.belenushotel.hu\/files\/2024\/06\/Belenus_etterem2023-4.webp\" class=\"d-none\">.<\/a><a href=\"https:\/\/www.belenushotel.hu\/files\/2024\/06\/Belenus_2019_terasz-3.webp\" class=\"d-none\">.<\/a><a href=\"https:\/\/www.belenushotel.hu\/files\/2024\/06\/KEP_9023.webp\" class=\"d-none\">.<\/a><a href=\"https:\/\/www.belenushotel.hu\/files\/2024\/06\/KEP_9288.webp\" class=\"d-none\">.<\/a><a href=\"https:\/\/www.belenushotel.hu\/files\/2024\/06\/KEP_9276.webp\" class=\"d-none\">.<\/a><a href=\"https:\/\/www.belenushotel.hu\/files\/2024\/06\/Belenus_etterem2023-8.webp\" class=\"d-none\">.<\/a><a href=\"https:\/\/www.belenushotel.hu\/files\/2024\/06\/Belenus_etterem2023-9.webp\" class=\"d-none\">.<\/a><a href=\"https:\/\/www.belenushotel.hu\/files\/2024\/06\/Belenus_etterem2023-10.webp\" class=\"d-none\">.<\/a><a href=\"https:\/\/www.belenushotel.hu\/files\/2024\/06\/KEP_9269.webp\" class=\"d-none\">.<\/a><a href=\"https:\/\/www.belenushotel.hu\/files\/2024\/06\/KEP_9275.webp\" class=\"d-none\">.<\/a><a href=\"https:\/\/www.belenushotel.hu\/files\/2024\/06\/KEP_9293.webp\" class=\"d-none\">.<\/a><a href=\"https:\/\/www.belenushotel.hu\/files\/2024\/06\/KEP_9314-1.webp\" class=\"d-none\">.<\/a><a href=\"https:\/\/www.belenushotel.hu\/files\/2024\/06\/DSC00165.webp\" class=\"d-none\">.<\/a><a href=\"https:\/\/www.belenushotel.hu\/files\/2024\/06\/Belenus_2019_terasz.webp\" class=\"d-none\">.<\/a><a href=\"https:\/\/www.belenushotel.hu\/files\/2024\/06\/DSC09848.webp\" class=\"d-none\">.<\/a><\/div><\/div><\/div>\n<div class=\"row section justify-content-end\">\n\t\n\t<div class=\"col-md-11 align-self-end description\">\n\t\t<h3><\/h3>\n\t\tDepending on the weather conditions, our restaurant&#8217;s open terrace offers a pleasant environment for enjoying a drink or dessert. It is furnished with comfortable seating and is available to our guests during opening hours.\n\t<\/div>\n<\/div>\n<div class=\"row section justify-content-end\">\n\t<div class=\"col-md-1 d-none d-md-block icon\"><img decoding=\"async\" src=\"https:\/\/www.belenushotel.hu\/wp-content\/themes\/belenus\/images\/description.svg\"><\/div>\n\t<div class=\"col-md-11 align-self-end description\">\n\t\t<h3><\/h3>\n\t\t<\/p>\n<ul>\n<li>Our guests can enjoy buffet breakfast and dinner in two shifts for their convenience (breakfast: 7:30-9:15, 9:15-11:00, dinner: 17:45-19:15, 19:15-20:45).<\/li>\n<li>In our air-conditioned restaurant premises, we welcome guests every day from 7:30 to 20:45 who wish to choose from the \u00e0 la carte menu in addition to the pension package.<\/li>\n<li>The hotel lobby bar is open from 7:00 to 22:00, on Fridays and Saturdays until 23:00, and is at your disposal.<\/li>\n<li>Our selection includes a wide range of vegetarian, vegan, and diabetic dishes. In the daily offer of our buffet table, besides the names of the dishes, we always indicate the allergenic components, facilitating your choice.<\/li>\n<li>For accommodation booked without meals, the room rate does not include meals, but meals can be ordered individually at the specified prices as per your preference.<\/li>\n<\/ul>\n<p>&nbsp;<\/p>\n<div class=\"row\">\n<div class=\"col-xl col-md-4 col-6 gastro-item portrait\">\n<p><div id=\"attachment_409\" style=\"width: 222px\" class=\"wp-caption alignnone\"><a href=\"https:\/\/www.belenushotel.hu\/files\/belenus_menu.pdf\" target=\"_blank\" rel=\"noopener\"><img loading=\"lazy\" decoding=\"async\" aria-describedby=\"caption-attachment-409\" class=\"wp-image-409 size-medium\" src=\"https:\/\/www.belenushotel.hu\/files\/2024\/05\/etlap-212x300.webp\" alt=\"\u00c9tlap\" width=\"212\" height=\"300\" srcset=\"https:\/\/www.belenushotel.hu\/files\/2024\/05\/etlap-212x300.webp 212w, https:\/\/www.belenushotel.hu\/files\/2024\/05\/etlap.webp 560w\" sizes=\"auto, (max-width: 212px) 100vw, 212px\" \/><\/a><p id=\"caption-attachment-409\" class=\"wp-caption-text\">Menu \/ Drinks<\/p><\/div><\/p>\n<\/div>\n<div class=\"col-xl col-md-4 col-6 gastro-item portrait\">\n<p><div id=\"attachment_390\" style=\"width: 222px\" class=\"wp-caption alignnone\"><a href=\"https:\/\/www.belenushotel.hu\/files\/2024\/05\/pizzak_full_hu.jpg\" rel=\"gallery-pizza\"><img loading=\"lazy\" decoding=\"async\" aria-describedby=\"caption-attachment-390\" class=\"wp-image-390 size-medium\" src=\"https:\/\/www.belenushotel.hu\/files\/2024\/05\/pizzak_full_hu-212x300.jpg\" alt=\"Pizz\u00e1k\" width=\"212\" height=\"300\" srcset=\"https:\/\/www.belenushotel.hu\/files\/2024\/05\/pizzak_full_hu-212x300.jpg 212w, https:\/\/www.belenushotel.hu\/files\/2024\/05\/pizzak_full_hu-724x1024.jpg 724w, https:\/\/www.belenushotel.hu\/files\/2024\/05\/pizzak_full_hu.jpg 1000w\" sizes=\"auto, (max-width: 212px) 100vw, 212px\" \/><\/a><p id=\"caption-attachment-390\" class=\"wp-caption-text\">Pizzas<\/p><\/div><\/p>\n<\/div>\n<div class=\"col-xl col-md-4 col-6 gastro-item portrait\">\n<p><div id=\"attachment_402\" style=\"width: 222px\" class=\"wp-caption alignnone\"><a href=\"https:\/\/www.belenushotel.hu\/files\/all_inclusive_itallap.pdf\" target=\"_blank\" rel=\"noopener\"><img loading=\"lazy\" decoding=\"async\" aria-describedby=\"caption-attachment-402\" class=\"wp-image-402 size-medium\" src=\"https:\/\/www.belenushotel.hu\/files\/2024\/05\/all_inclusive_itallap-212x300.webp\" alt=\"All inclusive itallap\" width=\"212\" height=\"300\" srcset=\"https:\/\/www.belenushotel.hu\/files\/2024\/05\/all_inclusive_itallap-212x300.webp 212w, https:\/\/www.belenushotel.hu\/files\/2024\/05\/all_inclusive_itallap.webp 560w\" sizes=\"auto, (max-width: 212px) 100vw, 212px\" \/><\/a><p id=\"caption-attachment-402\" class=\"wp-caption-text\">All-Inclusive Drink Menu<\/p><\/div><\/p>\n<\/div>\n<div class=\"col-xl col-md-4 col-6 gastro-item portrait\">\n<p><div id=\"attachment_1743\" style=\"width: 222px\" class=\"wp-caption alignnone\"><a href=\"https:\/\/www.belenushotel.hu\/files\/wine_list.pdf\" target=\"_blank\" rel=\"noopener\"><img loading=\"lazy\" decoding=\"async\" aria-describedby=\"caption-attachment-1743\" class=\"wp-image-1743 size-medium\" src=\"https:\/\/www.belenushotel.hu\/files\/2024\/10\/wine_selection.webp\" alt=\"All inclusive itallap\" width=\"212\" height=\"300\" \/><\/a><p id=\"caption-attachment-1743\" class=\"wp-caption-text\">Wine list<\/p><\/div><\/p>\n<\/div>\n<div class=\"col-xl col-md-4 col-6 gastro-item portrait\">\n<p><div id=\"attachment_1305\" style=\"width: 223px\" class=\"wp-caption alignnone\"><a href=\"https:\/\/www.belenushotel.hu\/files\/coctails.pdf\" target=\"_blank\" rel=\"noopener\"><img loading=\"lazy\" decoding=\"async\" aria-describedby=\"caption-attachment-1305\" class=\"wp-image-1305 size-medium\" src=\"https:\/\/www.belenushotel.hu\/files\/2024\/06\/coctails-213x300.webp\" alt=\"Kokt\u00e9lok\" width=\"213\" height=\"300\" srcset=\"https:\/\/www.belenushotel.hu\/files\/2024\/06\/coctails-213x300.webp 213w, https:\/\/www.belenushotel.hu\/files\/2024\/06\/coctails.webp 562w\" sizes=\"auto, (max-width: 213px) 100vw, 213px\" \/><\/a><p id=\"caption-attachment-1305\" class=\"wp-caption-text\">Cocktails<\/p><\/div><\/p>\n<\/div>\n<div class=\"col-xl col-md-4 col-6 gastro-item portrait\">\n<p><div id=\"attachment_1302\" style=\"width: 223px\" class=\"wp-caption alignnone\"><a href=\"https:\/\/www.belenushotel.hu\/files\/ice_cream.pdf\" target=\"_blank\" rel=\"noopener\"><img loading=\"lazy\" decoding=\"async\" aria-describedby=\"caption-attachment-1302\" class=\"wp-image-1302 size-medium\" src=\"https:\/\/www.belenushotel.hu\/files\/2024\/06\/fagylalt-213x300.webp\" alt=\"Fagylaltok\" width=\"213\" height=\"300\" srcset=\"https:\/\/www.belenushotel.hu\/files\/2024\/06\/fagylalt-213x300.webp 213w, https:\/\/www.belenushotel.hu\/files\/2024\/06\/fagylalt.webp 562w\" sizes=\"auto, (max-width: 213px) 100vw, 213px\" \/><\/a><p id=\"caption-attachment-1302\" class=\"wp-caption-text\">Ice Creams<\/p><\/div><\/p>\n<\/div>\n<\/div>\n<p>\n\t<\/div>\n<\/div>\n<div class=\"row section justify-content-end\">\n\t<div class=\"col-md-1 d-none d-md-block icon\"><img decoding=\"async\" src=\"https:\/\/www.belenushotel.hu\/wp-content\/themes\/belenus\/images\/child.svg\"><\/div>\n\t<div class=\"col-md-11 align-self-end description\">\n\t\t<h3>Child Discount<\/h3>\n\t\t<\/p>\n<p>In the case of individual ordering of meals included in the half board, a 50% discount is provided for children aged 0-1.99 years old from the meal price. For children aged 2 and above, the full price listed in the price list will be charged. The discount can be requested for a maximum of 2 children per room, who are staying in the same room as the adults, and the same number of adults.<\/p>\n<p>\n\t<\/div>\n<\/div>\n<div class=\"row section justify-content-end\">\n\t<div class=\"col-md-1 d-none d-md-block icon\"><img decoding=\"async\" src=\"https:\/\/www.belenushotel.hu\/wp-content\/themes\/belenus\/images\/meal.svg\"><\/div>\n\t<div class=\"col-md-11 align-self-end description\">\n\t\t<h3>Buffet breakfast (between 7:30 - 11:00)<\/h3>\n\t\t<\/p>\n<ul>\n<li>Hot beverages, fruit juices, lemonades<\/li>\n<li>3 types of milk<\/li>\n<li>Flavored and plain yogurts<\/li>\n<li>Cheeses<\/li>\n<li>Cold cuts<\/li>\n<li>Dips<\/li>\n<li>Cold fish<\/li>\n<li>Fresh seasonal vegetables<\/li>\n<li>Dried and fresh fruits<\/li>\n<li>Cereals and nuts<\/li>\n<li>Local honey<\/li>\n<li>Cold and hot desserts<\/li>\n<li>Pastries<\/li>\n<li>Locally baked bread and pastries<\/li>\n<li>Soup<\/li>\n<li>Scrambled eggs<\/li>\n<li>A wide range of egg dishes can be ordered individually (included in the buffet breakfast)<\/li>\n<li>Hot dishes<\/li>\n<\/ul>\n<p><strong>6 000 HUF \/person\/occasion<\/strong><\/p>\n<p>\n\t<\/div>\n<\/div>\n<div class=\"row section justify-content-end\">\n\t<div class=\"col-md-1 d-none d-md-block icon\"><img decoding=\"async\" src=\"https:\/\/www.belenushotel.hu\/wp-content\/themes\/belenus\/images\/meal.svg\"><\/div>\n\t<div class=\"col-md-11 align-self-end description\">\n\t\t<h3>Lunch for full board (between 13:00 - 15:00)<\/h3>\n\t\t<\/p>\n<ul>\n<li>Salads<\/li>\n<li>Cold appetizer<\/li>\n<li>Hot appetizer<\/li>\n<li>1 kinds of\u00a0soup<\/li>\n<li>3 kinds of\u00a0main courses<\/li>\n<li>3 kinds of\u00a0desserts<\/li>\n<li>Fruit salad<\/li>\n<\/ul>\n<p><strong>6 000 HUF \/person\/occasion<\/strong><\/p>\n<p>\n\t<\/div>\n<\/div>\n<div class=\"row section justify-content-end\">\n\t<div class=\"col-md-1 d-none d-md-block icon\"><img decoding=\"async\" src=\"https:\/\/www.belenushotel.hu\/wp-content\/themes\/belenus\/images\/meal.svg\"><\/div>\n\t<div class=\"col-md-11 align-self-end description\">\n\t\t<h3>Half board dinner (between 17:45 - 20:45)<\/h3>\n\t\t<\/p>\n<ul>\n<li>Salads<\/li>\n<li>Cold mixed appetizers<\/li>\n<li>3 kinds of cold starters<\/li>\n<li>Hot appetizer<\/li>\n<li>2 kinds of soup<\/li>\n<li>6 kinds of main course<\/li>\n<li>7 kinds of dessert<\/li>\n<li>Ice cream<\/li>\n<li>Cheese plate<\/li>\n<li>Fruit bowl<\/li>\n<\/ul>\n<p><strong>8 400 HUF \/person\/occasion, buffet-style<\/strong><\/p>\n<p>\n\t<\/div>\n<\/div>\n<div class=\"row section justify-content-end\">\n\t\n\t<div class=\"col-md-11 align-self-end description\">\n\t\t<h3><\/h3>\n\t\t<\/p>\n<ul>\n<li>Room service: Available from 7:00 to 22:00 upon request at a charge of 500 HUF per occasion, (except for beverages ordered as part of the &#8220;All inclusive&#8221; package, for which room service is not available).<\/li>\n<li>Please be informed that an additional 12% service charge will be added to the prices of any buffet breakfast, lunch, or dinner ordered as an extra (beyond the package offer), as well as to the prices of any \u00e0 la carte meals and drinks ordered from the menu.<\/li>\n<li>Depending on the number of guests, live music may occasionally contribute to the pleasant atmosphere during dinner time (mostly on weekends).<\/li>\n<\/ul>\n<p>In case of lower guest numbers (below 20), lunch will be provided with an \u00e0 la carte selection.<\/p>\n<p>&nbsp;<\/p>\n<h3>Our hotel kitchen pays attention to the needs of guests with special dietary requirements and food allergies<\/h3>\n<p>If the buffet selection does not include options suitable for special or allergen-free diets, for an additional fee of 2,000 HUF, our chefs will prepare an appropriate dish for you from the buffet offerings after prior consultation.<\/p>\n<p><strong>We kindly ask our guests not to bring and consume food and beverages purchased elsewhere on the hotel premises.<\/strong><\/p>\n<p>\n\t<\/div>\n<\/div>\n<div class=\"row section justify-content-end\">\n\t<div class=\"col-md-1 d-none d-md-block icon\"><img decoding=\"async\" src=\"https:\/\/www.belenushotel.hu\/wp-content\/themes\/belenus\/images\/exclamation_mark.svg\"><\/div>\n\t<div class=\"col-md-11 align-self-end description\">\n\t\t<h3>Dress code<\/h3>\n\t\t<\/p>\n<p>Please, guests are kindly requested to dress according to the attire specified by us during half-board meals at the hotel restaurant, honoring themselves and their fellow guests.<br \/>\nThe descriptions we use mean the following:<\/p>\n<p><strong>Casual:<\/strong> relaxed, sporty attire. Street shoes and sandals, elegant shorts and skirts, or jeans with a T-shirt or non-cut top.<\/p>\n<p><strong>Smart casual:<\/strong> sporty yet elegant attire. Street shoes and sandals, trousers or jeans, skirt, shirt, or polo shirt, or non-cut top.<\/p>\n<p>\n\t<\/div>\n<\/div>\n","protected":false},"excerpt":{"rendered":"","protected":false},"author":1,"featured_media":0,"parent":1540,"menu_order":60,"comment_status":"closed","ping_status":"closed","template":"","meta":{"footnotes":""},"class_list":["post-1240","page","type-page","status-publish","hentry"],"yoast_head":"<!-- This site is optimized with the Yoast SEO plugin v27.5 - https:\/\/yoast.com\/product\/yoast-seo-wordpress\/ -->\n<title>Gastronomy | Belenus Thermalhotel *** Zalakaros<\/title>\n<meta name=\"description\" content=\"Legjobb \u00e1rak a saj\u00e1t honlapon - Igaz\u00e1n isteni hely a felt\u00f6lt\u0151 wellness pihen\u00e9sre. Csod\u00e1s parkkal \u00e9s term\u00e1lvizes medenc\u00e9vel\" \/>\n<meta name=\"robots\" content=\"index, follow, max-snippet:-1, max-image-preview:large, max-video-preview:-1\" \/>\n<link rel=\"canonical\" href=\"https:\/\/www.belenushotel.hu\/en\/hotel\/gastronomy\/\" \/>\n<meta property=\"og:locale\" content=\"en_US\" \/>\n<meta property=\"og:type\" content=\"article\" \/>\n<meta property=\"og:title\" content=\"Gastronomy | Belenus Thermalhotel *** Zalakaros\" \/>\n<meta property=\"og:description\" content=\"Legjobb \u00e1rak a saj\u00e1t honlapon - Igaz\u00e1n isteni hely a felt\u00f6lt\u0151 wellness pihen\u00e9sre. Csod\u00e1s parkkal \u00e9s term\u00e1lvizes medenc\u00e9vel\" \/>\n<meta property=\"og:url\" content=\"https:\/\/www.belenushotel.hu\/en\/hotel\/gastronomy\/\" \/>\n<meta property=\"og:site_name\" content=\"Belenus Thermalhotel *** Zalakaros\" \/>\n<meta property=\"article:publisher\" content=\"https:\/\/www.facebook.com\/belenushotel\" \/>\n<meta property=\"article:modified_time\" content=\"2025-04-03T16:18:55+00:00\" \/>\n<meta property=\"og:image\" content=\"https:\/\/www.belenushotel.hu\/wp-content\/themes\/belenus\/images\/gallery.svg\" \/>\n<meta name=\"twitter:card\" content=\"summary_large_image\" \/>\n<meta name=\"twitter:label1\" content=\"Est. reading time\" \/>\n\t<meta name=\"twitter:data1\" content=\"6 minutes\" \/>\n<script type=\"application\/ld+json\" class=\"yoast-schema-graph\">{\"@context\":\"https:\\\/\\\/schema.org\",\"@graph\":[{\"@type\":\"WebPage\",\"@id\":\"https:\\\/\\\/www.belenushotel.hu\\\/en\\\/hotel\\\/gastronomy\\\/\",\"url\":\"https:\\\/\\\/www.belenushotel.hu\\\/en\\\/hotel\\\/gastronomy\\\/\",\"name\":\"Gastronomy | Belenus Thermalhotel *** Zalakaros\",\"isPartOf\":{\"@id\":\"https:\\\/\\\/www.belenushotel.hu\\\/#website\"},\"primaryImageOfPage\":{\"@id\":\"https:\\\/\\\/www.belenushotel.hu\\\/en\\\/hotel\\\/gastronomy\\\/#primaryimage\"},\"image\":{\"@id\":\"https:\\\/\\\/www.belenushotel.hu\\\/en\\\/hotel\\\/gastronomy\\\/#primaryimage\"},\"thumbnailUrl\":\"https:\\\/\\\/www.belenushotel.hu\\\/files\\\/2024\\\/05\\\/etlap-212x300.webp\",\"datePublished\":\"2024-05-21T12:11:21+00:00\",\"dateModified\":\"2025-04-03T16:18:55+00:00\",\"description\":\"Legjobb \u00e1rak a saj\u00e1t honlapon - Igaz\u00e1n isteni hely a felt\u00f6lt\u0151 wellness pihen\u00e9sre. Csod\u00e1s parkkal \u00e9s term\u00e1lvizes medenc\u00e9vel\",\"breadcrumb\":{\"@id\":\"https:\\\/\\\/www.belenushotel.hu\\\/en\\\/hotel\\\/gastronomy\\\/#breadcrumb\"},\"inLanguage\":\"en-US\",\"potentialAction\":[{\"@type\":\"ReadAction\",\"target\":[\"https:\\\/\\\/www.belenushotel.hu\\\/en\\\/hotel\\\/gastronomy\\\/\"]}]},{\"@type\":\"ImageObject\",\"inLanguage\":\"en-US\",\"@id\":\"https:\\\/\\\/www.belenushotel.hu\\\/en\\\/hotel\\\/gastronomy\\\/#primaryimage\",\"url\":\"https:\\\/\\\/www.belenushotel.hu\\\/files\\\/2024\\\/05\\\/etlap-212x300.webp\",\"contentUrl\":\"https:\\\/\\\/www.belenushotel.hu\\\/files\\\/2024\\\/05\\\/etlap-212x300.webp\"},{\"@type\":\"BreadcrumbList\",\"@id\":\"https:\\\/\\\/www.belenushotel.hu\\\/en\\\/hotel\\\/gastronomy\\\/#breadcrumb\",\"itemListElement\":[{\"@type\":\"ListItem\",\"position\":1,\"name\":\"Hotel\",\"item\":\"https:\\\/\\\/www.belenushotel.hu\\\/en\\\/hotel\\\/\"},{\"@type\":\"ListItem\",\"position\":2,\"name\":\"Gastronomy\"}]},{\"@type\":\"WebSite\",\"@id\":\"https:\\\/\\\/www.belenushotel.hu\\\/#website\",\"url\":\"https:\\\/\\\/www.belenushotel.hu\\\/\",\"name\":\"Belenus Thermalhotel *** Superior Zalakaros\",\"description\":\"Egy \u201eisteni\u201d hely...\",\"publisher\":{\"@id\":\"https:\\\/\\\/www.belenushotel.hu\\\/#organization\"},\"potentialAction\":[{\"@type\":\"SearchAction\",\"target\":{\"@type\":\"EntryPoint\",\"urlTemplate\":\"https:\\\/\\\/www.belenushotel.hu\\\/?s={search_term_string}\"},\"query-input\":{\"@type\":\"PropertyValueSpecification\",\"valueRequired\":true,\"valueName\":\"search_term_string\"}}],\"inLanguage\":\"en-US\"},{\"@type\":\"Organization\",\"@id\":\"https:\\\/\\\/www.belenushotel.hu\\\/#organization\",\"name\":\"Belenus Thermalhotel *** Superior Zalakaros\",\"url\":\"https:\\\/\\\/www.belenushotel.hu\\\/\",\"logo\":{\"@type\":\"ImageObject\",\"inLanguage\":\"en-US\",\"@id\":\"https:\\\/\\\/www.belenushotel.hu\\\/#\\\/schema\\\/logo\\\/image\\\/\",\"url\":\"https:\\\/\\\/www.belenushotel.hu\\\/files\\\/2024\\\/06\\\/belenus_logo_696.webp\",\"contentUrl\":\"https:\\\/\\\/www.belenushotel.hu\\\/files\\\/2024\\\/06\\\/belenus_logo_696.webp\",\"width\":696,\"height\":696,\"caption\":\"Belenus Thermalhotel *** Superior Zalakaros\"},\"image\":{\"@id\":\"https:\\\/\\\/www.belenushotel.hu\\\/#\\\/schema\\\/logo\\\/image\\\/\"},\"sameAs\":[\"https:\\\/\\\/www.facebook.com\\\/belenushotel\"]}]}<\/script>\n<!-- \/ Yoast SEO plugin. -->","yoast_head_json":{"title":"Gastronomy | Belenus Thermalhotel *** Zalakaros","description":"Legjobb \u00e1rak a saj\u00e1t honlapon - Igaz\u00e1n isteni hely a felt\u00f6lt\u0151 wellness pihen\u00e9sre. Csod\u00e1s parkkal \u00e9s term\u00e1lvizes medenc\u00e9vel","robots":{"index":"index","follow":"follow","max-snippet":"max-snippet:-1","max-image-preview":"max-image-preview:large","max-video-preview":"max-video-preview:-1"},"canonical":"https:\/\/www.belenushotel.hu\/en\/hotel\/gastronomy\/","og_locale":"en_US","og_type":"article","og_title":"Gastronomy | Belenus Thermalhotel *** Zalakaros","og_description":"Legjobb \u00e1rak a saj\u00e1t honlapon - Igaz\u00e1n isteni hely a felt\u00f6lt\u0151 wellness pihen\u00e9sre. Csod\u00e1s parkkal \u00e9s term\u00e1lvizes medenc\u00e9vel","og_url":"https:\/\/www.belenushotel.hu\/en\/hotel\/gastronomy\/","og_site_name":"Belenus Thermalhotel *** Zalakaros","article_publisher":"https:\/\/www.facebook.com\/belenushotel","article_modified_time":"2025-04-03T16:18:55+00:00","og_image":[{"url":"https:\/\/www.belenushotel.hu\/wp-content\/themes\/belenus\/images\/gallery.svg","type":"","width":"","height":""}],"twitter_card":"summary_large_image","twitter_misc":{"Est. reading time":"6 minutes"},"schema":{"@context":"https:\/\/schema.org","@graph":[{"@type":"WebPage","@id":"https:\/\/www.belenushotel.hu\/en\/hotel\/gastronomy\/","url":"https:\/\/www.belenushotel.hu\/en\/hotel\/gastronomy\/","name":"Gastronomy | Belenus Thermalhotel *** Zalakaros","isPartOf":{"@id":"https:\/\/www.belenushotel.hu\/#website"},"primaryImageOfPage":{"@id":"https:\/\/www.belenushotel.hu\/en\/hotel\/gastronomy\/#primaryimage"},"image":{"@id":"https:\/\/www.belenushotel.hu\/en\/hotel\/gastronomy\/#primaryimage"},"thumbnailUrl":"https:\/\/www.belenushotel.hu\/files\/2024\/05\/etlap-212x300.webp","datePublished":"2024-05-21T12:11:21+00:00","dateModified":"2025-04-03T16:18:55+00:00","description":"Legjobb \u00e1rak a saj\u00e1t honlapon - Igaz\u00e1n isteni hely a felt\u00f6lt\u0151 wellness pihen\u00e9sre. Csod\u00e1s parkkal \u00e9s term\u00e1lvizes medenc\u00e9vel","breadcrumb":{"@id":"https:\/\/www.belenushotel.hu\/en\/hotel\/gastronomy\/#breadcrumb"},"inLanguage":"en-US","potentialAction":[{"@type":"ReadAction","target":["https:\/\/www.belenushotel.hu\/en\/hotel\/gastronomy\/"]}]},{"@type":"ImageObject","inLanguage":"en-US","@id":"https:\/\/www.belenushotel.hu\/en\/hotel\/gastronomy\/#primaryimage","url":"https:\/\/www.belenushotel.hu\/files\/2024\/05\/etlap-212x300.webp","contentUrl":"https:\/\/www.belenushotel.hu\/files\/2024\/05\/etlap-212x300.webp"},{"@type":"BreadcrumbList","@id":"https:\/\/www.belenushotel.hu\/en\/hotel\/gastronomy\/#breadcrumb","itemListElement":[{"@type":"ListItem","position":1,"name":"Hotel","item":"https:\/\/www.belenushotel.hu\/en\/hotel\/"},{"@type":"ListItem","position":2,"name":"Gastronomy"}]},{"@type":"WebSite","@id":"https:\/\/www.belenushotel.hu\/#website","url":"https:\/\/www.belenushotel.hu\/","name":"Belenus Thermalhotel *** Superior Zalakaros","description":"Egy \u201eisteni\u201d hely...","publisher":{"@id":"https:\/\/www.belenushotel.hu\/#organization"},"potentialAction":[{"@type":"SearchAction","target":{"@type":"EntryPoint","urlTemplate":"https:\/\/www.belenushotel.hu\/?s={search_term_string}"},"query-input":{"@type":"PropertyValueSpecification","valueRequired":true,"valueName":"search_term_string"}}],"inLanguage":"en-US"},{"@type":"Organization","@id":"https:\/\/www.belenushotel.hu\/#organization","name":"Belenus Thermalhotel *** Superior Zalakaros","url":"https:\/\/www.belenushotel.hu\/","logo":{"@type":"ImageObject","inLanguage":"en-US","@id":"https:\/\/www.belenushotel.hu\/#\/schema\/logo\/image\/","url":"https:\/\/www.belenushotel.hu\/files\/2024\/06\/belenus_logo_696.webp","contentUrl":"https:\/\/www.belenushotel.hu\/files\/2024\/06\/belenus_logo_696.webp","width":696,"height":696,"caption":"Belenus Thermalhotel *** Superior Zalakaros"},"image":{"@id":"https:\/\/www.belenushotel.hu\/#\/schema\/logo\/image\/"},"sameAs":["https:\/\/www.facebook.com\/belenushotel"]}]}},"_links":{"self":[{"href":"https:\/\/www.belenushotel.hu\/en\/wp-json\/wp\/v2\/pages\/1240","targetHints":{"allow":["GET"]}}],"collection":[{"href":"https:\/\/www.belenushotel.hu\/en\/wp-json\/wp\/v2\/pages"}],"about":[{"href":"https:\/\/www.belenushotel.hu\/en\/wp-json\/wp\/v2\/types\/page"}],"author":[{"embeddable":true,"href":"https:\/\/www.belenushotel.hu\/en\/wp-json\/wp\/v2\/users\/1"}],"replies":[{"embeddable":true,"href":"https:\/\/www.belenushotel.hu\/en\/wp-json\/wp\/v2\/comments?post=1240"}],"version-history":[{"count":0,"href":"https:\/\/www.belenushotel.hu\/en\/wp-json\/wp\/v2\/pages\/1240\/revisions"}],"up":[{"embeddable":true,"href":"https:\/\/www.belenushotel.hu\/en\/wp-json\/wp\/v2\/pages\/1540"}],"wp:attachment":[{"href":"https:\/\/www.belenushotel.hu\/en\/wp-json\/wp\/v2\/media?parent=1240"}],"curies":[{"name":"wp","href":"https:\/\/api.w.org\/{rel}","templated":true}]}}