{"id":1226,"date":"2024-05-21T14:11:11","date_gmt":"2024-05-21T12:11:11","guid":{"rendered":"https:\/\/www.belenushotel.hu\/?page_id=1226"},"modified":"2025-06-10T13:29:35","modified_gmt":"2025-06-10T11:29:35","slug":"spa-wellness","status":"publish","type":"page","link":"https:\/\/www.belenushotel.hu\/en\/hotel\/spa-wellness\/","title":{"rendered":"Spa, wellness"},"content":{"rendered":"<div class=\"row section justify-content-end\">\n\t<div class=\"col-md-1 d-none d-md-block icon\"><img decoding=\"async\" src=\"https:\/\/www.belenushotel.hu\/wp-content\/themes\/belenus\/images\/description.svg\"><\/div>\n\t<div class=\"col-md-11 align-self-end description\">\n\t\t<h3>Services included in the room rate<\/h3>\n\t\t\n<ul>\n<li>year-round heated outdoor thermal swimming pool (15&#215;8 m, 120 cm depth, 33 \u00b0C temperature)<\/li>\n<li>multi-functional indoor experience pool with swimming option (42 m<sup>2<\/sup> water surface, 90 cm depth, 35 \u00b0C temperature)<\/li>\n<li>aromatherapy Finnish sauna and infrared sauna<\/li>\n<li>aromatherapy steam cave<\/li>\n<li>various tropical experience showers<\/li>\n<li>heated relaxation benches<\/li>\n<li>Kneipp pool<\/li>\n<li>sunbathing garden and terrace<\/li>\n<li>rest islands<\/li>\n<li>Belenus Beach<\/li>\n<li>wellness towel (1 per person)<\/li>\n<li>tennis court: clay court with automatic watering system (March 15 &#8211; October 30)<\/li>\n<li>igloo tents: located in the hotel&#8217;s garden, by the poolside. Equipped with modern heating systems, comfortable beds, and soft blankets. (October 15 &#8211; April 30)<\/li>\n<\/ul>\n<p>\n\t<\/div>\n<\/div><br \/>\n<div class=\"row section justify-content-end\">\n\t<div class=\"col-md-1 d-none d-md-block icon\"><img decoding=\"async\" src=\"https:\/\/www.belenushotel.hu\/wp-content\/themes\/belenus\/images\/wellness.svg\"><\/div>\n\t<div class=\"col-md-11 align-self-end description\">\n\t\t<h3>Pampering, wellness, and other services in our hotel are available for an additional fee<\/h3>\n\t\t<\/p>\n<p><img loading=\"lazy\" decoding=\"async\" class=\"img-fluid alignnone wp-image-840 size-full\" src=\"https:\/\/www.belenushotel.hu\/files\/2024\/06\/masszazs_2.webp\" alt=\"\" width=\"1500\" height=\"698\" srcset=\"https:\/\/www.belenushotel.hu\/files\/2024\/06\/masszazs_2.webp 1500w, https:\/\/www.belenushotel.hu\/files\/2024\/06\/masszazs_2-300x140.webp 300w, https:\/\/www.belenushotel.hu\/files\/2024\/06\/masszazs_2-1024x477.webp 1024w\" sizes=\"auto, (max-width: 1500px) 100vw, 1500px\" \/><\/p>\n<table class=\"table-responsive\" class=\"table-responsive\">\n<thead>\n<tr>\n<th>Treatment<\/th>\n<th>Price<\/th>\n<\/tr>\n<\/thead>\n<tbody>\n<tr>\n<td>Aromatherapy body massage (25 minutes)<\/td>\n<td>\n<div>\n<div>9,000 HUF \/person \/session<\/div>\n<\/div>\n<\/td>\n<\/tr>\n<tr>\n<td>\n<div>\n<div>Foot massage (40 minutes)<\/div>\n<\/div>\n<\/td>\n<td>\n<div>\n<div>12,500 HUF \/person \/session<\/div>\n<\/div>\n<\/td>\n<\/tr>\n<tr>\n<td>\n<div>\n<div>Relaxing massage (50 minutes)<\/div>\n<\/div>\n<\/td>\n<td>\n<div>\n<div>14,000 HUF \/person \/session<\/div>\n<\/div>\n<\/td>\n<\/tr>\n<tr>\n<td>\n<div>\n<div>Chocolate full-body and d\u00e9collet\u00e9 massage (50 minutes)<\/div>\n<\/div>\n<\/td>\n<td>\n<div>\n<div>15,000 HUF \/person \/session<\/div>\n<\/div>\n<\/td>\n<\/tr>\n<tr>\n<td>\n<div>\n<div>Stress-relieving head, neck, and back massage (40 minutes<span style=\"font-family: inherit; font-size: inherit;\">)<\/span><\/div>\n<\/div>\n<\/td>\n<td>\n<div>\n<div>12,500 HUF \/person \/session<\/div>\n<\/div>\n<\/td>\n<\/tr>\n<tr>\n<td>\n<div>\n<div>Eye massage (25 minutes<span style=\"font-family: inherit; font-size: inherit;\">)<\/span><\/div>\n<\/div>\n<\/td>\n<td>\n<div>\n<div>9,000 HUF \/person \/session<\/div>\n<\/div>\n<\/td>\n<\/tr>\n<tr>\n<td>\n<div>\n<div>Face, neck, and d\u00e9collet\u00e9 massage (55 minutes)<\/div>\n<\/div>\n<\/td>\n<td>\n<div>\n<div>12,000 HUF \/person \/session<\/div>\n<\/div>\n<\/td>\n<\/tr>\n<tr>\n<td>\n<div>\n<div>Migraine massage (25 minutes)<\/div>\n<\/div>\n<\/td>\n<td>\n<div>\n<div>9,000 HUF \/person \/session<\/div>\n<\/div>\n<\/td>\n<\/tr>\n<tr>\n<td>\n<div>\n<div>Honey-milk massage (50 minutes)<\/div>\n<\/div>\n<\/td>\n<td>\n<div>\n<div>15,000 HUF \/person \/session<\/div>\n<\/div>\n<\/td>\n<\/tr>\n<tr>\n<td>\n<div>\n<div>Lava shell massage (50 minutes)<\/div>\n<\/div>\n<\/td>\n<td>\n<div>\n<div>18,000 HUF \/person \/session<\/div>\n<\/div>\n<\/td>\n<\/tr>\n<tr>\n<td>\n<div>\n<div>Herbal massage (50 minutes)<\/div>\n<\/div>\n<\/td>\n<td>\n<div>\n<div>18,000 HUF \/person \/session<\/div>\n<\/div>\n<\/td>\n<\/tr>\n<tr>\n<td>\n<div>\n<div>Bamboo massage (50 minutes)<\/div>\n<\/div>\n<\/td>\n<td>\n<div>\n<div>15,000 HUF \/person \/session<\/div>\n<\/div>\n<\/td>\n<\/tr>\n<tr>\n<td>\n<div>\n<div>Manicure (40 minutes)<\/div>\n<\/div>\n<\/td>\n<td>\n<div>\n<div>7,000 HUF \/person \/session<\/div>\n<\/div>\n<\/td>\n<\/tr>\n<tr>\n<td>\n<div>\n<div>Manicure with polish (60 minutes)<\/div>\n<\/div>\n<\/td>\n<td>\n<div>\n<div>9,500 HUF \/person \/session<\/div>\n<\/div>\n<\/td>\n<\/tr>\n<tr>\n<td>\n<div>\n<div>Manicure with gel polish (60 minutes)<\/div>\n<\/div>\n<\/td>\n<td>\n<div>\n<div>12,500 HUF \/person \/session<\/div>\n<\/div>\n<\/td>\n<\/tr>\n<tr>\n<td>\n<div>\n<div>French manicure with gel polish (60 minutes)<\/div>\n<\/div>\n<\/td>\n<td>\n<div>\n<div>12,500 HUF \/person \/session<\/div>\n<\/div>\n<\/td>\n<\/tr>\n<tr>\n<td>\n<div>\n<div>Pedicure (60 minutes)<\/div>\n<\/div>\n<\/td>\n<td>\n<div>\n<div>10,000 HUF \/person \/session<\/div>\n<\/div>\n<\/td>\n<\/tr>\n<tr>\n<td>\n<div>\n<div>Pedicure with polish (80 minutes)<\/div>\n<\/div>\n<\/td>\n<td>\n<div>\n<div>12,500 HUF \/person \/session<\/div>\n<\/div>\n<\/td>\n<\/tr>\n<tr>\n<td>Pedicure with gel polish (80 minutes)<\/td>\n<td>15,500 HUF \/person \/session<\/td>\n<\/tr>\n<tr>\n<td>French pedicure with gel polish (80 minutes)<\/td>\n<td>15,500 HUF \/person \/session<\/td>\n<\/tr>\n<tr>\n<td>Japanese manicure (60 minutes)<\/td>\n<td>9,500 HUF \/person \/session<\/td>\n<\/tr>\n<tr>\n<td>Bicycle rental<\/td>\n<td>1,000 HUF \/piece \/hour<\/td>\n<\/tr>\n<tr>\n<td>Electric scooter<\/td>\n<td>4,500 HUF \/piece \/hour<\/td>\n<\/tr>\n<tr>\n<td>\n<div>\n<div>Golf cart<\/div>\n<\/div>\n<\/td>\n<td>\n<div>\n<div>10,000 HUF \/hour<\/div>\n<\/div>\n<\/td>\n<\/tr>\n<tr>\n<td>\n<div>\n<div>Bathrobe rental\/out-of-turn exchange<\/div>\n<\/div>\n<\/td>\n<td>\n<div>\n<div>1,000 HUF \/piece \/occasion<\/div>\n<\/div>\n<\/td>\n<\/tr>\n<tr>\n<td>Out-of-turn exchange of wellness towel<\/td>\n<td>500 HUF \/piece \/occasion<\/td>\n<\/tr>\n<tr>\n<td>Tennis court for hotel guests<\/td>\n<td>free of charge<\/td>\n<\/tr>\n<tr>\n<td>Tennis court for external guests<\/td>\n<td>\n<div>\n<div>6,000 HUF \/hour<\/div>\n<\/div>\n<\/td>\n<\/tr>\n<tr>\n<td>Tennis Court Season Pass (Annual Pass)<\/td>\n<td>\n<div>\n<div>60,000 HUF<\/div>\n<\/div>\n<\/td>\n<\/tr>\n<tr>\n<td>Tennis Court 5-Visit Pass (valid for 30 days)<\/td>\n<td>\n<div>\n<div>20,000 HUF<\/div>\n<\/div>\n<\/td>\n<\/tr>\n<\/tbody>\n<\/table>\n<p>\n\t<\/div>\n<\/div><br \/>\n<div class=\"row section justify-content-end\">\n\t<div class=\"col-md-1 d-none d-md-block icon\"><img decoding=\"async\" src=\"https:\/\/www.belenushotel.hu\/wp-content\/themes\/belenus\/images\/cosmetic_treatment.svg\"><\/div>\n\t<div class=\"col-md-11 align-self-end description\">\n\t\t<h3>Cosmetic services<\/h3>\n\t\t<\/p>\n<p>We perform our treatments with high-quality Helia-D products, considered a symbol of Hungarian cosmetics manufacturing. These professional products contain vitamins, natural plant extracts (sunflower stem, marigold, plant stem cell extracts), moisturizing plant oils (grape seed, argan, jojoba oil, shea butter).<\/p>\n<p>They are free from artificial colorants, parabens, and petroleum derivatives.<\/p>\n<table class=\"table-responsive\" class=\"table-responsive\">\n<thead>\n<tr>\n<th>Treatment<\/th>\n<th>Price<\/th>\n<\/tr>\n<\/thead>\n<tbody>\n<tr>\n<td>Regenerating treatment with the Hyaluron product line (80 minutes)<\/td>\n<td>26,000 HUF<\/td>\n<\/tr>\n<tr>\n<td>Cherry-plum regenerating treatment (80 minutes)<\/td>\n<td>26,000 HUF<\/td>\n<\/tr>\n<tr>\n<td>Hyaluronic acid replenishing treatment (25 minutes)<\/td>\n<td>12,000 HUF<\/td>\n<\/tr>\n<tr>\n<td>Cherry-plum replenishing treatment (25 minutes)<\/td>\n<td>12,000 HUF<\/td>\n<\/tr>\n<\/tbody>\n<\/table>\n<p>\n\t<\/div>\n<\/div><\/p>\n<div class=\"row section justify-content-end\">\n\t<div class=\"col-md-1 d-none d-md-block icon\"><img decoding=\"async\" src=\"https:\/\/www.belenushotel.hu\/wp-content\/themes\/belenus\/images\/gallery.svg\"><\/div>\n\t<div class=\"col-md-11 align-self-end description\">\n\t\t<h3><\/h3>\n\t\t<\/p>\n<div class=\"row\">\n<div class=\"col-sm-6 p-video\"><video controls=\"controls\" width=\"300\" height=\"150\"><source src=\"https:\/\/belenushotel.hu\/files\/medence.mp4\" type=\"video\/mp4\" \/><\/video><\/div>\n<div class=\"col-sm-6 p-video\"><video controls=\"controls\" width=\"300\" height=\"150\"><source src=\"https:\/\/belenushotel.hu\/files\/plazs.mp4\" type=\"video\/mp4\" \/><\/video><\/div>\n<\/div>\n<p>\n\t<\/div>\n<\/div>\n<div class=\"row section justify-content-end\"><div class=\"col-md-1 d-none d-md-block icon\"><img decoding=\"async\" src=\"https:\/\/www.belenushotel.hu\/wp-content\/themes\/belenus\/images\/gallery.svg\"><h4>23<\/h4> <span>pictures<\/span><\/div><div class=\"col-md-11 align-self-end description\"><div class=\"gallery-imgs gal-18841064 row\">\n\t\t\t<div class=\"gallery-item col-sm-10 pref-img\">\n\t\t\t\t\t\t<a href=\"https:\/\/www.belenushotel.hu\/files\/2025\/06\/DSC08098.webp\">\n\t\t\t\t\t\t\t<img decoding=\"async\" src=\"https:\/\/www.belenushotel.hu\/files\/2025\/06\/DSC08098.webp\" alt=\"\" class=\"img-fluid\">\n\t\t\t\t\t\t\t\n\t\t\t\t\t\t\t<span class=\"g-text\">To access the rest of the gallery, click on the image!<\/span>\n\t\t\t\t\t\t<\/a>\n\t\t\t\t\t  \n    \t\t<\/div><a href=\"https:\/\/www.belenushotel.hu\/files\/2024\/06\/DSC06150kocka_Vagas.webp\" class=\"d-none\">.<\/a><a href=\"https:\/\/www.belenushotel.hu\/files\/2024\/06\/KEP_9079.webp\" class=\"d-none\">.<\/a><a href=\"https:\/\/www.belenushotel.hu\/files\/2024\/06\/DSC06165.webp\" class=\"d-none\">.<\/a><a href=\"https:\/\/www.belenushotel.hu\/files\/2024\/06\/DSC01064.webp\" class=\"d-none\">.<\/a><a href=\"https:\/\/www.belenushotel.hu\/files\/2024\/06\/DSC09881.webp\" class=\"d-none\">.<\/a><a href=\"https:\/\/www.belenushotel.hu\/files\/2024\/06\/DSC09962.webp\" class=\"d-none\">.<\/a><a href=\"https:\/\/www.belenushotel.hu\/files\/2024\/06\/DSC01145.webp\" class=\"d-none\">.<\/a><a href=\"https:\/\/www.belenushotel.hu\/files\/2024\/06\/DSC00011.webp\" class=\"d-none\">.<\/a><a href=\"https:\/\/www.belenushotel.hu\/files\/2024\/06\/100_0887_20190616132001.webp\" class=\"d-none\">.<\/a><a href=\"https:\/\/www.belenushotel.hu\/files\/2024\/06\/100_0882_20190616131933.webp\" class=\"d-none\">.<\/a><a href=\"https:\/\/www.belenushotel.hu\/files\/2024\/06\/KEP_9106.webp\" class=\"d-none\">.<\/a><a href=\"https:\/\/www.belenushotel.hu\/files\/2024\/06\/DSC00057.webp\" class=\"d-none\">.<\/a><a href=\"https:\/\/www.belenushotel.hu\/files\/2024\/06\/3444.webp\" class=\"d-none\">.<\/a><a href=\"https:\/\/www.belenushotel.hu\/files\/2024\/06\/3517.webp\" class=\"d-none\">.<\/a><a href=\"https:\/\/www.belenushotel.hu\/files\/2024\/06\/3641.webp\" class=\"d-none\">.<\/a><a href=\"https:\/\/www.belenushotel.hu\/files\/2024\/06\/3748.webp\" class=\"d-none\">.<\/a><a href=\"https:\/\/www.belenushotel.hu\/files\/2024\/06\/3779.webp\" class=\"d-none\">.<\/a><a href=\"https:\/\/www.belenushotel.hu\/files\/2024\/06\/3923.webp\" class=\"d-none\">.<\/a><a href=\"https:\/\/www.belenushotel.hu\/files\/2024\/06\/DSC09742.webp\" class=\"d-none\">.<\/a><a href=\"https:\/\/www.belenushotel.hu\/files\/2024\/06\/DSC00855.webp\" class=\"d-none\">.<\/a><a href=\"https:\/\/www.belenushotel.hu\/files\/2024\/06\/DSC09679.webp\" class=\"d-none\">.<\/a><a href=\"https:\/\/www.belenushotel.hu\/files\/2024\/06\/DSC09721.webp\" class=\"d-none\">.<\/a><\/div><\/div><\/div>\n","protected":false},"excerpt":{"rendered":"","protected":false},"author":1,"featured_media":0,"parent":1540,"menu_order":131,"comment_status":"closed","ping_status":"closed","template":"","meta":{"footnotes":""},"class_list":["post-1226","page","type-page","status-publish","hentry"],"yoast_head":"<!-- This site is optimized with the Yoast SEO plugin v27.0 - https:\/\/yoast.com\/product\/yoast-seo-wordpress\/ -->\n<title>Spa, wellness | Belenus Thermalhotel *** Zalakaros<\/title>\n<meta name=\"description\" content=\"Legjobb \u00e1rak a saj\u00e1t honlapon - Igaz\u00e1n isteni hely a felt\u00f6lt\u0151 wellness pihen\u00e9sre. Csod\u00e1s parkkal \u00e9s term\u00e1lvizes medenc\u00e9vel\" \/>\n<meta name=\"robots\" content=\"index, follow, max-snippet:-1, max-image-preview:large, max-video-preview:-1\" \/>\n<link rel=\"canonical\" href=\"https:\/\/www.belenushotel.hu\/en\/hotel\/spa-wellness\/\" \/>\n<meta property=\"og:locale\" content=\"en_US\" \/>\n<meta property=\"og:type\" content=\"article\" \/>\n<meta property=\"og:title\" content=\"Spa, wellness | Belenus Thermalhotel *** Zalakaros\" \/>\n<meta property=\"og:description\" content=\"Legjobb \u00e1rak a saj\u00e1t honlapon - Igaz\u00e1n isteni hely a felt\u00f6lt\u0151 wellness pihen\u00e9sre. Csod\u00e1s parkkal \u00e9s term\u00e1lvizes medenc\u00e9vel\" \/>\n<meta property=\"og:url\" content=\"https:\/\/www.belenushotel.hu\/en\/hotel\/spa-wellness\/\" \/>\n<meta property=\"og:site_name\" content=\"Belenus Thermalhotel *** Zalakaros\" \/>\n<meta property=\"article:publisher\" content=\"https:\/\/www.facebook.com\/belenushotel\" \/>\n<meta property=\"article:modified_time\" content=\"2025-06-10T11:29:35+00:00\" \/>\n<meta property=\"og:image\" content=\"https:\/\/www.belenushotel.hu\/wp-content\/themes\/belenus\/images\/gallery.svg\" \/>\n<meta name=\"twitter:card\" content=\"summary_large_image\" \/>\n<meta name=\"twitter:label1\" content=\"Est. reading time\" \/>\n\t<meta name=\"twitter:data1\" content=\"4 minutes\" \/>\n<script type=\"application\/ld+json\" class=\"yoast-schema-graph\">{\"@context\":\"https:\/\/schema.org\",\"@graph\":[{\"@type\":\"WebPage\",\"@id\":\"https:\/\/www.belenushotel.hu\/en\/hotel\/spa-wellness\/\",\"url\":\"https:\/\/www.belenushotel.hu\/en\/hotel\/spa-wellness\/\",\"name\":\"Spa, wellness | Belenus Thermalhotel *** Zalakaros\",\"isPartOf\":{\"@id\":\"https:\/\/www.belenushotel.hu\/#website\"},\"primaryImageOfPage\":{\"@id\":\"https:\/\/www.belenushotel.hu\/en\/hotel\/spa-wellness\/#primaryimage\"},\"image\":{\"@id\":\"https:\/\/www.belenushotel.hu\/en\/hotel\/spa-wellness\/#primaryimage\"},\"thumbnailUrl\":\"https:\/\/www.belenushotel.hu\/files\/2024\/06\/masszazs_2.webp\",\"datePublished\":\"2024-05-21T12:11:11+00:00\",\"dateModified\":\"2025-06-10T11:29:35+00:00\",\"description\":\"Legjobb \u00e1rak a saj\u00e1t honlapon - Igaz\u00e1n isteni hely a felt\u00f6lt\u0151 wellness pihen\u00e9sre. Csod\u00e1s parkkal \u00e9s term\u00e1lvizes medenc\u00e9vel\",\"breadcrumb\":{\"@id\":\"https:\/\/www.belenushotel.hu\/en\/hotel\/spa-wellness\/#breadcrumb\"},\"inLanguage\":\"en-US\",\"potentialAction\":[{\"@type\":\"ReadAction\",\"target\":[\"https:\/\/www.belenushotel.hu\/en\/hotel\/spa-wellness\/\"]}]},{\"@type\":\"ImageObject\",\"inLanguage\":\"en-US\",\"@id\":\"https:\/\/www.belenushotel.hu\/en\/hotel\/spa-wellness\/#primaryimage\",\"url\":\"https:\/\/www.belenushotel.hu\/files\/2024\/06\/masszazs_2.webp\",\"contentUrl\":\"https:\/\/www.belenushotel.hu\/files\/2024\/06\/masszazs_2.webp\"},{\"@type\":\"BreadcrumbList\",\"@id\":\"https:\/\/www.belenushotel.hu\/en\/hotel\/spa-wellness\/#breadcrumb\",\"itemListElement\":[{\"@type\":\"ListItem\",\"position\":1,\"name\":\"Hotel\",\"item\":\"https:\/\/www.belenushotel.hu\/en\/hotel\/\"},{\"@type\":\"ListItem\",\"position\":2,\"name\":\"Spa, wellness\"}]},{\"@type\":\"WebSite\",\"@id\":\"https:\/\/www.belenushotel.hu\/#website\",\"url\":\"https:\/\/www.belenushotel.hu\/\",\"name\":\"Belenus Thermalhotel *** Superior Zalakaros\",\"description\":\"Egy \u201eisteni\u201d hely...\",\"publisher\":{\"@id\":\"https:\/\/www.belenushotel.hu\/#organization\"},\"potentialAction\":[{\"@type\":\"SearchAction\",\"target\":{\"@type\":\"EntryPoint\",\"urlTemplate\":\"https:\/\/www.belenushotel.hu\/?s={search_term_string}\"},\"query-input\":{\"@type\":\"PropertyValueSpecification\",\"valueRequired\":true,\"valueName\":\"search_term_string\"}}],\"inLanguage\":\"en-US\"},{\"@type\":\"Organization\",\"@id\":\"https:\/\/www.belenushotel.hu\/#organization\",\"name\":\"Belenus Thermalhotel *** Superior Zalakaros\",\"url\":\"https:\/\/www.belenushotel.hu\/\",\"logo\":{\"@type\":\"ImageObject\",\"inLanguage\":\"en-US\",\"@id\":\"https:\/\/www.belenushotel.hu\/#\/schema\/logo\/image\/\",\"url\":\"https:\/\/www.belenushotel.hu\/files\/2024\/06\/belenus_logo_696.webp\",\"contentUrl\":\"https:\/\/www.belenushotel.hu\/files\/2024\/06\/belenus_logo_696.webp\",\"width\":696,\"height\":696,\"caption\":\"Belenus Thermalhotel *** Superior Zalakaros\"},\"image\":{\"@id\":\"https:\/\/www.belenushotel.hu\/#\/schema\/logo\/image\/\"},\"sameAs\":[\"https:\/\/www.facebook.com\/belenushotel\"]}]}<\/script>\n<!-- \/ Yoast SEO plugin. -->","yoast_head_json":{"title":"Spa, wellness | Belenus Thermalhotel *** Zalakaros","description":"Legjobb \u00e1rak a saj\u00e1t honlapon - Igaz\u00e1n isteni hely a felt\u00f6lt\u0151 wellness pihen\u00e9sre. Csod\u00e1s parkkal \u00e9s term\u00e1lvizes medenc\u00e9vel","robots":{"index":"index","follow":"follow","max-snippet":"max-snippet:-1","max-image-preview":"max-image-preview:large","max-video-preview":"max-video-preview:-1"},"canonical":"https:\/\/www.belenushotel.hu\/en\/hotel\/spa-wellness\/","og_locale":"en_US","og_type":"article","og_title":"Spa, wellness | Belenus Thermalhotel *** Zalakaros","og_description":"Legjobb \u00e1rak a saj\u00e1t honlapon - Igaz\u00e1n isteni hely a felt\u00f6lt\u0151 wellness pihen\u00e9sre. Csod\u00e1s parkkal \u00e9s term\u00e1lvizes medenc\u00e9vel","og_url":"https:\/\/www.belenushotel.hu\/en\/hotel\/spa-wellness\/","og_site_name":"Belenus Thermalhotel *** Zalakaros","article_publisher":"https:\/\/www.facebook.com\/belenushotel","article_modified_time":"2025-06-10T11:29:35+00:00","og_image":[{"url":"https:\/\/www.belenushotel.hu\/wp-content\/themes\/belenus\/images\/gallery.svg","type":"","width":"","height":""}],"twitter_card":"summary_large_image","twitter_misc":{"Est. reading time":"4 minutes"},"schema":{"@context":"https:\/\/schema.org","@graph":[{"@type":"WebPage","@id":"https:\/\/www.belenushotel.hu\/en\/hotel\/spa-wellness\/","url":"https:\/\/www.belenushotel.hu\/en\/hotel\/spa-wellness\/","name":"Spa, wellness | Belenus Thermalhotel *** Zalakaros","isPartOf":{"@id":"https:\/\/www.belenushotel.hu\/#website"},"primaryImageOfPage":{"@id":"https:\/\/www.belenushotel.hu\/en\/hotel\/spa-wellness\/#primaryimage"},"image":{"@id":"https:\/\/www.belenushotel.hu\/en\/hotel\/spa-wellness\/#primaryimage"},"thumbnailUrl":"https:\/\/www.belenushotel.hu\/files\/2024\/06\/masszazs_2.webp","datePublished":"2024-05-21T12:11:11+00:00","dateModified":"2025-06-10T11:29:35+00:00","description":"Legjobb \u00e1rak a saj\u00e1t honlapon - Igaz\u00e1n isteni hely a felt\u00f6lt\u0151 wellness pihen\u00e9sre. Csod\u00e1s parkkal \u00e9s term\u00e1lvizes medenc\u00e9vel","breadcrumb":{"@id":"https:\/\/www.belenushotel.hu\/en\/hotel\/spa-wellness\/#breadcrumb"},"inLanguage":"en-US","potentialAction":[{"@type":"ReadAction","target":["https:\/\/www.belenushotel.hu\/en\/hotel\/spa-wellness\/"]}]},{"@type":"ImageObject","inLanguage":"en-US","@id":"https:\/\/www.belenushotel.hu\/en\/hotel\/spa-wellness\/#primaryimage","url":"https:\/\/www.belenushotel.hu\/files\/2024\/06\/masszazs_2.webp","contentUrl":"https:\/\/www.belenushotel.hu\/files\/2024\/06\/masszazs_2.webp"},{"@type":"BreadcrumbList","@id":"https:\/\/www.belenushotel.hu\/en\/hotel\/spa-wellness\/#breadcrumb","itemListElement":[{"@type":"ListItem","position":1,"name":"Hotel","item":"https:\/\/www.belenushotel.hu\/en\/hotel\/"},{"@type":"ListItem","position":2,"name":"Spa, wellness"}]},{"@type":"WebSite","@id":"https:\/\/www.belenushotel.hu\/#website","url":"https:\/\/www.belenushotel.hu\/","name":"Belenus Thermalhotel *** Superior Zalakaros","description":"Egy \u201eisteni\u201d hely...","publisher":{"@id":"https:\/\/www.belenushotel.hu\/#organization"},"potentialAction":[{"@type":"SearchAction","target":{"@type":"EntryPoint","urlTemplate":"https:\/\/www.belenushotel.hu\/?s={search_term_string}"},"query-input":{"@type":"PropertyValueSpecification","valueRequired":true,"valueName":"search_term_string"}}],"inLanguage":"en-US"},{"@type":"Organization","@id":"https:\/\/www.belenushotel.hu\/#organization","name":"Belenus Thermalhotel *** Superior Zalakaros","url":"https:\/\/www.belenushotel.hu\/","logo":{"@type":"ImageObject","inLanguage":"en-US","@id":"https:\/\/www.belenushotel.hu\/#\/schema\/logo\/image\/","url":"https:\/\/www.belenushotel.hu\/files\/2024\/06\/belenus_logo_696.webp","contentUrl":"https:\/\/www.belenushotel.hu\/files\/2024\/06\/belenus_logo_696.webp","width":696,"height":696,"caption":"Belenus Thermalhotel *** Superior Zalakaros"},"image":{"@id":"https:\/\/www.belenushotel.hu\/#\/schema\/logo\/image\/"},"sameAs":["https:\/\/www.facebook.com\/belenushotel"]}]}},"_links":{"self":[{"href":"https:\/\/www.belenushotel.hu\/en\/wp-json\/wp\/v2\/pages\/1226","targetHints":{"allow":["GET"]}}],"collection":[{"href":"https:\/\/www.belenushotel.hu\/en\/wp-json\/wp\/v2\/pages"}],"about":[{"href":"https:\/\/www.belenushotel.hu\/en\/wp-json\/wp\/v2\/types\/page"}],"author":[{"embeddable":true,"href":"https:\/\/www.belenushotel.hu\/en\/wp-json\/wp\/v2\/users\/1"}],"replies":[{"embeddable":true,"href":"https:\/\/www.belenushotel.hu\/en\/wp-json\/wp\/v2\/comments?post=1226"}],"version-history":[{"count":0,"href":"https:\/\/www.belenushotel.hu\/en\/wp-json\/wp\/v2\/pages\/1226\/revisions"}],"up":[{"embeddable":true,"href":"https:\/\/www.belenushotel.hu\/en\/wp-json\/wp\/v2\/pages\/1540"}],"wp:attachment":[{"href":"https:\/\/www.belenushotel.hu\/en\/wp-json\/wp\/v2\/media?parent=1226"}],"curies":[{"name":"wp","href":"https:\/\/api.w.org\/{rel}","templated":true}]}}