{"id":1218,"date":"2024-05-27T19:36:51","date_gmt":"2024-05-27T17:36:51","guid":{"rendered":"https:\/\/www.belenushotel.hu\/?page_id=1218"},"modified":"2025-06-10T16:01:31","modified_gmt":"2025-06-10T14:01:31","slug":"about-our-hotel","status":"publish","type":"page","link":"https:\/\/www.belenushotel.hu\/en\/hotel\/about-our-hotel\/","title":{"rendered":"About Our Hotel"},"content":{"rendered":"<div class=\"row section justify-content-end\">\n\t<div class=\"col-md-1 d-none d-md-block icon\"><img decoding=\"async\" src=\"https:\/\/www.belenushotel.hu\/wp-content\/themes\/belenus\/images\/gallery.svg\"><\/div>\n\t<div class=\"col-md-11 align-self-end description\">\n\t\t<h3><\/h3>\n\t\t<\/p>\n<div class=\"ratio ratio-16x9\"><iframe loading=\"lazy\" title=\"Belenus Thermalhotel *** Superior, Zalakaros\" width=\"1778\" height=\"1000\" src=\"https:\/\/www.youtube.com\/embed\/SyAq7xE5ePk?feature=oembed&#038;rel=0\" frameborder=\"0\" allow=\"accelerometer; autoplay; clipboard-write; encrypted-media; gyroscope; picture-in-picture; web-share\" referrerpolicy=\"strict-origin-when-cross-origin\" allowfullscreen><\/iframe><\/div>\n<p>\n\t<\/div>\n<\/div>\n<div class=\"row section justify-content-end\">\n\t\n\t<div class=\"col-md-11 align-self-end description\">\n\t\t<h3><\/h3>\n\t\t<\/p>\n<p>Enjoy complete relaxation in our wellness area, where indoor and year-round outdoor thermal pools, saunas, steam baths, whirlpools, and various massages ensure the rejuvenation of both body and soul.<\/p>\n<p>Our hotel&#8217;s beach area is the perfect spot for sunbathing and relaxation. Immerse yourself in the water of our pool and enjoy the sun&#8217;s rays on the sun terrace. Our bar offers refreshing drinks and light snacks so that you can enjoy every moment of your stay with us.<\/p>\n<p>In our restaurant, we pamper our guests with local and international flavors. Our chef prepares delicious dishes using fresh, local ingredients, turning every meal into a special experience. The breakfast buffet is abundant and varied to ensure a great start to your day.<\/p>\n<p>We also think of families: younger children can play on the playground and in the indoor playroom, while older kids can expend their energy in the game room, allowing their parents to enjoy a relaxing experience. In case of unfavorable weather, our library offers a pleasant family getaway with books, board games, and cards available free of charge.<\/p>\n<p>\n\t<\/div>\n<\/div>\n<div class=\"row section justify-content-end\"><div class=\"col-md-1 d-none d-md-block icon\"><img decoding=\"async\" src=\"https:\/\/www.belenushotel.hu\/wp-content\/themes\/belenus\/images\/gallery.svg\"><h4>22<\/h4> <span>pictures<\/span><\/div><div class=\"col-md-11 align-self-end description\"><div class=\"gallery-imgs gal-18811875 row\">\n\t\t\t<div class=\"gallery-item col-sm-10 pref-img\">\n\t\t\t\t\t\t<a href=\"https:\/\/www.belenushotel.hu\/files\/2025\/06\/DSC08066.webp\">\n\t\t\t\t\t\t\t<img decoding=\"async\" src=\"https:\/\/www.belenushotel.hu\/files\/2025\/06\/DSC08066.webp\" alt=\"\" class=\"img-fluid\">\n\t\t\t\t\t\t\t\n\t\t\t\t\t\t\t<span class=\"g-text\">To access the rest of the gallery, click on the image!<\/span>\n\t\t\t\t\t\t<\/a>\n\t\t\t\t\t  \n    \t\t<\/div><a href=\"https:\/\/www.belenushotel.hu\/files\/2025\/06\/DSC08012.webp\" class=\"d-none\">.<\/a><a href=\"https:\/\/www.belenushotel.hu\/files\/2024\/06\/KEP_8998.webp\" class=\"d-none\">.<\/a><a href=\"https:\/\/www.belenushotel.hu\/files\/2024\/06\/DSC09962.webp\" class=\"d-none\">.<\/a><a href=\"https:\/\/www.belenushotel.hu\/files\/2024\/06\/DSC01064.webp\" class=\"d-none\">.<\/a><a href=\"https:\/\/www.belenushotel.hu\/files\/2024\/06\/KEP_9116.webp\" class=\"d-none\">.<\/a><a href=\"https:\/\/www.belenushotel.hu\/files\/2024\/06\/DSC09848.webp\" class=\"d-none\">.<\/a><a href=\"https:\/\/www.belenushotel.hu\/files\/2025\/06\/DSC07990.webp\" class=\"d-none\">.<\/a><a href=\"https:\/\/www.belenushotel.hu\/files\/2024\/06\/KEP_1962.webp\" class=\"d-none\">.<\/a><a href=\"https:\/\/www.belenushotel.hu\/files\/2024\/06\/DSC01187.webp\" class=\"d-none\">.<\/a><a href=\"https:\/\/www.belenushotel.hu\/files\/2024\/06\/Belenus_2019_terasz-3.webp\" class=\"d-none\">.<\/a><a href=\"https:\/\/www.belenushotel.hu\/files\/2024\/06\/DSC09581.webp\" class=\"d-none\">.<\/a><a href=\"https:\/\/www.belenushotel.hu\/files\/2024\/06\/KEP_9288.webp\" class=\"d-none\">.<\/a><a href=\"https:\/\/www.belenushotel.hu\/files\/2024\/06\/KEP_9281.webp\" class=\"d-none\">.<\/a><a href=\"https:\/\/www.belenushotel.hu\/files\/2024\/06\/KEP_9314.webp\" class=\"d-none\">.<\/a><a href=\"https:\/\/www.belenushotel.hu\/files\/2024\/06\/DSC09633.webp\" class=\"d-none\">.<\/a><a href=\"https:\/\/www.belenushotel.hu\/files\/2024\/06\/DSC09721.webp\" class=\"d-none\">.<\/a><a href=\"https:\/\/www.belenushotel.hu\/files\/2024\/06\/100_0879_20190615205959.webp\" class=\"d-none\">.<\/a><a href=\"https:\/\/www.belenushotel.hu\/files\/2024\/06\/KEP_9226.webp\" class=\"d-none\">.<\/a><a href=\"https:\/\/www.belenushotel.hu\/files\/2024\/05\/egyutt_a_csalad_01.webp\" class=\"d-none\">.<\/a><a href=\"https:\/\/www.belenushotel.hu\/files\/2024\/06\/belenushotel-12.webp\" class=\"d-none\">.<\/a><a href=\"https:\/\/www.belenushotel.hu\/files\/2024\/06\/KEP_9036.webp\" class=\"d-none\">.<\/a><\/div><\/div><\/div>\n<div class=\"row section justify-content-end\">\n\t\n\t<div class=\"col-md-11 align-self-end description\">\n\t\t<h3><\/h3>\n\t\t<\/p>\n<h3><a id=\"plazs\"><\/a>Belenus BEACH<\/h3>\n<p>Sunshine, white sand, palm trees\u2026.<\/p>\n<p>For a beach atmosphere, you now only need to travel as far as Zalakaros, where our hotel&#8217;s beautiful park features a white sandy beach, surrounded by 5-meter palm trees, creating an authentic beach feeling with comfortable loungers and hammocks.<\/p>\n<p>Visit us and experience the hospitality of the Belenus Thermalhotel Superior in Zalakaros! Book your room today, and let us take care of your relaxation and enjoyment.<\/p>\n<p>\n\t<\/div>\n<\/div>\n<div class=\"row section justify-content-end\"><div class=\"col-md-1 d-none d-md-block icon\"><img decoding=\"async\" src=\"https:\/\/www.belenushotel.hu\/wp-content\/themes\/belenus\/images\/gallery.svg\"><h4>9<\/h4> <span>pictures<\/span><\/div><div class=\"col-md-11 align-self-end description\"><div class=\"gallery-imgs gal-9421154 row\">\n\t\t\t<div class=\"gallery-item col-sm-10 pref-img\">\n\t\t\t\t\t\t<a href=\"https:\/\/www.belenushotel.hu\/files\/2024\/06\/KEP_9026-1.webp\">\n\t\t\t\t\t\t\t<img decoding=\"async\" src=\"https:\/\/www.belenushotel.hu\/files\/2024\/06\/KEP_9026-1.webp\" alt=\"\" class=\"img-fluid\">\n\t\t\t\t\t\t\t\n\t\t\t\t\t\t\t<span class=\"g-text\">To access the rest of the gallery, click on the image!<\/span>\n\t\t\t\t\t\t<\/a>\n\t\t\t\t\t  \n    \t\t<\/div><a href=\"https:\/\/www.belenushotel.hu\/files\/2024\/06\/KEP_9015-2.webp\" class=\"d-none\">.<\/a><a href=\"https:\/\/www.belenushotel.hu\/files\/2024\/06\/DSC05990.webp\" class=\"d-none\">.<\/a><a href=\"https:\/\/www.belenushotel.hu\/files\/2024\/06\/KEP_9190.webp\" class=\"d-none\">.<\/a><a href=\"https:\/\/www.belenushotel.hu\/files\/2024\/06\/KEP_9011-1.webp\" class=\"d-none\">.<\/a><a href=\"https:\/\/www.belenushotel.hu\/files\/2025\/06\/DSC08035.webp\" class=\"d-none\">.<\/a><a href=\"https:\/\/www.belenushotel.hu\/files\/2024\/06\/KEP_9014.webp\" class=\"d-none\">.<\/a><a href=\"https:\/\/www.belenushotel.hu\/files\/2024\/06\/KEP_9027.webp\" class=\"d-none\">.<\/a><a href=\"https:\/\/www.belenushotel.hu\/files\/2024\/06\/KEP_9017.webp\" class=\"d-none\">.<\/a><\/div><\/div><\/div>\n<div class=\"row section justify-content-end\">\n\t\n\t<div class=\"col-md-11 align-self-end description\">\n\t\t<h3><\/h3>\n\t\t<\/p>\n<h3>New to our Beachfront: A Grassy, Palm-Fringed Lounge Area<\/h3>\n<p>Our sandy beach has been extended to include a new, grassy section, ideal for relaxing, sunbathing, or enjoying some quiet time in a shady spot, embraced by nature.<\/p>\n<p>Explore our hotel&#8217;s renovated beach and soak up the Mediterranean vibe in a setting that&#8217;s now more spacious and lush than ever before.<\/p>\n<p>\n\t<\/div>\n<\/div>\n<div class=\"row section justify-content-end\"><div class=\"col-md-1 d-none d-md-block icon\"><img decoding=\"async\" src=\"https:\/\/www.belenushotel.hu\/wp-content\/themes\/belenus\/images\/gallery.svg\"><h4>13<\/h4> <span>pictures<\/span><\/div><div class=\"col-md-11 align-self-end description\"><div class=\"gallery-imgs gal-19081905 row\">\n\t\t\t<div class=\"gallery-item col-sm-10 pref-img\">\n\t\t\t\t\t\t<a href=\"https:\/\/www.belenushotel.hu\/files\/2025\/06\/DSC07843.webp\">\n\t\t\t\t\t\t\t<img decoding=\"async\" src=\"https:\/\/www.belenushotel.hu\/files\/2025\/06\/DSC07843.webp\" alt=\"\" class=\"img-fluid\">\n\t\t\t\t\t\t\t\n\t\t\t\t\t\t\t<span class=\"g-text\">To access the rest of the gallery, click on the image!<\/span>\n\t\t\t\t\t\t<\/a>\n\t\t\t\t\t  \n    \t\t<\/div><a href=\"https:\/\/www.belenushotel.hu\/files\/2025\/06\/DSC07831.webp\" class=\"d-none\">.<\/a><a href=\"https:\/\/www.belenushotel.hu\/files\/2025\/06\/DSC08066.webp\" class=\"d-none\">.<\/a><a href=\"https:\/\/www.belenushotel.hu\/files\/2025\/06\/DSC07990.webp\" class=\"d-none\">.<\/a><a href=\"https:\/\/www.belenushotel.hu\/files\/2025\/06\/DSC08012.webp\" class=\"d-none\">.<\/a><a href=\"https:\/\/www.belenushotel.hu\/files\/2025\/06\/DSC07867.webp\" class=\"d-none\">.<\/a><a href=\"https:\/\/www.belenushotel.hu\/files\/2025\/06\/DSC08003.webp\" class=\"d-none\">.<\/a><a href=\"https:\/\/www.belenushotel.hu\/files\/2025\/06\/DSC08098.webp\" class=\"d-none\">.<\/a><a href=\"https:\/\/www.belenushotel.hu\/files\/2025\/06\/image0-1.webp\" class=\"d-none\">.<\/a><a href=\"https:\/\/www.belenushotel.hu\/files\/2025\/06\/image21-1.webp\" class=\"d-none\">.<\/a><a href=\"https:\/\/www.belenushotel.hu\/files\/2025\/06\/image1-1.webp\" class=\"d-none\">.<\/a><a href=\"https:\/\/www.belenushotel.hu\/files\/2025\/06\/image2-1.webp\" class=\"d-none\">.<\/a><a href=\"https:\/\/www.belenushotel.hu\/files\/2025\/06\/image3-1.webp\" class=\"d-none\">.<\/a><\/div><\/div><\/div>\n<div class=\"row section justify-content-end\">\n\t<div class=\"col-md-1 d-none d-md-block icon\"><img decoding=\"async\" src=\"https:\/\/www.belenushotel.hu\/wp-content\/themes\/belenus\/images\/gallery.svg\"><\/div>\n\t<div class=\"col-md-11 align-self-end description\">\n\t\t<h3><\/h3>\n\t\t<\/p>\n<div class=\"ratio ratio-16x9\"><iframe loading=\"lazy\" title=\"Belenus Thetmalhotel *** Superior\" width=\"1778\" height=\"1000\" src=\"https:\/\/www.youtube.com\/embed\/y4IeH-GJrP4?feature=oembed&#038;rel=0\" frameborder=\"0\" allow=\"accelerometer; autoplay; clipboard-write; encrypted-media; gyroscope; picture-in-picture; web-share\" referrerpolicy=\"strict-origin-when-cross-origin\" allowfullscreen><\/iframe><\/div>\n<p>\n\t<\/div>\n<\/div>\n<div class=\"row section justify-content-end\">\n\t<div class=\"col-md-1 d-none d-md-block icon\"><img decoding=\"async\" src=\"https:\/\/www.belenushotel.hu\/wp-content\/themes\/belenus\/images\/gallery.svg\"><\/div>\n\t<div class=\"col-md-11 align-self-end description\">\n\t\t<h3><\/h3>\n\t\t<\/p>\n<div class=\"ratio ratio-16x9\"><iframe loading=\"lazy\" title=\"Belenus Thermalhotel*** Superior, Zalakaros\" width=\"1778\" height=\"1000\" src=\"https:\/\/www.youtube.com\/embed\/HMpDpA0McHc?feature=oembed&#038;rel=0\" frameborder=\"0\" allow=\"accelerometer; autoplay; clipboard-write; encrypted-media; gyroscope; picture-in-picture; web-share\" referrerpolicy=\"strict-origin-when-cross-origin\" allowfullscreen><\/iframe><\/div>\n<p>\n\t<\/div>\n<\/div>\n<div id=\"gtx-trans\" style=\"position: absolute; left: 1218px; top: 312px;\">\n<div class=\"gtx-trans-icon\"><\/div>\n<\/div>\n","protected":false},"excerpt":{"rendered":"","protected":false},"author":1,"featured_media":0,"parent":1540,"menu_order":139,"comment_status":"closed","ping_status":"closed","template":"","meta":{"footnotes":""},"class_list":["post-1218","page","type-page","status-publish","hentry"],"yoast_head":"<!-- This site is optimized with the Yoast SEO plugin v27.0 - https:\/\/yoast.com\/product\/yoast-seo-wordpress\/ -->\n<title>About Our Hotel | Belenus Thermalhotel *** Zalakaros<\/title>\n<meta name=\"description\" content=\"Legjobb \u00e1rak a saj\u00e1t honlapon - Igaz\u00e1n isteni hely a felt\u00f6lt\u0151 wellness pihen\u00e9sre. Csod\u00e1s parkkal \u00e9s term\u00e1lvizes medenc\u00e9vel\" \/>\n<meta name=\"robots\" content=\"index, follow, max-snippet:-1, max-image-preview:large, max-video-preview:-1\" \/>\n<link rel=\"canonical\" href=\"https:\/\/www.belenushotel.hu\/en\/hotel\/about-our-hotel\/\" \/>\n<meta property=\"og:locale\" content=\"en_US\" \/>\n<meta property=\"og:type\" content=\"article\" \/>\n<meta property=\"og:title\" content=\"About Our Hotel | Belenus Thermalhotel *** Zalakaros\" \/>\n<meta property=\"og:description\" content=\"Legjobb \u00e1rak a saj\u00e1t honlapon - Igaz\u00e1n isteni hely a felt\u00f6lt\u0151 wellness pihen\u00e9sre. Csod\u00e1s parkkal \u00e9s term\u00e1lvizes medenc\u00e9vel\" \/>\n<meta property=\"og:url\" content=\"https:\/\/www.belenushotel.hu\/en\/hotel\/about-our-hotel\/\" \/>\n<meta property=\"og:site_name\" content=\"Belenus Thermalhotel *** Zalakaros\" \/>\n<meta property=\"article:publisher\" content=\"https:\/\/www.facebook.com\/belenushotel\" \/>\n<meta property=\"article:modified_time\" content=\"2025-06-10T14:01:31+00:00\" \/>\n<meta property=\"og:image\" content=\"https:\/\/www.belenushotel.hu\/wp-content\/themes\/belenus\/images\/gallery.svg\" \/>\n<meta name=\"twitter:card\" content=\"summary_large_image\" \/>\n<meta name=\"twitter:label1\" content=\"Est. reading time\" \/>\n\t<meta name=\"twitter:data1\" content=\"3 minutes\" \/>\n<script type=\"application\/ld+json\" class=\"yoast-schema-graph\">{\"@context\":\"https:\/\/schema.org\",\"@graph\":[{\"@type\":\"WebPage\",\"@id\":\"https:\/\/www.belenushotel.hu\/en\/hotel\/about-our-hotel\/\",\"url\":\"https:\/\/www.belenushotel.hu\/en\/hotel\/about-our-hotel\/\",\"name\":\"About Our Hotel | Belenus Thermalhotel *** Zalakaros\",\"isPartOf\":{\"@id\":\"https:\/\/www.belenushotel.hu\/#website\"},\"datePublished\":\"2024-05-27T17:36:51+00:00\",\"dateModified\":\"2025-06-10T14:01:31+00:00\",\"description\":\"Legjobb \u00e1rak a saj\u00e1t honlapon - Igaz\u00e1n isteni hely a felt\u00f6lt\u0151 wellness pihen\u00e9sre. Csod\u00e1s parkkal \u00e9s term\u00e1lvizes medenc\u00e9vel\",\"breadcrumb\":{\"@id\":\"https:\/\/www.belenushotel.hu\/en\/hotel\/about-our-hotel\/#breadcrumb\"},\"inLanguage\":\"en-US\",\"potentialAction\":[{\"@type\":\"ReadAction\",\"target\":[\"https:\/\/www.belenushotel.hu\/en\/hotel\/about-our-hotel\/\"]}]},{\"@type\":\"BreadcrumbList\",\"@id\":\"https:\/\/www.belenushotel.hu\/en\/hotel\/about-our-hotel\/#breadcrumb\",\"itemListElement\":[{\"@type\":\"ListItem\",\"position\":1,\"name\":\"Hotel\",\"item\":\"https:\/\/www.belenushotel.hu\/en\/hotel\/\"},{\"@type\":\"ListItem\",\"position\":2,\"name\":\"About Our Hotel\"}]},{\"@type\":\"WebSite\",\"@id\":\"https:\/\/www.belenushotel.hu\/#website\",\"url\":\"https:\/\/www.belenushotel.hu\/\",\"name\":\"Belenus Thermalhotel *** Superior Zalakaros\",\"description\":\"Egy \u201eisteni\u201d hely...\",\"publisher\":{\"@id\":\"https:\/\/www.belenushotel.hu\/#organization\"},\"potentialAction\":[{\"@type\":\"SearchAction\",\"target\":{\"@type\":\"EntryPoint\",\"urlTemplate\":\"https:\/\/www.belenushotel.hu\/?s={search_term_string}\"},\"query-input\":{\"@type\":\"PropertyValueSpecification\",\"valueRequired\":true,\"valueName\":\"search_term_string\"}}],\"inLanguage\":\"en-US\"},{\"@type\":\"Organization\",\"@id\":\"https:\/\/www.belenushotel.hu\/#organization\",\"name\":\"Belenus Thermalhotel *** Superior Zalakaros\",\"url\":\"https:\/\/www.belenushotel.hu\/\",\"logo\":{\"@type\":\"ImageObject\",\"inLanguage\":\"en-US\",\"@id\":\"https:\/\/www.belenushotel.hu\/#\/schema\/logo\/image\/\",\"url\":\"https:\/\/www.belenushotel.hu\/files\/2024\/06\/belenus_logo_696.webp\",\"contentUrl\":\"https:\/\/www.belenushotel.hu\/files\/2024\/06\/belenus_logo_696.webp\",\"width\":696,\"height\":696,\"caption\":\"Belenus Thermalhotel *** Superior Zalakaros\"},\"image\":{\"@id\":\"https:\/\/www.belenushotel.hu\/#\/schema\/logo\/image\/\"},\"sameAs\":[\"https:\/\/www.facebook.com\/belenushotel\"]}]}<\/script>\n<!-- \/ Yoast SEO plugin. -->","yoast_head_json":{"title":"About Our Hotel | Belenus Thermalhotel *** Zalakaros","description":"Legjobb \u00e1rak a saj\u00e1t honlapon - Igaz\u00e1n isteni hely a felt\u00f6lt\u0151 wellness pihen\u00e9sre. Csod\u00e1s parkkal \u00e9s term\u00e1lvizes medenc\u00e9vel","robots":{"index":"index","follow":"follow","max-snippet":"max-snippet:-1","max-image-preview":"max-image-preview:large","max-video-preview":"max-video-preview:-1"},"canonical":"https:\/\/www.belenushotel.hu\/en\/hotel\/about-our-hotel\/","og_locale":"en_US","og_type":"article","og_title":"About Our Hotel | Belenus Thermalhotel *** Zalakaros","og_description":"Legjobb \u00e1rak a saj\u00e1t honlapon - Igaz\u00e1n isteni hely a felt\u00f6lt\u0151 wellness pihen\u00e9sre. Csod\u00e1s parkkal \u00e9s term\u00e1lvizes medenc\u00e9vel","og_url":"https:\/\/www.belenushotel.hu\/en\/hotel\/about-our-hotel\/","og_site_name":"Belenus Thermalhotel *** Zalakaros","article_publisher":"https:\/\/www.facebook.com\/belenushotel","article_modified_time":"2025-06-10T14:01:31+00:00","og_image":[{"url":"https:\/\/www.belenushotel.hu\/wp-content\/themes\/belenus\/images\/gallery.svg","type":"","width":"","height":""}],"twitter_card":"summary_large_image","twitter_misc":{"Est. reading time":"3 minutes"},"schema":{"@context":"https:\/\/schema.org","@graph":[{"@type":"WebPage","@id":"https:\/\/www.belenushotel.hu\/en\/hotel\/about-our-hotel\/","url":"https:\/\/www.belenushotel.hu\/en\/hotel\/about-our-hotel\/","name":"About Our Hotel | Belenus Thermalhotel *** Zalakaros","isPartOf":{"@id":"https:\/\/www.belenushotel.hu\/#website"},"datePublished":"2024-05-27T17:36:51+00:00","dateModified":"2025-06-10T14:01:31+00:00","description":"Legjobb \u00e1rak a saj\u00e1t honlapon - Igaz\u00e1n isteni hely a felt\u00f6lt\u0151 wellness pihen\u00e9sre. Csod\u00e1s parkkal \u00e9s term\u00e1lvizes medenc\u00e9vel","breadcrumb":{"@id":"https:\/\/www.belenushotel.hu\/en\/hotel\/about-our-hotel\/#breadcrumb"},"inLanguage":"en-US","potentialAction":[{"@type":"ReadAction","target":["https:\/\/www.belenushotel.hu\/en\/hotel\/about-our-hotel\/"]}]},{"@type":"BreadcrumbList","@id":"https:\/\/www.belenushotel.hu\/en\/hotel\/about-our-hotel\/#breadcrumb","itemListElement":[{"@type":"ListItem","position":1,"name":"Hotel","item":"https:\/\/www.belenushotel.hu\/en\/hotel\/"},{"@type":"ListItem","position":2,"name":"About Our Hotel"}]},{"@type":"WebSite","@id":"https:\/\/www.belenushotel.hu\/#website","url":"https:\/\/www.belenushotel.hu\/","name":"Belenus Thermalhotel *** Superior Zalakaros","description":"Egy \u201eisteni\u201d hely...","publisher":{"@id":"https:\/\/www.belenushotel.hu\/#organization"},"potentialAction":[{"@type":"SearchAction","target":{"@type":"EntryPoint","urlTemplate":"https:\/\/www.belenushotel.hu\/?s={search_term_string}"},"query-input":{"@type":"PropertyValueSpecification","valueRequired":true,"valueName":"search_term_string"}}],"inLanguage":"en-US"},{"@type":"Organization","@id":"https:\/\/www.belenushotel.hu\/#organization","name":"Belenus Thermalhotel *** Superior Zalakaros","url":"https:\/\/www.belenushotel.hu\/","logo":{"@type":"ImageObject","inLanguage":"en-US","@id":"https:\/\/www.belenushotel.hu\/#\/schema\/logo\/image\/","url":"https:\/\/www.belenushotel.hu\/files\/2024\/06\/belenus_logo_696.webp","contentUrl":"https:\/\/www.belenushotel.hu\/files\/2024\/06\/belenus_logo_696.webp","width":696,"height":696,"caption":"Belenus Thermalhotel *** Superior Zalakaros"},"image":{"@id":"https:\/\/www.belenushotel.hu\/#\/schema\/logo\/image\/"},"sameAs":["https:\/\/www.facebook.com\/belenushotel"]}]}},"_links":{"self":[{"href":"https:\/\/www.belenushotel.hu\/en\/wp-json\/wp\/v2\/pages\/1218","targetHints":{"allow":["GET"]}}],"collection":[{"href":"https:\/\/www.belenushotel.hu\/en\/wp-json\/wp\/v2\/pages"}],"about":[{"href":"https:\/\/www.belenushotel.hu\/en\/wp-json\/wp\/v2\/types\/page"}],"author":[{"embeddable":true,"href":"https:\/\/www.belenushotel.hu\/en\/wp-json\/wp\/v2\/users\/1"}],"replies":[{"embeddable":true,"href":"https:\/\/www.belenushotel.hu\/en\/wp-json\/wp\/v2\/comments?post=1218"}],"version-history":[{"count":0,"href":"https:\/\/www.belenushotel.hu\/en\/wp-json\/wp\/v2\/pages\/1218\/revisions"}],"up":[{"embeddable":true,"href":"https:\/\/www.belenushotel.hu\/en\/wp-json\/wp\/v2\/pages\/1540"}],"wp:attachment":[{"href":"https:\/\/www.belenushotel.hu\/en\/wp-json\/wp\/v2\/media?parent=1218"}],"curies":[{"name":"wp","href":"https:\/\/api.w.org\/{rel}","templated":true}]}}