{"id":2006,"date":"2025-11-14T17:32:52","date_gmt":"2025-11-14T15:32:52","guid":{"rendered":"https:\/\/www.belenushotel.hu\/?page_id=2006"},"modified":"2026-01-23T10:10:25","modified_gmt":"2026-01-23T08:10:25","slug":"unsere-zimmer-werden-renoviert","status":"publish","type":"page","link":"https:\/\/www.belenushotel.hu\/de\/informationen\/unsere-zimmer-werden-renoviert\/","title":{"rendered":"Unsere Zimmer werden renoviert"},"content":{"rendered":"<h1>Das perfekte Erlebnis von Komfort und Qualit\u00e4t erwartet Sie!<\/h1>\n<p>&nbsp;<\/p>\n<h2>Liebe G\u00e4ste,<\/h2>\n<p data-start=\"108\" data-end=\"320\">Wir freuen uns, Sie dar\u00fcber informieren zu d\u00fcrfen, dass in unserem Hotel ab Januar 2026 eine umfassende Zimmerrenovierung stattfindet, bei der 38 unserer Zimmer entsprechend den h\u00f6chsten Komfort- und \u00c4sthetikanspr\u00fcchen erneuert werden.<\/p>\n<p data-start=\"322\" data-end=\"584\">Die Arbeiten erfolgen etagenweise und nach einem festen Zeitplan, sodass der Hotelbetrieb w\u00e4hrend der Renovierung ungest\u00f6rt weiterl\u00e4uft. W\u00e4hrend der Modernisierung legen wir besonderen Wert darauf, dass die Ruhe unserer G\u00e4ste in keiner Weise beeintr\u00e4chtigt wird.<\/p>\n<p data-start=\"586\" data-end=\"859\">Ger\u00e4uschintensive Arbeiten, die mit Abbruch verbunden sind, f\u00fchren wir ausschlie\u00dflich w\u00e4hrend kurzer Betriebspausen durch. Diese beeintr\u00e4chtigen weder den t\u00e4glichen Betrieb noch den Komfort unserer G\u00e4ste.<br data-start=\"790\" data-end=\"793\" \/>Betriebspausen:<br \/>\n<strong>11.01. &#8211; 20.01.2026,<br \/>\n22.02. &#8211; 05.03.2026,<br \/>\n12.04. &#8211; 21.04.2026.<\/strong><\/p>\n<p data-start=\"861\" data-end=\"910\">Belenus \u2013 an der Schwelle zu einer neuen \u00c4ra\u2026<\/p>\n<p data-start=\"912\" data-end=\"1034\">In unseren neuen Zimmern erwartet unsere G\u00e4ste die elegante Harmonie warmer Pastellt\u00f6ne sowie von Marmor- und Golddetails.<\/p>\n<div class=\"row section justify-content-end\"><div class=\"col-md-1 d-none d-md-block icon\"><img decoding=\"async\" src=\"https:\/\/www.belenushotel.hu\/wp-content\/themes\/belenus\/images\/gallery.svg\"><h4>3<\/h4> <span>Bilder<\/span><\/div><div class=\"col-md-11 align-self-end description\"><div class=\"gallery-imgs gal-19961999 row\">\n            <div class=\"gallery-item col-sm-6 col-lg-4\">\n                    <a href=\"https:\/\/www.belenushotel.hu\/files\/2025\/11\/szoba.webp\">\n                        <img decoding=\"async\" src=\"https:\/\/www.belenushotel.hu\/files\/2025\/11\/szoba-540x360.webp\" alt=\"\" class=\"img-fluid\">\n\t\t\t\t\t\t\t\t\n                    <\/a>\n            <\/div>\n            <div class=\"gallery-item col-sm-6 col-lg-4\">\n                    <a href=\"https:\/\/www.belenushotel.hu\/files\/2025\/11\/furdo-1.webp\">\n                        <img decoding=\"async\" src=\"https:\/\/www.belenushotel.hu\/files\/2025\/11\/furdo-1-540x360.webp\" alt=\"\" class=\"img-fluid\">\n\t\t\t\t\t\t\t\t\n                    <\/a>\n            <\/div>\n            <div class=\"gallery-item col-sm-6 col-lg-4\">\n                    <a href=\"https:\/\/www.belenushotel.hu\/files\/2025\/11\/terasz.webp\">\n                        <img decoding=\"async\" src=\"https:\/\/www.belenushotel.hu\/files\/2025\/11\/terasz-540x360.webp\" alt=\"\" class=\"img-fluid\">\n\t\t\t\t\t\t\t\t\n                    <\/a>\n            <\/div><\/div><\/div><\/div>\n<p>&nbsp;<\/p>\n<p>Wir danken Ihnen f\u00fcr Ihr Verst\u00e4ndnis und Ihre Geduld, w\u00e4hrend unser Hotel erneuert wird, um Ihnen k\u00fcnftig ein noch angenehmeres Erlebnis bieten zu k\u00f6nnen.<\/p>\n<p>&nbsp;<\/p>\n<p>Mit freundlichen Gr\u00fc\u00dfen<\/p>\n<p>Das Team des Belenus Thermalhotels<\/p>\n<p>&nbsp;<\/p>\n<p>17.11.2025<\/p>\n","protected":false},"excerpt":{"rendered":"<p>Das perfekte Erlebnis von Komfort und Qualit\u00e4t erwartet Sie! &nbsp; Liebe G\u00e4ste, Wir freuen uns, Sie dar\u00fcber informieren zu d\u00fcrfen, dass in unserem Hotel ab Januar 2026 eine umfassende Zimmerrenovierung stattfindet, bei der 38 unserer Zimmer entsprechend den h\u00f6chsten Komfort- und \u00c4sthetikanspr\u00fcchen erneuert werden. Die Arbeiten erfolgen etagenweise und nach einem festen Zeitplan, sodass der [&hellip;]<\/p>\n","protected":false},"author":1,"featured_media":0,"parent":1554,"menu_order":2,"comment_status":"closed","ping_status":"closed","template":"","meta":{"footnotes":""},"class_list":["post-2006","page","type-page","status-publish","hentry"],"yoast_head":"<!-- This site is optimized with the Yoast SEO plugin v27.5 - https:\/\/yoast.com\/product\/yoast-seo-wordpress\/ -->\n<title>Unsere Zimmer werden renoviert | Belenus Thermalhotel *** Zalakaros<\/title>\n<meta name=\"description\" content=\"Legjobb \u00e1rak a saj\u00e1t honlapon - Igaz\u00e1n isteni hely a felt\u00f6lt\u0151 wellness pihen\u00e9sre. Csod\u00e1s parkkal \u00e9s term\u00e1lvizes medenc\u00e9vel\" \/>\n<meta name=\"robots\" content=\"index, follow, max-snippet:-1, max-image-preview:large, max-video-preview:-1\" \/>\n<link rel=\"canonical\" href=\"https:\/\/www.belenushotel.hu\/de\/informationen\/unsere-zimmer-werden-renoviert\/\" \/>\n<meta property=\"og:locale\" content=\"de_DE\" \/>\n<meta property=\"og:type\" content=\"article\" \/>\n<meta property=\"og:title\" content=\"Unsere Zimmer werden renoviert | Belenus Thermalhotel *** Zalakaros\" \/>\n<meta property=\"og:description\" content=\"Legjobb \u00e1rak a saj\u00e1t honlapon - Igaz\u00e1n isteni hely a felt\u00f6lt\u0151 wellness pihen\u00e9sre. Csod\u00e1s parkkal \u00e9s term\u00e1lvizes medenc\u00e9vel\" \/>\n<meta property=\"og:url\" content=\"https:\/\/www.belenushotel.hu\/de\/informationen\/unsere-zimmer-werden-renoviert\/\" \/>\n<meta property=\"og:site_name\" content=\"Belenus Thermalhotel *** Zalakaros\" \/>\n<meta property=\"article:publisher\" content=\"https:\/\/www.facebook.com\/belenushotel\" \/>\n<meta property=\"article:modified_time\" content=\"2026-01-23T08:10:25+00:00\" \/>\n<meta property=\"og:image\" content=\"https:\/\/www.belenushotel.hu\/wp-content\/themes\/belenus\/images\/gallery.svg\" \/>\n<meta name=\"twitter:card\" content=\"summary_large_image\" \/>\n<meta name=\"twitter:label1\" content=\"Gesch\u00e4tzte Lesezeit\" \/>\n\t<meta name=\"twitter:data1\" content=\"1\u00a0Minute\" \/>\n<script type=\"application\/ld+json\" class=\"yoast-schema-graph\">{\"@context\":\"https:\\\/\\\/schema.org\",\"@graph\":[{\"@type\":\"WebPage\",\"@id\":\"https:\\\/\\\/www.belenushotel.hu\\\/de\\\/informationen\\\/unsere-zimmer-werden-renoviert\\\/\",\"url\":\"https:\\\/\\\/www.belenushotel.hu\\\/de\\\/informationen\\\/unsere-zimmer-werden-renoviert\\\/\",\"name\":\"Unsere Zimmer werden renoviert | Belenus Thermalhotel *** Zalakaros\",\"isPartOf\":{\"@id\":\"https:\\\/\\\/www.belenushotel.hu\\\/#website\"},\"datePublished\":\"2025-11-14T15:32:52+00:00\",\"dateModified\":\"2026-01-23T08:10:25+00:00\",\"description\":\"Legjobb \u00e1rak a saj\u00e1t honlapon - Igaz\u00e1n isteni hely a felt\u00f6lt\u0151 wellness pihen\u00e9sre. Csod\u00e1s parkkal \u00e9s term\u00e1lvizes medenc\u00e9vel\",\"breadcrumb\":{\"@id\":\"https:\\\/\\\/www.belenushotel.hu\\\/de\\\/informationen\\\/unsere-zimmer-werden-renoviert\\\/#breadcrumb\"},\"inLanguage\":\"de\",\"potentialAction\":[{\"@type\":\"ReadAction\",\"target\":[\"https:\\\/\\\/www.belenushotel.hu\\\/de\\\/informationen\\\/unsere-zimmer-werden-renoviert\\\/\"]}]},{\"@type\":\"BreadcrumbList\",\"@id\":\"https:\\\/\\\/www.belenushotel.hu\\\/de\\\/informationen\\\/unsere-zimmer-werden-renoviert\\\/#breadcrumb\",\"itemListElement\":[{\"@type\":\"ListItem\",\"position\":1,\"name\":\"Informationen\",\"item\":\"https:\\\/\\\/www.belenushotel.hu\\\/de\\\/informationen\\\/\"},{\"@type\":\"ListItem\",\"position\":2,\"name\":\"Unsere Zimmer werden renoviert\"}]},{\"@type\":\"WebSite\",\"@id\":\"https:\\\/\\\/www.belenushotel.hu\\\/#website\",\"url\":\"https:\\\/\\\/www.belenushotel.hu\\\/\",\"name\":\"Belenus Thermalhotel *** Superior Zalakaros\",\"description\":\"Egy \u201eisteni\u201d hely...\",\"publisher\":{\"@id\":\"https:\\\/\\\/www.belenushotel.hu\\\/#organization\"},\"potentialAction\":[{\"@type\":\"SearchAction\",\"target\":{\"@type\":\"EntryPoint\",\"urlTemplate\":\"https:\\\/\\\/www.belenushotel.hu\\\/?s={search_term_string}\"},\"query-input\":{\"@type\":\"PropertyValueSpecification\",\"valueRequired\":true,\"valueName\":\"search_term_string\"}}],\"inLanguage\":\"de\"},{\"@type\":\"Organization\",\"@id\":\"https:\\\/\\\/www.belenushotel.hu\\\/#organization\",\"name\":\"Belenus Thermalhotel *** Superior Zalakaros\",\"url\":\"https:\\\/\\\/www.belenushotel.hu\\\/\",\"logo\":{\"@type\":\"ImageObject\",\"inLanguage\":\"de\",\"@id\":\"https:\\\/\\\/www.belenushotel.hu\\\/#\\\/schema\\\/logo\\\/image\\\/\",\"url\":\"https:\\\/\\\/www.belenushotel.hu\\\/files\\\/2024\\\/06\\\/belenus_logo_696.webp\",\"contentUrl\":\"https:\\\/\\\/www.belenushotel.hu\\\/files\\\/2024\\\/06\\\/belenus_logo_696.webp\",\"width\":696,\"height\":696,\"caption\":\"Belenus Thermalhotel *** Superior Zalakaros\"},\"image\":{\"@id\":\"https:\\\/\\\/www.belenushotel.hu\\\/#\\\/schema\\\/logo\\\/image\\\/\"},\"sameAs\":[\"https:\\\/\\\/www.facebook.com\\\/belenushotel\"]}]}<\/script>\n<!-- \/ Yoast SEO plugin. -->","yoast_head_json":{"title":"Unsere Zimmer werden renoviert | Belenus Thermalhotel *** Zalakaros","description":"Legjobb \u00e1rak a saj\u00e1t honlapon - Igaz\u00e1n isteni hely a felt\u00f6lt\u0151 wellness pihen\u00e9sre. Csod\u00e1s parkkal \u00e9s term\u00e1lvizes medenc\u00e9vel","robots":{"index":"index","follow":"follow","max-snippet":"max-snippet:-1","max-image-preview":"max-image-preview:large","max-video-preview":"max-video-preview:-1"},"canonical":"https:\/\/www.belenushotel.hu\/de\/informationen\/unsere-zimmer-werden-renoviert\/","og_locale":"de_DE","og_type":"article","og_title":"Unsere Zimmer werden renoviert | Belenus Thermalhotel *** Zalakaros","og_description":"Legjobb \u00e1rak a saj\u00e1t honlapon - Igaz\u00e1n isteni hely a felt\u00f6lt\u0151 wellness pihen\u00e9sre. Csod\u00e1s parkkal \u00e9s term\u00e1lvizes medenc\u00e9vel","og_url":"https:\/\/www.belenushotel.hu\/de\/informationen\/unsere-zimmer-werden-renoviert\/","og_site_name":"Belenus Thermalhotel *** Zalakaros","article_publisher":"https:\/\/www.facebook.com\/belenushotel","article_modified_time":"2026-01-23T08:10:25+00:00","og_image":[{"url":"https:\/\/www.belenushotel.hu\/wp-content\/themes\/belenus\/images\/gallery.svg","type":"","width":"","height":""}],"twitter_card":"summary_large_image","twitter_misc":{"Gesch\u00e4tzte Lesezeit":"1\u00a0Minute"},"schema":{"@context":"https:\/\/schema.org","@graph":[{"@type":"WebPage","@id":"https:\/\/www.belenushotel.hu\/de\/informationen\/unsere-zimmer-werden-renoviert\/","url":"https:\/\/www.belenushotel.hu\/de\/informationen\/unsere-zimmer-werden-renoviert\/","name":"Unsere Zimmer werden renoviert | Belenus Thermalhotel *** Zalakaros","isPartOf":{"@id":"https:\/\/www.belenushotel.hu\/#website"},"datePublished":"2025-11-14T15:32:52+00:00","dateModified":"2026-01-23T08:10:25+00:00","description":"Legjobb \u00e1rak a saj\u00e1t honlapon - Igaz\u00e1n isteni hely a felt\u00f6lt\u0151 wellness pihen\u00e9sre. Csod\u00e1s parkkal \u00e9s term\u00e1lvizes medenc\u00e9vel","breadcrumb":{"@id":"https:\/\/www.belenushotel.hu\/de\/informationen\/unsere-zimmer-werden-renoviert\/#breadcrumb"},"inLanguage":"de","potentialAction":[{"@type":"ReadAction","target":["https:\/\/www.belenushotel.hu\/de\/informationen\/unsere-zimmer-werden-renoviert\/"]}]},{"@type":"BreadcrumbList","@id":"https:\/\/www.belenushotel.hu\/de\/informationen\/unsere-zimmer-werden-renoviert\/#breadcrumb","itemListElement":[{"@type":"ListItem","position":1,"name":"Informationen","item":"https:\/\/www.belenushotel.hu\/de\/informationen\/"},{"@type":"ListItem","position":2,"name":"Unsere Zimmer werden renoviert"}]},{"@type":"WebSite","@id":"https:\/\/www.belenushotel.hu\/#website","url":"https:\/\/www.belenushotel.hu\/","name":"Belenus Thermalhotel *** Superior Zalakaros","description":"Egy \u201eisteni\u201d hely...","publisher":{"@id":"https:\/\/www.belenushotel.hu\/#organization"},"potentialAction":[{"@type":"SearchAction","target":{"@type":"EntryPoint","urlTemplate":"https:\/\/www.belenushotel.hu\/?s={search_term_string}"},"query-input":{"@type":"PropertyValueSpecification","valueRequired":true,"valueName":"search_term_string"}}],"inLanguage":"de"},{"@type":"Organization","@id":"https:\/\/www.belenushotel.hu\/#organization","name":"Belenus Thermalhotel *** Superior Zalakaros","url":"https:\/\/www.belenushotel.hu\/","logo":{"@type":"ImageObject","inLanguage":"de","@id":"https:\/\/www.belenushotel.hu\/#\/schema\/logo\/image\/","url":"https:\/\/www.belenushotel.hu\/files\/2024\/06\/belenus_logo_696.webp","contentUrl":"https:\/\/www.belenushotel.hu\/files\/2024\/06\/belenus_logo_696.webp","width":696,"height":696,"caption":"Belenus Thermalhotel *** Superior Zalakaros"},"image":{"@id":"https:\/\/www.belenushotel.hu\/#\/schema\/logo\/image\/"},"sameAs":["https:\/\/www.facebook.com\/belenushotel"]}]}},"_links":{"self":[{"href":"https:\/\/www.belenushotel.hu\/de\/wp-json\/wp\/v2\/pages\/2006","targetHints":{"allow":["GET"]}}],"collection":[{"href":"https:\/\/www.belenushotel.hu\/de\/wp-json\/wp\/v2\/pages"}],"about":[{"href":"https:\/\/www.belenushotel.hu\/de\/wp-json\/wp\/v2\/types\/page"}],"author":[{"embeddable":true,"href":"https:\/\/www.belenushotel.hu\/de\/wp-json\/wp\/v2\/users\/1"}],"replies":[{"embeddable":true,"href":"https:\/\/www.belenushotel.hu\/de\/wp-json\/wp\/v2\/comments?post=2006"}],"version-history":[{"count":0,"href":"https:\/\/www.belenushotel.hu\/de\/wp-json\/wp\/v2\/pages\/2006\/revisions"}],"up":[{"embeddable":true,"href":"https:\/\/www.belenushotel.hu\/de\/wp-json\/wp\/v2\/pages\/1554"}],"wp:attachment":[{"href":"https:\/\/www.belenushotel.hu\/de\/wp-json\/wp\/v2\/media?parent=2006"}],"curies":[{"name":"wp","href":"https:\/\/api.w.org\/{rel}","templated":true}]}}