{"id":1617,"date":"2024-05-28T16:41:37","date_gmt":"2024-05-28T16:41:37","guid":{"rendered":"https:\/\/www.belenushotel.hu\/?page_id=1617"},"modified":"2024-06-11T13:29:00","modified_gmt":"2024-06-11T13:29:00","slug":"veranstaltungen-organisiert-von-der-stadt-zalakaros","status":"publish","type":"page","link":"https:\/\/www.belenushotel.hu\/de\/service\/programme\/veranstaltungen-organisiert-von-der-stadt-zalakaros\/","title":{"rendered":"Veranstaltungen organisiert von der Stadt Zalakaros"},"content":{"rendered":"<p>Durch die folgenden organisierten Veranstaltungen k\u00f6nnen Sie Einblicke in die ungarische Kultur, die Sch\u00f6nheit der umliegenden St\u00e4dte und Landschaften gewinnen und die gastfreundlichen Menschen hier kennenlernen.<\/p>\n<h2>Zalakaros Programs 2024<\/h2>\n<p>&nbsp;<\/p>\n<table class=\"table-responsive program\" class=\"table-responsive\">\n<thead>\n<tr>\n<th>Datum<\/th>\n<th>Ereignis<\/th>\n<th>Ort<\/th>\n<\/tr>\n<\/thead>\n<tbody>\n<tr>\n<td>Januar 6.<\/td>\n<td>Abschied von den Winterferien<\/td>\n<td><\/td>\n<\/tr>\n<tr>\n<td>Januar 20.<\/td>\n<td>Quizabend<\/td>\n<td><\/td>\n<\/tr>\n<tr>\n<td>Januar 27.<\/td>\n<td>Schlachtfest am Kleinen Balaton<\/td>\n<td><\/td>\n<\/tr>\n<tr>\n<td>Februar 10.<\/td>\n<td>Fasching<\/td>\n<td><\/td>\n<\/tr>\n<tr>\n<td>Februar 17.<\/td>\n<td>Valentinstag<\/td>\n<td><\/td>\n<\/tr>\n<tr>\n<td>Marz 7.<\/td>\n<td>Begr\u00fc\u00dfung der in Zalakaros arbeitenden Frauen<\/td>\n<td><\/td>\n<\/tr>\n<tr>\n<td>Marz 9.<\/td>\n<td>Frauentag auf dem Korso<\/td>\n<td><\/td>\n<\/tr>\n<tr>\n<td>Marz 15-17.<\/td>\n<td>FreiheitIN ZalakarosIN<\/td>\n<td><\/td>\n<\/tr>\n<tr>\n<td>Marz 29. \u2013 April 1.<\/td>\n<td>Ostern<\/td>\n<td><\/td>\n<\/tr>\n<tr>\n<td>April 13.<\/td>\n<td>Lustspiel<\/td>\n<td><\/td>\n<\/tr>\n<tr>\n<td>April 26-28.<\/td>\n<td>Tag der Motorradfahrer<\/td>\n<td><\/td>\n<\/tr>\n<tr>\n<td>April 30.<\/td>\n<td>Maibaumaufstellung<\/td>\n<td><\/td>\n<\/tr>\n<tr>\n<td>Mai 1.<\/td>\n<td>Korso Maifest<\/td>\n<td><\/td>\n<\/tr>\n<tr>\n<td>Mai 4.<\/td>\n<td>Gastro Korso<\/td>\n<td><\/td>\n<\/tr>\n<tr>\n<td>Mai 10-11.<\/td>\n<td>Nacht der Kaffeeh\u00e4user<\/td>\n<td><\/td>\n<\/tr>\n<tr>\n<td>Mai 17-20.<\/td>\n<td>Pfingstwochenende (Das ist unser Zirkus)<\/td>\n<td><\/td>\n<\/tr>\n<tr>\n<td>Mai 25. \u2013 Juni 2.<\/td>\n<td>Schachturnier<\/td>\n<td><\/td>\n<\/tr>\n<tr>\n<td>Mai 25. oder Juni 1.<\/td>\n<td>Familien- und Kindertag<\/td>\n<td><\/td>\n<\/tr>\n<tr>\n<td>Juni 15.<\/td>\n<td>Lederhosen- und Tamburinabend<\/td>\n<td><\/td>\n<\/tr>\n<tr>\n<td>Juni 21-23.<\/td>\n<td>Tour de Zalakaros<\/td>\n<td><\/td>\n<\/tr>\n<tr>\n<td>Juli 1. \u2013 August 31.<\/td>\n<td>Sommerabende auf dem Korso<\/td>\n<td><\/td>\n<\/tr>\n<tr>\n<td>Juli 6.<\/td>\n<td>Karos Rhythmus<\/td>\n<td><\/td>\n<\/tr>\n<tr>\n<td>Juli 12-14.<\/td>\n<td>Tag der Stadt Zalakaros<\/td>\n<td><\/td>\n<\/tr>\n<tr>\n<td>Juli 20.<\/td>\n<td>Feiere in Karos<\/td>\n<td><\/td>\n<\/tr>\n<tr>\n<td>August 7-11.<\/td>\n<td>XXVI. Zalakaroser Weintage<\/td>\n<td><\/td>\n<\/tr>\n<tr>\n<td>August 17-20.<\/td>\n<td>St. Stephans Tage<\/td>\n<td><\/td>\n<\/tr>\n<tr>\n<td>August 31.<\/td>\n<td>Sommerabschied<\/td>\n<td><\/td>\n<\/tr>\n<tr>\n<td>September 14.<\/td>\n<td>Weinlesefest<\/td>\n<td><\/td>\n<\/tr>\n<tr>\n<td>September 15.<\/td>\n<td>Laufwettbewerb um den Kleinen Balaton<\/td>\n<td><\/td>\n<\/tr>\n<tr>\n<td>September 27-28.<\/td>\n<td>OktFeszt<\/td>\n<td><\/td>\n<\/tr>\n<tr>\n<td>Oktober 26. \u2013 November 3.<\/td>\n<td>K\u00fcrbisfest in Zalakaros<\/td>\n<td><\/td>\n<\/tr>\n<tr>\n<td>November 8-9.<\/td>\n<td>Weinbergh\u00fcgel-Picknick<\/td>\n<td><\/td>\n<\/tr>\n<tr>\n<td><\/td>\n<td><strong>Adventswochenenden<\/strong><\/td>\n<td><\/td>\n<\/tr>\n<tr>\n<td>November 30.<\/td>\n<td>Nikolaus-Erwartung<\/td>\n<td><\/td>\n<\/tr>\n<tr>\n<td>Dezember 7.<\/td>\n<td>L\u00e4ndliche Stimmung<\/td>\n<td><\/td>\n<\/tr>\n<tr>\n<td>Dezember 14.<\/td>\n<td>Bl\u00e4serweihnachten<\/td>\n<td><\/td>\n<\/tr>\n<tr>\n<td>Dezember 21.<\/td>\n<td>Licht im Dunkeln<\/td>\n<td><\/td>\n<\/tr>\n<tr>\n<td>Dezember 27-31.<\/td>\n<td>Sternzauber in Zalakaros<\/td>\n<td><\/td>\n<\/tr>\n<\/tbody>\n<\/table>\n","protected":false},"excerpt":{"rendered":"<p>Durch die folgenden organisierten Veranstaltungen k\u00f6nnen Sie Einblicke in die ungarische Kultur, die Sch\u00f6nheit der umliegenden St\u00e4dte und Landschaften gewinnen und die gastfreundlichen Menschen hier kennenlernen. Zalakaros Programs 2024 &nbsp; Datum Ereignis Ort Januar 6. Abschied von den Winterferien Januar 20. Quizabend Januar 27. Schlachtfest am Kleinen Balaton Februar 10. Fasching Februar 17. Valentinstag Marz [&hellip;]<\/p>\n","protected":false},"author":1,"featured_media":0,"parent":1582,"menu_order":157,"comment_status":"closed","ping_status":"closed","template":"","meta":{"footnotes":""},"class_list":["post-1617","page","type-page","status-publish","hentry"],"yoast_head":"<!-- This site is optimized with the Yoast SEO plugin v27.5 - https:\/\/yoast.com\/product\/yoast-seo-wordpress\/ -->\n<title>Veranstaltungen organisiert von der Stadt Zalakaros | Belenus Thermalhotel *** Zalakaros<\/title>\n<meta name=\"description\" content=\"Legjobb \u00e1rak a saj\u00e1t honlapon - Igaz\u00e1n isteni hely a felt\u00f6lt\u0151 wellness pihen\u00e9sre. Csod\u00e1s parkkal \u00e9s term\u00e1lvizes medenc\u00e9vel\" \/>\n<meta name=\"robots\" content=\"index, follow, max-snippet:-1, max-image-preview:large, max-video-preview:-1\" \/>\n<link rel=\"canonical\" href=\"https:\/\/www.belenushotel.hu\/de\/service\/programme\/veranstaltungen-organisiert-von-der-stadt-zalakaros\/\" \/>\n<meta property=\"og:locale\" content=\"de_DE\" \/>\n<meta property=\"og:type\" content=\"article\" \/>\n<meta property=\"og:title\" content=\"Veranstaltungen organisiert von der Stadt Zalakaros | Belenus Thermalhotel *** Zalakaros\" \/>\n<meta property=\"og:description\" content=\"Legjobb \u00e1rak a saj\u00e1t honlapon - Igaz\u00e1n isteni hely a felt\u00f6lt\u0151 wellness pihen\u00e9sre. Csod\u00e1s parkkal \u00e9s term\u00e1lvizes medenc\u00e9vel\" \/>\n<meta property=\"og:url\" content=\"https:\/\/www.belenushotel.hu\/de\/service\/programme\/veranstaltungen-organisiert-von-der-stadt-zalakaros\/\" \/>\n<meta property=\"og:site_name\" content=\"Belenus Thermalhotel *** Zalakaros\" \/>\n<meta property=\"article:publisher\" content=\"https:\/\/www.facebook.com\/belenushotel\" \/>\n<meta property=\"article:modified_time\" content=\"2024-06-11T13:29:00+00:00\" \/>\n<meta property=\"og:image\" content=\"https:\/\/www.belenushotel.hu\/files\/2024\/06\/KEP_9076.webp\" \/>\n\t<meta property=\"og:image:width\" content=\"1500\" \/>\n\t<meta property=\"og:image:height\" content=\"1000\" \/>\n\t<meta property=\"og:image:type\" content=\"image\/webp\" \/>\n<meta name=\"twitter:card\" content=\"summary_large_image\" \/>\n<meta name=\"twitter:label1\" content=\"Gesch\u00e4tzte Lesezeit\" \/>\n\t<meta name=\"twitter:data1\" content=\"2\u00a0Minuten\" \/>\n<script type=\"application\/ld+json\" class=\"yoast-schema-graph\">{\"@context\":\"https:\\\/\\\/schema.org\",\"@graph\":[{\"@type\":\"WebPage\",\"@id\":\"https:\\\/\\\/www.belenushotel.hu\\\/de\\\/service\\\/programme\\\/veranstaltungen-organisiert-von-der-stadt-zalakaros\\\/\",\"url\":\"https:\\\/\\\/www.belenushotel.hu\\\/de\\\/service\\\/programme\\\/veranstaltungen-organisiert-von-der-stadt-zalakaros\\\/\",\"name\":\"Veranstaltungen organisiert von der Stadt Zalakaros | Belenus Thermalhotel *** Zalakaros\",\"isPartOf\":{\"@id\":\"https:\\\/\\\/www.belenushotel.hu\\\/#website\"},\"datePublished\":\"2024-05-28T16:41:37+00:00\",\"dateModified\":\"2024-06-11T13:29:00+00:00\",\"description\":\"Legjobb \u00e1rak a saj\u00e1t honlapon - Igaz\u00e1n isteni hely a felt\u00f6lt\u0151 wellness pihen\u00e9sre. Csod\u00e1s parkkal \u00e9s term\u00e1lvizes medenc\u00e9vel\",\"breadcrumb\":{\"@id\":\"https:\\\/\\\/www.belenushotel.hu\\\/de\\\/service\\\/programme\\\/veranstaltungen-organisiert-von-der-stadt-zalakaros\\\/#breadcrumb\"},\"inLanguage\":\"de\",\"potentialAction\":[{\"@type\":\"ReadAction\",\"target\":[\"https:\\\/\\\/www.belenushotel.hu\\\/de\\\/service\\\/programme\\\/veranstaltungen-organisiert-von-der-stadt-zalakaros\\\/\"]}]},{\"@type\":\"BreadcrumbList\",\"@id\":\"https:\\\/\\\/www.belenushotel.hu\\\/de\\\/service\\\/programme\\\/veranstaltungen-organisiert-von-der-stadt-zalakaros\\\/#breadcrumb\",\"itemListElement\":[{\"@type\":\"ListItem\",\"position\":1,\"name\":\"Service\",\"item\":\"https:\\\/\\\/www.belenushotel.hu\\\/de\\\/service\\\/\"},{\"@type\":\"ListItem\",\"position\":2,\"name\":\"Programme\",\"item\":\"https:\\\/\\\/www.belenushotel.hu\\\/de\\\/service\\\/programme\\\/\"},{\"@type\":\"ListItem\",\"position\":3,\"name\":\"Veranstaltungen organisiert von der Stadt Zalakaros\"}]},{\"@type\":\"WebSite\",\"@id\":\"https:\\\/\\\/www.belenushotel.hu\\\/#website\",\"url\":\"https:\\\/\\\/www.belenushotel.hu\\\/\",\"name\":\"Belenus Thermalhotel *** Superior Zalakaros\",\"description\":\"Egy \u201eisteni\u201d hely...\",\"publisher\":{\"@id\":\"https:\\\/\\\/www.belenushotel.hu\\\/#organization\"},\"potentialAction\":[{\"@type\":\"SearchAction\",\"target\":{\"@type\":\"EntryPoint\",\"urlTemplate\":\"https:\\\/\\\/www.belenushotel.hu\\\/?s={search_term_string}\"},\"query-input\":{\"@type\":\"PropertyValueSpecification\",\"valueRequired\":true,\"valueName\":\"search_term_string\"}}],\"inLanguage\":\"de\"},{\"@type\":\"Organization\",\"@id\":\"https:\\\/\\\/www.belenushotel.hu\\\/#organization\",\"name\":\"Belenus Thermalhotel *** Superior Zalakaros\",\"url\":\"https:\\\/\\\/www.belenushotel.hu\\\/\",\"logo\":{\"@type\":\"ImageObject\",\"inLanguage\":\"de\",\"@id\":\"https:\\\/\\\/www.belenushotel.hu\\\/#\\\/schema\\\/logo\\\/image\\\/\",\"url\":\"https:\\\/\\\/www.belenushotel.hu\\\/files\\\/2024\\\/06\\\/belenus_logo_696.webp\",\"contentUrl\":\"https:\\\/\\\/www.belenushotel.hu\\\/files\\\/2024\\\/06\\\/belenus_logo_696.webp\",\"width\":696,\"height\":696,\"caption\":\"Belenus Thermalhotel *** Superior Zalakaros\"},\"image\":{\"@id\":\"https:\\\/\\\/www.belenushotel.hu\\\/#\\\/schema\\\/logo\\\/image\\\/\"},\"sameAs\":[\"https:\\\/\\\/www.facebook.com\\\/belenushotel\"]}]}<\/script>\n<!-- \/ Yoast SEO plugin. -->","yoast_head_json":{"title":"Veranstaltungen organisiert von der Stadt Zalakaros | Belenus Thermalhotel *** Zalakaros","description":"Legjobb \u00e1rak a saj\u00e1t honlapon - Igaz\u00e1n isteni hely a felt\u00f6lt\u0151 wellness pihen\u00e9sre. Csod\u00e1s parkkal \u00e9s term\u00e1lvizes medenc\u00e9vel","robots":{"index":"index","follow":"follow","max-snippet":"max-snippet:-1","max-image-preview":"max-image-preview:large","max-video-preview":"max-video-preview:-1"},"canonical":"https:\/\/www.belenushotel.hu\/de\/service\/programme\/veranstaltungen-organisiert-von-der-stadt-zalakaros\/","og_locale":"de_DE","og_type":"article","og_title":"Veranstaltungen organisiert von der Stadt Zalakaros | Belenus Thermalhotel *** Zalakaros","og_description":"Legjobb \u00e1rak a saj\u00e1t honlapon - Igaz\u00e1n isteni hely a felt\u00f6lt\u0151 wellness pihen\u00e9sre. Csod\u00e1s parkkal \u00e9s term\u00e1lvizes medenc\u00e9vel","og_url":"https:\/\/www.belenushotel.hu\/de\/service\/programme\/veranstaltungen-organisiert-von-der-stadt-zalakaros\/","og_site_name":"Belenus Thermalhotel *** Zalakaros","article_publisher":"https:\/\/www.facebook.com\/belenushotel","article_modified_time":"2024-06-11T13:29:00+00:00","og_image":[{"width":1500,"height":1000,"url":"https:\/\/www.belenushotel.hu\/files\/2024\/06\/KEP_9076.webp","type":"image\/webp"}],"twitter_card":"summary_large_image","twitter_misc":{"Gesch\u00e4tzte Lesezeit":"2\u00a0Minuten"},"schema":{"@context":"https:\/\/schema.org","@graph":[{"@type":"WebPage","@id":"https:\/\/www.belenushotel.hu\/de\/service\/programme\/veranstaltungen-organisiert-von-der-stadt-zalakaros\/","url":"https:\/\/www.belenushotel.hu\/de\/service\/programme\/veranstaltungen-organisiert-von-der-stadt-zalakaros\/","name":"Veranstaltungen organisiert von der Stadt Zalakaros | Belenus Thermalhotel *** Zalakaros","isPartOf":{"@id":"https:\/\/www.belenushotel.hu\/#website"},"datePublished":"2024-05-28T16:41:37+00:00","dateModified":"2024-06-11T13:29:00+00:00","description":"Legjobb \u00e1rak a saj\u00e1t honlapon - Igaz\u00e1n isteni hely a felt\u00f6lt\u0151 wellness pihen\u00e9sre. Csod\u00e1s parkkal \u00e9s term\u00e1lvizes medenc\u00e9vel","breadcrumb":{"@id":"https:\/\/www.belenushotel.hu\/de\/service\/programme\/veranstaltungen-organisiert-von-der-stadt-zalakaros\/#breadcrumb"},"inLanguage":"de","potentialAction":[{"@type":"ReadAction","target":["https:\/\/www.belenushotel.hu\/de\/service\/programme\/veranstaltungen-organisiert-von-der-stadt-zalakaros\/"]}]},{"@type":"BreadcrumbList","@id":"https:\/\/www.belenushotel.hu\/de\/service\/programme\/veranstaltungen-organisiert-von-der-stadt-zalakaros\/#breadcrumb","itemListElement":[{"@type":"ListItem","position":1,"name":"Service","item":"https:\/\/www.belenushotel.hu\/de\/service\/"},{"@type":"ListItem","position":2,"name":"Programme","item":"https:\/\/www.belenushotel.hu\/de\/service\/programme\/"},{"@type":"ListItem","position":3,"name":"Veranstaltungen organisiert von der Stadt Zalakaros"}]},{"@type":"WebSite","@id":"https:\/\/www.belenushotel.hu\/#website","url":"https:\/\/www.belenushotel.hu\/","name":"Belenus Thermalhotel *** Superior Zalakaros","description":"Egy \u201eisteni\u201d hely...","publisher":{"@id":"https:\/\/www.belenushotel.hu\/#organization"},"potentialAction":[{"@type":"SearchAction","target":{"@type":"EntryPoint","urlTemplate":"https:\/\/www.belenushotel.hu\/?s={search_term_string}"},"query-input":{"@type":"PropertyValueSpecification","valueRequired":true,"valueName":"search_term_string"}}],"inLanguage":"de"},{"@type":"Organization","@id":"https:\/\/www.belenushotel.hu\/#organization","name":"Belenus Thermalhotel *** Superior Zalakaros","url":"https:\/\/www.belenushotel.hu\/","logo":{"@type":"ImageObject","inLanguage":"de","@id":"https:\/\/www.belenushotel.hu\/#\/schema\/logo\/image\/","url":"https:\/\/www.belenushotel.hu\/files\/2024\/06\/belenus_logo_696.webp","contentUrl":"https:\/\/www.belenushotel.hu\/files\/2024\/06\/belenus_logo_696.webp","width":696,"height":696,"caption":"Belenus Thermalhotel *** Superior Zalakaros"},"image":{"@id":"https:\/\/www.belenushotel.hu\/#\/schema\/logo\/image\/"},"sameAs":["https:\/\/www.facebook.com\/belenushotel"]}]}},"_links":{"self":[{"href":"https:\/\/www.belenushotel.hu\/de\/wp-json\/wp\/v2\/pages\/1617","targetHints":{"allow":["GET"]}}],"collection":[{"href":"https:\/\/www.belenushotel.hu\/de\/wp-json\/wp\/v2\/pages"}],"about":[{"href":"https:\/\/www.belenushotel.hu\/de\/wp-json\/wp\/v2\/types\/page"}],"author":[{"embeddable":true,"href":"https:\/\/www.belenushotel.hu\/de\/wp-json\/wp\/v2\/users\/1"}],"replies":[{"embeddable":true,"href":"https:\/\/www.belenushotel.hu\/de\/wp-json\/wp\/v2\/comments?post=1617"}],"version-history":[{"count":0,"href":"https:\/\/www.belenushotel.hu\/de\/wp-json\/wp\/v2\/pages\/1617\/revisions"}],"up":[{"embeddable":true,"href":"https:\/\/www.belenushotel.hu\/de\/wp-json\/wp\/v2\/pages\/1582"}],"wp:attachment":[{"href":"https:\/\/www.belenushotel.hu\/de\/wp-json\/wp\/v2\/media?parent=1617"}],"curies":[{"name":"wp","href":"https:\/\/api.w.org\/{rel}","templated":true}]}}