{"id":1459,"date":"2024-05-28T12:30:48","date_gmt":"2024-05-28T12:30:48","guid":{"rendered":"https:\/\/www.belenushotel.hu\/?page_id=1459"},"modified":"2024-06-10T20:26:04","modified_gmt":"2024-06-10T20:26:04","slug":"last-minute-angebote","status":"publish","type":"page","link":"https:\/\/www.belenushotel.hu\/de\/angebote\/last-minute-angebote\/","title":{"rendered":"Last-Minute-Angebote"},"content":{"rendered":"<p>Geh\u00f6ren Sie auch zu denjenigen, die schon Monate im Voraus planen, wo und wie sie ihren Urlaub verbringen k\u00f6nnen? Die fr\u00fchzeitig ihre Unterkunft buchen, in der Hoffnung, dass nichts dazwischenkommt und sie ihren Urlaub ungest\u00f6rt genie\u00dfen k\u00f6nnen? Oder geh\u00f6ren Sie eher zu denen, die auf Spontanit\u00e4t schw\u00f6ren, Last-Minute-Angebote fast schon jagen, durchsuchen und zuschlagen, wenn das Richtige dabei ist? Wenn Sie auch zu letzterer Gruppe geh\u00f6ren, dann sind Sie hier genau richtig! Sie k\u00f6nnen aus unseren superg\u00fcnstigen Last-Minute-Angeboten w\u00e4hlen.<\/p>\n<p>Sichern Sie sich Ihren superg\u00fcnstigen Last-Minute-Aufenthalt im Belenus!<\/p>\n<p>&nbsp;<\/p>\n<p><a class=\"details\" title=\"Tov\u00e1bbi v\u00e9lem\u00e9nyek\" href=\"https:\/\/booking.belenushotel.hu\/de\/online-buchung\" target=\"_blank\" rel=\"noopener\">Reservierung<\/a>\u00a0<a class=\"details outline\" title=\"\u00c9rt\u00e9kelek\" href=\"https:\/\/booking.belenushotel.hu\/de\/online-anfrage\" target=\"_blank\" rel=\"noopener\">Preiskalkulation<\/a><\/p>\n<p>&nbsp;<\/p>\n<p><strong>Unser Angebot ist ausschlie\u00dflich \u00fcber die direkte Buchung auf unserer Hotel-Website verf\u00fcgbar und wurde je nach Verf\u00fcgbarkeit bis auf Widerruf festgelegt. Die Buchung ist NICHT STORNIERBAR und der Betrag wird nicht erstattet. Bitte begleichen Sie den Betrag per Kreditkarte oder \u00dcberweisung innerhalb von 3 Tagen. Bei Nichtzahlung wird die Buchung als storniert betrachtet.<\/strong><\/p>\n<div class=\"row section justify-content-end\">\n\t<div class=\"col-md-1 d-none d-md-block icon\"><img decoding=\"async\" src=\"https:\/\/www.belenushotel.hu\/wp-content\/themes\/belenus\/images\/description.svg\"><\/div>\n\t<div class=\"col-md-11 align-self-end description\">\n\t\t<h3>Unser Sonderangebot enth\u00e4lt folgende Dienstleistungen<\/h3>\n\t\t<\/p>\n<p>Die Unterkunft beinhaltet reichhaltiges Fr\u00fchst\u00fccksbuffet (7:30 &#8211; 11:00 Uhr) und Abendbuffet (17:45 &#8211; 20:45 Uhr). Abh\u00e4ngig von der G\u00e4stezahl tr\u00e4gt gelegentliche Livemusik w\u00e4hrend des Abendessens zu einer angenehmen Atmosph\u00e4re bei (meistens am Wochenende). Bademantel, multifunktionaler Innenpool (35 \u00b0C), Au\u00dfen-Thermalpool (33 \u00b0C), Infrarotsauna, Dampfgrotte, Finnische Sauna, beheizte Ruheb\u00e4nke, Kneipp-Becken, tropische Erlebnisdusche, Saunaeimer-Dusche, WLAN in den Zimmern und im gesamten Hotelbereich, Mehrwertsteuer.<\/p>\n<p>\n\t<\/div>\n<\/div>\n<div class=\"row section justify-content-end\">\n\t<div class=\"col-md-1 d-none d-md-block icon\"><img decoding=\"async\" src=\"https:\/\/www.belenushotel.hu\/wp-content\/themes\/belenus\/images\/child.svg\"><\/div>\n\t<div class=\"col-md-11 align-self-end description\">\n\t\t<h3>Kindererm\u00e4\u00dfigung<\/h3>\n\t\t<\/p>\n<p>Die Alterserm\u00e4\u00dfigung gilt nur in Verbindung mit mindestens 2 zahlenden Erwachsenen und kann bei Zusatzbetten in Anspruch genommen werden. F\u00fcr Kinder im Alter von 0-1,99 Jahren, die mit ihren Eltern im selben Zimmer \u00fcbernachten, ist der Aufenthalt und die Verpflegung kostenlos; Kinder im Alter von 2-11,99 Jahren erhalten eine Erm\u00e4\u00dfigung von 50 % auf den Zimmerpreis, wenn sie mit ihren Eltern im selben Zimmer \u00fcbernachten. Badem\u00e4ntel werden f\u00fcr Kinder ab 12 Jahren bereitgestellt.<br \/>\nDer Rabatt kann f\u00fcr maximal 2 Kinder pro Zimmer, die mit der gleichen Anzahl von Erwachsenen untergebracht sind, gew\u00e4hrt werden.<\/p>\n<p>\n\t<\/div>\n<\/div>\n<div class=\"row section justify-content-end\">\n\t<div class=\"col-md-1 d-none d-md-block icon\"><img decoding=\"async\" src=\"https:\/\/www.belenushotel.hu\/wp-content\/themes\/belenus\/images\/tax.svg\"><\/div>\n\t<div class=\"col-md-11 align-self-end description\">\n\t\t<h3>Tourismusabgabe<\/h3>\n\t\t<\/p>\n<p>600 HUF \/Person \/Nacht, ab 18 Jahren vor Ort in bar zu zahlen.<\/p>\n<p>\n\t<\/div>\n<\/div>\n<div class=\"row section justify-content-end\">\n\t<div class=\"col-md-1 d-none d-md-block icon\"><img decoding=\"async\" src=\"https:\/\/www.belenushotel.hu\/wp-content\/themes\/belenus\/images\/car.svg\"><\/div>\n\t<div class=\"col-md-11 align-self-end description\">\n\t\t<h3>Parkgeb\u00fchr<\/h3>\n\t\t<\/p>\n<p>1 000 HUF \/Nacht \/Fahrzeug (auf dem Hotelgel\u00e4nde, gesch\u00fctzter Parkplatz mit Schranke und \u00dcberwachungskamera)<\/p>\n<p>\n\t<\/div>\n<\/div>\n<div class=\"row section justify-content-end\">\n\t<div class=\"col-md-1 d-none d-md-block icon\"><img decoding=\"async\" src=\"https:\/\/www.belenushotel.hu\/wp-content\/themes\/belenus\/images\/paw.svg\"><\/div>\n\t<div class=\"col-md-11 align-self-end description\">\n\t\t<h3>Haustiergeb\u00fchr<\/h3>\n\t\t<\/p>\n<p>5 500 HUF \/Tier \/Nacht<\/p>\n<p>\n\t<\/div>\n<\/div>\n<p>&nbsp;<\/p>\n","protected":false},"excerpt":{"rendered":"<p>Geh\u00f6ren Sie auch zu denjenigen, die schon Monate im Voraus planen, wo und wie sie ihren Urlaub verbringen k\u00f6nnen? Die fr\u00fchzeitig ihre Unterkunft buchen, in der Hoffnung, dass nichts dazwischenkommt und sie ihren Urlaub ungest\u00f6rt genie\u00dfen k\u00f6nnen? Oder geh\u00f6ren Sie eher zu denen, die auf Spontanit\u00e4t schw\u00f6ren, Last-Minute-Angebote fast schon jagen, durchsuchen und zuschlagen, wenn [&hellip;]<\/p>\n","protected":false},"author":1,"featured_media":0,"parent":1560,"menu_order":96,"comment_status":"closed","ping_status":"closed","template":"","meta":{"footnotes":""},"class_list":["post-1459","page","type-page","status-publish","hentry"],"yoast_head":"<!-- This site is optimized with the Yoast SEO plugin v27.5 - https:\/\/yoast.com\/product\/yoast-seo-wordpress\/ -->\n<title>Last-Minute-Angebote | Belenus Thermalhotel *** Zalakaros<\/title>\n<meta name=\"description\" content=\"Legjobb \u00e1rak a saj\u00e1t honlapon - Igaz\u00e1n isteni hely a felt\u00f6lt\u0151 wellness pihen\u00e9sre. Csod\u00e1s parkkal \u00e9s term\u00e1lvizes medenc\u00e9vel\" \/>\n<meta name=\"robots\" content=\"index, follow, max-snippet:-1, max-image-preview:large, max-video-preview:-1\" \/>\n<link rel=\"canonical\" href=\"https:\/\/www.belenushotel.hu\/de\/angebote\/last-minute-angebote\/\" \/>\n<meta property=\"og:locale\" content=\"de_DE\" \/>\n<meta property=\"og:type\" content=\"article\" \/>\n<meta property=\"og:title\" content=\"Last-Minute-Angebote | Belenus Thermalhotel *** Zalakaros\" \/>\n<meta property=\"og:description\" content=\"Legjobb \u00e1rak a saj\u00e1t honlapon - Igaz\u00e1n isteni hely a felt\u00f6lt\u0151 wellness pihen\u00e9sre. Csod\u00e1s parkkal \u00e9s term\u00e1lvizes medenc\u00e9vel\" \/>\n<meta property=\"og:url\" content=\"https:\/\/www.belenushotel.hu\/de\/angebote\/last-minute-angebote\/\" \/>\n<meta property=\"og:site_name\" content=\"Belenus Thermalhotel *** Zalakaros\" \/>\n<meta property=\"article:publisher\" content=\"https:\/\/www.facebook.com\/belenushotel\" \/>\n<meta property=\"article:modified_time\" content=\"2024-06-10T20:26:04+00:00\" \/>\n<meta property=\"og:image\" content=\"https:\/\/www.belenushotel.hu\/files\/2024\/06\/KEP_9076.webp\" \/>\n\t<meta property=\"og:image:width\" content=\"1500\" \/>\n\t<meta property=\"og:image:height\" content=\"1000\" \/>\n\t<meta property=\"og:image:type\" content=\"image\/webp\" \/>\n<meta name=\"twitter:card\" content=\"summary_large_image\" \/>\n<meta name=\"twitter:label1\" content=\"Gesch\u00e4tzte Lesezeit\" \/>\n\t<meta name=\"twitter:data1\" content=\"2\u00a0Minuten\" \/>\n<script type=\"application\/ld+json\" class=\"yoast-schema-graph\">{\"@context\":\"https:\\\/\\\/schema.org\",\"@graph\":[{\"@type\":\"WebPage\",\"@id\":\"https:\\\/\\\/www.belenushotel.hu\\\/de\\\/angebote\\\/last-minute-angebote\\\/\",\"url\":\"https:\\\/\\\/www.belenushotel.hu\\\/de\\\/angebote\\\/last-minute-angebote\\\/\",\"name\":\"Last-Minute-Angebote | Belenus Thermalhotel *** Zalakaros\",\"isPartOf\":{\"@id\":\"https:\\\/\\\/www.belenushotel.hu\\\/#website\"},\"datePublished\":\"2024-05-28T12:30:48+00:00\",\"dateModified\":\"2024-06-10T20:26:04+00:00\",\"description\":\"Legjobb \u00e1rak a saj\u00e1t honlapon - Igaz\u00e1n isteni hely a felt\u00f6lt\u0151 wellness pihen\u00e9sre. Csod\u00e1s parkkal \u00e9s term\u00e1lvizes medenc\u00e9vel\",\"breadcrumb\":{\"@id\":\"https:\\\/\\\/www.belenushotel.hu\\\/de\\\/angebote\\\/last-minute-angebote\\\/#breadcrumb\"},\"inLanguage\":\"de\",\"potentialAction\":[{\"@type\":\"ReadAction\",\"target\":[\"https:\\\/\\\/www.belenushotel.hu\\\/de\\\/angebote\\\/last-minute-angebote\\\/\"]}]},{\"@type\":\"BreadcrumbList\",\"@id\":\"https:\\\/\\\/www.belenushotel.hu\\\/de\\\/angebote\\\/last-minute-angebote\\\/#breadcrumb\",\"itemListElement\":[{\"@type\":\"ListItem\",\"position\":1,\"name\":\"Angebote\",\"item\":\"https:\\\/\\\/www.belenushotel.hu\\\/de\\\/angebote\\\/\"},{\"@type\":\"ListItem\",\"position\":2,\"name\":\"Last-Minute-Angebote\"}]},{\"@type\":\"WebSite\",\"@id\":\"https:\\\/\\\/www.belenushotel.hu\\\/#website\",\"url\":\"https:\\\/\\\/www.belenushotel.hu\\\/\",\"name\":\"Belenus Thermalhotel *** Superior Zalakaros\",\"description\":\"Egy \u201eisteni\u201d hely...\",\"publisher\":{\"@id\":\"https:\\\/\\\/www.belenushotel.hu\\\/#organization\"},\"potentialAction\":[{\"@type\":\"SearchAction\",\"target\":{\"@type\":\"EntryPoint\",\"urlTemplate\":\"https:\\\/\\\/www.belenushotel.hu\\\/?s={search_term_string}\"},\"query-input\":{\"@type\":\"PropertyValueSpecification\",\"valueRequired\":true,\"valueName\":\"search_term_string\"}}],\"inLanguage\":\"de\"},{\"@type\":\"Organization\",\"@id\":\"https:\\\/\\\/www.belenushotel.hu\\\/#organization\",\"name\":\"Belenus Thermalhotel *** Superior Zalakaros\",\"url\":\"https:\\\/\\\/www.belenushotel.hu\\\/\",\"logo\":{\"@type\":\"ImageObject\",\"inLanguage\":\"de\",\"@id\":\"https:\\\/\\\/www.belenushotel.hu\\\/#\\\/schema\\\/logo\\\/image\\\/\",\"url\":\"https:\\\/\\\/www.belenushotel.hu\\\/files\\\/2024\\\/06\\\/belenus_logo_696.webp\",\"contentUrl\":\"https:\\\/\\\/www.belenushotel.hu\\\/files\\\/2024\\\/06\\\/belenus_logo_696.webp\",\"width\":696,\"height\":696,\"caption\":\"Belenus Thermalhotel *** Superior Zalakaros\"},\"image\":{\"@id\":\"https:\\\/\\\/www.belenushotel.hu\\\/#\\\/schema\\\/logo\\\/image\\\/\"},\"sameAs\":[\"https:\\\/\\\/www.facebook.com\\\/belenushotel\"]}]}<\/script>\n<!-- \/ Yoast SEO plugin. -->","yoast_head_json":{"title":"Last-Minute-Angebote | Belenus Thermalhotel *** Zalakaros","description":"Legjobb \u00e1rak a saj\u00e1t honlapon - Igaz\u00e1n isteni hely a felt\u00f6lt\u0151 wellness pihen\u00e9sre. Csod\u00e1s parkkal \u00e9s term\u00e1lvizes medenc\u00e9vel","robots":{"index":"index","follow":"follow","max-snippet":"max-snippet:-1","max-image-preview":"max-image-preview:large","max-video-preview":"max-video-preview:-1"},"canonical":"https:\/\/www.belenushotel.hu\/de\/angebote\/last-minute-angebote\/","og_locale":"de_DE","og_type":"article","og_title":"Last-Minute-Angebote | Belenus Thermalhotel *** Zalakaros","og_description":"Legjobb \u00e1rak a saj\u00e1t honlapon - Igaz\u00e1n isteni hely a felt\u00f6lt\u0151 wellness pihen\u00e9sre. Csod\u00e1s parkkal \u00e9s term\u00e1lvizes medenc\u00e9vel","og_url":"https:\/\/www.belenushotel.hu\/de\/angebote\/last-minute-angebote\/","og_site_name":"Belenus Thermalhotel *** Zalakaros","article_publisher":"https:\/\/www.facebook.com\/belenushotel","article_modified_time":"2024-06-10T20:26:04+00:00","og_image":[{"width":1500,"height":1000,"url":"https:\/\/www.belenushotel.hu\/files\/2024\/06\/KEP_9076.webp","type":"image\/webp"}],"twitter_card":"summary_large_image","twitter_misc":{"Gesch\u00e4tzte Lesezeit":"2\u00a0Minuten"},"schema":{"@context":"https:\/\/schema.org","@graph":[{"@type":"WebPage","@id":"https:\/\/www.belenushotel.hu\/de\/angebote\/last-minute-angebote\/","url":"https:\/\/www.belenushotel.hu\/de\/angebote\/last-minute-angebote\/","name":"Last-Minute-Angebote | Belenus Thermalhotel *** Zalakaros","isPartOf":{"@id":"https:\/\/www.belenushotel.hu\/#website"},"datePublished":"2024-05-28T12:30:48+00:00","dateModified":"2024-06-10T20:26:04+00:00","description":"Legjobb \u00e1rak a saj\u00e1t honlapon - Igaz\u00e1n isteni hely a felt\u00f6lt\u0151 wellness pihen\u00e9sre. Csod\u00e1s parkkal \u00e9s term\u00e1lvizes medenc\u00e9vel","breadcrumb":{"@id":"https:\/\/www.belenushotel.hu\/de\/angebote\/last-minute-angebote\/#breadcrumb"},"inLanguage":"de","potentialAction":[{"@type":"ReadAction","target":["https:\/\/www.belenushotel.hu\/de\/angebote\/last-minute-angebote\/"]}]},{"@type":"BreadcrumbList","@id":"https:\/\/www.belenushotel.hu\/de\/angebote\/last-minute-angebote\/#breadcrumb","itemListElement":[{"@type":"ListItem","position":1,"name":"Angebote","item":"https:\/\/www.belenushotel.hu\/de\/angebote\/"},{"@type":"ListItem","position":2,"name":"Last-Minute-Angebote"}]},{"@type":"WebSite","@id":"https:\/\/www.belenushotel.hu\/#website","url":"https:\/\/www.belenushotel.hu\/","name":"Belenus Thermalhotel *** Superior Zalakaros","description":"Egy \u201eisteni\u201d hely...","publisher":{"@id":"https:\/\/www.belenushotel.hu\/#organization"},"potentialAction":[{"@type":"SearchAction","target":{"@type":"EntryPoint","urlTemplate":"https:\/\/www.belenushotel.hu\/?s={search_term_string}"},"query-input":{"@type":"PropertyValueSpecification","valueRequired":true,"valueName":"search_term_string"}}],"inLanguage":"de"},{"@type":"Organization","@id":"https:\/\/www.belenushotel.hu\/#organization","name":"Belenus Thermalhotel *** Superior Zalakaros","url":"https:\/\/www.belenushotel.hu\/","logo":{"@type":"ImageObject","inLanguage":"de","@id":"https:\/\/www.belenushotel.hu\/#\/schema\/logo\/image\/","url":"https:\/\/www.belenushotel.hu\/files\/2024\/06\/belenus_logo_696.webp","contentUrl":"https:\/\/www.belenushotel.hu\/files\/2024\/06\/belenus_logo_696.webp","width":696,"height":696,"caption":"Belenus Thermalhotel *** Superior Zalakaros"},"image":{"@id":"https:\/\/www.belenushotel.hu\/#\/schema\/logo\/image\/"},"sameAs":["https:\/\/www.facebook.com\/belenushotel"]}]}},"_links":{"self":[{"href":"https:\/\/www.belenushotel.hu\/de\/wp-json\/wp\/v2\/pages\/1459","targetHints":{"allow":["GET"]}}],"collection":[{"href":"https:\/\/www.belenushotel.hu\/de\/wp-json\/wp\/v2\/pages"}],"about":[{"href":"https:\/\/www.belenushotel.hu\/de\/wp-json\/wp\/v2\/types\/page"}],"author":[{"embeddable":true,"href":"https:\/\/www.belenushotel.hu\/de\/wp-json\/wp\/v2\/users\/1"}],"replies":[{"embeddable":true,"href":"https:\/\/www.belenushotel.hu\/de\/wp-json\/wp\/v2\/comments?post=1459"}],"version-history":[{"count":0,"href":"https:\/\/www.belenushotel.hu\/de\/wp-json\/wp\/v2\/pages\/1459\/revisions"}],"up":[{"embeddable":true,"href":"https:\/\/www.belenushotel.hu\/de\/wp-json\/wp\/v2\/pages\/1560"}],"wp:attachment":[{"href":"https:\/\/www.belenushotel.hu\/de\/wp-json\/wp\/v2\/media?parent=1459"}],"curies":[{"name":"wp","href":"https:\/\/api.w.org\/{rel}","templated":true}]}}