{"id":1431,"date":"2024-05-22T06:37:40","date_gmt":"2024-05-22T06:37:40","guid":{"rendered":"https:\/\/www.belenushotel.hu\/?page_id=1431"},"modified":"2024-06-10T07:24:23","modified_gmt":"2024-06-10T07:24:23","slug":"stornobedingungen","status":"publish","type":"page","link":"https:\/\/www.belenushotel.hu\/de\/informationen\/stornobedingungen\/","title":{"rendered":"Stornobedingungen"},"content":{"rendered":"<p><strong>Ab dem Zeitpunkt Ihrer Buchung treten die Stornobedingungen und Hotelregeln automatisch wie folgt in Kraft und werden auch in Ihrer Buchungsbest\u00e4tigung aufgef\u00fchrt.<\/strong><\/p>\n<p><strong>Sollte eine staatliche Organisation oder Beh\u00f6rde Reise- oder Bewegungsbeschr\u00e4nkungen f\u00fcr bestimmte Zeitr\u00e4ume erlassen, verlieren die in unseren Best\u00e4tigungen angegebenen Stornobedingungen ihre G\u00fcltigkeit. Aufgrund der &#8222;h\u00f6heren Gewalt&#8220;, die beide Parteien betrifft, k\u00f6nnen Buchungen kostenfrei storniert werden. Im Falle einer Stornierung stellen wir einen Wertgutschein in H\u00f6he der bereits geleisteten Anzahlungen oder Kautionen aus, der innerhalb eines Jahres ab Ausstellungsdatum f\u00fcr jede sp\u00e4tere Buchung verwendet werden kann.<\/strong><\/p>\n<p>&nbsp;<\/p>\n<h3>Unsere Stornobedingungen:<\/h3>\n<ol>\n<li>Mehr als 15 Tage vor Ankunft: keine Zahlungspflicht.<\/li>\n<li>14-1 Tage vor Ankunft: 50 % des zu zahlenden Betrags.<\/li>\n<li>Keine Stornierung oder Nichtanreise: 100 % des zu zahlenden Betrags.<\/li>\n<\/ol>\n<p>Stornierungen k\u00f6nnen wir nur schriftlich an die E-Mail- oder Postadresse unseres Hotels akzeptieren.<\/p>\n<p>Bei G\u00e4sten mit ausl\u00e4ndischer Adresse oder ohne sonstige Zahlungsgarantien kann das Hotel eine Anzahlung verlangen.<\/p>\n<p>Die Zimmer und die zu den gebuchten Paketen geh\u00f6renden weiteren Dienstleistungen k\u00f6nnen am Anreisetag ab 14 Uhr und am Abreisetag bis 10 Uhr in Anspruch genommen werden. Eine fr\u00fche Anreise (ab 9 Uhr morgens) und\/oder sp\u00e4te Abreise (bis 18 Uhr nachmittags) ist gegen eine Geb\u00fchr von 9.000 HUF\/Zimmer pro Anlass m\u00f6glich. Die Geb\u00fchr f\u00fcr eine fr\u00fche Anreise und\/oder sp\u00e4te Abreise beinhaltet die Nutzung des Zimmers sowie des Wellnessbereichs, jedoch keine weiteren Dienstleistungen.<\/p>\n<p>Abschlie\u00dfend teilen wir Ihnen mit, dass gem\u00e4\u00df \u00a7 213 Abs. 1 des BGB Ihre schriftlich oder per E-Mail \u00fcbermittelte oder telefonisch abgegebene Bestellung oder Zimmerreservierung als Annahme unseres auf der Internetseite, in der Presse, in Preislisten oder telefonisch unterbreiteten Angebots gilt. Mit Eingang und Annahme der Bestellung oder Reservierung im Belenus Thermalhotel kommt der Zimmerreservierungsvertrag zwischen dem Besteller und der Betreibergesellschaft zustande, dessen Bedingungen in dieser Best\u00e4tigung enthalten sind. Innerhalb von 24 Stunden nach Erhalt dieser Best\u00e4tigung durch den Besteller l\u00f6st ein schriftlich gemeldeter Einwand gegen die Zimmerreservierung den Zimmerreservierungsvertrag auf.<\/p>\n<p>Der erfolgreiche Versand der Best\u00e4tigung an die vom Besteller angegebene Kontakt-E-Mail-Adresse (d. h. die E-Mail, die vom E-Mail-Server des Bestellers als zugestellt best\u00e4tigt wird) stellt gleichzeitig die automatische Zustellung der Best\u00e4tigung dar, sodass ein Verweis auf Fehler im E-Mail-System keine Befreiung von der Zahlungspflicht f\u00fcr die Stornogeb\u00fchr bedeutet.<\/p>\n<p>Der Besteller ist berechtigt, gem\u00e4\u00df \u00a7 320 BGB vom Zimmerreservierungsvertrag durch schriftliche Mitteilung an das Hotel zur\u00fcckzutreten und der Gesellschaft eine Stornogeb\u00fchr zu zahlen. Der R\u00fccktritt l\u00f6st den Zimmerreservierungsvertrag auf. Der Besteller muss den schriftlichen R\u00fccktritt, der an die E-Mail- oder Postadresse unseres Hotels gesendet wurde, nachweisen.<\/p>\n<p>In nicht ausdr\u00fccklich geregelten Angelegenheiten gelten die Bestimmungen des BGB und die AGB des Dienstleisters.<\/p>\n","protected":false},"excerpt":{"rendered":"<p>Ab dem Zeitpunkt Ihrer Buchung treten die Stornobedingungen und Hotelregeln automatisch wie folgt in Kraft und werden auch in Ihrer Buchungsbest\u00e4tigung aufgef\u00fchrt. Sollte eine staatliche Organisation oder Beh\u00f6rde Reise- oder Bewegungsbeschr\u00e4nkungen f\u00fcr bestimmte Zeitr\u00e4ume erlassen, verlieren die in unseren Best\u00e4tigungen angegebenen Stornobedingungen ihre G\u00fcltigkeit. Aufgrund der &#8222;h\u00f6heren Gewalt&#8220;, die beide Parteien betrifft, k\u00f6nnen Buchungen kostenfrei [&hellip;]<\/p>\n","protected":false},"author":1,"featured_media":0,"parent":1554,"menu_order":136,"comment_status":"closed","ping_status":"closed","template":"","meta":{"footnotes":""},"class_list":["post-1431","page","type-page","status-publish","hentry"],"yoast_head":"<!-- This site is optimized with the Yoast SEO plugin v27.0 - https:\/\/yoast.com\/product\/yoast-seo-wordpress\/ -->\n<title>Stornobedingungen | Belenus Thermalhotel *** Zalakaros<\/title>\n<meta name=\"description\" content=\"Legjobb \u00e1rak a saj\u00e1t honlapon - Igaz\u00e1n isteni hely a felt\u00f6lt\u0151 wellness pihen\u00e9sre. Csod\u00e1s parkkal \u00e9s term\u00e1lvizes medenc\u00e9vel\" \/>\n<meta name=\"robots\" content=\"index, follow, max-snippet:-1, max-image-preview:large, max-video-preview:-1\" \/>\n<link rel=\"canonical\" href=\"https:\/\/www.belenushotel.hu\/de\/informationen\/stornobedingungen\/\" \/>\n<meta property=\"og:locale\" content=\"de_DE\" \/>\n<meta property=\"og:type\" content=\"article\" \/>\n<meta property=\"og:title\" content=\"Stornobedingungen | Belenus Thermalhotel *** Zalakaros\" \/>\n<meta property=\"og:description\" content=\"Legjobb \u00e1rak a saj\u00e1t honlapon - Igaz\u00e1n isteni hely a felt\u00f6lt\u0151 wellness pihen\u00e9sre. Csod\u00e1s parkkal \u00e9s term\u00e1lvizes medenc\u00e9vel\" \/>\n<meta property=\"og:url\" content=\"https:\/\/www.belenushotel.hu\/de\/informationen\/stornobedingungen\/\" \/>\n<meta property=\"og:site_name\" content=\"Belenus Thermalhotel *** Zalakaros\" \/>\n<meta property=\"article:publisher\" content=\"https:\/\/www.facebook.com\/belenushotel\" \/>\n<meta property=\"article:modified_time\" content=\"2024-06-10T07:24:23+00:00\" \/>\n<meta property=\"og:image\" content=\"https:\/\/www.belenushotel.hu\/files\/2024\/06\/KEP_9076.webp\" \/>\n\t<meta property=\"og:image:width\" content=\"1500\" \/>\n\t<meta property=\"og:image:height\" content=\"1000\" \/>\n\t<meta property=\"og:image:type\" content=\"image\/webp\" \/>\n<meta name=\"twitter:card\" content=\"summary_large_image\" \/>\n<meta name=\"twitter:label1\" content=\"Gesch\u00e4tzte Lesezeit\" \/>\n\t<meta name=\"twitter:data1\" content=\"3\u00a0Minuten\" \/>\n<script type=\"application\/ld+json\" class=\"yoast-schema-graph\">{\"@context\":\"https:\/\/schema.org\",\"@graph\":[{\"@type\":\"WebPage\",\"@id\":\"https:\/\/www.belenushotel.hu\/de\/informationen\/stornobedingungen\/\",\"url\":\"https:\/\/www.belenushotel.hu\/de\/informationen\/stornobedingungen\/\",\"name\":\"Stornobedingungen | Belenus Thermalhotel *** Zalakaros\",\"isPartOf\":{\"@id\":\"https:\/\/www.belenushotel.hu\/#website\"},\"datePublished\":\"2024-05-22T06:37:40+00:00\",\"dateModified\":\"2024-06-10T07:24:23+00:00\",\"description\":\"Legjobb \u00e1rak a saj\u00e1t honlapon - Igaz\u00e1n isteni hely a felt\u00f6lt\u0151 wellness pihen\u00e9sre. Csod\u00e1s parkkal \u00e9s term\u00e1lvizes medenc\u00e9vel\",\"breadcrumb\":{\"@id\":\"https:\/\/www.belenushotel.hu\/de\/informationen\/stornobedingungen\/#breadcrumb\"},\"inLanguage\":\"de\",\"potentialAction\":[{\"@type\":\"ReadAction\",\"target\":[\"https:\/\/www.belenushotel.hu\/de\/informationen\/stornobedingungen\/\"]}]},{\"@type\":\"BreadcrumbList\",\"@id\":\"https:\/\/www.belenushotel.hu\/de\/informationen\/stornobedingungen\/#breadcrumb\",\"itemListElement\":[{\"@type\":\"ListItem\",\"position\":1,\"name\":\"Informationen\",\"item\":\"https:\/\/www.belenushotel.hu\/de\/informationen\/\"},{\"@type\":\"ListItem\",\"position\":2,\"name\":\"Stornobedingungen\"}]},{\"@type\":\"WebSite\",\"@id\":\"https:\/\/www.belenushotel.hu\/#website\",\"url\":\"https:\/\/www.belenushotel.hu\/\",\"name\":\"Belenus Thermalhotel *** Superior Zalakaros\",\"description\":\"Egy \u201eisteni\u201d hely...\",\"publisher\":{\"@id\":\"https:\/\/www.belenushotel.hu\/#organization\"},\"potentialAction\":[{\"@type\":\"SearchAction\",\"target\":{\"@type\":\"EntryPoint\",\"urlTemplate\":\"https:\/\/www.belenushotel.hu\/?s={search_term_string}\"},\"query-input\":{\"@type\":\"PropertyValueSpecification\",\"valueRequired\":true,\"valueName\":\"search_term_string\"}}],\"inLanguage\":\"de\"},{\"@type\":\"Organization\",\"@id\":\"https:\/\/www.belenushotel.hu\/#organization\",\"name\":\"Belenus Thermalhotel *** Superior Zalakaros\",\"url\":\"https:\/\/www.belenushotel.hu\/\",\"logo\":{\"@type\":\"ImageObject\",\"inLanguage\":\"de\",\"@id\":\"https:\/\/www.belenushotel.hu\/#\/schema\/logo\/image\/\",\"url\":\"https:\/\/www.belenushotel.hu\/files\/2024\/06\/belenus_logo_696.webp\",\"contentUrl\":\"https:\/\/www.belenushotel.hu\/files\/2024\/06\/belenus_logo_696.webp\",\"width\":696,\"height\":696,\"caption\":\"Belenus Thermalhotel *** Superior Zalakaros\"},\"image\":{\"@id\":\"https:\/\/www.belenushotel.hu\/#\/schema\/logo\/image\/\"},\"sameAs\":[\"https:\/\/www.facebook.com\/belenushotel\"]}]}<\/script>\n<!-- \/ Yoast SEO plugin. -->","yoast_head_json":{"title":"Stornobedingungen | Belenus Thermalhotel *** Zalakaros","description":"Legjobb \u00e1rak a saj\u00e1t honlapon - Igaz\u00e1n isteni hely a felt\u00f6lt\u0151 wellness pihen\u00e9sre. Csod\u00e1s parkkal \u00e9s term\u00e1lvizes medenc\u00e9vel","robots":{"index":"index","follow":"follow","max-snippet":"max-snippet:-1","max-image-preview":"max-image-preview:large","max-video-preview":"max-video-preview:-1"},"canonical":"https:\/\/www.belenushotel.hu\/de\/informationen\/stornobedingungen\/","og_locale":"de_DE","og_type":"article","og_title":"Stornobedingungen | Belenus Thermalhotel *** Zalakaros","og_description":"Legjobb \u00e1rak a saj\u00e1t honlapon - Igaz\u00e1n isteni hely a felt\u00f6lt\u0151 wellness pihen\u00e9sre. Csod\u00e1s parkkal \u00e9s term\u00e1lvizes medenc\u00e9vel","og_url":"https:\/\/www.belenushotel.hu\/de\/informationen\/stornobedingungen\/","og_site_name":"Belenus Thermalhotel *** Zalakaros","article_publisher":"https:\/\/www.facebook.com\/belenushotel","article_modified_time":"2024-06-10T07:24:23+00:00","og_image":[{"width":1500,"height":1000,"url":"https:\/\/www.belenushotel.hu\/files\/2024\/06\/KEP_9076.webp","type":"image\/webp"}],"twitter_card":"summary_large_image","twitter_misc":{"Gesch\u00e4tzte Lesezeit":"3\u00a0Minuten"},"schema":{"@context":"https:\/\/schema.org","@graph":[{"@type":"WebPage","@id":"https:\/\/www.belenushotel.hu\/de\/informationen\/stornobedingungen\/","url":"https:\/\/www.belenushotel.hu\/de\/informationen\/stornobedingungen\/","name":"Stornobedingungen | Belenus Thermalhotel *** Zalakaros","isPartOf":{"@id":"https:\/\/www.belenushotel.hu\/#website"},"datePublished":"2024-05-22T06:37:40+00:00","dateModified":"2024-06-10T07:24:23+00:00","description":"Legjobb \u00e1rak a saj\u00e1t honlapon - Igaz\u00e1n isteni hely a felt\u00f6lt\u0151 wellness pihen\u00e9sre. Csod\u00e1s parkkal \u00e9s term\u00e1lvizes medenc\u00e9vel","breadcrumb":{"@id":"https:\/\/www.belenushotel.hu\/de\/informationen\/stornobedingungen\/#breadcrumb"},"inLanguage":"de","potentialAction":[{"@type":"ReadAction","target":["https:\/\/www.belenushotel.hu\/de\/informationen\/stornobedingungen\/"]}]},{"@type":"BreadcrumbList","@id":"https:\/\/www.belenushotel.hu\/de\/informationen\/stornobedingungen\/#breadcrumb","itemListElement":[{"@type":"ListItem","position":1,"name":"Informationen","item":"https:\/\/www.belenushotel.hu\/de\/informationen\/"},{"@type":"ListItem","position":2,"name":"Stornobedingungen"}]},{"@type":"WebSite","@id":"https:\/\/www.belenushotel.hu\/#website","url":"https:\/\/www.belenushotel.hu\/","name":"Belenus Thermalhotel *** Superior Zalakaros","description":"Egy \u201eisteni\u201d hely...","publisher":{"@id":"https:\/\/www.belenushotel.hu\/#organization"},"potentialAction":[{"@type":"SearchAction","target":{"@type":"EntryPoint","urlTemplate":"https:\/\/www.belenushotel.hu\/?s={search_term_string}"},"query-input":{"@type":"PropertyValueSpecification","valueRequired":true,"valueName":"search_term_string"}}],"inLanguage":"de"},{"@type":"Organization","@id":"https:\/\/www.belenushotel.hu\/#organization","name":"Belenus Thermalhotel *** Superior Zalakaros","url":"https:\/\/www.belenushotel.hu\/","logo":{"@type":"ImageObject","inLanguage":"de","@id":"https:\/\/www.belenushotel.hu\/#\/schema\/logo\/image\/","url":"https:\/\/www.belenushotel.hu\/files\/2024\/06\/belenus_logo_696.webp","contentUrl":"https:\/\/www.belenushotel.hu\/files\/2024\/06\/belenus_logo_696.webp","width":696,"height":696,"caption":"Belenus Thermalhotel *** Superior Zalakaros"},"image":{"@id":"https:\/\/www.belenushotel.hu\/#\/schema\/logo\/image\/"},"sameAs":["https:\/\/www.facebook.com\/belenushotel"]}]}},"_links":{"self":[{"href":"https:\/\/www.belenushotel.hu\/de\/wp-json\/wp\/v2\/pages\/1431","targetHints":{"allow":["GET"]}}],"collection":[{"href":"https:\/\/www.belenushotel.hu\/de\/wp-json\/wp\/v2\/pages"}],"about":[{"href":"https:\/\/www.belenushotel.hu\/de\/wp-json\/wp\/v2\/types\/page"}],"author":[{"embeddable":true,"href":"https:\/\/www.belenushotel.hu\/de\/wp-json\/wp\/v2\/users\/1"}],"replies":[{"embeddable":true,"href":"https:\/\/www.belenushotel.hu\/de\/wp-json\/wp\/v2\/comments?post=1431"}],"version-history":[{"count":0,"href":"https:\/\/www.belenushotel.hu\/de\/wp-json\/wp\/v2\/pages\/1431\/revisions"}],"up":[{"embeddable":true,"href":"https:\/\/www.belenushotel.hu\/de\/wp-json\/wp\/v2\/pages\/1554"}],"wp:attachment":[{"href":"https:\/\/www.belenushotel.hu\/de\/wp-json\/wp\/v2\/media?parent=1431"}],"curies":[{"name":"wp","href":"https:\/\/api.w.org\/{rel}","templated":true}]}}