{"id":1412,"date":"2024-05-28T15:34:24","date_gmt":"2024-05-28T15:34:24","guid":{"rendered":"https:\/\/www.belenushotel.hu\/?page_id=1412"},"modified":"2024-06-07T20:53:06","modified_gmt":"2024-06-07T20:53:06","slug":"festetics-schloss","status":"publish","type":"page","link":"https:\/\/www.belenushotel.hu\/de\/service\/programme\/festetics-schloss\/","title":{"rendered":"Festetics-Schloss"},"content":{"rendered":"<h2>Ein Meisterwerk der Schlossarchitektur \u2013 eine der beliebtesten Sehensw\u00fcrdigkeiten am Balaton<\/h2>\n<p>Das Festetics-Schloss, nur 35 km von Zalakaros entfernt, ist eines der bedeutendsten Denkm\u00e4ler von Keszthely. Sein Bau begann in der Mitte des 18. Jahrhunderts, aber seine endg\u00fcltige Form erhielt es erst Ende des 19. Jahrhunderts nach umfangreichen Umbauten und Erweiterungen. Heute dient das barocke Geb\u00e4udeensemble als Museum und Besucherzentrum und erwartet Besucher das ganze Jahr \u00fcber.<\/p>\n<p>Die Familie Festetics, kroatischer Herkunft, verlegte im 17. Jahrhundert ihren Hauptsitz nach Ungarn, und 1739 wurde Keszthely zu ihrem st\u00e4ndigen Zuhause, als der Besitz in den Besitz von Krist\u00f3f Festetics \u00fcberging. Der Bau des Schlosses begann 1745, w\u00e4hrend dieser Zeit bl\u00fchte die Stadt dank der Familie auf: In Keszthely wurden eine Apotheke und ein Krankenhaus errichtet.<\/p>\n<p>Im Zuge der Umbauten im 18. und 19. Jahrhundert verdoppelte sich beinahe die urspr\u00fcngliche Gr\u00f6\u00dfe des Schlosses, und seine heutige Form spiegelt den alten Glanz des Geb\u00e4udes wider. Nach der Verl\u00e4ngerung des mittleren \u00f6stlichen Fl\u00fcgels wurde auch der n\u00f6rdliche Fl\u00fcgel fertiggestellt, der Platz f\u00fcr Balls\u00e4le und G\u00e4stesuiten bot. Das Geb\u00e4ude wurde mit Zentralheizung und Wasserleitungen ausgestattet, und die Fassaden, Innenr\u00e4ume und Treppenh\u00e4user wurden renoviert.<\/p>\n<h3>Das imposanteste Adelsschloss<\/h3>\n<p>Durch ein pr\u00e4chtiges Haupttor gelangt man in den Schlosspark, wo man die Statue von Graf Festetics Gy\u00f6rgy im Vorgarten begr\u00fc\u00dfen kann. Der gesamte Park des Schlosses steht unter Naturschutz und bietet mit seinen hunderte Jahre alten B\u00e4umen, Blumen und Springbrunnen einen angenehmen Spaziergang f\u00fcr die Besucher. Das Schloss ist von einem franz\u00f6sischen Garten umgeben, dahinter befindet sich ein englischer Garten, und sogar ein Palmenhaus wurde im Park errichtet.<\/p>\n<p>Keszthely beherbergt jedes Jahr zahlreiche kulturelle Veranstaltungen, von denen die meisten im Festsaal des Festetics-Schlosses stattfinden, sodass das ganze Jahr \u00fcber verschiedene Veranstaltungen, tempor\u00e4re und permanente Ausstellungen auf dem Schlossgel\u00e4nde besucht werden k\u00f6nnen.<\/p>\n<p>Permanente Ausstellungen auf dem Schlossgel\u00e4nde:<\/p>\n<ul>\n<li>Adelsleben, Helikon-Bibliothek<\/li>\n<li>Amazon-Haus Besucherzentrum<\/li>\n<li>Palmenhaus und Vogelpark<\/li>\n<li>Jagdausstellung<\/li>\n<li>Kutschenausstellung<\/li>\n<li>Historische Modelleisenbahn-Ausstellung<\/li>\n<\/ul>\n<p>Weitere Informationen finden Sie auf der <a href=\"https:\/\/festeticskastely.hu\/\" target=\"_blank\" rel=\"noopener\">Website des Festetics-Schlosses<\/a>.<\/p>\n","protected":false},"excerpt":{"rendered":"<p>Ein Meisterwerk der Schlossarchitektur \u2013 eine der beliebtesten Sehensw\u00fcrdigkeiten am Balaton Das Festetics-Schloss, nur 35 km von Zalakaros entfernt, ist eines der bedeutendsten Denkm\u00e4ler von Keszthely. Sein Bau begann in der Mitte des 18. Jahrhunderts, aber seine endg\u00fcltige Form erhielt es erst Ende des 19. Jahrhunderts nach umfangreichen Umbauten und Erweiterungen. Heute dient das barocke [&hellip;]<\/p>\n","protected":false},"author":1,"featured_media":0,"parent":1582,"menu_order":50,"comment_status":"closed","ping_status":"closed","template":"","meta":{"footnotes":""},"class_list":["post-1412","page","type-page","status-publish","hentry"],"yoast_head":"<!-- This site is optimized with the Yoast SEO plugin v27.5 - https:\/\/yoast.com\/product\/yoast-seo-wordpress\/ -->\n<title>Festetics-Schloss | Belenus Thermalhotel *** Zalakaros<\/title>\n<meta name=\"description\" content=\"Legjobb \u00e1rak a saj\u00e1t honlapon - Igaz\u00e1n isteni hely a felt\u00f6lt\u0151 wellness pihen\u00e9sre. Csod\u00e1s parkkal \u00e9s term\u00e1lvizes medenc\u00e9vel\" \/>\n<meta name=\"robots\" content=\"index, follow, max-snippet:-1, max-image-preview:large, max-video-preview:-1\" \/>\n<link rel=\"canonical\" href=\"https:\/\/www.belenushotel.hu\/de\/service\/programme\/festetics-schloss\/\" \/>\n<meta property=\"og:locale\" content=\"de_DE\" \/>\n<meta property=\"og:type\" content=\"article\" \/>\n<meta property=\"og:title\" content=\"Festetics-Schloss | Belenus Thermalhotel *** Zalakaros\" \/>\n<meta property=\"og:description\" content=\"Legjobb \u00e1rak a saj\u00e1t honlapon - Igaz\u00e1n isteni hely a felt\u00f6lt\u0151 wellness pihen\u00e9sre. Csod\u00e1s parkkal \u00e9s term\u00e1lvizes medenc\u00e9vel\" \/>\n<meta property=\"og:url\" content=\"https:\/\/www.belenushotel.hu\/de\/service\/programme\/festetics-schloss\/\" \/>\n<meta property=\"og:site_name\" content=\"Belenus Thermalhotel *** Zalakaros\" \/>\n<meta property=\"article:publisher\" content=\"https:\/\/www.facebook.com\/belenushotel\" \/>\n<meta property=\"article:modified_time\" content=\"2024-06-07T20:53:06+00:00\" \/>\n<meta property=\"og:image\" content=\"https:\/\/www.belenushotel.hu\/files\/2024\/06\/KEP_9076.webp\" \/>\n\t<meta property=\"og:image:width\" content=\"1500\" \/>\n\t<meta property=\"og:image:height\" content=\"1000\" \/>\n\t<meta property=\"og:image:type\" content=\"image\/webp\" \/>\n<meta name=\"twitter:card\" content=\"summary_large_image\" \/>\n<meta name=\"twitter:label1\" content=\"Gesch\u00e4tzte Lesezeit\" \/>\n\t<meta name=\"twitter:data1\" content=\"2\u00a0Minuten\" \/>\n<script type=\"application\/ld+json\" class=\"yoast-schema-graph\">{\"@context\":\"https:\\\/\\\/schema.org\",\"@graph\":[{\"@type\":\"WebPage\",\"@id\":\"https:\\\/\\\/www.belenushotel.hu\\\/de\\\/service\\\/programme\\\/festetics-schloss\\\/\",\"url\":\"https:\\\/\\\/www.belenushotel.hu\\\/de\\\/service\\\/programme\\\/festetics-schloss\\\/\",\"name\":\"Festetics-Schloss | Belenus Thermalhotel *** Zalakaros\",\"isPartOf\":{\"@id\":\"https:\\\/\\\/www.belenushotel.hu\\\/#website\"},\"datePublished\":\"2024-05-28T15:34:24+00:00\",\"dateModified\":\"2024-06-07T20:53:06+00:00\",\"description\":\"Legjobb \u00e1rak a saj\u00e1t honlapon - Igaz\u00e1n isteni hely a felt\u00f6lt\u0151 wellness pihen\u00e9sre. Csod\u00e1s parkkal \u00e9s term\u00e1lvizes medenc\u00e9vel\",\"breadcrumb\":{\"@id\":\"https:\\\/\\\/www.belenushotel.hu\\\/de\\\/service\\\/programme\\\/festetics-schloss\\\/#breadcrumb\"},\"inLanguage\":\"de\",\"potentialAction\":[{\"@type\":\"ReadAction\",\"target\":[\"https:\\\/\\\/www.belenushotel.hu\\\/de\\\/service\\\/programme\\\/festetics-schloss\\\/\"]}]},{\"@type\":\"BreadcrumbList\",\"@id\":\"https:\\\/\\\/www.belenushotel.hu\\\/de\\\/service\\\/programme\\\/festetics-schloss\\\/#breadcrumb\",\"itemListElement\":[{\"@type\":\"ListItem\",\"position\":1,\"name\":\"Service\",\"item\":\"https:\\\/\\\/www.belenushotel.hu\\\/de\\\/service\\\/\"},{\"@type\":\"ListItem\",\"position\":2,\"name\":\"Programme\",\"item\":\"https:\\\/\\\/www.belenushotel.hu\\\/de\\\/service\\\/programme\\\/\"},{\"@type\":\"ListItem\",\"position\":3,\"name\":\"Festetics-Schloss\"}]},{\"@type\":\"WebSite\",\"@id\":\"https:\\\/\\\/www.belenushotel.hu\\\/#website\",\"url\":\"https:\\\/\\\/www.belenushotel.hu\\\/\",\"name\":\"Belenus Thermalhotel *** Superior Zalakaros\",\"description\":\"Egy \u201eisteni\u201d hely...\",\"publisher\":{\"@id\":\"https:\\\/\\\/www.belenushotel.hu\\\/#organization\"},\"potentialAction\":[{\"@type\":\"SearchAction\",\"target\":{\"@type\":\"EntryPoint\",\"urlTemplate\":\"https:\\\/\\\/www.belenushotel.hu\\\/?s={search_term_string}\"},\"query-input\":{\"@type\":\"PropertyValueSpecification\",\"valueRequired\":true,\"valueName\":\"search_term_string\"}}],\"inLanguage\":\"de\"},{\"@type\":\"Organization\",\"@id\":\"https:\\\/\\\/www.belenushotel.hu\\\/#organization\",\"name\":\"Belenus Thermalhotel *** Superior Zalakaros\",\"url\":\"https:\\\/\\\/www.belenushotel.hu\\\/\",\"logo\":{\"@type\":\"ImageObject\",\"inLanguage\":\"de\",\"@id\":\"https:\\\/\\\/www.belenushotel.hu\\\/#\\\/schema\\\/logo\\\/image\\\/\",\"url\":\"https:\\\/\\\/www.belenushotel.hu\\\/files\\\/2024\\\/06\\\/belenus_logo_696.webp\",\"contentUrl\":\"https:\\\/\\\/www.belenushotel.hu\\\/files\\\/2024\\\/06\\\/belenus_logo_696.webp\",\"width\":696,\"height\":696,\"caption\":\"Belenus Thermalhotel *** Superior Zalakaros\"},\"image\":{\"@id\":\"https:\\\/\\\/www.belenushotel.hu\\\/#\\\/schema\\\/logo\\\/image\\\/\"},\"sameAs\":[\"https:\\\/\\\/www.facebook.com\\\/belenushotel\"]}]}<\/script>\n<!-- \/ Yoast SEO plugin. -->","yoast_head_json":{"title":"Festetics-Schloss | Belenus Thermalhotel *** Zalakaros","description":"Legjobb \u00e1rak a saj\u00e1t honlapon - Igaz\u00e1n isteni hely a felt\u00f6lt\u0151 wellness pihen\u00e9sre. Csod\u00e1s parkkal \u00e9s term\u00e1lvizes medenc\u00e9vel","robots":{"index":"index","follow":"follow","max-snippet":"max-snippet:-1","max-image-preview":"max-image-preview:large","max-video-preview":"max-video-preview:-1"},"canonical":"https:\/\/www.belenushotel.hu\/de\/service\/programme\/festetics-schloss\/","og_locale":"de_DE","og_type":"article","og_title":"Festetics-Schloss | Belenus Thermalhotel *** Zalakaros","og_description":"Legjobb \u00e1rak a saj\u00e1t honlapon - Igaz\u00e1n isteni hely a felt\u00f6lt\u0151 wellness pihen\u00e9sre. Csod\u00e1s parkkal \u00e9s term\u00e1lvizes medenc\u00e9vel","og_url":"https:\/\/www.belenushotel.hu\/de\/service\/programme\/festetics-schloss\/","og_site_name":"Belenus Thermalhotel *** Zalakaros","article_publisher":"https:\/\/www.facebook.com\/belenushotel","article_modified_time":"2024-06-07T20:53:06+00:00","og_image":[{"width":1500,"height":1000,"url":"https:\/\/www.belenushotel.hu\/files\/2024\/06\/KEP_9076.webp","type":"image\/webp"}],"twitter_card":"summary_large_image","twitter_misc":{"Gesch\u00e4tzte Lesezeit":"2\u00a0Minuten"},"schema":{"@context":"https:\/\/schema.org","@graph":[{"@type":"WebPage","@id":"https:\/\/www.belenushotel.hu\/de\/service\/programme\/festetics-schloss\/","url":"https:\/\/www.belenushotel.hu\/de\/service\/programme\/festetics-schloss\/","name":"Festetics-Schloss | Belenus Thermalhotel *** Zalakaros","isPartOf":{"@id":"https:\/\/www.belenushotel.hu\/#website"},"datePublished":"2024-05-28T15:34:24+00:00","dateModified":"2024-06-07T20:53:06+00:00","description":"Legjobb \u00e1rak a saj\u00e1t honlapon - Igaz\u00e1n isteni hely a felt\u00f6lt\u0151 wellness pihen\u00e9sre. Csod\u00e1s parkkal \u00e9s term\u00e1lvizes medenc\u00e9vel","breadcrumb":{"@id":"https:\/\/www.belenushotel.hu\/de\/service\/programme\/festetics-schloss\/#breadcrumb"},"inLanguage":"de","potentialAction":[{"@type":"ReadAction","target":["https:\/\/www.belenushotel.hu\/de\/service\/programme\/festetics-schloss\/"]}]},{"@type":"BreadcrumbList","@id":"https:\/\/www.belenushotel.hu\/de\/service\/programme\/festetics-schloss\/#breadcrumb","itemListElement":[{"@type":"ListItem","position":1,"name":"Service","item":"https:\/\/www.belenushotel.hu\/de\/service\/"},{"@type":"ListItem","position":2,"name":"Programme","item":"https:\/\/www.belenushotel.hu\/de\/service\/programme\/"},{"@type":"ListItem","position":3,"name":"Festetics-Schloss"}]},{"@type":"WebSite","@id":"https:\/\/www.belenushotel.hu\/#website","url":"https:\/\/www.belenushotel.hu\/","name":"Belenus Thermalhotel *** Superior Zalakaros","description":"Egy \u201eisteni\u201d hely...","publisher":{"@id":"https:\/\/www.belenushotel.hu\/#organization"},"potentialAction":[{"@type":"SearchAction","target":{"@type":"EntryPoint","urlTemplate":"https:\/\/www.belenushotel.hu\/?s={search_term_string}"},"query-input":{"@type":"PropertyValueSpecification","valueRequired":true,"valueName":"search_term_string"}}],"inLanguage":"de"},{"@type":"Organization","@id":"https:\/\/www.belenushotel.hu\/#organization","name":"Belenus Thermalhotel *** Superior Zalakaros","url":"https:\/\/www.belenushotel.hu\/","logo":{"@type":"ImageObject","inLanguage":"de","@id":"https:\/\/www.belenushotel.hu\/#\/schema\/logo\/image\/","url":"https:\/\/www.belenushotel.hu\/files\/2024\/06\/belenus_logo_696.webp","contentUrl":"https:\/\/www.belenushotel.hu\/files\/2024\/06\/belenus_logo_696.webp","width":696,"height":696,"caption":"Belenus Thermalhotel *** Superior Zalakaros"},"image":{"@id":"https:\/\/www.belenushotel.hu\/#\/schema\/logo\/image\/"},"sameAs":["https:\/\/www.facebook.com\/belenushotel"]}]}},"_links":{"self":[{"href":"https:\/\/www.belenushotel.hu\/de\/wp-json\/wp\/v2\/pages\/1412","targetHints":{"allow":["GET"]}}],"collection":[{"href":"https:\/\/www.belenushotel.hu\/de\/wp-json\/wp\/v2\/pages"}],"about":[{"href":"https:\/\/www.belenushotel.hu\/de\/wp-json\/wp\/v2\/types\/page"}],"author":[{"embeddable":true,"href":"https:\/\/www.belenushotel.hu\/de\/wp-json\/wp\/v2\/users\/1"}],"replies":[{"embeddable":true,"href":"https:\/\/www.belenushotel.hu\/de\/wp-json\/wp\/v2\/comments?post=1412"}],"version-history":[{"count":0,"href":"https:\/\/www.belenushotel.hu\/de\/wp-json\/wp\/v2\/pages\/1412\/revisions"}],"up":[{"embeddable":true,"href":"https:\/\/www.belenushotel.hu\/de\/wp-json\/wp\/v2\/pages\/1582"}],"wp:attachment":[{"href":"https:\/\/www.belenushotel.hu\/de\/wp-json\/wp\/v2\/media?parent=1412"}],"curies":[{"name":"wp","href":"https:\/\/api.w.org\/{rel}","templated":true}]}}