{"id":1404,"date":"2024-05-28T15:22:45","date_gmt":"2024-05-28T15:22:45","guid":{"rendered":"https:\/\/www.belenushotel.hu\/?page_id=1404"},"modified":"2024-06-07T19:54:43","modified_gmt":"2024-06-07T19:54:43","slug":"nagybakonak-felsen-schlucht","status":"publish","type":"page","link":"https:\/\/www.belenushotel.hu\/de\/service\/programme\/nagybakonak-felsen-schlucht\/","title":{"rendered":"Nagybak\u00f3nak &#8211; Felsen-Schlucht"},"content":{"rendered":"<h2>Nagybak\u00f3naki Sziklaszurdok<\/h2>\n<p>Nur 22 Kilometer von Zalakaros entfernt befindet sich die wildromantische Felsenschlucht von Nagybak\u00f3nak, wo mutige und abenteuerlustige Wanderer neben aufregenden Abenteuern unvergessliche Erlebnisse sammeln k\u00f6nnen. Es lohnt sich jederzeit, Wanderstiefel anzuziehen und die atemberaubenden, versteckten Sch\u00e4tze der Umgebung zu entdecken. Die frischen D\u00fcfte des Fr\u00fchlings und die einladenden Farben des Herbstes bringen echte Aufregung in unseren Alltag.<\/p>\n<p>Dieses wundervolle Naturgebilde, das auf dem Sandsteingrundgestein beruht, fasziniert die Wanderer bei regnerischem Wetter mit einem seltenen Ph\u00e4nomen, dem &#8222;weinenden Felsen&#8220;. Das Mikroklima der Schlucht bietet auch Lebensbedingungen f\u00fcr Arten, die f\u00fcr diese H\u00fcgelgegend ungew\u00f6hnlich sind.<\/p>\n<h2>Quellental<\/h2>\n<p>In der N\u00e4he der Schlucht befinden sich die als angenehme Ruhepl\u00e4tze bekannten \u00c1rp\u00e1d-Quellen, auch als Esperanto-Quellen bekannt. In einem kleinen Tal liegt einer der beliebtesten Ausflugsorte von Nagybak\u00f3nak, der leicht von Kindern und Senioren zu erreichen ist. Das klare, feine Trinkwasser, Feuerstellen, B\u00e4nke und Tische machen die Erholung hier bequem. Durch das Gebiet der \u00c1rp\u00e1d-Quellen verlaufen drei Energielinien. Diese Linien sind die Nervenstr\u00f6me der Erde. Mit ihrer besonderen Strahlung regenerieren sie den geschw\u00e4chten K\u00f6rper schnell und st\u00e4rken das Immunsystem. Die Quellen erhielten ihren ersten Namen von den Pfadfindern. Diese Quellen gerieten lange Zeit in Vergessenheit und wurden unbrauchbar. Ende der 1970er Jahre wurde mit der Arbeit des Naturschutzbundes Nagykanizsa die Doppelquelle errichtet. In der sch\u00f6nen und im Sommer k\u00fchlen Umgebung erfrischt sie angenehm und bietet eine angenehme Ruhe.<\/p>\n<h2>Csibiti-See<\/h2>\n<p>In der Umgebung befindet sich auch der Csibiti-See, ein k\u00fcnstlich angelegtes Gew\u00e4sser. Ein wundersch\u00f6ner Waldweg f\u00fchrt ins Csibiti-Tal, der Wanderer mit einer reichen Pflanzen- und Tierwelt ins Freie lockt. Neben dem Waldsee warten Ruhepl\u00e4tze und eine frische Quelle auf die Besucher. Das Tal ist ein ruhiges und verstecktes Juwel der Umgebung, wo es eine ziemlich gro\u00dfe Chance gibt, niemandem zu begegnen. Wenn jemand eine Auszeit von den Sorgen der Welt nehmen m\u00f6chte, kann er es hier tun.<\/p>\n","protected":false},"excerpt":{"rendered":"<p>Nagybak\u00f3naki Sziklaszurdok Nur 22 Kilometer von Zalakaros entfernt befindet sich die wildromantische Felsenschlucht von Nagybak\u00f3nak, wo mutige und abenteuerlustige Wanderer neben aufregenden Abenteuern unvergessliche Erlebnisse sammeln k\u00f6nnen. Es lohnt sich jederzeit, Wanderstiefel anzuziehen und die atemberaubenden, versteckten Sch\u00e4tze der Umgebung zu entdecken. Die frischen D\u00fcfte des Fr\u00fchlings und die einladenden Farben des Herbstes bringen echte [&hellip;]<\/p>\n","protected":false},"author":1,"featured_media":0,"parent":1582,"menu_order":100,"comment_status":"closed","ping_status":"closed","template":"","meta":{"footnotes":""},"class_list":["post-1404","page","type-page","status-publish","hentry"],"yoast_head":"<!-- This site is optimized with the Yoast SEO plugin v27.0 - https:\/\/yoast.com\/product\/yoast-seo-wordpress\/ -->\n<title>Nagybak\u00f3nak - Felsen-Schlucht | Belenus Thermalhotel *** Zalakaros<\/title>\n<meta name=\"description\" content=\"Legjobb \u00e1rak a saj\u00e1t honlapon - Igaz\u00e1n isteni hely a felt\u00f6lt\u0151 wellness pihen\u00e9sre. Csod\u00e1s parkkal \u00e9s term\u00e1lvizes medenc\u00e9vel\" \/>\n<meta name=\"robots\" content=\"index, follow, max-snippet:-1, max-image-preview:large, max-video-preview:-1\" \/>\n<link rel=\"canonical\" href=\"https:\/\/www.belenushotel.hu\/de\/service\/programme\/nagybakonak-felsen-schlucht\/\" \/>\n<meta property=\"og:locale\" content=\"de_DE\" \/>\n<meta property=\"og:type\" content=\"article\" \/>\n<meta property=\"og:title\" content=\"Nagybak\u00f3nak - Felsen-Schlucht | Belenus Thermalhotel *** Zalakaros\" \/>\n<meta property=\"og:description\" content=\"Legjobb \u00e1rak a saj\u00e1t honlapon - Igaz\u00e1n isteni hely a felt\u00f6lt\u0151 wellness pihen\u00e9sre. Csod\u00e1s parkkal \u00e9s term\u00e1lvizes medenc\u00e9vel\" \/>\n<meta property=\"og:url\" content=\"https:\/\/www.belenushotel.hu\/de\/service\/programme\/nagybakonak-felsen-schlucht\/\" \/>\n<meta property=\"og:site_name\" content=\"Belenus Thermalhotel *** Zalakaros\" \/>\n<meta property=\"article:publisher\" content=\"https:\/\/www.facebook.com\/belenushotel\" \/>\n<meta property=\"article:modified_time\" content=\"2024-06-07T19:54:43+00:00\" \/>\n<meta property=\"og:image\" content=\"https:\/\/www.belenushotel.hu\/files\/2024\/06\/KEP_9076.webp\" \/>\n\t<meta property=\"og:image:width\" content=\"1500\" \/>\n\t<meta property=\"og:image:height\" content=\"1000\" \/>\n\t<meta property=\"og:image:type\" content=\"image\/webp\" \/>\n<meta name=\"twitter:card\" content=\"summary_large_image\" \/>\n<meta name=\"twitter:label1\" content=\"Gesch\u00e4tzte Lesezeit\" \/>\n\t<meta name=\"twitter:data1\" content=\"2\u00a0Minuten\" \/>\n<script type=\"application\/ld+json\" class=\"yoast-schema-graph\">{\"@context\":\"https:\/\/schema.org\",\"@graph\":[{\"@type\":\"WebPage\",\"@id\":\"https:\/\/www.belenushotel.hu\/de\/service\/programme\/nagybakonak-felsen-schlucht\/\",\"url\":\"https:\/\/www.belenushotel.hu\/de\/service\/programme\/nagybakonak-felsen-schlucht\/\",\"name\":\"Nagybak\u00f3nak - Felsen-Schlucht | Belenus Thermalhotel *** Zalakaros\",\"isPartOf\":{\"@id\":\"https:\/\/www.belenushotel.hu\/#website\"},\"datePublished\":\"2024-05-28T15:22:45+00:00\",\"dateModified\":\"2024-06-07T19:54:43+00:00\",\"description\":\"Legjobb \u00e1rak a saj\u00e1t honlapon - Igaz\u00e1n isteni hely a felt\u00f6lt\u0151 wellness pihen\u00e9sre. Csod\u00e1s parkkal \u00e9s term\u00e1lvizes medenc\u00e9vel\",\"breadcrumb\":{\"@id\":\"https:\/\/www.belenushotel.hu\/de\/service\/programme\/nagybakonak-felsen-schlucht\/#breadcrumb\"},\"inLanguage\":\"de\",\"potentialAction\":[{\"@type\":\"ReadAction\",\"target\":[\"https:\/\/www.belenushotel.hu\/de\/service\/programme\/nagybakonak-felsen-schlucht\/\"]}]},{\"@type\":\"BreadcrumbList\",\"@id\":\"https:\/\/www.belenushotel.hu\/de\/service\/programme\/nagybakonak-felsen-schlucht\/#breadcrumb\",\"itemListElement\":[{\"@type\":\"ListItem\",\"position\":1,\"name\":\"Service\",\"item\":\"https:\/\/www.belenushotel.hu\/de\/service\/\"},{\"@type\":\"ListItem\",\"position\":2,\"name\":\"Programme\",\"item\":\"https:\/\/www.belenushotel.hu\/de\/service\/programme\/\"},{\"@type\":\"ListItem\",\"position\":3,\"name\":\"Nagybak\u00f3nak &#8211; Felsen-Schlucht\"}]},{\"@type\":\"WebSite\",\"@id\":\"https:\/\/www.belenushotel.hu\/#website\",\"url\":\"https:\/\/www.belenushotel.hu\/\",\"name\":\"Belenus Thermalhotel *** Superior Zalakaros\",\"description\":\"Egy \u201eisteni\u201d hely...\",\"publisher\":{\"@id\":\"https:\/\/www.belenushotel.hu\/#organization\"},\"potentialAction\":[{\"@type\":\"SearchAction\",\"target\":{\"@type\":\"EntryPoint\",\"urlTemplate\":\"https:\/\/www.belenushotel.hu\/?s={search_term_string}\"},\"query-input\":{\"@type\":\"PropertyValueSpecification\",\"valueRequired\":true,\"valueName\":\"search_term_string\"}}],\"inLanguage\":\"de\"},{\"@type\":\"Organization\",\"@id\":\"https:\/\/www.belenushotel.hu\/#organization\",\"name\":\"Belenus Thermalhotel *** Superior Zalakaros\",\"url\":\"https:\/\/www.belenushotel.hu\/\",\"logo\":{\"@type\":\"ImageObject\",\"inLanguage\":\"de\",\"@id\":\"https:\/\/www.belenushotel.hu\/#\/schema\/logo\/image\/\",\"url\":\"https:\/\/www.belenushotel.hu\/files\/2024\/06\/belenus_logo_696.webp\",\"contentUrl\":\"https:\/\/www.belenushotel.hu\/files\/2024\/06\/belenus_logo_696.webp\",\"width\":696,\"height\":696,\"caption\":\"Belenus Thermalhotel *** Superior Zalakaros\"},\"image\":{\"@id\":\"https:\/\/www.belenushotel.hu\/#\/schema\/logo\/image\/\"},\"sameAs\":[\"https:\/\/www.facebook.com\/belenushotel\"]}]}<\/script>\n<!-- \/ Yoast SEO plugin. -->","yoast_head_json":{"title":"Nagybak\u00f3nak - Felsen-Schlucht | Belenus Thermalhotel *** Zalakaros","description":"Legjobb \u00e1rak a saj\u00e1t honlapon - Igaz\u00e1n isteni hely a felt\u00f6lt\u0151 wellness pihen\u00e9sre. Csod\u00e1s parkkal \u00e9s term\u00e1lvizes medenc\u00e9vel","robots":{"index":"index","follow":"follow","max-snippet":"max-snippet:-1","max-image-preview":"max-image-preview:large","max-video-preview":"max-video-preview:-1"},"canonical":"https:\/\/www.belenushotel.hu\/de\/service\/programme\/nagybakonak-felsen-schlucht\/","og_locale":"de_DE","og_type":"article","og_title":"Nagybak\u00f3nak - Felsen-Schlucht | Belenus Thermalhotel *** Zalakaros","og_description":"Legjobb \u00e1rak a saj\u00e1t honlapon - Igaz\u00e1n isteni hely a felt\u00f6lt\u0151 wellness pihen\u00e9sre. Csod\u00e1s parkkal \u00e9s term\u00e1lvizes medenc\u00e9vel","og_url":"https:\/\/www.belenushotel.hu\/de\/service\/programme\/nagybakonak-felsen-schlucht\/","og_site_name":"Belenus Thermalhotel *** Zalakaros","article_publisher":"https:\/\/www.facebook.com\/belenushotel","article_modified_time":"2024-06-07T19:54:43+00:00","og_image":[{"width":1500,"height":1000,"url":"https:\/\/www.belenushotel.hu\/files\/2024\/06\/KEP_9076.webp","type":"image\/webp"}],"twitter_card":"summary_large_image","twitter_misc":{"Gesch\u00e4tzte Lesezeit":"2\u00a0Minuten"},"schema":{"@context":"https:\/\/schema.org","@graph":[{"@type":"WebPage","@id":"https:\/\/www.belenushotel.hu\/de\/service\/programme\/nagybakonak-felsen-schlucht\/","url":"https:\/\/www.belenushotel.hu\/de\/service\/programme\/nagybakonak-felsen-schlucht\/","name":"Nagybak\u00f3nak - Felsen-Schlucht | Belenus Thermalhotel *** Zalakaros","isPartOf":{"@id":"https:\/\/www.belenushotel.hu\/#website"},"datePublished":"2024-05-28T15:22:45+00:00","dateModified":"2024-06-07T19:54:43+00:00","description":"Legjobb \u00e1rak a saj\u00e1t honlapon - Igaz\u00e1n isteni hely a felt\u00f6lt\u0151 wellness pihen\u00e9sre. Csod\u00e1s parkkal \u00e9s term\u00e1lvizes medenc\u00e9vel","breadcrumb":{"@id":"https:\/\/www.belenushotel.hu\/de\/service\/programme\/nagybakonak-felsen-schlucht\/#breadcrumb"},"inLanguage":"de","potentialAction":[{"@type":"ReadAction","target":["https:\/\/www.belenushotel.hu\/de\/service\/programme\/nagybakonak-felsen-schlucht\/"]}]},{"@type":"BreadcrumbList","@id":"https:\/\/www.belenushotel.hu\/de\/service\/programme\/nagybakonak-felsen-schlucht\/#breadcrumb","itemListElement":[{"@type":"ListItem","position":1,"name":"Service","item":"https:\/\/www.belenushotel.hu\/de\/service\/"},{"@type":"ListItem","position":2,"name":"Programme","item":"https:\/\/www.belenushotel.hu\/de\/service\/programme\/"},{"@type":"ListItem","position":3,"name":"Nagybak\u00f3nak &#8211; Felsen-Schlucht"}]},{"@type":"WebSite","@id":"https:\/\/www.belenushotel.hu\/#website","url":"https:\/\/www.belenushotel.hu\/","name":"Belenus Thermalhotel *** Superior Zalakaros","description":"Egy \u201eisteni\u201d hely...","publisher":{"@id":"https:\/\/www.belenushotel.hu\/#organization"},"potentialAction":[{"@type":"SearchAction","target":{"@type":"EntryPoint","urlTemplate":"https:\/\/www.belenushotel.hu\/?s={search_term_string}"},"query-input":{"@type":"PropertyValueSpecification","valueRequired":true,"valueName":"search_term_string"}}],"inLanguage":"de"},{"@type":"Organization","@id":"https:\/\/www.belenushotel.hu\/#organization","name":"Belenus Thermalhotel *** Superior Zalakaros","url":"https:\/\/www.belenushotel.hu\/","logo":{"@type":"ImageObject","inLanguage":"de","@id":"https:\/\/www.belenushotel.hu\/#\/schema\/logo\/image\/","url":"https:\/\/www.belenushotel.hu\/files\/2024\/06\/belenus_logo_696.webp","contentUrl":"https:\/\/www.belenushotel.hu\/files\/2024\/06\/belenus_logo_696.webp","width":696,"height":696,"caption":"Belenus Thermalhotel *** Superior Zalakaros"},"image":{"@id":"https:\/\/www.belenushotel.hu\/#\/schema\/logo\/image\/"},"sameAs":["https:\/\/www.facebook.com\/belenushotel"]}]}},"_links":{"self":[{"href":"https:\/\/www.belenushotel.hu\/de\/wp-json\/wp\/v2\/pages\/1404","targetHints":{"allow":["GET"]}}],"collection":[{"href":"https:\/\/www.belenushotel.hu\/de\/wp-json\/wp\/v2\/pages"}],"about":[{"href":"https:\/\/www.belenushotel.hu\/de\/wp-json\/wp\/v2\/types\/page"}],"author":[{"embeddable":true,"href":"https:\/\/www.belenushotel.hu\/de\/wp-json\/wp\/v2\/users\/1"}],"replies":[{"embeddable":true,"href":"https:\/\/www.belenushotel.hu\/de\/wp-json\/wp\/v2\/comments?post=1404"}],"version-history":[{"count":0,"href":"https:\/\/www.belenushotel.hu\/de\/wp-json\/wp\/v2\/pages\/1404\/revisions"}],"up":[{"embeddable":true,"href":"https:\/\/www.belenushotel.hu\/de\/wp-json\/wp\/v2\/pages\/1582"}],"wp:attachment":[{"href":"https:\/\/www.belenushotel.hu\/de\/wp-json\/wp\/v2\/media?parent=1404"}],"curies":[{"name":"wp","href":"https:\/\/api.w.org\/{rel}","templated":true}]}}