{"id":1393,"date":"2024-05-28T15:02:49","date_gmt":"2024-05-28T15:02:49","guid":{"rendered":"https:\/\/www.belenushotel.hu\/?page_id=1393"},"modified":"2024-06-07T19:38:18","modified_gmt":"2024-06-07T19:38:18","slug":"7-chief-historical-adventure-park-und-garaboncias-farm","status":"publish","type":"page","link":"https:\/\/www.belenushotel.hu\/de\/service\/programme\/7-chief-historical-adventure-park-und-garaboncias-farm\/","title":{"rendered":"7 Chief Historical Adventure Park und Garabonci\u00e1s Farm"},"content":{"rendered":"<h2>Spiel und Abenteuer \u2013 gehen Hand in Hand<\/h2>\n<p>Geschichte kann auch Spiel und Abenteuer sein, besonders wenn eine interaktive Ausstellung und ein erlebnisreicher Veranstaltungsort dieses Programm beherbergen. Lerne die Br\u00e4uche der ungarischen Eroberer kennen, sieh dir an, wie unsere Vorfahren gelebt haben, und dann begebe dich auf ein echtes Abenteuer auf einem Bauernhof, wo du reiten, Tiere streicheln und das t\u00e4gliche Leben eines traditionellen Bauernhofs kennenlernen kannst.<\/p>\n<h2>Gedankliche Zeitreise<\/h2>\n<p>Im 7 Chief Historical Adventure Park kann jedes Mitglied einer Mehrgenerationenfamilie eine erlebnisreiche Entspannung finden. Vor Ort werden die Portr\u00e4ts ungarischer K\u00f6nige und die st\u00e4ndige Ausstellung von Jurtenzelten pr\u00e4sentiert, sowie die Geschichte der ungarischen Landnahme, die den Besuchern unterhaltsam neue Fakten \u00fcber Ungarn vermittelt. Die hier ausgestellten Exponate basieren auf den neuesten arch\u00e4ologischen und anthropologischen Forschungen und bieten einen neuen Blickwinkel auf die ungarische Geschichte, der auf den authentischsten historischen Quellen beruht.<\/p>\n<h2>Das Leben erwacht zum&#8230;<\/h2>\n<p>Auf der Garabonci\u00e1s Farm wird ein landwirtschaftliches Anwesen des 21. Jahrhunderts zum Leben erweckt, wo wir die traditionelle Tier- und Pflanzenzucht kennenlernen k\u00f6nnen. Dieser Bauernhof ist nicht nur ein landwirtschaftliches Anwesen, sondern auch ein echter Erlebnisort, wo man unter anderem reiten, mit einem Pferdewagen fahren, auf einem Jagdwagen reisen und sogar Tiere streicheln kann. Kr\u00e4hende H\u00fchner, Sonnenbad nehmende und gl\u00fcckliche Schweine, zahme Hasen, gefleckte K\u00fche, stolze ungarische graue Rinder, lammbauchk\u00e4segebende L\u00e4mmer und Ziegen sowie frei galoppierende Pferde warten auf die Besucher, um die Hektik des Alltags f\u00fcr diesen Moment zu vergessen und ein L\u00e4cheln auf unser Gesicht zu zaubern.<\/p>\n<p>Weitere Informationen finden Sie auf der <a href=\"https:\/\/7-vezer-kalandpark.hu\/de\/\" target=\"_blank\" rel=\"noopener\">Website des 7 Chief Historical Adventure Park und Garabonci\u00e1s Farm<\/a>.<\/p>\n","protected":false},"excerpt":{"rendered":"<p>Spiel und Abenteuer \u2013 gehen Hand in Hand Geschichte kann auch Spiel und Abenteuer sein, besonders wenn eine interaktive Ausstellung und ein erlebnisreicher Veranstaltungsort dieses Programm beherbergen. Lerne die Br\u00e4uche der ungarischen Eroberer kennen, sieh dir an, wie unsere Vorfahren gelebt haben, und dann begebe dich auf ein echtes Abenteuer auf einem Bauernhof, wo du [&hellip;]<\/p>\n","protected":false},"author":1,"featured_media":0,"parent":1582,"menu_order":5,"comment_status":"closed","ping_status":"closed","template":"","meta":{"footnotes":""},"class_list":["post-1393","page","type-page","status-publish","hentry"],"yoast_head":"<!-- This site is optimized with the Yoast SEO plugin v27.5 - https:\/\/yoast.com\/product\/yoast-seo-wordpress\/ -->\n<title>7 Chief Historical Adventure Park und Garabonci\u00e1s Farm | Belenus Thermalhotel *** Zalakaros<\/title>\n<meta name=\"description\" content=\"Legjobb \u00e1rak a saj\u00e1t honlapon - Igaz\u00e1n isteni hely a felt\u00f6lt\u0151 wellness pihen\u00e9sre. Csod\u00e1s parkkal \u00e9s term\u00e1lvizes medenc\u00e9vel\" \/>\n<meta name=\"robots\" content=\"index, follow, max-snippet:-1, max-image-preview:large, max-video-preview:-1\" \/>\n<link rel=\"canonical\" href=\"https:\/\/www.belenushotel.hu\/de\/service\/programme\/7-chief-historical-adventure-park-und-garaboncias-farm\/\" \/>\n<meta property=\"og:locale\" content=\"de_DE\" \/>\n<meta property=\"og:type\" content=\"article\" \/>\n<meta property=\"og:title\" content=\"7 Chief Historical Adventure Park und Garabonci\u00e1s Farm | Belenus Thermalhotel *** Zalakaros\" \/>\n<meta property=\"og:description\" content=\"Legjobb \u00e1rak a saj\u00e1t honlapon - Igaz\u00e1n isteni hely a felt\u00f6lt\u0151 wellness pihen\u00e9sre. Csod\u00e1s parkkal \u00e9s term\u00e1lvizes medenc\u00e9vel\" \/>\n<meta property=\"og:url\" content=\"https:\/\/www.belenushotel.hu\/de\/service\/programme\/7-chief-historical-adventure-park-und-garaboncias-farm\/\" \/>\n<meta property=\"og:site_name\" content=\"Belenus Thermalhotel *** Zalakaros\" \/>\n<meta property=\"article:publisher\" content=\"https:\/\/www.facebook.com\/belenushotel\" \/>\n<meta property=\"article:modified_time\" content=\"2024-06-07T19:38:18+00:00\" \/>\n<meta property=\"og:image\" content=\"https:\/\/www.belenushotel.hu\/files\/2024\/06\/KEP_9076.webp\" \/>\n\t<meta property=\"og:image:width\" content=\"1500\" \/>\n\t<meta property=\"og:image:height\" content=\"1000\" \/>\n\t<meta property=\"og:image:type\" content=\"image\/webp\" \/>\n<meta name=\"twitter:card\" content=\"summary_large_image\" \/>\n<meta name=\"twitter:label1\" content=\"Gesch\u00e4tzte Lesezeit\" \/>\n\t<meta name=\"twitter:data1\" content=\"2\u00a0Minuten\" \/>\n<script type=\"application\/ld+json\" class=\"yoast-schema-graph\">{\"@context\":\"https:\\\/\\\/schema.org\",\"@graph\":[{\"@type\":\"WebPage\",\"@id\":\"https:\\\/\\\/www.belenushotel.hu\\\/de\\\/service\\\/programme\\\/7-chief-historical-adventure-park-und-garaboncias-farm\\\/\",\"url\":\"https:\\\/\\\/www.belenushotel.hu\\\/de\\\/service\\\/programme\\\/7-chief-historical-adventure-park-und-garaboncias-farm\\\/\",\"name\":\"7 Chief Historical Adventure Park und Garabonci\u00e1s Farm | Belenus Thermalhotel *** Zalakaros\",\"isPartOf\":{\"@id\":\"https:\\\/\\\/www.belenushotel.hu\\\/#website\"},\"datePublished\":\"2024-05-28T15:02:49+00:00\",\"dateModified\":\"2024-06-07T19:38:18+00:00\",\"description\":\"Legjobb \u00e1rak a saj\u00e1t honlapon - Igaz\u00e1n isteni hely a felt\u00f6lt\u0151 wellness pihen\u00e9sre. Csod\u00e1s parkkal \u00e9s term\u00e1lvizes medenc\u00e9vel\",\"breadcrumb\":{\"@id\":\"https:\\\/\\\/www.belenushotel.hu\\\/de\\\/service\\\/programme\\\/7-chief-historical-adventure-park-und-garaboncias-farm\\\/#breadcrumb\"},\"inLanguage\":\"de\",\"potentialAction\":[{\"@type\":\"ReadAction\",\"target\":[\"https:\\\/\\\/www.belenushotel.hu\\\/de\\\/service\\\/programme\\\/7-chief-historical-adventure-park-und-garaboncias-farm\\\/\"]}]},{\"@type\":\"BreadcrumbList\",\"@id\":\"https:\\\/\\\/www.belenushotel.hu\\\/de\\\/service\\\/programme\\\/7-chief-historical-adventure-park-und-garaboncias-farm\\\/#breadcrumb\",\"itemListElement\":[{\"@type\":\"ListItem\",\"position\":1,\"name\":\"Service\",\"item\":\"https:\\\/\\\/www.belenushotel.hu\\\/de\\\/service\\\/\"},{\"@type\":\"ListItem\",\"position\":2,\"name\":\"Programme\",\"item\":\"https:\\\/\\\/www.belenushotel.hu\\\/de\\\/service\\\/programme\\\/\"},{\"@type\":\"ListItem\",\"position\":3,\"name\":\"7 Chief Historical Adventure Park und Garabonci\u00e1s Farm\"}]},{\"@type\":\"WebSite\",\"@id\":\"https:\\\/\\\/www.belenushotel.hu\\\/#website\",\"url\":\"https:\\\/\\\/www.belenushotel.hu\\\/\",\"name\":\"Belenus Thermalhotel *** Superior Zalakaros\",\"description\":\"Egy \u201eisteni\u201d hely...\",\"publisher\":{\"@id\":\"https:\\\/\\\/www.belenushotel.hu\\\/#organization\"},\"potentialAction\":[{\"@type\":\"SearchAction\",\"target\":{\"@type\":\"EntryPoint\",\"urlTemplate\":\"https:\\\/\\\/www.belenushotel.hu\\\/?s={search_term_string}\"},\"query-input\":{\"@type\":\"PropertyValueSpecification\",\"valueRequired\":true,\"valueName\":\"search_term_string\"}}],\"inLanguage\":\"de\"},{\"@type\":\"Organization\",\"@id\":\"https:\\\/\\\/www.belenushotel.hu\\\/#organization\",\"name\":\"Belenus Thermalhotel *** Superior Zalakaros\",\"url\":\"https:\\\/\\\/www.belenushotel.hu\\\/\",\"logo\":{\"@type\":\"ImageObject\",\"inLanguage\":\"de\",\"@id\":\"https:\\\/\\\/www.belenushotel.hu\\\/#\\\/schema\\\/logo\\\/image\\\/\",\"url\":\"https:\\\/\\\/www.belenushotel.hu\\\/files\\\/2024\\\/06\\\/belenus_logo_696.webp\",\"contentUrl\":\"https:\\\/\\\/www.belenushotel.hu\\\/files\\\/2024\\\/06\\\/belenus_logo_696.webp\",\"width\":696,\"height\":696,\"caption\":\"Belenus Thermalhotel *** Superior Zalakaros\"},\"image\":{\"@id\":\"https:\\\/\\\/www.belenushotel.hu\\\/#\\\/schema\\\/logo\\\/image\\\/\"},\"sameAs\":[\"https:\\\/\\\/www.facebook.com\\\/belenushotel\"]}]}<\/script>\n<!-- \/ Yoast SEO plugin. -->","yoast_head_json":{"title":"7 Chief Historical Adventure Park und Garabonci\u00e1s Farm | Belenus Thermalhotel *** Zalakaros","description":"Legjobb \u00e1rak a saj\u00e1t honlapon - Igaz\u00e1n isteni hely a felt\u00f6lt\u0151 wellness pihen\u00e9sre. Csod\u00e1s parkkal \u00e9s term\u00e1lvizes medenc\u00e9vel","robots":{"index":"index","follow":"follow","max-snippet":"max-snippet:-1","max-image-preview":"max-image-preview:large","max-video-preview":"max-video-preview:-1"},"canonical":"https:\/\/www.belenushotel.hu\/de\/service\/programme\/7-chief-historical-adventure-park-und-garaboncias-farm\/","og_locale":"de_DE","og_type":"article","og_title":"7 Chief Historical Adventure Park und Garabonci\u00e1s Farm | Belenus Thermalhotel *** Zalakaros","og_description":"Legjobb \u00e1rak a saj\u00e1t honlapon - Igaz\u00e1n isteni hely a felt\u00f6lt\u0151 wellness pihen\u00e9sre. Csod\u00e1s parkkal \u00e9s term\u00e1lvizes medenc\u00e9vel","og_url":"https:\/\/www.belenushotel.hu\/de\/service\/programme\/7-chief-historical-adventure-park-und-garaboncias-farm\/","og_site_name":"Belenus Thermalhotel *** Zalakaros","article_publisher":"https:\/\/www.facebook.com\/belenushotel","article_modified_time":"2024-06-07T19:38:18+00:00","og_image":[{"width":1500,"height":1000,"url":"https:\/\/www.belenushotel.hu\/files\/2024\/06\/KEP_9076.webp","type":"image\/webp"}],"twitter_card":"summary_large_image","twitter_misc":{"Gesch\u00e4tzte Lesezeit":"2\u00a0Minuten"},"schema":{"@context":"https:\/\/schema.org","@graph":[{"@type":"WebPage","@id":"https:\/\/www.belenushotel.hu\/de\/service\/programme\/7-chief-historical-adventure-park-und-garaboncias-farm\/","url":"https:\/\/www.belenushotel.hu\/de\/service\/programme\/7-chief-historical-adventure-park-und-garaboncias-farm\/","name":"7 Chief Historical Adventure Park und Garabonci\u00e1s Farm | Belenus Thermalhotel *** Zalakaros","isPartOf":{"@id":"https:\/\/www.belenushotel.hu\/#website"},"datePublished":"2024-05-28T15:02:49+00:00","dateModified":"2024-06-07T19:38:18+00:00","description":"Legjobb \u00e1rak a saj\u00e1t honlapon - Igaz\u00e1n isteni hely a felt\u00f6lt\u0151 wellness pihen\u00e9sre. Csod\u00e1s parkkal \u00e9s term\u00e1lvizes medenc\u00e9vel","breadcrumb":{"@id":"https:\/\/www.belenushotel.hu\/de\/service\/programme\/7-chief-historical-adventure-park-und-garaboncias-farm\/#breadcrumb"},"inLanguage":"de","potentialAction":[{"@type":"ReadAction","target":["https:\/\/www.belenushotel.hu\/de\/service\/programme\/7-chief-historical-adventure-park-und-garaboncias-farm\/"]}]},{"@type":"BreadcrumbList","@id":"https:\/\/www.belenushotel.hu\/de\/service\/programme\/7-chief-historical-adventure-park-und-garaboncias-farm\/#breadcrumb","itemListElement":[{"@type":"ListItem","position":1,"name":"Service","item":"https:\/\/www.belenushotel.hu\/de\/service\/"},{"@type":"ListItem","position":2,"name":"Programme","item":"https:\/\/www.belenushotel.hu\/de\/service\/programme\/"},{"@type":"ListItem","position":3,"name":"7 Chief Historical Adventure Park und Garabonci\u00e1s Farm"}]},{"@type":"WebSite","@id":"https:\/\/www.belenushotel.hu\/#website","url":"https:\/\/www.belenushotel.hu\/","name":"Belenus Thermalhotel *** Superior Zalakaros","description":"Egy \u201eisteni\u201d hely...","publisher":{"@id":"https:\/\/www.belenushotel.hu\/#organization"},"potentialAction":[{"@type":"SearchAction","target":{"@type":"EntryPoint","urlTemplate":"https:\/\/www.belenushotel.hu\/?s={search_term_string}"},"query-input":{"@type":"PropertyValueSpecification","valueRequired":true,"valueName":"search_term_string"}}],"inLanguage":"de"},{"@type":"Organization","@id":"https:\/\/www.belenushotel.hu\/#organization","name":"Belenus Thermalhotel *** Superior Zalakaros","url":"https:\/\/www.belenushotel.hu\/","logo":{"@type":"ImageObject","inLanguage":"de","@id":"https:\/\/www.belenushotel.hu\/#\/schema\/logo\/image\/","url":"https:\/\/www.belenushotel.hu\/files\/2024\/06\/belenus_logo_696.webp","contentUrl":"https:\/\/www.belenushotel.hu\/files\/2024\/06\/belenus_logo_696.webp","width":696,"height":696,"caption":"Belenus Thermalhotel *** Superior Zalakaros"},"image":{"@id":"https:\/\/www.belenushotel.hu\/#\/schema\/logo\/image\/"},"sameAs":["https:\/\/www.facebook.com\/belenushotel"]}]}},"_links":{"self":[{"href":"https:\/\/www.belenushotel.hu\/de\/wp-json\/wp\/v2\/pages\/1393","targetHints":{"allow":["GET"]}}],"collection":[{"href":"https:\/\/www.belenushotel.hu\/de\/wp-json\/wp\/v2\/pages"}],"about":[{"href":"https:\/\/www.belenushotel.hu\/de\/wp-json\/wp\/v2\/types\/page"}],"author":[{"embeddable":true,"href":"https:\/\/www.belenushotel.hu\/de\/wp-json\/wp\/v2\/users\/1"}],"replies":[{"embeddable":true,"href":"https:\/\/www.belenushotel.hu\/de\/wp-json\/wp\/v2\/comments?post=1393"}],"version-history":[{"count":0,"href":"https:\/\/www.belenushotel.hu\/de\/wp-json\/wp\/v2\/pages\/1393\/revisions"}],"up":[{"embeddable":true,"href":"https:\/\/www.belenushotel.hu\/de\/wp-json\/wp\/v2\/pages\/1582"}],"wp:attachment":[{"href":"https:\/\/www.belenushotel.hu\/de\/wp-json\/wp\/v2\/media?parent=1393"}],"curies":[{"name":"wp","href":"https:\/\/api.w.org\/{rel}","templated":true}]}}