{"id":1389,"date":"2024-05-28T14:54:42","date_gmt":"2024-05-28T14:54:42","guid":{"rendered":"https:\/\/www.belenushotel.hu\/?page_id=1389"},"modified":"2024-06-07T19:32:44","modified_gmt":"2024-06-07T19:32:44","slug":"rundflug","status":"publish","type":"page","link":"https:\/\/www.belenushotel.hu\/de\/service\/programme\/rundflug\/","title":{"rendered":"Rundflug"},"content":{"rendered":"<h2>Fliegen mit den Winden, oder auf den Fl\u00fcgeln der Erlebnisse.<\/h2>\n<p>Betrachten Sie die wundersch\u00f6ne Umgebung aus der Vogelperspektive! Beim Rundflug haben Sie die M\u00f6glichkeit, die Sch\u00f6nheit der Zala-Landschaft in ihrer ganzen Pracht zu bewundern. Eine Route, die Sie vielleicht schon zu Fu\u00df oder mit dem Fahrrad erkundet haben, k\u00f6nnen wir nun aus einer anderen, wirklich einzigartigen Perspektive betrachten. Von oben k\u00f6nnen wir unter anderem den Plattensee, den Kleinen Plattensee, das Schloss Festetics, das Kloster Tihany, die H\u00fcgel von Badacsony und andere Sehensw\u00fcrdigkeiten sehen.<\/p>\n<h3>Routen:<\/h3>\n<p><strong>Viertelst\u00fcndige Route<\/strong> (f\u00fcr 3 Personen, 23 000 HUF)<\/p>\n<ul>\n<li>Stadt Zalakaros<\/li>\n<\/ul>\n<p><strong>Zwanzigmin\u00fctige Routen<\/strong> (f\u00fcr 3 Personen, 30 000 HUF)<\/p>\n<ul>\n<li>Zalakaros Thermalbad \u2013 Kleiner Plattensee K\u00e1nyav\u00e1ri Insel \u2013 B\u00fcffelreservat in K\u00e1polnapuszta<\/li>\n<li>Kleiner Plattensee \u2013 H\u00fctte von Onkel Matula \u2013 K\u00e1nyav\u00e1ri Insel mit der Holzbr\u00fccke<\/li>\n<li>Kleiner Plattensee \u2013 H\u00e9v\u00edz \u2013 Keszthely<\/li>\n<li>Zalakaros \u2013 Nagykanizsa<\/li>\n<\/ul>\n<p><strong>Drei-viertelst\u00fcndige Routen<\/strong> (f\u00fcr 3 Personen, 68 000 HUF)<\/p>\n<ul>\n<li>Kleiner Plattensee \u2013 Stupa \u2013 H\u00e9v\u00edz \u2013 Keszthely<\/li>\n<\/ul>\n<p><strong>Ein-st\u00fcndige Route<\/strong> (f\u00fcr 3 Personen, 90 000 HUF)<\/p>\n<ul>\n<li>Kleiner Plattensee \u2013 H\u00e9v\u00edz \u2013 Burg S\u00fcmeg \u2013 Plattensee<\/li>\n<li>Kleiner Plattensee \u2013 Badacsony \u2013 Tihany \u2013 Plattensee<\/li>\n<\/ul>\n","protected":false},"excerpt":{"rendered":"<p>Fliegen mit den Winden, oder auf den Fl\u00fcgeln der Erlebnisse. Betrachten Sie die wundersch\u00f6ne Umgebung aus der Vogelperspektive! Beim Rundflug haben Sie die M\u00f6glichkeit, die Sch\u00f6nheit der Zala-Landschaft in ihrer ganzen Pracht zu bewundern. Eine Route, die Sie vielleicht schon zu Fu\u00df oder mit dem Fahrrad erkundet haben, k\u00f6nnen wir nun aus einer anderen, wirklich [&hellip;]<\/p>\n","protected":false},"author":1,"featured_media":0,"parent":1582,"menu_order":122,"comment_status":"closed","ping_status":"closed","template":"","meta":{"footnotes":""},"class_list":["post-1389","page","type-page","status-publish","hentry"],"yoast_head":"<!-- This site is optimized with the Yoast SEO plugin v27.5 - https:\/\/yoast.com\/product\/yoast-seo-wordpress\/ -->\n<title>Rundflug | Belenus Thermalhotel *** Zalakaros<\/title>\n<meta name=\"description\" content=\"Legjobb \u00e1rak a saj\u00e1t honlapon - Igaz\u00e1n isteni hely a felt\u00f6lt\u0151 wellness pihen\u00e9sre. Csod\u00e1s parkkal \u00e9s term\u00e1lvizes medenc\u00e9vel\" \/>\n<meta name=\"robots\" content=\"index, follow, max-snippet:-1, max-image-preview:large, max-video-preview:-1\" \/>\n<link rel=\"canonical\" href=\"https:\/\/www.belenushotel.hu\/de\/service\/programme\/rundflug\/\" \/>\n<meta property=\"og:locale\" content=\"de_DE\" \/>\n<meta property=\"og:type\" content=\"article\" \/>\n<meta property=\"og:title\" content=\"Rundflug | Belenus Thermalhotel *** Zalakaros\" \/>\n<meta property=\"og:description\" content=\"Legjobb \u00e1rak a saj\u00e1t honlapon - Igaz\u00e1n isteni hely a felt\u00f6lt\u0151 wellness pihen\u00e9sre. Csod\u00e1s parkkal \u00e9s term\u00e1lvizes medenc\u00e9vel\" \/>\n<meta property=\"og:url\" content=\"https:\/\/www.belenushotel.hu\/de\/service\/programme\/rundflug\/\" \/>\n<meta property=\"og:site_name\" content=\"Belenus Thermalhotel *** Zalakaros\" \/>\n<meta property=\"article:publisher\" content=\"https:\/\/www.facebook.com\/belenushotel\" \/>\n<meta property=\"article:modified_time\" content=\"2024-06-07T19:32:44+00:00\" \/>\n<meta property=\"og:image\" content=\"https:\/\/www.belenushotel.hu\/files\/2024\/06\/KEP_9076.webp\" \/>\n\t<meta property=\"og:image:width\" content=\"1500\" \/>\n\t<meta property=\"og:image:height\" content=\"1000\" \/>\n\t<meta property=\"og:image:type\" content=\"image\/webp\" \/>\n<meta name=\"twitter:card\" content=\"summary_large_image\" \/>\n<meta name=\"twitter:label1\" content=\"Gesch\u00e4tzte Lesezeit\" \/>\n\t<meta name=\"twitter:data1\" content=\"1\u00a0Minute\" \/>\n<script type=\"application\/ld+json\" class=\"yoast-schema-graph\">{\"@context\":\"https:\\\/\\\/schema.org\",\"@graph\":[{\"@type\":\"WebPage\",\"@id\":\"https:\\\/\\\/www.belenushotel.hu\\\/de\\\/service\\\/programme\\\/rundflug\\\/\",\"url\":\"https:\\\/\\\/www.belenushotel.hu\\\/de\\\/service\\\/programme\\\/rundflug\\\/\",\"name\":\"Rundflug | Belenus Thermalhotel *** Zalakaros\",\"isPartOf\":{\"@id\":\"https:\\\/\\\/www.belenushotel.hu\\\/#website\"},\"datePublished\":\"2024-05-28T14:54:42+00:00\",\"dateModified\":\"2024-06-07T19:32:44+00:00\",\"description\":\"Legjobb \u00e1rak a saj\u00e1t honlapon - Igaz\u00e1n isteni hely a felt\u00f6lt\u0151 wellness pihen\u00e9sre. Csod\u00e1s parkkal \u00e9s term\u00e1lvizes medenc\u00e9vel\",\"breadcrumb\":{\"@id\":\"https:\\\/\\\/www.belenushotel.hu\\\/de\\\/service\\\/programme\\\/rundflug\\\/#breadcrumb\"},\"inLanguage\":\"de\",\"potentialAction\":[{\"@type\":\"ReadAction\",\"target\":[\"https:\\\/\\\/www.belenushotel.hu\\\/de\\\/service\\\/programme\\\/rundflug\\\/\"]}]},{\"@type\":\"BreadcrumbList\",\"@id\":\"https:\\\/\\\/www.belenushotel.hu\\\/de\\\/service\\\/programme\\\/rundflug\\\/#breadcrumb\",\"itemListElement\":[{\"@type\":\"ListItem\",\"position\":1,\"name\":\"Service\",\"item\":\"https:\\\/\\\/www.belenushotel.hu\\\/de\\\/service\\\/\"},{\"@type\":\"ListItem\",\"position\":2,\"name\":\"Programme\",\"item\":\"https:\\\/\\\/www.belenushotel.hu\\\/de\\\/service\\\/programme\\\/\"},{\"@type\":\"ListItem\",\"position\":3,\"name\":\"Rundflug\"}]},{\"@type\":\"WebSite\",\"@id\":\"https:\\\/\\\/www.belenushotel.hu\\\/#website\",\"url\":\"https:\\\/\\\/www.belenushotel.hu\\\/\",\"name\":\"Belenus Thermalhotel *** Superior Zalakaros\",\"description\":\"Egy \u201eisteni\u201d hely...\",\"publisher\":{\"@id\":\"https:\\\/\\\/www.belenushotel.hu\\\/#organization\"},\"potentialAction\":[{\"@type\":\"SearchAction\",\"target\":{\"@type\":\"EntryPoint\",\"urlTemplate\":\"https:\\\/\\\/www.belenushotel.hu\\\/?s={search_term_string}\"},\"query-input\":{\"@type\":\"PropertyValueSpecification\",\"valueRequired\":true,\"valueName\":\"search_term_string\"}}],\"inLanguage\":\"de\"},{\"@type\":\"Organization\",\"@id\":\"https:\\\/\\\/www.belenushotel.hu\\\/#organization\",\"name\":\"Belenus Thermalhotel *** Superior Zalakaros\",\"url\":\"https:\\\/\\\/www.belenushotel.hu\\\/\",\"logo\":{\"@type\":\"ImageObject\",\"inLanguage\":\"de\",\"@id\":\"https:\\\/\\\/www.belenushotel.hu\\\/#\\\/schema\\\/logo\\\/image\\\/\",\"url\":\"https:\\\/\\\/www.belenushotel.hu\\\/files\\\/2024\\\/06\\\/belenus_logo_696.webp\",\"contentUrl\":\"https:\\\/\\\/www.belenushotel.hu\\\/files\\\/2024\\\/06\\\/belenus_logo_696.webp\",\"width\":696,\"height\":696,\"caption\":\"Belenus Thermalhotel *** Superior Zalakaros\"},\"image\":{\"@id\":\"https:\\\/\\\/www.belenushotel.hu\\\/#\\\/schema\\\/logo\\\/image\\\/\"},\"sameAs\":[\"https:\\\/\\\/www.facebook.com\\\/belenushotel\"]}]}<\/script>\n<!-- \/ Yoast SEO plugin. -->","yoast_head_json":{"title":"Rundflug | Belenus Thermalhotel *** Zalakaros","description":"Legjobb \u00e1rak a saj\u00e1t honlapon - Igaz\u00e1n isteni hely a felt\u00f6lt\u0151 wellness pihen\u00e9sre. Csod\u00e1s parkkal \u00e9s term\u00e1lvizes medenc\u00e9vel","robots":{"index":"index","follow":"follow","max-snippet":"max-snippet:-1","max-image-preview":"max-image-preview:large","max-video-preview":"max-video-preview:-1"},"canonical":"https:\/\/www.belenushotel.hu\/de\/service\/programme\/rundflug\/","og_locale":"de_DE","og_type":"article","og_title":"Rundflug | Belenus Thermalhotel *** Zalakaros","og_description":"Legjobb \u00e1rak a saj\u00e1t honlapon - Igaz\u00e1n isteni hely a felt\u00f6lt\u0151 wellness pihen\u00e9sre. Csod\u00e1s parkkal \u00e9s term\u00e1lvizes medenc\u00e9vel","og_url":"https:\/\/www.belenushotel.hu\/de\/service\/programme\/rundflug\/","og_site_name":"Belenus Thermalhotel *** Zalakaros","article_publisher":"https:\/\/www.facebook.com\/belenushotel","article_modified_time":"2024-06-07T19:32:44+00:00","og_image":[{"width":1500,"height":1000,"url":"https:\/\/www.belenushotel.hu\/files\/2024\/06\/KEP_9076.webp","type":"image\/webp"}],"twitter_card":"summary_large_image","twitter_misc":{"Gesch\u00e4tzte Lesezeit":"1\u00a0Minute"},"schema":{"@context":"https:\/\/schema.org","@graph":[{"@type":"WebPage","@id":"https:\/\/www.belenushotel.hu\/de\/service\/programme\/rundflug\/","url":"https:\/\/www.belenushotel.hu\/de\/service\/programme\/rundflug\/","name":"Rundflug | Belenus Thermalhotel *** Zalakaros","isPartOf":{"@id":"https:\/\/www.belenushotel.hu\/#website"},"datePublished":"2024-05-28T14:54:42+00:00","dateModified":"2024-06-07T19:32:44+00:00","description":"Legjobb \u00e1rak a saj\u00e1t honlapon - Igaz\u00e1n isteni hely a felt\u00f6lt\u0151 wellness pihen\u00e9sre. Csod\u00e1s parkkal \u00e9s term\u00e1lvizes medenc\u00e9vel","breadcrumb":{"@id":"https:\/\/www.belenushotel.hu\/de\/service\/programme\/rundflug\/#breadcrumb"},"inLanguage":"de","potentialAction":[{"@type":"ReadAction","target":["https:\/\/www.belenushotel.hu\/de\/service\/programme\/rundflug\/"]}]},{"@type":"BreadcrumbList","@id":"https:\/\/www.belenushotel.hu\/de\/service\/programme\/rundflug\/#breadcrumb","itemListElement":[{"@type":"ListItem","position":1,"name":"Service","item":"https:\/\/www.belenushotel.hu\/de\/service\/"},{"@type":"ListItem","position":2,"name":"Programme","item":"https:\/\/www.belenushotel.hu\/de\/service\/programme\/"},{"@type":"ListItem","position":3,"name":"Rundflug"}]},{"@type":"WebSite","@id":"https:\/\/www.belenushotel.hu\/#website","url":"https:\/\/www.belenushotel.hu\/","name":"Belenus Thermalhotel *** Superior Zalakaros","description":"Egy \u201eisteni\u201d hely...","publisher":{"@id":"https:\/\/www.belenushotel.hu\/#organization"},"potentialAction":[{"@type":"SearchAction","target":{"@type":"EntryPoint","urlTemplate":"https:\/\/www.belenushotel.hu\/?s={search_term_string}"},"query-input":{"@type":"PropertyValueSpecification","valueRequired":true,"valueName":"search_term_string"}}],"inLanguage":"de"},{"@type":"Organization","@id":"https:\/\/www.belenushotel.hu\/#organization","name":"Belenus Thermalhotel *** Superior Zalakaros","url":"https:\/\/www.belenushotel.hu\/","logo":{"@type":"ImageObject","inLanguage":"de","@id":"https:\/\/www.belenushotel.hu\/#\/schema\/logo\/image\/","url":"https:\/\/www.belenushotel.hu\/files\/2024\/06\/belenus_logo_696.webp","contentUrl":"https:\/\/www.belenushotel.hu\/files\/2024\/06\/belenus_logo_696.webp","width":696,"height":696,"caption":"Belenus Thermalhotel *** Superior Zalakaros"},"image":{"@id":"https:\/\/www.belenushotel.hu\/#\/schema\/logo\/image\/"},"sameAs":["https:\/\/www.facebook.com\/belenushotel"]}]}},"_links":{"self":[{"href":"https:\/\/www.belenushotel.hu\/de\/wp-json\/wp\/v2\/pages\/1389","targetHints":{"allow":["GET"]}}],"collection":[{"href":"https:\/\/www.belenushotel.hu\/de\/wp-json\/wp\/v2\/pages"}],"about":[{"href":"https:\/\/www.belenushotel.hu\/de\/wp-json\/wp\/v2\/types\/page"}],"author":[{"embeddable":true,"href":"https:\/\/www.belenushotel.hu\/de\/wp-json\/wp\/v2\/users\/1"}],"replies":[{"embeddable":true,"href":"https:\/\/www.belenushotel.hu\/de\/wp-json\/wp\/v2\/comments?post=1389"}],"version-history":[{"count":0,"href":"https:\/\/www.belenushotel.hu\/de\/wp-json\/wp\/v2\/pages\/1389\/revisions"}],"up":[{"embeddable":true,"href":"https:\/\/www.belenushotel.hu\/de\/wp-json\/wp\/v2\/pages\/1582"}],"wp:attachment":[{"href":"https:\/\/www.belenushotel.hu\/de\/wp-json\/wp\/v2\/media?parent=1389"}],"curies":[{"name":"wp","href":"https:\/\/api.w.org\/{rel}","templated":true}]}}