{"id":1357,"date":"2024-05-28T14:12:30","date_gmt":"2024-05-28T14:12:30","guid":{"rendered":"https:\/\/www.belenushotel.hu\/?page_id=1357"},"modified":"2024-06-07T18:56:25","modified_gmt":"2024-06-07T18:56:25","slug":"fahrradtour","status":"publish","type":"page","link":"https:\/\/www.belenushotel.hu\/de\/service\/programme\/fahrradtour\/","title":{"rendered":"Fahrradtour"},"content":{"rendered":"<h2>Auf zwei R\u00e4der springen!<\/h2>\n<p>Von Zalakaros aus starten viele verschiedene Fahrradwege. An einigen Stellen werden Anstiege von flachem Gel\u00e4nde abgel\u00f6st, was Radfahrern eine angenehme Umgebung bietet, um die Sch\u00f6nheit der Landschaft zu entdecken und die Sch\u00e4tze der Natur zu genie\u00dfen. Auch diejenigen, die Anstiege bevorzugen, werden nicht entt\u00e4uscht sein, da sie nach ihrer R\u00fcckkehr in die Stadt durch schmale, mit Anstiegen versehene Abschnitte fahren k\u00f6nnen, wo die Stra\u00dfen von Weinreben ges\u00e4umt sind, die ein unverzichtbarer Begleiter der Herbststimmung sind.<\/p>\n<p>In der N\u00e4he des Tourinform-B\u00fcros in Zalakaros befindet sich das Fahrradzentrum, das allen Radfahrern in jeder Hinsicht hilft. Es besteht die M\u00f6glichkeit, sowohl Herren- als auch Damen- sowie Kinderfahrr\u00e4der zu mieten, und nat\u00fcrlich stehen auch Karten zur Verf\u00fcgung.<\/p>\n<h3>Fahrradwege:<\/h3>\n<ol>\n<li><strong>Kleine Balaton-Rundtour (30 km)<\/strong><br \/>\nZalakaros \u2013 Zalakom\u00e1r \u2013 B\u00fcffelreservat K\u00e1polnapuszta \u2013 Balatonmagyar\u00f3d \u2013 K\u00e1nyav\u00e1ri-Insel\u2013 Zalav\u00e1r \u2013 Zalaszabar \u2013 Nagyrada \u2013 Garabonc \u2013 Zalakaros<\/li>\n<li><strong>In Richtung Galambok<\/strong><br \/>\nZalakaros \u2013 Zalakom\u00e1r \u2013 Galambok \u2013 Galamboker Fischteich \u2013 Galamboker Weinbergsh\u00fcgel \u2013 Zalakaros<\/li>\n<li><strong>In Richtung Zala\u00fajlak<\/strong><br \/>\nZalakaros \u2013 Galamboki Halast\u00f3 \u2013 Zala\u00fajlak sz\u0151l\u0151hegy \u2013 Zalamerenye \u2013 Mata-v\u00f6lgyi t\u00f3 \u2013 Garabonc \u2013 Zalakaros<\/li>\n<li><strong>In Richtung Banyav\u00f6lgy<\/strong><br \/>\nZalakaros \u2013 Banyav\u00f6lgy \u2013 Zalakaros Weinberg \u2013 Zalakaros<\/li>\n<li><strong>In Richtung Keszthely<\/strong><br \/>\nKleiner Balaton Ausstellungshaus \u2013 Szentgy\u00f6rgyv\u00e1r \u2013 Als\u00f3p\u00e1hok \u2013 H\u00e9v\u00edz \u2013 Keszthely \u2013 Balatonber\u00e9ny \u2013 V\u00f6rs \u2013 Bisonreservat K\u00e1polnapuszta \u2013 Balatonmagyar\u00f3d \u2013 Balatonh\u00eddv\u00e9g \u2013 Kleiner Balaton Ausstellungshaus<\/li>\n<li><strong>In Richtung H\u00e9v\u00edz<\/strong><br \/>\nKis-Balaton Ausstellungshaus \u2013 Zala-Damm \u2013 Szentgy\u00f6rgyv\u00e1r \u2013 Als\u00f3p\u00e1hok \u2013 H\u00e9v\u00edz \u2013 Nemesboldogasszonyfa \u2013 S\u00e1rmell\u00e9k \u2013 Zalav\u00e1r \u2013 Kis-Balaton Ausstellungshaus<\/li>\n<li><strong>In Richtung Nagykanizsa<\/strong><br \/>\nZalakaros \u2013 Galambok \u2013 Nagyr\u00e9cse \u2013 Nagykanizsa \u2013 Gelse \u2013 Kilim\u00e1n \u2013 Orosztony \u2013 Zalaszabar \u2013 Nagyrada \u2013 Garabonc \u2013 Zalakaros<\/li>\n<li><strong>In Richtung der Somogyer H\u00fcgel<\/strong><br \/>\nZalakaros \u2013 Galambok \u2013 Zalaszentjakab \u2013 Mih\u00e1ld \u2013 Pat \u2013 Inke \u2013 Iharosber\u00e9ny \u2013 Nagykanizsa \u2013 Nagyr\u00e9cse \u2013 Galambok \u2013 Zalakaros<\/li>\n<\/ol>\n","protected":false},"excerpt":{"rendered":"<p>Auf zwei R\u00e4der springen! Von Zalakaros aus starten viele verschiedene Fahrradwege. An einigen Stellen werden Anstiege von flachem Gel\u00e4nde abgel\u00f6st, was Radfahrern eine angenehme Umgebung bietet, um die Sch\u00f6nheit der Landschaft zu entdecken und die Sch\u00e4tze der Natur zu genie\u00dfen. Auch diejenigen, die Anstiege bevorzugen, werden nicht entt\u00e4uscht sein, da sie nach ihrer R\u00fcckkehr in [&hellip;]<\/p>\n","protected":false},"author":1,"featured_media":0,"parent":1582,"menu_order":43,"comment_status":"closed","ping_status":"closed","template":"","meta":{"footnotes":""},"class_list":["post-1357","page","type-page","status-publish","hentry"],"yoast_head":"<!-- This site is optimized with the Yoast SEO plugin v27.0 - https:\/\/yoast.com\/product\/yoast-seo-wordpress\/ -->\n<title>Fahrradtour | Belenus Thermalhotel *** Zalakaros<\/title>\n<meta name=\"description\" content=\"Legjobb \u00e1rak a saj\u00e1t honlapon - Igaz\u00e1n isteni hely a felt\u00f6lt\u0151 wellness pihen\u00e9sre. Csod\u00e1s parkkal \u00e9s term\u00e1lvizes medenc\u00e9vel\" \/>\n<meta name=\"robots\" content=\"index, follow, max-snippet:-1, max-image-preview:large, max-video-preview:-1\" \/>\n<link rel=\"canonical\" href=\"https:\/\/www.belenushotel.hu\/de\/service\/programme\/fahrradtour\/\" \/>\n<meta property=\"og:locale\" content=\"de_DE\" \/>\n<meta property=\"og:type\" content=\"article\" \/>\n<meta property=\"og:title\" content=\"Fahrradtour | Belenus Thermalhotel *** Zalakaros\" \/>\n<meta property=\"og:description\" content=\"Legjobb \u00e1rak a saj\u00e1t honlapon - Igaz\u00e1n isteni hely a felt\u00f6lt\u0151 wellness pihen\u00e9sre. Csod\u00e1s parkkal \u00e9s term\u00e1lvizes medenc\u00e9vel\" \/>\n<meta property=\"og:url\" content=\"https:\/\/www.belenushotel.hu\/de\/service\/programme\/fahrradtour\/\" \/>\n<meta property=\"og:site_name\" content=\"Belenus Thermalhotel *** Zalakaros\" \/>\n<meta property=\"article:publisher\" content=\"https:\/\/www.facebook.com\/belenushotel\" \/>\n<meta property=\"article:modified_time\" content=\"2024-06-07T18:56:25+00:00\" \/>\n<meta property=\"og:image\" content=\"https:\/\/www.belenushotel.hu\/files\/2024\/06\/KEP_9076.webp\" \/>\n\t<meta property=\"og:image:width\" content=\"1500\" \/>\n\t<meta property=\"og:image:height\" content=\"1000\" \/>\n\t<meta property=\"og:image:type\" content=\"image\/webp\" \/>\n<meta name=\"twitter:card\" content=\"summary_large_image\" \/>\n<meta name=\"twitter:label1\" content=\"Gesch\u00e4tzte Lesezeit\" \/>\n\t<meta name=\"twitter:data1\" content=\"2\u00a0Minuten\" \/>\n<script type=\"application\/ld+json\" class=\"yoast-schema-graph\">{\"@context\":\"https:\/\/schema.org\",\"@graph\":[{\"@type\":\"WebPage\",\"@id\":\"https:\/\/www.belenushotel.hu\/de\/service\/programme\/fahrradtour\/\",\"url\":\"https:\/\/www.belenushotel.hu\/de\/service\/programme\/fahrradtour\/\",\"name\":\"Fahrradtour | Belenus Thermalhotel *** Zalakaros\",\"isPartOf\":{\"@id\":\"https:\/\/www.belenushotel.hu\/#website\"},\"datePublished\":\"2024-05-28T14:12:30+00:00\",\"dateModified\":\"2024-06-07T18:56:25+00:00\",\"description\":\"Legjobb \u00e1rak a saj\u00e1t honlapon - Igaz\u00e1n isteni hely a felt\u00f6lt\u0151 wellness pihen\u00e9sre. Csod\u00e1s parkkal \u00e9s term\u00e1lvizes medenc\u00e9vel\",\"breadcrumb\":{\"@id\":\"https:\/\/www.belenushotel.hu\/de\/service\/programme\/fahrradtour\/#breadcrumb\"},\"inLanguage\":\"de\",\"potentialAction\":[{\"@type\":\"ReadAction\",\"target\":[\"https:\/\/www.belenushotel.hu\/de\/service\/programme\/fahrradtour\/\"]}]},{\"@type\":\"BreadcrumbList\",\"@id\":\"https:\/\/www.belenushotel.hu\/de\/service\/programme\/fahrradtour\/#breadcrumb\",\"itemListElement\":[{\"@type\":\"ListItem\",\"position\":1,\"name\":\"Service\",\"item\":\"https:\/\/www.belenushotel.hu\/de\/service\/\"},{\"@type\":\"ListItem\",\"position\":2,\"name\":\"Programme\",\"item\":\"https:\/\/www.belenushotel.hu\/de\/service\/programme\/\"},{\"@type\":\"ListItem\",\"position\":3,\"name\":\"Fahrradtour\"}]},{\"@type\":\"WebSite\",\"@id\":\"https:\/\/www.belenushotel.hu\/#website\",\"url\":\"https:\/\/www.belenushotel.hu\/\",\"name\":\"Belenus Thermalhotel *** Superior Zalakaros\",\"description\":\"Egy \u201eisteni\u201d hely...\",\"publisher\":{\"@id\":\"https:\/\/www.belenushotel.hu\/#organization\"},\"potentialAction\":[{\"@type\":\"SearchAction\",\"target\":{\"@type\":\"EntryPoint\",\"urlTemplate\":\"https:\/\/www.belenushotel.hu\/?s={search_term_string}\"},\"query-input\":{\"@type\":\"PropertyValueSpecification\",\"valueRequired\":true,\"valueName\":\"search_term_string\"}}],\"inLanguage\":\"de\"},{\"@type\":\"Organization\",\"@id\":\"https:\/\/www.belenushotel.hu\/#organization\",\"name\":\"Belenus Thermalhotel *** Superior Zalakaros\",\"url\":\"https:\/\/www.belenushotel.hu\/\",\"logo\":{\"@type\":\"ImageObject\",\"inLanguage\":\"de\",\"@id\":\"https:\/\/www.belenushotel.hu\/#\/schema\/logo\/image\/\",\"url\":\"https:\/\/www.belenushotel.hu\/files\/2024\/06\/belenus_logo_696.webp\",\"contentUrl\":\"https:\/\/www.belenushotel.hu\/files\/2024\/06\/belenus_logo_696.webp\",\"width\":696,\"height\":696,\"caption\":\"Belenus Thermalhotel *** Superior Zalakaros\"},\"image\":{\"@id\":\"https:\/\/www.belenushotel.hu\/#\/schema\/logo\/image\/\"},\"sameAs\":[\"https:\/\/www.facebook.com\/belenushotel\"]}]}<\/script>\n<!-- \/ Yoast SEO plugin. -->","yoast_head_json":{"title":"Fahrradtour | Belenus Thermalhotel *** Zalakaros","description":"Legjobb \u00e1rak a saj\u00e1t honlapon - Igaz\u00e1n isteni hely a felt\u00f6lt\u0151 wellness pihen\u00e9sre. Csod\u00e1s parkkal \u00e9s term\u00e1lvizes medenc\u00e9vel","robots":{"index":"index","follow":"follow","max-snippet":"max-snippet:-1","max-image-preview":"max-image-preview:large","max-video-preview":"max-video-preview:-1"},"canonical":"https:\/\/www.belenushotel.hu\/de\/service\/programme\/fahrradtour\/","og_locale":"de_DE","og_type":"article","og_title":"Fahrradtour | Belenus Thermalhotel *** Zalakaros","og_description":"Legjobb \u00e1rak a saj\u00e1t honlapon - Igaz\u00e1n isteni hely a felt\u00f6lt\u0151 wellness pihen\u00e9sre. Csod\u00e1s parkkal \u00e9s term\u00e1lvizes medenc\u00e9vel","og_url":"https:\/\/www.belenushotel.hu\/de\/service\/programme\/fahrradtour\/","og_site_name":"Belenus Thermalhotel *** Zalakaros","article_publisher":"https:\/\/www.facebook.com\/belenushotel","article_modified_time":"2024-06-07T18:56:25+00:00","og_image":[{"width":1500,"height":1000,"url":"https:\/\/www.belenushotel.hu\/files\/2024\/06\/KEP_9076.webp","type":"image\/webp"}],"twitter_card":"summary_large_image","twitter_misc":{"Gesch\u00e4tzte Lesezeit":"2\u00a0Minuten"},"schema":{"@context":"https:\/\/schema.org","@graph":[{"@type":"WebPage","@id":"https:\/\/www.belenushotel.hu\/de\/service\/programme\/fahrradtour\/","url":"https:\/\/www.belenushotel.hu\/de\/service\/programme\/fahrradtour\/","name":"Fahrradtour | Belenus Thermalhotel *** Zalakaros","isPartOf":{"@id":"https:\/\/www.belenushotel.hu\/#website"},"datePublished":"2024-05-28T14:12:30+00:00","dateModified":"2024-06-07T18:56:25+00:00","description":"Legjobb \u00e1rak a saj\u00e1t honlapon - Igaz\u00e1n isteni hely a felt\u00f6lt\u0151 wellness pihen\u00e9sre. Csod\u00e1s parkkal \u00e9s term\u00e1lvizes medenc\u00e9vel","breadcrumb":{"@id":"https:\/\/www.belenushotel.hu\/de\/service\/programme\/fahrradtour\/#breadcrumb"},"inLanguage":"de","potentialAction":[{"@type":"ReadAction","target":["https:\/\/www.belenushotel.hu\/de\/service\/programme\/fahrradtour\/"]}]},{"@type":"BreadcrumbList","@id":"https:\/\/www.belenushotel.hu\/de\/service\/programme\/fahrradtour\/#breadcrumb","itemListElement":[{"@type":"ListItem","position":1,"name":"Service","item":"https:\/\/www.belenushotel.hu\/de\/service\/"},{"@type":"ListItem","position":2,"name":"Programme","item":"https:\/\/www.belenushotel.hu\/de\/service\/programme\/"},{"@type":"ListItem","position":3,"name":"Fahrradtour"}]},{"@type":"WebSite","@id":"https:\/\/www.belenushotel.hu\/#website","url":"https:\/\/www.belenushotel.hu\/","name":"Belenus Thermalhotel *** Superior Zalakaros","description":"Egy \u201eisteni\u201d hely...","publisher":{"@id":"https:\/\/www.belenushotel.hu\/#organization"},"potentialAction":[{"@type":"SearchAction","target":{"@type":"EntryPoint","urlTemplate":"https:\/\/www.belenushotel.hu\/?s={search_term_string}"},"query-input":{"@type":"PropertyValueSpecification","valueRequired":true,"valueName":"search_term_string"}}],"inLanguage":"de"},{"@type":"Organization","@id":"https:\/\/www.belenushotel.hu\/#organization","name":"Belenus Thermalhotel *** Superior Zalakaros","url":"https:\/\/www.belenushotel.hu\/","logo":{"@type":"ImageObject","inLanguage":"de","@id":"https:\/\/www.belenushotel.hu\/#\/schema\/logo\/image\/","url":"https:\/\/www.belenushotel.hu\/files\/2024\/06\/belenus_logo_696.webp","contentUrl":"https:\/\/www.belenushotel.hu\/files\/2024\/06\/belenus_logo_696.webp","width":696,"height":696,"caption":"Belenus Thermalhotel *** Superior Zalakaros"},"image":{"@id":"https:\/\/www.belenushotel.hu\/#\/schema\/logo\/image\/"},"sameAs":["https:\/\/www.facebook.com\/belenushotel"]}]}},"_links":{"self":[{"href":"https:\/\/www.belenushotel.hu\/de\/wp-json\/wp\/v2\/pages\/1357","targetHints":{"allow":["GET"]}}],"collection":[{"href":"https:\/\/www.belenushotel.hu\/de\/wp-json\/wp\/v2\/pages"}],"about":[{"href":"https:\/\/www.belenushotel.hu\/de\/wp-json\/wp\/v2\/types\/page"}],"author":[{"embeddable":true,"href":"https:\/\/www.belenushotel.hu\/de\/wp-json\/wp\/v2\/users\/1"}],"replies":[{"embeddable":true,"href":"https:\/\/www.belenushotel.hu\/de\/wp-json\/wp\/v2\/comments?post=1357"}],"version-history":[{"count":0,"href":"https:\/\/www.belenushotel.hu\/de\/wp-json\/wp\/v2\/pages\/1357\/revisions"}],"up":[{"embeddable":true,"href":"https:\/\/www.belenushotel.hu\/de\/wp-json\/wp\/v2\/pages\/1582"}],"wp:attachment":[{"href":"https:\/\/www.belenushotel.hu\/de\/wp-json\/wp\/v2\/media?parent=1357"}],"curies":[{"name":"wp","href":"https:\/\/api.w.org\/{rel}","templated":true}]}}