{"id":1341,"date":"2024-05-28T13:57:16","date_gmt":"2024-05-28T13:57:16","guid":{"rendered":"https:\/\/www.belenushotel.hu\/?page_id=1341"},"modified":"2024-06-07T15:17:55","modified_gmt":"2024-06-07T15:17:55","slug":"stadtrundfahrt-und-ausflug-mit-dem-dotto-zug","status":"publish","type":"page","link":"https:\/\/www.belenushotel.hu\/de\/service\/programme\/stadtrundfahrt-und-ausflug-mit-dem-dotto-zug\/","title":{"rendered":"Stadtrundfahrt und Ausflug mit dem Dotto-Zug"},"content":{"rendered":"<h2>Dotto-Tour durch die Stadt<\/h2>\n<p>Zalakaros ist eines der attraktivsten touristischen Ziele unseres Landes. Neben Erholung bieten sich den Besuchern zahlreiche Unterhaltungs- und Ausflugsm\u00f6glichkeiten. Eine Stadtrundfahrt mit dem Dotto-Sightseeingzug ist genau so ein unverzichtbares Programm. Diese Reise ist nicht nur ein Ausflug, sondern ein unvergessliches Erlebnis f\u00fcr Gro\u00df und Klein gleicherma\u00dfen. W\u00e4hrend der Fahrt mit dem Zalakaros-Zug haben Sie die M\u00f6glichkeit, die Sch\u00f6nheit unserer Stadt bequem zu erkunden und zu bewundern, die Sch\u00e4tze des Kis-Balaton und des Bivalyrezerv\u00e1tum zu entdecken sowie die verborgenen Sch\u00e4tze der besuchten Orte kennenzulernen.<\/p>\n<p>Besucher der Stadt k\u00f6nnen diese umweltfreundliche und sichere Attraktion bereits seit 1998 erleben, die als frischer Wind durch die Stra\u00dfen von Zalakaros weht. W\u00e4hrend der Fahrt k\u00f6nnen Sie die malerischen Stra\u00dfen, bl\u00fchenden Parks, bewaldeten Promenaden und Sehensw\u00fcrdigkeiten von Zalakaros kennenlernen oder sogar einen l\u00e4ngeren Ausflug unternehmen. In den Sitzen der Z\u00fcge k\u00f6nnen sich 90 Erwachsene oder 120 Kinder bequem Platz nehmen. Neben dem gem\u00fctlichen Reisetempo erhalten die Passagiere \u00fcber Lautsprecher spannende Informationen zu den Sehensw\u00fcrdigkeiten und k\u00f6nnen w\u00e4hrend der Fahrt ungest\u00f6rt Fotos und Videos aus den Panoramawagen machen. Schlechtes Wetter ist kein Hindernis f\u00fcr ein vorher geplantes Programm: Bei Regen oder Wind sch\u00fctzt durchsichtige Folie die Passagiere.<\/p>\n<p>Jeder kann aus drei Routen nach Belieben und Bedarf w\u00e4hlen:<\/p>\n<ul>\n<li>Stadtrundfahrt mit dem Dotto-Zug<\/li>\n<li>Weinprobe mit dem Stadtbus<\/li>\n<li>Halbtagesausflug zum Kis-Balaton und zum Bivalyrezerv\u00e1tum<\/li>\n<\/ul>\n<h2>Stadtrundfahrt<\/h2>\n<p>Die Stadtrundfahrt durch Zalakaros ist ein unverzichtbares Programm, bei dem Sie die bl\u00fchende Kleinstadt bewundern k\u00f6nnen, w\u00e4hrend Sie den Kommentaren des Reisef\u00fchrers lauschen. W\u00e4hrend der Tour k\u00f6nnen Sie den Erd\u00e9szkil\u00e1t\u00f3 von Zalakaros besuchen, von dem aus Sie einen herrlichen Blick auf den Kis-Balaton genie\u00dfen k\u00f6nnen. Bei g\u00fcnstigem Wetter k\u00f6nnen Sie sogar Badacsony und Keszthely sehen. Auf Wunsch k\u00f6nnen Sie auch das Szent Orb\u00e1n und das Arany Boroz\u00f3 besuchen. Nach Absprache k\u00f6nnen Sie an jeder Haltestelle aussteigen und zu einem vereinbarten Zeitpunkt mit dem Fahrer wieder einsteigen, wenn Sie bereits ein Ticket gekauft haben.<\/p>\n<p>Fahrkarten k\u00f6nnen beim Einsteigen bei dem Fahrer des Dotto-Zugs gekauft werden.<\/p>\n<h2>Abenteuertour \u2013 Stadtrundfahrt mit Weinprobe<\/h2>\n<p>Mit der Abenteuertour haben Sie die M\u00f6glichkeit, eine aufregende und vergn\u00fcgliche Stadtrundfahrt mit einer Weinprobe zu kombinieren. Im Rahmen dieses Programms werden die G\u00e4ste, die mit dem Kalandbus ankommen, zu einer kostenlosen Weinprobe in der \u00fcber 150 Jahre alten Arany Pince oder im Szent Orb\u00e1n Boroz\u00f3 eingeladen. In den ruhigen und gem\u00fctlichen Weinkellern bieten die duftenden und schmackhaften Weine w\u00e4hrend der Weinproben ein besonderes Erlebnis. An beiden Orten besteht die M\u00f6glichkeit zum Kauf und zur Mitnahme von Wein.<\/p>\n<p>Fahrkarten k\u00f6nnen beim Einsteigen bei dem Fahrer des Kalandbus gekauft werden.<\/p>\n<h2>Ausflug zum Bivalyrezerv\u00e1tum und zum Kis-Balaton<\/h2>\n<p>Der Dotto-Zug bietet auch halbt\u00e4gige Ausflugsm\u00f6glichkeiten f\u00fcr diejenigen, die nach einem l\u00e4ngeren Programm und einem Blick \u00fcber die Stadtgrenzen hinaus suchen. Der Ausflug zum Kis-Balaton und zum Bivalyrezerv\u00e1tum wird sowohl f\u00fcr Kinder als auch f\u00fcr Erwachsene zu einem Erlebnis, bei dem Sie die atemberaubende Welt des Kis-Balaton und des umliegenden Gebiets sowie die Geschichte der umliegenden Ortschaften kennenlernen k\u00f6nnen. Die interaktive Ausstellung im Empfangsgeb\u00e4ude des Bivalyrezerv\u00e1tum zeigt die reiche und einzigartige Tierwelt des Kis-Balaton und gibt Einblick in den Alltag der etwa 200 B\u00fcffel, die auf einer Fl\u00e4che von 30 Hektar leben. Die Attraktivit\u00e4t des Kis-Balaton liegt in der reichen Vogelwelt und der zauberhaften nat\u00fcrlichen Umgebung. Neben den beobachteten fast 250 Vogelarten finden zahlreiche seltene Tier- und Pflanzenarten auf diesem Gebiet Zuflucht.<\/p>\n<p>Erwachsene G\u00e4ste, die mit dem Dotto-Zug anreisen, k\u00f6nnen verg\u00fcnstigte Tickets f\u00fcr das Bivalyrezerv\u00e1tum in K\u00e1polnapuszta kaufen. Die Abfahrt erfolgt von den Haltestellen des Dotto-Zugs, bei einer Mindestteilnehmerzahl von 10 Erwachsenen.<\/p>\n<p>Fahrkarten k\u00f6nnen beim Einsteigen bei dem Fahrer des Dotto-Zugs gekauft werden.<\/p>\n<p>Weitere Informationen finden Sie auf der <a href=\"https:\/\/www.dotto-zalakaros.hu\/lang\/de\/index.html\" target=\"_blank\" rel=\"noopener\">Website des Zalakaros Dotto-Zuges<\/a>.<\/p>\n","protected":false},"excerpt":{"rendered":"<p>Dotto-Tour durch die Stadt Zalakaros ist eines der attraktivsten touristischen Ziele unseres Landes. Neben Erholung bieten sich den Besuchern zahlreiche Unterhaltungs- und Ausflugsm\u00f6glichkeiten. Eine Stadtrundfahrt mit dem Dotto-Sightseeingzug ist genau so ein unverzichtbares Programm. Diese Reise ist nicht nur ein Ausflug, sondern ein unvergessliches Erlebnis f\u00fcr Gro\u00df und Klein gleicherma\u00dfen. W\u00e4hrend der Fahrt mit dem [&hellip;]<\/p>\n","protected":false},"author":1,"featured_media":0,"parent":1582,"menu_order":135,"comment_status":"closed","ping_status":"closed","template":"","meta":{"footnotes":""},"class_list":["post-1341","page","type-page","status-publish","hentry"],"yoast_head":"<!-- This site is optimized with the Yoast SEO plugin v27.0 - https:\/\/yoast.com\/product\/yoast-seo-wordpress\/ -->\n<title>Stadtrundfahrt und Ausflug mit dem Dotto-Zug | Belenus Thermalhotel *** Zalakaros<\/title>\n<meta name=\"description\" content=\"Legjobb \u00e1rak a saj\u00e1t honlapon - Igaz\u00e1n isteni hely a felt\u00f6lt\u0151 wellness pihen\u00e9sre. Csod\u00e1s parkkal \u00e9s term\u00e1lvizes medenc\u00e9vel\" \/>\n<meta name=\"robots\" content=\"index, follow, max-snippet:-1, max-image-preview:large, max-video-preview:-1\" \/>\n<link rel=\"canonical\" href=\"https:\/\/www.belenushotel.hu\/de\/service\/programme\/stadtrundfahrt-und-ausflug-mit-dem-dotto-zug\/\" \/>\n<meta property=\"og:locale\" content=\"de_DE\" \/>\n<meta property=\"og:type\" content=\"article\" \/>\n<meta property=\"og:title\" content=\"Stadtrundfahrt und Ausflug mit dem Dotto-Zug | Belenus Thermalhotel *** Zalakaros\" \/>\n<meta property=\"og:description\" content=\"Legjobb \u00e1rak a saj\u00e1t honlapon - Igaz\u00e1n isteni hely a felt\u00f6lt\u0151 wellness pihen\u00e9sre. Csod\u00e1s parkkal \u00e9s term\u00e1lvizes medenc\u00e9vel\" \/>\n<meta property=\"og:url\" content=\"https:\/\/www.belenushotel.hu\/de\/service\/programme\/stadtrundfahrt-und-ausflug-mit-dem-dotto-zug\/\" \/>\n<meta property=\"og:site_name\" content=\"Belenus Thermalhotel *** Zalakaros\" \/>\n<meta property=\"article:publisher\" content=\"https:\/\/www.facebook.com\/belenushotel\" \/>\n<meta property=\"article:modified_time\" content=\"2024-06-07T15:17:55+00:00\" \/>\n<meta property=\"og:image\" content=\"https:\/\/www.belenushotel.hu\/files\/2024\/06\/KEP_9076.webp\" \/>\n\t<meta property=\"og:image:width\" content=\"1500\" \/>\n\t<meta property=\"og:image:height\" content=\"1000\" \/>\n\t<meta property=\"og:image:type\" content=\"image\/webp\" \/>\n<meta name=\"twitter:card\" content=\"summary_large_image\" \/>\n<meta name=\"twitter:label1\" content=\"Gesch\u00e4tzte Lesezeit\" \/>\n\t<meta name=\"twitter:data1\" content=\"4\u00a0Minuten\" \/>\n<script type=\"application\/ld+json\" class=\"yoast-schema-graph\">{\"@context\":\"https:\/\/schema.org\",\"@graph\":[{\"@type\":\"WebPage\",\"@id\":\"https:\/\/www.belenushotel.hu\/de\/service\/programme\/stadtrundfahrt-und-ausflug-mit-dem-dotto-zug\/\",\"url\":\"https:\/\/www.belenushotel.hu\/de\/service\/programme\/stadtrundfahrt-und-ausflug-mit-dem-dotto-zug\/\",\"name\":\"Stadtrundfahrt und Ausflug mit dem Dotto-Zug | Belenus Thermalhotel *** Zalakaros\",\"isPartOf\":{\"@id\":\"https:\/\/www.belenushotel.hu\/#website\"},\"datePublished\":\"2024-05-28T13:57:16+00:00\",\"dateModified\":\"2024-06-07T15:17:55+00:00\",\"description\":\"Legjobb \u00e1rak a saj\u00e1t honlapon - Igaz\u00e1n isteni hely a felt\u00f6lt\u0151 wellness pihen\u00e9sre. Csod\u00e1s parkkal \u00e9s term\u00e1lvizes medenc\u00e9vel\",\"breadcrumb\":{\"@id\":\"https:\/\/www.belenushotel.hu\/de\/service\/programme\/stadtrundfahrt-und-ausflug-mit-dem-dotto-zug\/#breadcrumb\"},\"inLanguage\":\"de\",\"potentialAction\":[{\"@type\":\"ReadAction\",\"target\":[\"https:\/\/www.belenushotel.hu\/de\/service\/programme\/stadtrundfahrt-und-ausflug-mit-dem-dotto-zug\/\"]}]},{\"@type\":\"BreadcrumbList\",\"@id\":\"https:\/\/www.belenushotel.hu\/de\/service\/programme\/stadtrundfahrt-und-ausflug-mit-dem-dotto-zug\/#breadcrumb\",\"itemListElement\":[{\"@type\":\"ListItem\",\"position\":1,\"name\":\"Service\",\"item\":\"https:\/\/www.belenushotel.hu\/de\/service\/\"},{\"@type\":\"ListItem\",\"position\":2,\"name\":\"Programme\",\"item\":\"https:\/\/www.belenushotel.hu\/de\/service\/programme\/\"},{\"@type\":\"ListItem\",\"position\":3,\"name\":\"Stadtrundfahrt und Ausflug mit dem Dotto-Zug\"}]},{\"@type\":\"WebSite\",\"@id\":\"https:\/\/www.belenushotel.hu\/#website\",\"url\":\"https:\/\/www.belenushotel.hu\/\",\"name\":\"Belenus Thermalhotel *** Superior Zalakaros\",\"description\":\"Egy \u201eisteni\u201d hely...\",\"publisher\":{\"@id\":\"https:\/\/www.belenushotel.hu\/#organization\"},\"potentialAction\":[{\"@type\":\"SearchAction\",\"target\":{\"@type\":\"EntryPoint\",\"urlTemplate\":\"https:\/\/www.belenushotel.hu\/?s={search_term_string}\"},\"query-input\":{\"@type\":\"PropertyValueSpecification\",\"valueRequired\":true,\"valueName\":\"search_term_string\"}}],\"inLanguage\":\"de\"},{\"@type\":\"Organization\",\"@id\":\"https:\/\/www.belenushotel.hu\/#organization\",\"name\":\"Belenus Thermalhotel *** Superior Zalakaros\",\"url\":\"https:\/\/www.belenushotel.hu\/\",\"logo\":{\"@type\":\"ImageObject\",\"inLanguage\":\"de\",\"@id\":\"https:\/\/www.belenushotel.hu\/#\/schema\/logo\/image\/\",\"url\":\"https:\/\/www.belenushotel.hu\/files\/2024\/06\/belenus_logo_696.webp\",\"contentUrl\":\"https:\/\/www.belenushotel.hu\/files\/2024\/06\/belenus_logo_696.webp\",\"width\":696,\"height\":696,\"caption\":\"Belenus Thermalhotel *** Superior Zalakaros\"},\"image\":{\"@id\":\"https:\/\/www.belenushotel.hu\/#\/schema\/logo\/image\/\"},\"sameAs\":[\"https:\/\/www.facebook.com\/belenushotel\"]}]}<\/script>\n<!-- \/ Yoast SEO plugin. -->","yoast_head_json":{"title":"Stadtrundfahrt und Ausflug mit dem Dotto-Zug | Belenus Thermalhotel *** Zalakaros","description":"Legjobb \u00e1rak a saj\u00e1t honlapon - Igaz\u00e1n isteni hely a felt\u00f6lt\u0151 wellness pihen\u00e9sre. Csod\u00e1s parkkal \u00e9s term\u00e1lvizes medenc\u00e9vel","robots":{"index":"index","follow":"follow","max-snippet":"max-snippet:-1","max-image-preview":"max-image-preview:large","max-video-preview":"max-video-preview:-1"},"canonical":"https:\/\/www.belenushotel.hu\/de\/service\/programme\/stadtrundfahrt-und-ausflug-mit-dem-dotto-zug\/","og_locale":"de_DE","og_type":"article","og_title":"Stadtrundfahrt und Ausflug mit dem Dotto-Zug | Belenus Thermalhotel *** Zalakaros","og_description":"Legjobb \u00e1rak a saj\u00e1t honlapon - Igaz\u00e1n isteni hely a felt\u00f6lt\u0151 wellness pihen\u00e9sre. Csod\u00e1s parkkal \u00e9s term\u00e1lvizes medenc\u00e9vel","og_url":"https:\/\/www.belenushotel.hu\/de\/service\/programme\/stadtrundfahrt-und-ausflug-mit-dem-dotto-zug\/","og_site_name":"Belenus Thermalhotel *** Zalakaros","article_publisher":"https:\/\/www.facebook.com\/belenushotel","article_modified_time":"2024-06-07T15:17:55+00:00","og_image":[{"width":1500,"height":1000,"url":"https:\/\/www.belenushotel.hu\/files\/2024\/06\/KEP_9076.webp","type":"image\/webp"}],"twitter_card":"summary_large_image","twitter_misc":{"Gesch\u00e4tzte Lesezeit":"4\u00a0Minuten"},"schema":{"@context":"https:\/\/schema.org","@graph":[{"@type":"WebPage","@id":"https:\/\/www.belenushotel.hu\/de\/service\/programme\/stadtrundfahrt-und-ausflug-mit-dem-dotto-zug\/","url":"https:\/\/www.belenushotel.hu\/de\/service\/programme\/stadtrundfahrt-und-ausflug-mit-dem-dotto-zug\/","name":"Stadtrundfahrt und Ausflug mit dem Dotto-Zug | Belenus Thermalhotel *** Zalakaros","isPartOf":{"@id":"https:\/\/www.belenushotel.hu\/#website"},"datePublished":"2024-05-28T13:57:16+00:00","dateModified":"2024-06-07T15:17:55+00:00","description":"Legjobb \u00e1rak a saj\u00e1t honlapon - Igaz\u00e1n isteni hely a felt\u00f6lt\u0151 wellness pihen\u00e9sre. Csod\u00e1s parkkal \u00e9s term\u00e1lvizes medenc\u00e9vel","breadcrumb":{"@id":"https:\/\/www.belenushotel.hu\/de\/service\/programme\/stadtrundfahrt-und-ausflug-mit-dem-dotto-zug\/#breadcrumb"},"inLanguage":"de","potentialAction":[{"@type":"ReadAction","target":["https:\/\/www.belenushotel.hu\/de\/service\/programme\/stadtrundfahrt-und-ausflug-mit-dem-dotto-zug\/"]}]},{"@type":"BreadcrumbList","@id":"https:\/\/www.belenushotel.hu\/de\/service\/programme\/stadtrundfahrt-und-ausflug-mit-dem-dotto-zug\/#breadcrumb","itemListElement":[{"@type":"ListItem","position":1,"name":"Service","item":"https:\/\/www.belenushotel.hu\/de\/service\/"},{"@type":"ListItem","position":2,"name":"Programme","item":"https:\/\/www.belenushotel.hu\/de\/service\/programme\/"},{"@type":"ListItem","position":3,"name":"Stadtrundfahrt und Ausflug mit dem Dotto-Zug"}]},{"@type":"WebSite","@id":"https:\/\/www.belenushotel.hu\/#website","url":"https:\/\/www.belenushotel.hu\/","name":"Belenus Thermalhotel *** Superior Zalakaros","description":"Egy \u201eisteni\u201d hely...","publisher":{"@id":"https:\/\/www.belenushotel.hu\/#organization"},"potentialAction":[{"@type":"SearchAction","target":{"@type":"EntryPoint","urlTemplate":"https:\/\/www.belenushotel.hu\/?s={search_term_string}"},"query-input":{"@type":"PropertyValueSpecification","valueRequired":true,"valueName":"search_term_string"}}],"inLanguage":"de"},{"@type":"Organization","@id":"https:\/\/www.belenushotel.hu\/#organization","name":"Belenus Thermalhotel *** Superior Zalakaros","url":"https:\/\/www.belenushotel.hu\/","logo":{"@type":"ImageObject","inLanguage":"de","@id":"https:\/\/www.belenushotel.hu\/#\/schema\/logo\/image\/","url":"https:\/\/www.belenushotel.hu\/files\/2024\/06\/belenus_logo_696.webp","contentUrl":"https:\/\/www.belenushotel.hu\/files\/2024\/06\/belenus_logo_696.webp","width":696,"height":696,"caption":"Belenus Thermalhotel *** Superior Zalakaros"},"image":{"@id":"https:\/\/www.belenushotel.hu\/#\/schema\/logo\/image\/"},"sameAs":["https:\/\/www.facebook.com\/belenushotel"]}]}},"_links":{"self":[{"href":"https:\/\/www.belenushotel.hu\/de\/wp-json\/wp\/v2\/pages\/1341","targetHints":{"allow":["GET"]}}],"collection":[{"href":"https:\/\/www.belenushotel.hu\/de\/wp-json\/wp\/v2\/pages"}],"about":[{"href":"https:\/\/www.belenushotel.hu\/de\/wp-json\/wp\/v2\/types\/page"}],"author":[{"embeddable":true,"href":"https:\/\/www.belenushotel.hu\/de\/wp-json\/wp\/v2\/users\/1"}],"replies":[{"embeddable":true,"href":"https:\/\/www.belenushotel.hu\/de\/wp-json\/wp\/v2\/comments?post=1341"}],"version-history":[{"count":0,"href":"https:\/\/www.belenushotel.hu\/de\/wp-json\/wp\/v2\/pages\/1341\/revisions"}],"up":[{"embeddable":true,"href":"https:\/\/www.belenushotel.hu\/de\/wp-json\/wp\/v2\/pages\/1582"}],"wp:attachment":[{"href":"https:\/\/www.belenushotel.hu\/de\/wp-json\/wp\/v2\/media?parent=1341"}],"curies":[{"name":"wp","href":"https:\/\/api.w.org\/{rel}","templated":true}]}}