{"id":1329,"date":"2024-05-28T13:11:06","date_gmt":"2024-05-28T13:11:06","guid":{"rendered":"https:\/\/www.belenushotel.hu\/?page_id=1329"},"modified":"2024-06-07T14:55:12","modified_gmt":"2024-06-07T14:55:12","slug":"zalakaros-thermalsee-und-oekoufer","status":"publish","type":"page","link":"https:\/\/www.belenushotel.hu\/de\/service\/programme\/zalakaros-thermalsee-und-oekoufer\/","title":{"rendered":"Zalakaros Thermalsee und \u00d6koufer"},"content":{"rendered":"<h2>&#8222;Sch\u00f6pf Kraft aus den Wundern der Natur!&#8220;<\/h2>\n<p>Zalakaros&#8216; gr\u00f6\u00dfter Schatz ist das einzigartige Thermalwasser mit seiner einzigartigen Mineralzusammensetzung, das bisher nur dazu diente, das Baden, den Komfort der Badeg\u00e4ste, ihre Genesung und Entspannung zu f\u00f6rdern, nun aber auch einen k\u00fcnstlich angelegten See speist: das Thermalbad. Zur Nutzung des abflie\u00dfenden Wassers des Zalakaroser Bades wurde der Zalakaros Thermal- und \u00d6kopark geschaffen, der nicht nur einen wunderbaren Aussichtspark verspricht, sondern auch ein Besucherzentrum, einen Erholungs- und Fitnesspark zugleich ist.<\/p>\n<p>Eine der Hauptattraktionen von Zalakaros bietet gro\u00dfartige Unterhaltungsm\u00f6glichkeiten f\u00fcr Menschen jeden Alters und bereichert das touristische Angebot der Stadt sowie das Angebot an Aktivit\u00e4ten in der Umgebung.<\/p>\n<h2>Die Highlights des Thermal- und \u00d6koparks sind:<\/h2>\n<ul>\n<li>Empfangsgeb\u00e4ude<\/li>\n<li>Rutsche<\/li>\n<li>Pavillon der Kl\u00e4nge<\/li>\n<li>Wasserlauf<\/li>\n<li>Meditationsraum mit Lichteffekten<\/li>\n<li>Lehrpfad<\/li>\n<li>Spielplatz<\/li>\n<li>Labyrinth<\/li>\n<li>Aktiver Ruhepark f\u00fcr Senioren<\/li>\n<\/ul>\n<p>Die erste Station des Thermalbades ist das besondere Empfangsgeb\u00e4ude, zu dem auch ein 15 Meter hoher Aussichtsturm geh\u00f6rt, von dem aus man einen wundersch\u00f6nen Blick auf den See, den umliegenden Wald und das gesamte Areal hat. Das herausragendste Element des Gel\u00e4ndes ist der 21 Meter hohe Rutschenturm, der mit einer einzigartigen L\u00e4nge von fast 75 Metern in ganz Ungarn einzigartig ist. Neben dem Empfangsgeb\u00e4ude befindet sich der Pavillon der Kl\u00e4nge, in dem die Besucher auf spielerische Weise Kl\u00e4nge kennenlernen und die Ver\u00e4nderungen ihrer Schwingungsl\u00e4nge beobachten k\u00f6nnen. Mutige k\u00f6nnen sogar die Kunst des Wasserlaufens auf dem eigens angelegten Wasserlauf im Thermalbecken erlernen.<\/p>\n<p>Eine romantische Br\u00fccke verbindet die beiden Ufer des Sees, von der aus man einen herrlichen Panoramablick auf die Insel in der Mitte hat. Im Meditationspavillon der Lichter k\u00f6nnen wir ein besonderes Lichtspiel erleben, w\u00e4hrend wir entlang des s\u00fcdlichen Ufers des Sees einen Lehrpfad durch den umliegenden Wald gehen und dabei durch informative Tafeln mehr \u00fcber die lokalen gesch\u00fctzten Pflanzen erfahren k\u00f6nnen. Am Ufer des Sees sorgen ein Spielplatz, ein Labyrinth und ein Outdoor-Fitnesspark f\u00fcr unbeschwerte Unterhaltung.<\/p>\n<p>Weitere Informationen finden Sie auf der <a href=\"https:\/\/zalakaros.hu\/de\/thermalsee-und-okoufer\" target=\"_blank\" rel=\"noopener\">Website des\u00a0Zalakaros Thermalsee und \u00d6koufer<\/a>.<\/p>\n","protected":false},"excerpt":{"rendered":"<p>&#8222;Sch\u00f6pf Kraft aus den Wundern der Natur!&#8220; Zalakaros&#8216; gr\u00f6\u00dfter Schatz ist das einzigartige Thermalwasser mit seiner einzigartigen Mineralzusammensetzung, das bisher nur dazu diente, das Baden, den Komfort der Badeg\u00e4ste, ihre Genesung und Entspannung zu f\u00f6rdern, nun aber auch einen k\u00fcnstlich angelegten See speist: das Thermalbad. Zur Nutzung des abflie\u00dfenden Wassers des Zalakaroser Bades wurde der [&hellip;]<\/p>\n","protected":false},"author":1,"featured_media":0,"parent":1582,"menu_order":169,"comment_status":"closed","ping_status":"closed","template":"","meta":{"footnotes":""},"class_list":["post-1329","page","type-page","status-publish","hentry"],"yoast_head":"<!-- This site is optimized with the Yoast SEO plugin v27.0 - https:\/\/yoast.com\/product\/yoast-seo-wordpress\/ -->\n<title>Zalakaros Thermalsee und \u00d6koufer | Belenus Thermalhotel *** Zalakaros<\/title>\n<meta name=\"description\" content=\"Legjobb \u00e1rak a saj\u00e1t honlapon - Igaz\u00e1n isteni hely a felt\u00f6lt\u0151 wellness pihen\u00e9sre. Csod\u00e1s parkkal \u00e9s term\u00e1lvizes medenc\u00e9vel\" \/>\n<meta name=\"robots\" content=\"index, follow, max-snippet:-1, max-image-preview:large, max-video-preview:-1\" \/>\n<link rel=\"canonical\" href=\"https:\/\/www.belenushotel.hu\/de\/service\/programme\/zalakaros-thermalsee-und-oekoufer\/\" \/>\n<meta property=\"og:locale\" content=\"de_DE\" \/>\n<meta property=\"og:type\" content=\"article\" \/>\n<meta property=\"og:title\" content=\"Zalakaros Thermalsee und \u00d6koufer | Belenus Thermalhotel *** Zalakaros\" \/>\n<meta property=\"og:description\" content=\"Legjobb \u00e1rak a saj\u00e1t honlapon - Igaz\u00e1n isteni hely a felt\u00f6lt\u0151 wellness pihen\u00e9sre. Csod\u00e1s parkkal \u00e9s term\u00e1lvizes medenc\u00e9vel\" \/>\n<meta property=\"og:url\" content=\"https:\/\/www.belenushotel.hu\/de\/service\/programme\/zalakaros-thermalsee-und-oekoufer\/\" \/>\n<meta property=\"og:site_name\" content=\"Belenus Thermalhotel *** Zalakaros\" \/>\n<meta property=\"article:publisher\" content=\"https:\/\/www.facebook.com\/belenushotel\" \/>\n<meta property=\"article:modified_time\" content=\"2024-06-07T14:55:12+00:00\" \/>\n<meta property=\"og:image\" content=\"https:\/\/www.belenushotel.hu\/files\/2024\/06\/KEP_9076.webp\" \/>\n\t<meta property=\"og:image:width\" content=\"1500\" \/>\n\t<meta property=\"og:image:height\" content=\"1000\" \/>\n\t<meta property=\"og:image:type\" content=\"image\/webp\" \/>\n<meta name=\"twitter:card\" content=\"summary_large_image\" \/>\n<meta name=\"twitter:label1\" content=\"Gesch\u00e4tzte Lesezeit\" \/>\n\t<meta name=\"twitter:data1\" content=\"2\u00a0Minuten\" \/>\n<script type=\"application\/ld+json\" class=\"yoast-schema-graph\">{\"@context\":\"https:\/\/schema.org\",\"@graph\":[{\"@type\":\"WebPage\",\"@id\":\"https:\/\/www.belenushotel.hu\/de\/service\/programme\/zalakaros-thermalsee-und-oekoufer\/\",\"url\":\"https:\/\/www.belenushotel.hu\/de\/service\/programme\/zalakaros-thermalsee-und-oekoufer\/\",\"name\":\"Zalakaros Thermalsee und \u00d6koufer | Belenus Thermalhotel *** Zalakaros\",\"isPartOf\":{\"@id\":\"https:\/\/www.belenushotel.hu\/#website\"},\"datePublished\":\"2024-05-28T13:11:06+00:00\",\"dateModified\":\"2024-06-07T14:55:12+00:00\",\"description\":\"Legjobb \u00e1rak a saj\u00e1t honlapon - Igaz\u00e1n isteni hely a felt\u00f6lt\u0151 wellness pihen\u00e9sre. Csod\u00e1s parkkal \u00e9s term\u00e1lvizes medenc\u00e9vel\",\"breadcrumb\":{\"@id\":\"https:\/\/www.belenushotel.hu\/de\/service\/programme\/zalakaros-thermalsee-und-oekoufer\/#breadcrumb\"},\"inLanguage\":\"de\",\"potentialAction\":[{\"@type\":\"ReadAction\",\"target\":[\"https:\/\/www.belenushotel.hu\/de\/service\/programme\/zalakaros-thermalsee-und-oekoufer\/\"]}]},{\"@type\":\"BreadcrumbList\",\"@id\":\"https:\/\/www.belenushotel.hu\/de\/service\/programme\/zalakaros-thermalsee-und-oekoufer\/#breadcrumb\",\"itemListElement\":[{\"@type\":\"ListItem\",\"position\":1,\"name\":\"Service\",\"item\":\"https:\/\/www.belenushotel.hu\/de\/service\/\"},{\"@type\":\"ListItem\",\"position\":2,\"name\":\"Programme\",\"item\":\"https:\/\/www.belenushotel.hu\/de\/service\/programme\/\"},{\"@type\":\"ListItem\",\"position\":3,\"name\":\"Zalakaros Thermalsee und \u00d6koufer\"}]},{\"@type\":\"WebSite\",\"@id\":\"https:\/\/www.belenushotel.hu\/#website\",\"url\":\"https:\/\/www.belenushotel.hu\/\",\"name\":\"Belenus Thermalhotel *** Superior Zalakaros\",\"description\":\"Egy \u201eisteni\u201d hely...\",\"publisher\":{\"@id\":\"https:\/\/www.belenushotel.hu\/#organization\"},\"potentialAction\":[{\"@type\":\"SearchAction\",\"target\":{\"@type\":\"EntryPoint\",\"urlTemplate\":\"https:\/\/www.belenushotel.hu\/?s={search_term_string}\"},\"query-input\":{\"@type\":\"PropertyValueSpecification\",\"valueRequired\":true,\"valueName\":\"search_term_string\"}}],\"inLanguage\":\"de\"},{\"@type\":\"Organization\",\"@id\":\"https:\/\/www.belenushotel.hu\/#organization\",\"name\":\"Belenus Thermalhotel *** Superior Zalakaros\",\"url\":\"https:\/\/www.belenushotel.hu\/\",\"logo\":{\"@type\":\"ImageObject\",\"inLanguage\":\"de\",\"@id\":\"https:\/\/www.belenushotel.hu\/#\/schema\/logo\/image\/\",\"url\":\"https:\/\/www.belenushotel.hu\/files\/2024\/06\/belenus_logo_696.webp\",\"contentUrl\":\"https:\/\/www.belenushotel.hu\/files\/2024\/06\/belenus_logo_696.webp\",\"width\":696,\"height\":696,\"caption\":\"Belenus Thermalhotel *** Superior Zalakaros\"},\"image\":{\"@id\":\"https:\/\/www.belenushotel.hu\/#\/schema\/logo\/image\/\"},\"sameAs\":[\"https:\/\/www.facebook.com\/belenushotel\"]}]}<\/script>\n<!-- \/ Yoast SEO plugin. -->","yoast_head_json":{"title":"Zalakaros Thermalsee und \u00d6koufer | Belenus Thermalhotel *** Zalakaros","description":"Legjobb \u00e1rak a saj\u00e1t honlapon - Igaz\u00e1n isteni hely a felt\u00f6lt\u0151 wellness pihen\u00e9sre. Csod\u00e1s parkkal \u00e9s term\u00e1lvizes medenc\u00e9vel","robots":{"index":"index","follow":"follow","max-snippet":"max-snippet:-1","max-image-preview":"max-image-preview:large","max-video-preview":"max-video-preview:-1"},"canonical":"https:\/\/www.belenushotel.hu\/de\/service\/programme\/zalakaros-thermalsee-und-oekoufer\/","og_locale":"de_DE","og_type":"article","og_title":"Zalakaros Thermalsee und \u00d6koufer | Belenus Thermalhotel *** Zalakaros","og_description":"Legjobb \u00e1rak a saj\u00e1t honlapon - Igaz\u00e1n isteni hely a felt\u00f6lt\u0151 wellness pihen\u00e9sre. Csod\u00e1s parkkal \u00e9s term\u00e1lvizes medenc\u00e9vel","og_url":"https:\/\/www.belenushotel.hu\/de\/service\/programme\/zalakaros-thermalsee-und-oekoufer\/","og_site_name":"Belenus Thermalhotel *** Zalakaros","article_publisher":"https:\/\/www.facebook.com\/belenushotel","article_modified_time":"2024-06-07T14:55:12+00:00","og_image":[{"width":1500,"height":1000,"url":"https:\/\/www.belenushotel.hu\/files\/2024\/06\/KEP_9076.webp","type":"image\/webp"}],"twitter_card":"summary_large_image","twitter_misc":{"Gesch\u00e4tzte Lesezeit":"2\u00a0Minuten"},"schema":{"@context":"https:\/\/schema.org","@graph":[{"@type":"WebPage","@id":"https:\/\/www.belenushotel.hu\/de\/service\/programme\/zalakaros-thermalsee-und-oekoufer\/","url":"https:\/\/www.belenushotel.hu\/de\/service\/programme\/zalakaros-thermalsee-und-oekoufer\/","name":"Zalakaros Thermalsee und \u00d6koufer | Belenus Thermalhotel *** Zalakaros","isPartOf":{"@id":"https:\/\/www.belenushotel.hu\/#website"},"datePublished":"2024-05-28T13:11:06+00:00","dateModified":"2024-06-07T14:55:12+00:00","description":"Legjobb \u00e1rak a saj\u00e1t honlapon - Igaz\u00e1n isteni hely a felt\u00f6lt\u0151 wellness pihen\u00e9sre. Csod\u00e1s parkkal \u00e9s term\u00e1lvizes medenc\u00e9vel","breadcrumb":{"@id":"https:\/\/www.belenushotel.hu\/de\/service\/programme\/zalakaros-thermalsee-und-oekoufer\/#breadcrumb"},"inLanguage":"de","potentialAction":[{"@type":"ReadAction","target":["https:\/\/www.belenushotel.hu\/de\/service\/programme\/zalakaros-thermalsee-und-oekoufer\/"]}]},{"@type":"BreadcrumbList","@id":"https:\/\/www.belenushotel.hu\/de\/service\/programme\/zalakaros-thermalsee-und-oekoufer\/#breadcrumb","itemListElement":[{"@type":"ListItem","position":1,"name":"Service","item":"https:\/\/www.belenushotel.hu\/de\/service\/"},{"@type":"ListItem","position":2,"name":"Programme","item":"https:\/\/www.belenushotel.hu\/de\/service\/programme\/"},{"@type":"ListItem","position":3,"name":"Zalakaros Thermalsee und \u00d6koufer"}]},{"@type":"WebSite","@id":"https:\/\/www.belenushotel.hu\/#website","url":"https:\/\/www.belenushotel.hu\/","name":"Belenus Thermalhotel *** Superior Zalakaros","description":"Egy \u201eisteni\u201d hely...","publisher":{"@id":"https:\/\/www.belenushotel.hu\/#organization"},"potentialAction":[{"@type":"SearchAction","target":{"@type":"EntryPoint","urlTemplate":"https:\/\/www.belenushotel.hu\/?s={search_term_string}"},"query-input":{"@type":"PropertyValueSpecification","valueRequired":true,"valueName":"search_term_string"}}],"inLanguage":"de"},{"@type":"Organization","@id":"https:\/\/www.belenushotel.hu\/#organization","name":"Belenus Thermalhotel *** Superior Zalakaros","url":"https:\/\/www.belenushotel.hu\/","logo":{"@type":"ImageObject","inLanguage":"de","@id":"https:\/\/www.belenushotel.hu\/#\/schema\/logo\/image\/","url":"https:\/\/www.belenushotel.hu\/files\/2024\/06\/belenus_logo_696.webp","contentUrl":"https:\/\/www.belenushotel.hu\/files\/2024\/06\/belenus_logo_696.webp","width":696,"height":696,"caption":"Belenus Thermalhotel *** Superior Zalakaros"},"image":{"@id":"https:\/\/www.belenushotel.hu\/#\/schema\/logo\/image\/"},"sameAs":["https:\/\/www.facebook.com\/belenushotel"]}]}},"_links":{"self":[{"href":"https:\/\/www.belenushotel.hu\/de\/wp-json\/wp\/v2\/pages\/1329","targetHints":{"allow":["GET"]}}],"collection":[{"href":"https:\/\/www.belenushotel.hu\/de\/wp-json\/wp\/v2\/pages"}],"about":[{"href":"https:\/\/www.belenushotel.hu\/de\/wp-json\/wp\/v2\/types\/page"}],"author":[{"embeddable":true,"href":"https:\/\/www.belenushotel.hu\/de\/wp-json\/wp\/v2\/users\/1"}],"replies":[{"embeddable":true,"href":"https:\/\/www.belenushotel.hu\/de\/wp-json\/wp\/v2\/comments?post=1329"}],"version-history":[{"count":0,"href":"https:\/\/www.belenushotel.hu\/de\/wp-json\/wp\/v2\/pages\/1329\/revisions"}],"up":[{"embeddable":true,"href":"https:\/\/www.belenushotel.hu\/de\/wp-json\/wp\/v2\/pages\/1582"}],"wp:attachment":[{"href":"https:\/\/www.belenushotel.hu\/de\/wp-json\/wp\/v2\/media?parent=1329"}],"curies":[{"name":"wp","href":"https:\/\/api.w.org\/{rel}","templated":true}]}}