{"id":1323,"date":"2024-05-28T12:43:38","date_gmt":"2024-05-28T12:43:38","guid":{"rendered":"https:\/\/www.belenushotel.hu\/?page_id=1323"},"modified":"2024-06-07T14:43:49","modified_gmt":"2024-06-07T14:43:49","slug":"bueffelreservat-kapolnapuszta","status":"publish","type":"page","link":"https:\/\/www.belenushotel.hu\/de\/service\/programme\/bueffelreservat-kapolnapuszta\/","title":{"rendered":"B\u00fcffelreservat K\u00e1polnapuszta"},"content":{"rendered":"<h2>Das gr\u00f6\u00dfte besuchbare B\u00fcffelgehege Ungarns, Picknickplatz, Ausstellung, Streichelzoo, erz\u00e4hlender Wanderweg.<\/h2>\n<p>Das gr\u00f6\u00dfte besuchbare B\u00fcffelgehege Ungarns befindet sich im beliebten K\u00e1polnapusztai B\u00fcffelreservat am Kis-Balaton zwischen Zalakom\u00e1r und Balatonmagyar\u00f3d. Eine Ausstellung, die die Tierwelt des Kis-Balaton zeigt, eine Ausstellung zur B\u00fcffelgeschichte und ein mit spielerischen Elementen angereicherter Rundweg erwarten die Besucher. Das Reservat spielt eine wichtige Rolle beim Erhalt der einheimischen B\u00fcffelpopulation und der Bewahrung ihres Genpools und ist gleichzeitig ein beliebtes Zentrum f\u00fcr die Pr\u00e4sentation dieser Art.<\/p>\n<p>Ein weiteres Ziel ist es, die Tiere den Besuchern in ihrer nat\u00fcrlichen Umgebung aus n\u00e4chster N\u00e4he zu pr\u00e4sentieren. Ferngl\u00e4ser helfen den Besuchern, die Tiere zu beobachten, und wenn wir Gl\u00fcck haben, k\u00f6nnen wir nicht nur die B\u00fcffel beobachten, die im Schlamm suhlen oder friedlich grasen, sondern auch die flinken Ziesel. Kinder k\u00f6nnen sich nat\u00fcrlich auch im Streichelzoo des Reservats freuen, aber einige sehr zahme Ziegen grasen frei entlang des Rundwegs und warten sehns\u00fcchtig auf die liebevolle Umarmung ihrer kleinen Freunde.<\/p>\n<p>In der Scheune k\u00f6nnen wir durch alte Fotos und traditionelle Werkzeuge die Geschichte der B\u00fcffelhaltung kennenlernen, w\u00e4hrend die Ausstellung im Empfangsgeb\u00e4ude die reiche Tierwelt des Kis-Balaton pr\u00e4sentiert. Am Ende des Ausflugs k\u00f6nnen die Kleinen den f\u00fcr sie angelegten Spielplatz genie\u00dfen, w\u00e4hrend sich die Erwachsenen ausruhen. Im Empfangsgeb\u00e4ude k\u00f6nnen au\u00dferdem Brosch\u00fcren, Geschenkartikel und Erfrischungen erworben werden.<\/p>\n<p><strong>Ein tolles Abenteuer f\u00fcr das Wochenende!<\/strong><\/p>\n<p>Weitere Informationen finden Sie auf der <a href=\"https:\/\/www.bfnp.hu\/de\/besucherzentrum-1\/buffelreservat-am-kis-balaton-kapolnapuszta\" target=\"_blank\" rel=\"noopener\">Website des Balaton-Felvid\u00e9k Nationalparks<\/a>.<\/p>\n","protected":false},"excerpt":{"rendered":"<p>Das gr\u00f6\u00dfte besuchbare B\u00fcffelgehege Ungarns, Picknickplatz, Ausstellung, Streichelzoo, erz\u00e4hlender Wanderweg. Das gr\u00f6\u00dfte besuchbare B\u00fcffelgehege Ungarns befindet sich im beliebten K\u00e1polnapusztai B\u00fcffelreservat am Kis-Balaton zwischen Zalakom\u00e1r und Balatonmagyar\u00f3d. Eine Ausstellung, die die Tierwelt des Kis-Balaton zeigt, eine Ausstellung zur B\u00fcffelgeschichte und ein mit spielerischen Elementen angereicherter Rundweg erwarten die Besucher. Das Reservat spielt eine wichtige Rolle [&hellip;]<\/p>\n","protected":false},"author":1,"featured_media":0,"parent":1582,"menu_order":25,"comment_status":"closed","ping_status":"closed","template":"","meta":{"footnotes":""},"class_list":["post-1323","page","type-page","status-publish","hentry"],"yoast_head":"<!-- This site is optimized with the Yoast SEO plugin v27.0 - https:\/\/yoast.com\/product\/yoast-seo-wordpress\/ -->\n<title>B\u00fcffelreservat K\u00e1polnapuszta | Belenus Thermalhotel *** Zalakaros<\/title>\n<meta name=\"description\" content=\"Legjobb \u00e1rak a saj\u00e1t honlapon - Igaz\u00e1n isteni hely a felt\u00f6lt\u0151 wellness pihen\u00e9sre. Csod\u00e1s parkkal \u00e9s term\u00e1lvizes medenc\u00e9vel\" \/>\n<meta name=\"robots\" content=\"index, follow, max-snippet:-1, max-image-preview:large, max-video-preview:-1\" \/>\n<link rel=\"canonical\" href=\"https:\/\/www.belenushotel.hu\/de\/service\/programme\/bueffelreservat-kapolnapuszta\/\" \/>\n<meta property=\"og:locale\" content=\"de_DE\" \/>\n<meta property=\"og:type\" content=\"article\" \/>\n<meta property=\"og:title\" content=\"B\u00fcffelreservat K\u00e1polnapuszta | Belenus Thermalhotel *** Zalakaros\" \/>\n<meta property=\"og:description\" content=\"Legjobb \u00e1rak a saj\u00e1t honlapon - Igaz\u00e1n isteni hely a felt\u00f6lt\u0151 wellness pihen\u00e9sre. Csod\u00e1s parkkal \u00e9s term\u00e1lvizes medenc\u00e9vel\" \/>\n<meta property=\"og:url\" content=\"https:\/\/www.belenushotel.hu\/de\/service\/programme\/bueffelreservat-kapolnapuszta\/\" \/>\n<meta property=\"og:site_name\" content=\"Belenus Thermalhotel *** Zalakaros\" \/>\n<meta property=\"article:publisher\" content=\"https:\/\/www.facebook.com\/belenushotel\" \/>\n<meta property=\"article:modified_time\" content=\"2024-06-07T14:43:49+00:00\" \/>\n<meta property=\"og:image\" content=\"https:\/\/www.belenushotel.hu\/files\/2024\/06\/KEP_9076.webp\" \/>\n\t<meta property=\"og:image:width\" content=\"1500\" \/>\n\t<meta property=\"og:image:height\" content=\"1000\" \/>\n\t<meta property=\"og:image:type\" content=\"image\/webp\" \/>\n<meta name=\"twitter:card\" content=\"summary_large_image\" \/>\n<meta name=\"twitter:label1\" content=\"Gesch\u00e4tzte Lesezeit\" \/>\n\t<meta name=\"twitter:data1\" content=\"2\u00a0Minuten\" \/>\n<script type=\"application\/ld+json\" class=\"yoast-schema-graph\">{\"@context\":\"https:\/\/schema.org\",\"@graph\":[{\"@type\":\"WebPage\",\"@id\":\"https:\/\/www.belenushotel.hu\/de\/service\/programme\/bueffelreservat-kapolnapuszta\/\",\"url\":\"https:\/\/www.belenushotel.hu\/de\/service\/programme\/bueffelreservat-kapolnapuszta\/\",\"name\":\"B\u00fcffelreservat K\u00e1polnapuszta | Belenus Thermalhotel *** Zalakaros\",\"isPartOf\":{\"@id\":\"https:\/\/www.belenushotel.hu\/#website\"},\"datePublished\":\"2024-05-28T12:43:38+00:00\",\"dateModified\":\"2024-06-07T14:43:49+00:00\",\"description\":\"Legjobb \u00e1rak a saj\u00e1t honlapon - Igaz\u00e1n isteni hely a felt\u00f6lt\u0151 wellness pihen\u00e9sre. Csod\u00e1s parkkal \u00e9s term\u00e1lvizes medenc\u00e9vel\",\"breadcrumb\":{\"@id\":\"https:\/\/www.belenushotel.hu\/de\/service\/programme\/bueffelreservat-kapolnapuszta\/#breadcrumb\"},\"inLanguage\":\"de\",\"potentialAction\":[{\"@type\":\"ReadAction\",\"target\":[\"https:\/\/www.belenushotel.hu\/de\/service\/programme\/bueffelreservat-kapolnapuszta\/\"]}]},{\"@type\":\"BreadcrumbList\",\"@id\":\"https:\/\/www.belenushotel.hu\/de\/service\/programme\/bueffelreservat-kapolnapuszta\/#breadcrumb\",\"itemListElement\":[{\"@type\":\"ListItem\",\"position\":1,\"name\":\"Service\",\"item\":\"https:\/\/www.belenushotel.hu\/de\/service\/\"},{\"@type\":\"ListItem\",\"position\":2,\"name\":\"Programme\",\"item\":\"https:\/\/www.belenushotel.hu\/de\/service\/programme\/\"},{\"@type\":\"ListItem\",\"position\":3,\"name\":\"B\u00fcffelreservat K\u00e1polnapuszta\"}]},{\"@type\":\"WebSite\",\"@id\":\"https:\/\/www.belenushotel.hu\/#website\",\"url\":\"https:\/\/www.belenushotel.hu\/\",\"name\":\"Belenus Thermalhotel *** Superior Zalakaros\",\"description\":\"Egy \u201eisteni\u201d hely...\",\"publisher\":{\"@id\":\"https:\/\/www.belenushotel.hu\/#organization\"},\"potentialAction\":[{\"@type\":\"SearchAction\",\"target\":{\"@type\":\"EntryPoint\",\"urlTemplate\":\"https:\/\/www.belenushotel.hu\/?s={search_term_string}\"},\"query-input\":{\"@type\":\"PropertyValueSpecification\",\"valueRequired\":true,\"valueName\":\"search_term_string\"}}],\"inLanguage\":\"de\"},{\"@type\":\"Organization\",\"@id\":\"https:\/\/www.belenushotel.hu\/#organization\",\"name\":\"Belenus Thermalhotel *** Superior Zalakaros\",\"url\":\"https:\/\/www.belenushotel.hu\/\",\"logo\":{\"@type\":\"ImageObject\",\"inLanguage\":\"de\",\"@id\":\"https:\/\/www.belenushotel.hu\/#\/schema\/logo\/image\/\",\"url\":\"https:\/\/www.belenushotel.hu\/files\/2024\/06\/belenus_logo_696.webp\",\"contentUrl\":\"https:\/\/www.belenushotel.hu\/files\/2024\/06\/belenus_logo_696.webp\",\"width\":696,\"height\":696,\"caption\":\"Belenus Thermalhotel *** Superior Zalakaros\"},\"image\":{\"@id\":\"https:\/\/www.belenushotel.hu\/#\/schema\/logo\/image\/\"},\"sameAs\":[\"https:\/\/www.facebook.com\/belenushotel\"]}]}<\/script>\n<!-- \/ Yoast SEO plugin. -->","yoast_head_json":{"title":"B\u00fcffelreservat K\u00e1polnapuszta | Belenus Thermalhotel *** Zalakaros","description":"Legjobb \u00e1rak a saj\u00e1t honlapon - Igaz\u00e1n isteni hely a felt\u00f6lt\u0151 wellness pihen\u00e9sre. Csod\u00e1s parkkal \u00e9s term\u00e1lvizes medenc\u00e9vel","robots":{"index":"index","follow":"follow","max-snippet":"max-snippet:-1","max-image-preview":"max-image-preview:large","max-video-preview":"max-video-preview:-1"},"canonical":"https:\/\/www.belenushotel.hu\/de\/service\/programme\/bueffelreservat-kapolnapuszta\/","og_locale":"de_DE","og_type":"article","og_title":"B\u00fcffelreservat K\u00e1polnapuszta | Belenus Thermalhotel *** Zalakaros","og_description":"Legjobb \u00e1rak a saj\u00e1t honlapon - Igaz\u00e1n isteni hely a felt\u00f6lt\u0151 wellness pihen\u00e9sre. Csod\u00e1s parkkal \u00e9s term\u00e1lvizes medenc\u00e9vel","og_url":"https:\/\/www.belenushotel.hu\/de\/service\/programme\/bueffelreservat-kapolnapuszta\/","og_site_name":"Belenus Thermalhotel *** Zalakaros","article_publisher":"https:\/\/www.facebook.com\/belenushotel","article_modified_time":"2024-06-07T14:43:49+00:00","og_image":[{"width":1500,"height":1000,"url":"https:\/\/www.belenushotel.hu\/files\/2024\/06\/KEP_9076.webp","type":"image\/webp"}],"twitter_card":"summary_large_image","twitter_misc":{"Gesch\u00e4tzte Lesezeit":"2\u00a0Minuten"},"schema":{"@context":"https:\/\/schema.org","@graph":[{"@type":"WebPage","@id":"https:\/\/www.belenushotel.hu\/de\/service\/programme\/bueffelreservat-kapolnapuszta\/","url":"https:\/\/www.belenushotel.hu\/de\/service\/programme\/bueffelreservat-kapolnapuszta\/","name":"B\u00fcffelreservat K\u00e1polnapuszta | Belenus Thermalhotel *** Zalakaros","isPartOf":{"@id":"https:\/\/www.belenushotel.hu\/#website"},"datePublished":"2024-05-28T12:43:38+00:00","dateModified":"2024-06-07T14:43:49+00:00","description":"Legjobb \u00e1rak a saj\u00e1t honlapon - Igaz\u00e1n isteni hely a felt\u00f6lt\u0151 wellness pihen\u00e9sre. Csod\u00e1s parkkal \u00e9s term\u00e1lvizes medenc\u00e9vel","breadcrumb":{"@id":"https:\/\/www.belenushotel.hu\/de\/service\/programme\/bueffelreservat-kapolnapuszta\/#breadcrumb"},"inLanguage":"de","potentialAction":[{"@type":"ReadAction","target":["https:\/\/www.belenushotel.hu\/de\/service\/programme\/bueffelreservat-kapolnapuszta\/"]}]},{"@type":"BreadcrumbList","@id":"https:\/\/www.belenushotel.hu\/de\/service\/programme\/bueffelreservat-kapolnapuszta\/#breadcrumb","itemListElement":[{"@type":"ListItem","position":1,"name":"Service","item":"https:\/\/www.belenushotel.hu\/de\/service\/"},{"@type":"ListItem","position":2,"name":"Programme","item":"https:\/\/www.belenushotel.hu\/de\/service\/programme\/"},{"@type":"ListItem","position":3,"name":"B\u00fcffelreservat K\u00e1polnapuszta"}]},{"@type":"WebSite","@id":"https:\/\/www.belenushotel.hu\/#website","url":"https:\/\/www.belenushotel.hu\/","name":"Belenus Thermalhotel *** Superior Zalakaros","description":"Egy \u201eisteni\u201d hely...","publisher":{"@id":"https:\/\/www.belenushotel.hu\/#organization"},"potentialAction":[{"@type":"SearchAction","target":{"@type":"EntryPoint","urlTemplate":"https:\/\/www.belenushotel.hu\/?s={search_term_string}"},"query-input":{"@type":"PropertyValueSpecification","valueRequired":true,"valueName":"search_term_string"}}],"inLanguage":"de"},{"@type":"Organization","@id":"https:\/\/www.belenushotel.hu\/#organization","name":"Belenus Thermalhotel *** Superior Zalakaros","url":"https:\/\/www.belenushotel.hu\/","logo":{"@type":"ImageObject","inLanguage":"de","@id":"https:\/\/www.belenushotel.hu\/#\/schema\/logo\/image\/","url":"https:\/\/www.belenushotel.hu\/files\/2024\/06\/belenus_logo_696.webp","contentUrl":"https:\/\/www.belenushotel.hu\/files\/2024\/06\/belenus_logo_696.webp","width":696,"height":696,"caption":"Belenus Thermalhotel *** Superior Zalakaros"},"image":{"@id":"https:\/\/www.belenushotel.hu\/#\/schema\/logo\/image\/"},"sameAs":["https:\/\/www.facebook.com\/belenushotel"]}]}},"_links":{"self":[{"href":"https:\/\/www.belenushotel.hu\/de\/wp-json\/wp\/v2\/pages\/1323","targetHints":{"allow":["GET"]}}],"collection":[{"href":"https:\/\/www.belenushotel.hu\/de\/wp-json\/wp\/v2\/pages"}],"about":[{"href":"https:\/\/www.belenushotel.hu\/de\/wp-json\/wp\/v2\/types\/page"}],"author":[{"embeddable":true,"href":"https:\/\/www.belenushotel.hu\/de\/wp-json\/wp\/v2\/users\/1"}],"replies":[{"embeddable":true,"href":"https:\/\/www.belenushotel.hu\/de\/wp-json\/wp\/v2\/comments?post=1323"}],"version-history":[{"count":0,"href":"https:\/\/www.belenushotel.hu\/de\/wp-json\/wp\/v2\/pages\/1323\/revisions"}],"up":[{"embeddable":true,"href":"https:\/\/www.belenushotel.hu\/de\/wp-json\/wp\/v2\/pages\/1582"}],"wp:attachment":[{"href":"https:\/\/www.belenushotel.hu\/de\/wp-json\/wp\/v2\/media?parent=1323"}],"curies":[{"name":"wp","href":"https:\/\/api.w.org\/{rel}","templated":true}]}}