{"id":1242,"date":"2024-05-21T14:11:21","date_gmt":"2024-05-21T12:11:21","guid":{"rendered":"https:\/\/www.belenushotel.hu\/?page_id=1242"},"modified":"2025-04-03T18:19:22","modified_gmt":"2025-04-03T16:19:22","slug":"gastronomie","status":"publish","type":"page","link":"https:\/\/www.belenushotel.hu\/de\/hotel\/gastronomie\/","title":{"rendered":"Gastronomie"},"content":{"rendered":"<div class=\"row section justify-content-end\">\n\t<div class=\"col-md-1 d-none d-md-block icon\"><img decoding=\"async\" src=\"https:\/\/www.belenushotel.hu\/wp-content\/themes\/belenus\/images\/gallery.svg\"><\/div>\n\t<div class=\"col-md-11 align-self-end description\">\n\t\t<h3><\/h3>\n\t\t<\/p>\n<div class=\"row\">\n<div class=\"col-sm-4 p-video\"><video controls=\"controls\" width=\"300\" height=\"150\"><source src=\"https:\/\/belenushotel.hu\/files\/konyha.mp4\" type=\"video\/mp4\" \/><\/video><\/div>\n<div class=\"col-sm-4 p-video\"><video controls=\"controls\" width=\"300\" height=\"150\"><source src=\"https:\/\/belenushotel.hu\/files\/pizza.mp4\" type=\"video\/mp4\" \/><\/video><\/div>\n<div class=\"col-sm-4 p-video\"><video controls=\"controls\" width=\"300\" height=\"150\"><source src=\"https:\/\/belenushotel.hu\/files\/cocktails.mp4\" type=\"video\/mp4\" \/><\/video><\/div>\n<\/div>\n<p>\n\t<\/div>\n<\/div>\n<div class=\"row section justify-content-end\"><div class=\"col-md-1 d-none d-md-block icon\"><img decoding=\"async\" src=\"https:\/\/www.belenushotel.hu\/wp-content\/themes\/belenus\/images\/gallery.svg\"><h4>19<\/h4> <span>Bilder<\/span><\/div><div class=\"col-md-11 align-self-end description\"><div class=\"gallery-imgs gal-1086952 row\">\n\t\t\t<div class=\"gallery-item col-sm-10 pref-img\">\n\t\t\t\t\t\t<a href=\"https:\/\/www.belenushotel.hu\/files\/2024\/06\/DSC01187.webp\">\n\t\t\t\t\t\t\t<img decoding=\"async\" src=\"https:\/\/www.belenushotel.hu\/files\/2024\/06\/DSC01187.webp\" alt=\"\" class=\"img-fluid\">\n\t\t\t\t\t\t\t\n\t\t\t\t\t\t\t<span class=\"g-text\">Um auf die anderen Elemente der Galerie zuzugreifen, klicken Sie auf das Bild!<\/span>\n\t\t\t\t\t\t<\/a>\n\t\t\t\t\t  \n    \t\t<\/div><a href=\"https:\/\/www.belenushotel.hu\/files\/2024\/06\/KEP_9285.webp\" class=\"d-none\">.<\/a><a href=\"https:\/\/www.belenushotel.hu\/files\/2024\/06\/KEP_9305.webp\" class=\"d-none\">.<\/a><a href=\"https:\/\/www.belenushotel.hu\/files\/2024\/06\/Belenus_etterem2023-7.webp\" class=\"d-none\">.<\/a><a href=\"https:\/\/www.belenushotel.hu\/files\/2024\/06\/Belenus_etterem2023-4.webp\" class=\"d-none\">.<\/a><a href=\"https:\/\/www.belenushotel.hu\/files\/2024\/06\/Belenus_2019_terasz-3.webp\" class=\"d-none\">.<\/a><a href=\"https:\/\/www.belenushotel.hu\/files\/2024\/06\/KEP_9023.webp\" class=\"d-none\">.<\/a><a href=\"https:\/\/www.belenushotel.hu\/files\/2024\/06\/KEP_9288.webp\" class=\"d-none\">.<\/a><a href=\"https:\/\/www.belenushotel.hu\/files\/2024\/06\/KEP_9276.webp\" class=\"d-none\">.<\/a><a href=\"https:\/\/www.belenushotel.hu\/files\/2024\/06\/Belenus_etterem2023-8.webp\" class=\"d-none\">.<\/a><a href=\"https:\/\/www.belenushotel.hu\/files\/2024\/06\/Belenus_etterem2023-9.webp\" class=\"d-none\">.<\/a><a href=\"https:\/\/www.belenushotel.hu\/files\/2024\/06\/Belenus_etterem2023-10.webp\" class=\"d-none\">.<\/a><a href=\"https:\/\/www.belenushotel.hu\/files\/2024\/06\/KEP_9269.webp\" class=\"d-none\">.<\/a><a href=\"https:\/\/www.belenushotel.hu\/files\/2024\/06\/KEP_9275.webp\" class=\"d-none\">.<\/a><a href=\"https:\/\/www.belenushotel.hu\/files\/2024\/06\/KEP_9293.webp\" class=\"d-none\">.<\/a><a href=\"https:\/\/www.belenushotel.hu\/files\/2024\/06\/KEP_9314-1.webp\" class=\"d-none\">.<\/a><a href=\"https:\/\/www.belenushotel.hu\/files\/2024\/06\/DSC00165.webp\" class=\"d-none\">.<\/a><a href=\"https:\/\/www.belenushotel.hu\/files\/2024\/06\/Belenus_2019_terasz.webp\" class=\"d-none\">.<\/a><a href=\"https:\/\/www.belenushotel.hu\/files\/2024\/06\/DSC09848.webp\" class=\"d-none\">.<\/a><\/div><\/div><\/div>\n<div class=\"row section justify-content-end\">\n\t\n\t<div class=\"col-md-11 align-self-end description\">\n\t\t<h3><\/h3>\n\t\tJe nach Wetterbedingungen bietet unsere mit dem Restaurant verbundene offene Terrasse eine angenehme Umgebung zum Genie\u00dfen von Getr\u00e4nken oder Desserts. Die Terrasse ist mit bequemen M\u00f6beln ausgestattet und steht unseren G\u00e4sten w\u00e4hrend der \u00d6ffnungszeiten zur Verf\u00fcgung.\n\t<\/div>\n<\/div>\n<div class=\"row section justify-content-end\">\n\t<div class=\"col-md-1 d-none d-md-block icon\"><img decoding=\"async\" src=\"https:\/\/www.belenushotel.hu\/wp-content\/themes\/belenus\/images\/description.svg\"><\/div>\n\t<div class=\"col-md-11 align-self-end description\">\n\t\t<h3><\/h3>\n\t\t<\/p>\n<ul>\n<li>Unsere G\u00e4ste k\u00f6nnen das Fr\u00fchst\u00fccks- und Abendbuffet aus Bequemlichkeitsgr\u00fcnden in zwei Schichten genie\u00dfen (Fr\u00fchst\u00fcck: 7.30-9.15 Uhr, 9.15-11.00 Uhr, Abendessen: 17.45-19.15 Uhr, 19.15-20.45 Uhr).<\/li>\n<li>In unseren klimatisierten Restaurantr\u00e4umen erwarten wir Sie jeden Tag von 7.30 bis 20.45 Uhr, wenn Sie sich au\u00dferhalb der Halbpension von der \u00e0 la carte Speisekarte bedienen m\u00f6chten.<br \/>\nUnsere Hotellobby-Bar ist von 7.00 bis 22.00 Uhr ge\u00f6ffnet, freitags und samstags sogar bis 23.00 Uhr, und steht zu Ihrer Verf\u00fcgung.<\/li>\n<li>Unser Angebot umfasst eine breite Palette an vegetarischen, veganen und diabetikerfreundlichen Gerichten. In unserem t\u00e4glichen Buffetangebot werden neben den Namen der Speisen immer auch die allergenen Bestandteile angezeigt, um Ihnen die Auswahl zu erleichtern.<\/li>\n<li>F\u00fcr Unterk\u00fcnfte ohne Verpflegung sind die Mahlzeiten im Zimmerpreis nicht inbegriffen, k\u00f6nnen aber auf Anfrage zu den angegebenen Preisen individuell bestellt werden.<\/li>\n<\/ul>\n<p>&nbsp;<\/p>\n<div class=\"row\">\n<div class=\"col-xl col-md-4 col-6 gastro-item portrait\">\n<p><div id=\"attachment_409\" style=\"width: 222px\" class=\"wp-caption alignnone\"><a href=\"https:\/\/www.belenushotel.hu\/files\/belenus_menu.pdf\" target=\"_blank\" rel=\"noopener\"><img loading=\"lazy\" decoding=\"async\" aria-describedby=\"caption-attachment-409\" class=\"wp-image-409 size-medium\" src=\"https:\/\/www.belenushotel.hu\/files\/2024\/05\/etlap-212x300.webp\" alt=\"\u00c9tlap\" width=\"212\" height=\"300\" srcset=\"https:\/\/www.belenushotel.hu\/files\/2024\/05\/etlap-212x300.webp 212w, https:\/\/www.belenushotel.hu\/files\/2024\/05\/etlap.webp 560w\" sizes=\"auto, (max-width: 212px) 100vw, 212px\" \/><\/a><p id=\"caption-attachment-409\" class=\"wp-caption-text\">Speisekarte \/ Drinks<\/p><\/div><\/p>\n<\/div>\n<div class=\"col-xl col-md-4 col-6 gastro-item portrait\">\n<p><div id=\"attachment_390\" style=\"width: 222px\" class=\"wp-caption alignnone\"><a href=\"https:\/\/www.belenushotel.hu\/files\/2024\/05\/pizzak_full_hu.jpg\" rel=\"gallery-pizza\"><img loading=\"lazy\" decoding=\"async\" aria-describedby=\"caption-attachment-390\" class=\"wp-image-390 size-medium\" src=\"https:\/\/www.belenushotel.hu\/files\/2024\/05\/pizzak_full_hu-212x300.jpg\" alt=\"Pizz\u00e1k\" width=\"212\" height=\"300\" srcset=\"https:\/\/www.belenushotel.hu\/files\/2024\/05\/pizzak_full_hu-212x300.jpg 212w, https:\/\/www.belenushotel.hu\/files\/2024\/05\/pizzak_full_hu-724x1024.jpg 724w, https:\/\/www.belenushotel.hu\/files\/2024\/05\/pizzak_full_hu.jpg 1000w\" sizes=\"auto, (max-width: 212px) 100vw, 212px\" \/><\/a><p id=\"caption-attachment-390\" class=\"wp-caption-text\">Pizzas<\/p><\/div><\/p>\n<\/div>\n<div class=\"col-xl col-md-4 col-6 gastro-item portrait\">\n<p><div id=\"attachment_402\" style=\"width: 222px\" class=\"wp-caption alignnone\"><a href=\"https:\/\/www.belenushotel.hu\/files\/all_inclusive_itallap.pdf\" target=\"_blank\" rel=\"noopener\"><img loading=\"lazy\" decoding=\"async\" aria-describedby=\"caption-attachment-402\" class=\"wp-image-402 size-medium\" src=\"https:\/\/www.belenushotel.hu\/files\/2024\/05\/all_inclusive_itallap-212x300.webp\" alt=\"All inclusive itallap\" width=\"212\" height=\"300\" srcset=\"https:\/\/www.belenushotel.hu\/files\/2024\/05\/all_inclusive_itallap-212x300.webp 212w, https:\/\/www.belenushotel.hu\/files\/2024\/05\/all_inclusive_itallap.webp 560w\" sizes=\"auto, (max-width: 212px) 100vw, 212px\" \/><\/a><p id=\"caption-attachment-402\" class=\"wp-caption-text\">All-Inclusive Getr\u00e4nkekarte<\/p><\/div><\/p>\n<\/div>\n<div class=\"col-xl col-md-4 col-6 gastro-item portrait\">\n<p><div id=\"attachment_1743\" style=\"width: 222px\" class=\"wp-caption alignnone\"><a href=\"https:\/\/www.belenushotel.hu\/files\/wine_list.pdf\" target=\"_blank\" rel=\"noopener\"><img loading=\"lazy\" decoding=\"async\" aria-describedby=\"caption-attachment-1743\" class=\"wp-image-1743 size-medium\" src=\"https:\/\/www.belenushotel.hu\/files\/2024\/10\/wine_selection.webp\" alt=\"All inclusive itallap\" width=\"212\" height=\"300\" \/><\/a><p id=\"caption-attachment-1743\" class=\"wp-caption-text\">Weinkarte<\/p><\/div><\/p>\n<\/div>\n<div class=\"col-xl col-md-4 col-6 gastro-item portrait\">\n<p><div id=\"attachment_1305\" style=\"width: 223px\" class=\"wp-caption alignnone\"><a href=\"https:\/\/www.belenushotel.hu\/files\/coctails.pdf\" target=\"_blank\" rel=\"noopener\"><img loading=\"lazy\" decoding=\"async\" aria-describedby=\"caption-attachment-1305\" class=\"wp-image-1305 size-medium\" src=\"https:\/\/www.belenushotel.hu\/files\/2024\/06\/coctails-213x300.webp\" alt=\"Kokt\u00e9lok\" width=\"213\" height=\"300\" srcset=\"https:\/\/www.belenushotel.hu\/files\/2024\/06\/coctails-213x300.webp 213w, https:\/\/www.belenushotel.hu\/files\/2024\/06\/coctails.webp 562w\" sizes=\"auto, (max-width: 213px) 100vw, 213px\" \/><\/a><p id=\"caption-attachment-1305\" class=\"wp-caption-text\">Cocktails<\/p><\/div><\/p>\n<\/div>\n<div class=\"col-xl col-md-4 col-6 gastro-item portrait\">\n<p><div id=\"attachment_1302\" style=\"width: 223px\" class=\"wp-caption alignnone\"><a href=\"https:\/\/www.belenushotel.hu\/files\/ice_cream.pdf\" target=\"_blank\" rel=\"noopener\"><img loading=\"lazy\" decoding=\"async\" aria-describedby=\"caption-attachment-1302\" class=\"wp-image-1302 size-medium\" src=\"https:\/\/www.belenushotel.hu\/files\/2024\/06\/fagylalt-213x300.webp\" alt=\"Fagylaltok\" width=\"213\" height=\"300\" srcset=\"https:\/\/www.belenushotel.hu\/files\/2024\/06\/fagylalt-213x300.webp 213w, https:\/\/www.belenushotel.hu\/files\/2024\/06\/fagylalt.webp 562w\" sizes=\"auto, (max-width: 213px) 100vw, 213px\" \/><\/a><p id=\"caption-attachment-1302\" class=\"wp-caption-text\">Eiscremes<\/p><\/div><\/p>\n<\/div>\n<\/div>\n<p>\n\t<\/div>\n<\/div>\n<div class=\"row section justify-content-end\">\n\t<div class=\"col-md-1 d-none d-md-block icon\"><img decoding=\"async\" src=\"https:\/\/www.belenushotel.hu\/wp-content\/themes\/belenus\/images\/child.svg\"><\/div>\n\t<div class=\"col-md-11 align-self-end description\">\n\t\t<h3>Kindererm\u00e4\u00dfigung<\/h3>\n\t\t<\/p>\n<p>Bei individueller Bestellung der Verpflegung im Rahmen der Halbpension gew\u00e4hren wir einen Rabatt von 50% auf den Preis der Mahlzeiten f\u00fcr Kinder im Alter von 0-1,99 Jahren. F\u00fcr Kinder ab 2 Jahren wird der volle Preis gem\u00e4\u00df der Preisliste berechnet. Der Rabatt gilt f\u00fcr maximal 2 Kinder pro Zimmer, die in einem Zimmer mit Erwachsenen \u00fcbernachten.<\/p>\n<p>\n\t<\/div>\n<\/div>\n<div class=\"row section justify-content-end\">\n\t<div class=\"col-md-1 d-none d-md-block icon\"><img decoding=\"async\" src=\"https:\/\/www.belenushotel.hu\/wp-content\/themes\/belenus\/images\/meal.svg\"><\/div>\n\t<div class=\"col-md-11 align-self-end description\">\n\t\t<h3>Fr\u00fchst\u00fccksbuffet (7:30 - 11:00 Uhr)<\/h3>\n\t\t<\/p>\n<ul>\n<li>Fr\u00fchst\u00fcckswarme Getr\u00e4nke, Fruchts\u00e4fte, Limonaden<\/li>\n<li>3 verschiedene Milchsorten<\/li>\n<li>Geschmackvolle und naturbelassene Joghurts<\/li>\n<li>K\u00e4se<\/li>\n<li>Aufschnitt<\/li>\n<li>Dips und Aufstriche<\/li>\n<li>Kalte Fischspezialit\u00e4ten<\/li>\n<li>Frisches saisonales Gem\u00fcse<\/li>\n<li>Getrocknete und frische Fr\u00fcchte<\/li>\n<li>M\u00fcsli und N\u00fcsse<\/li>\n<li>Hausgemachter Honig<\/li>\n<li>Kalte und warme S\u00fc\u00dfspeisen<\/li>\n<li>Kuchen<\/li>\n<li>Frisch gebackenes Brot und Geb\u00e4ck<\/li>\n<li>Suppe<\/li>\n<li>R\u00fchrei<\/li>\n<li>Eine breite Auswahl an Eierspeisen ist auf Bestellung erh\u00e4ltlich (im Fr\u00fchst\u00fccksbuffet enthalten)<\/li>\n<li>Warme Speisen<\/li>\n<\/ul>\n<p><strong>6 000 HUF \/Person\/Mahlzeit<\/strong><\/p>\n<p>\n\t<\/div>\n<\/div>\n<div class=\"row section justify-content-end\">\n\t<div class=\"col-md-1 d-none d-md-block icon\"><img decoding=\"async\" src=\"https:\/\/www.belenushotel.hu\/wp-content\/themes\/belenus\/images\/meal.svg\"><\/div>\n\t<div class=\"col-md-11 align-self-end description\">\n\t\t<h3>Mittagessen f\u00fcr Vollpension (13:00 - 15:00 Uhr)<\/h3>\n\t\t<\/p>\n<ul>\n<li>sal\u00e1t\u00e1k<\/li>\n<li>hideg el\u0151\u00e9tel<\/li>\n<li>meleg el\u0151\u00e9tel<\/li>\n<li>1 f\u00e9le leves<\/li>\n<li>3 f\u00e9le f\u0151\u00e9tel<\/li>\n<li>3 f\u00e9le desszert<\/li>\n<li>gy\u00fcm\u00f6lcssal\u00e1ta<\/li>\n<li>Salate<\/li>\n<li>Kalte Vorspeisen<\/li>\n<li>Warme Vorspeisen<\/li>\n<li>1 Sorte Suppe<\/li>\n<li>3 verschiedene Hauptgerichte<\/li>\n<li>3 verschiedene Desserts<\/li>\n<li>Obstsalat<\/li>\n<\/ul>\n<p><strong>6 000 HUF \/Person\/Mahlzeit<\/strong><\/p>\n<p>\n\t<\/div>\n<\/div>\n<div class=\"row section justify-content-end\">\n\t<div class=\"col-md-1 d-none d-md-block icon\"><img decoding=\"async\" src=\"https:\/\/www.belenushotel.hu\/wp-content\/themes\/belenus\/images\/meal.svg\"><\/div>\n\t<div class=\"col-md-11 align-self-end description\">\n\t\t<h3>Halbpensionsabendessen (17:45 - 20:45 Uhr)<\/h3>\n\t\t<\/p>\n<ul>\n<li>sal\u00e1t\u00e1k<\/li>\n<li>hideg vegyes \u00edzel\u00edt\u0151<\/li>\n<li>3 f\u00e9le hideg el\u0151\u00e9tel<\/li>\n<li>meleg el\u0151\u00e9tel<\/li>\n<li>2 f\u00e9le leves<\/li>\n<li>6 f\u00e9le f\u0151\u00e9tel<\/li>\n<li>7 f\u00e9le desszert<\/li>\n<li>fagylalt<\/li>\n<li>sajtt\u00e1l<\/li>\n<li>gy\u00fcm\u00f6lcst\u00e1l<\/li>\n<li>Salate<\/li>\n<li>Gemischte kalte Vorspeisen<\/li>\n<li>3 verschiedene kalten Vorspeisen<\/li>\n<li>Warme Vorspeise<\/li>\n<li>2 Sorten Suppen<\/li>\n<li>6 verschiedene Hauptgerichte<\/li>\n<li>7 verschiedene Desserts<\/li>\n<li>Eis<\/li>\n<li>K\u00e4seplatte<\/li>\n<li>Obstteller<\/li>\n<\/ul>\n<p><strong>8 400 HUF \/Person\/Mahlzeit, Im Buffetsystem<\/strong><\/p>\n<p>\n\t<\/div>\n<\/div>\n<div class=\"row section justify-content-end\">\n\t\n\t<div class=\"col-md-11 align-self-end description\">\n\t\t<h3><\/h3>\n\t\t<\/p>\n<ul>\n<li>Zimmerservice: Zwischen 7:00 und 22:00 Uhr auf Anfrage f\u00fcr 500 Ft \/ Anlass (au\u00dfer f\u00fcr Getr\u00e4nke, die im Rahmen des \u201eAll-inclusive\u201c-Pakets bestellt wurden, f\u00fcr die kein Zimmerservice verf\u00fcgbar ist)<\/li>\n<li>Wir m\u00f6chten Sie darauf hinweisen, dass f\u00fcr Extras (die nicht im Paket enthalten sind) wie das B\u00fcfettfr\u00fchst\u00fcck, das B\u00fcfettmittagessen oder das B\u00fcffetabendessen sowie f\u00fcr \u00e0-la-carte bestellte Speisen und Getr\u00e4nke eine Servicegeb\u00fchr von 12% erhoben wird.<\/li>\n<li>Je nach G\u00e4stezahl kann w\u00e4hrend des Abendessens gelegentlich Live-Musik f\u00fcr eine angenehme Atmosph\u00e4re sorgen (meistens am Wochenende)<\/li>\n<\/ul>\n<p>F\u00fcr kleinere Gruppen (unter 20 Personen) bieten wir das Mittagessen \u00e0 la carte an.<\/p>\n<p>&nbsp;<\/p>\n<h3>Unsere Hotelk\u00fcche achtet auch auf die Bed\u00fcrfnisse von G\u00e4sten mit speziellen Ern\u00e4hrungsanforderungen und Lebensmittelallergien<\/h3>\n<p>Sollte das Buffetangebot keine geeigneten Optionen f\u00fcr spezielle oder allergenfreie Di\u00e4ten enthalten, bereiten unsere K\u00f6che nach vorheriger Absprache gegen eine zus\u00e4tzliche Geb\u00fchr von 2.000 HUF ein entsprechendes Gericht aus dem Buffetangebot f\u00fcr Sie zu.<\/p>\n<p><strong>Wir bitten unsere G\u00e4ste, keine Lebensmittel und Getr\u00e4nke von au\u00dferhalb mitzubringen und auf dem Hotelgel\u00e4nde zu konsumieren.<\/strong><\/p>\n<p>\n\t<\/div>\n<\/div>\n<div class=\"row section justify-content-end\">\n\t<div class=\"col-md-1 d-none d-md-block icon\"><img decoding=\"async\" src=\"https:\/\/www.belenushotel.hu\/wp-content\/themes\/belenus\/images\/exclamation_mark.svg\"><\/div>\n\t<div class=\"col-md-11 align-self-end description\">\n\t\t<h3>Kleiderordnung<\/h3>\n\t\t<\/p>\n<p>Bitte beachten Sie, dass wir unsere G\u00e4ste bitten, im Hotelrestaurant w\u00e4hrend der Halbpension-Mahlzeiten angemessen gekleidet zu erscheinen, um sich selbst und ihre Mitg\u00e4ste zu respektieren.<br \/>\nUnter den von uns verwendeten Beschreibungen verstehen wir:<\/p>\n<p><strong>Casual &#8211; Alltagskleidung:<\/strong> L\u00e4ssige, sportliche Kleidung. Stra\u00dfenschuhe und Sandalen, elegante Shorts und R\u00f6cke oder Jeans mit einem T-Shirt oder einem nicht ausgeschnittenen Oberteil.<\/p>\n<p><strong>Smart casual &#8211; Elegant:<\/strong> Sportlich-elegante Kleidung. Stra\u00dfenschuhe und Sandalen, lange Hosen oder Jeans, R\u00f6cke, Hemden oder Poloshirts oder nicht ausgeschnittene Oberteile.<\/p>\n<p>\n\t<\/div>\n<\/div>\n","protected":false},"excerpt":{"rendered":"","protected":false},"author":1,"featured_media":0,"parent":1542,"menu_order":61,"comment_status":"closed","ping_status":"closed","template":"","meta":{"footnotes":""},"class_list":["post-1242","page","type-page","status-publish","hentry"],"yoast_head":"<!-- This site is optimized with the Yoast SEO plugin v27.5 - https:\/\/yoast.com\/product\/yoast-seo-wordpress\/ -->\n<title>Gastronomie | Belenus Thermalhotel *** Zalakaros<\/title>\n<meta name=\"description\" content=\"Legjobb \u00e1rak a saj\u00e1t honlapon - Igaz\u00e1n isteni hely a felt\u00f6lt\u0151 wellness pihen\u00e9sre. Csod\u00e1s parkkal \u00e9s term\u00e1lvizes medenc\u00e9vel\" \/>\n<meta name=\"robots\" content=\"index, follow, max-snippet:-1, max-image-preview:large, max-video-preview:-1\" \/>\n<link rel=\"canonical\" href=\"https:\/\/www.belenushotel.hu\/de\/hotel\/gastronomie\/\" \/>\n<meta property=\"og:locale\" content=\"de_DE\" \/>\n<meta property=\"og:type\" content=\"article\" \/>\n<meta property=\"og:title\" content=\"Gastronomie | Belenus Thermalhotel *** Zalakaros\" \/>\n<meta property=\"og:description\" content=\"Legjobb \u00e1rak a saj\u00e1t honlapon - Igaz\u00e1n isteni hely a felt\u00f6lt\u0151 wellness pihen\u00e9sre. Csod\u00e1s parkkal \u00e9s term\u00e1lvizes medenc\u00e9vel\" \/>\n<meta property=\"og:url\" content=\"https:\/\/www.belenushotel.hu\/de\/hotel\/gastronomie\/\" \/>\n<meta property=\"og:site_name\" content=\"Belenus Thermalhotel *** Zalakaros\" \/>\n<meta property=\"article:publisher\" content=\"https:\/\/www.facebook.com\/belenushotel\" \/>\n<meta property=\"article:modified_time\" content=\"2025-04-03T16:19:22+00:00\" \/>\n<meta property=\"og:image\" content=\"https:\/\/www.belenushotel.hu\/wp-content\/themes\/belenus\/images\/gallery.svg\" \/>\n<meta name=\"twitter:card\" content=\"summary_large_image\" \/>\n<meta name=\"twitter:label1\" content=\"Gesch\u00e4tzte Lesezeit\" \/>\n\t<meta name=\"twitter:data1\" content=\"6\u00a0Minuten\" \/>\n<script type=\"application\/ld+json\" class=\"yoast-schema-graph\">{\"@context\":\"https:\\\/\\\/schema.org\",\"@graph\":[{\"@type\":\"WebPage\",\"@id\":\"https:\\\/\\\/www.belenushotel.hu\\\/de\\\/hotel\\\/gastronomie\\\/\",\"url\":\"https:\\\/\\\/www.belenushotel.hu\\\/de\\\/hotel\\\/gastronomie\\\/\",\"name\":\"Gastronomie | Belenus Thermalhotel *** Zalakaros\",\"isPartOf\":{\"@id\":\"https:\\\/\\\/www.belenushotel.hu\\\/#website\"},\"primaryImageOfPage\":{\"@id\":\"https:\\\/\\\/www.belenushotel.hu\\\/de\\\/hotel\\\/gastronomie\\\/#primaryimage\"},\"image\":{\"@id\":\"https:\\\/\\\/www.belenushotel.hu\\\/de\\\/hotel\\\/gastronomie\\\/#primaryimage\"},\"thumbnailUrl\":\"https:\\\/\\\/www.belenushotel.hu\\\/files\\\/2024\\\/05\\\/etlap-212x300.webp\",\"datePublished\":\"2024-05-21T12:11:21+00:00\",\"dateModified\":\"2025-04-03T16:19:22+00:00\",\"description\":\"Legjobb \u00e1rak a saj\u00e1t honlapon - Igaz\u00e1n isteni hely a felt\u00f6lt\u0151 wellness pihen\u00e9sre. Csod\u00e1s parkkal \u00e9s term\u00e1lvizes medenc\u00e9vel\",\"breadcrumb\":{\"@id\":\"https:\\\/\\\/www.belenushotel.hu\\\/de\\\/hotel\\\/gastronomie\\\/#breadcrumb\"},\"inLanguage\":\"de\",\"potentialAction\":[{\"@type\":\"ReadAction\",\"target\":[\"https:\\\/\\\/www.belenushotel.hu\\\/de\\\/hotel\\\/gastronomie\\\/\"]}]},{\"@type\":\"ImageObject\",\"inLanguage\":\"de\",\"@id\":\"https:\\\/\\\/www.belenushotel.hu\\\/de\\\/hotel\\\/gastronomie\\\/#primaryimage\",\"url\":\"https:\\\/\\\/www.belenushotel.hu\\\/files\\\/2024\\\/05\\\/etlap-212x300.webp\",\"contentUrl\":\"https:\\\/\\\/www.belenushotel.hu\\\/files\\\/2024\\\/05\\\/etlap-212x300.webp\"},{\"@type\":\"BreadcrumbList\",\"@id\":\"https:\\\/\\\/www.belenushotel.hu\\\/de\\\/hotel\\\/gastronomie\\\/#breadcrumb\",\"itemListElement\":[{\"@type\":\"ListItem\",\"position\":1,\"name\":\"Hotel\",\"item\":\"https:\\\/\\\/www.belenushotel.hu\\\/de\\\/hotel\\\/\"},{\"@type\":\"ListItem\",\"position\":2,\"name\":\"Gastronomie\"}]},{\"@type\":\"WebSite\",\"@id\":\"https:\\\/\\\/www.belenushotel.hu\\\/#website\",\"url\":\"https:\\\/\\\/www.belenushotel.hu\\\/\",\"name\":\"Belenus Thermalhotel *** Superior Zalakaros\",\"description\":\"Egy \u201eisteni\u201d hely...\",\"publisher\":{\"@id\":\"https:\\\/\\\/www.belenushotel.hu\\\/#organization\"},\"potentialAction\":[{\"@type\":\"SearchAction\",\"target\":{\"@type\":\"EntryPoint\",\"urlTemplate\":\"https:\\\/\\\/www.belenushotel.hu\\\/?s={search_term_string}\"},\"query-input\":{\"@type\":\"PropertyValueSpecification\",\"valueRequired\":true,\"valueName\":\"search_term_string\"}}],\"inLanguage\":\"de\"},{\"@type\":\"Organization\",\"@id\":\"https:\\\/\\\/www.belenushotel.hu\\\/#organization\",\"name\":\"Belenus Thermalhotel *** Superior Zalakaros\",\"url\":\"https:\\\/\\\/www.belenushotel.hu\\\/\",\"logo\":{\"@type\":\"ImageObject\",\"inLanguage\":\"de\",\"@id\":\"https:\\\/\\\/www.belenushotel.hu\\\/#\\\/schema\\\/logo\\\/image\\\/\",\"url\":\"https:\\\/\\\/www.belenushotel.hu\\\/files\\\/2024\\\/06\\\/belenus_logo_696.webp\",\"contentUrl\":\"https:\\\/\\\/www.belenushotel.hu\\\/files\\\/2024\\\/06\\\/belenus_logo_696.webp\",\"width\":696,\"height\":696,\"caption\":\"Belenus Thermalhotel *** Superior Zalakaros\"},\"image\":{\"@id\":\"https:\\\/\\\/www.belenushotel.hu\\\/#\\\/schema\\\/logo\\\/image\\\/\"},\"sameAs\":[\"https:\\\/\\\/www.facebook.com\\\/belenushotel\"]}]}<\/script>\n<!-- \/ Yoast SEO plugin. -->","yoast_head_json":{"title":"Gastronomie | Belenus Thermalhotel *** Zalakaros","description":"Legjobb \u00e1rak a saj\u00e1t honlapon - Igaz\u00e1n isteni hely a felt\u00f6lt\u0151 wellness pihen\u00e9sre. Csod\u00e1s parkkal \u00e9s term\u00e1lvizes medenc\u00e9vel","robots":{"index":"index","follow":"follow","max-snippet":"max-snippet:-1","max-image-preview":"max-image-preview:large","max-video-preview":"max-video-preview:-1"},"canonical":"https:\/\/www.belenushotel.hu\/de\/hotel\/gastronomie\/","og_locale":"de_DE","og_type":"article","og_title":"Gastronomie | Belenus Thermalhotel *** Zalakaros","og_description":"Legjobb \u00e1rak a saj\u00e1t honlapon - Igaz\u00e1n isteni hely a felt\u00f6lt\u0151 wellness pihen\u00e9sre. Csod\u00e1s parkkal \u00e9s term\u00e1lvizes medenc\u00e9vel","og_url":"https:\/\/www.belenushotel.hu\/de\/hotel\/gastronomie\/","og_site_name":"Belenus Thermalhotel *** Zalakaros","article_publisher":"https:\/\/www.facebook.com\/belenushotel","article_modified_time":"2025-04-03T16:19:22+00:00","og_image":[{"url":"https:\/\/www.belenushotel.hu\/wp-content\/themes\/belenus\/images\/gallery.svg","type":"","width":"","height":""}],"twitter_card":"summary_large_image","twitter_misc":{"Gesch\u00e4tzte Lesezeit":"6\u00a0Minuten"},"schema":{"@context":"https:\/\/schema.org","@graph":[{"@type":"WebPage","@id":"https:\/\/www.belenushotel.hu\/de\/hotel\/gastronomie\/","url":"https:\/\/www.belenushotel.hu\/de\/hotel\/gastronomie\/","name":"Gastronomie | Belenus Thermalhotel *** Zalakaros","isPartOf":{"@id":"https:\/\/www.belenushotel.hu\/#website"},"primaryImageOfPage":{"@id":"https:\/\/www.belenushotel.hu\/de\/hotel\/gastronomie\/#primaryimage"},"image":{"@id":"https:\/\/www.belenushotel.hu\/de\/hotel\/gastronomie\/#primaryimage"},"thumbnailUrl":"https:\/\/www.belenushotel.hu\/files\/2024\/05\/etlap-212x300.webp","datePublished":"2024-05-21T12:11:21+00:00","dateModified":"2025-04-03T16:19:22+00:00","description":"Legjobb \u00e1rak a saj\u00e1t honlapon - Igaz\u00e1n isteni hely a felt\u00f6lt\u0151 wellness pihen\u00e9sre. Csod\u00e1s parkkal \u00e9s term\u00e1lvizes medenc\u00e9vel","breadcrumb":{"@id":"https:\/\/www.belenushotel.hu\/de\/hotel\/gastronomie\/#breadcrumb"},"inLanguage":"de","potentialAction":[{"@type":"ReadAction","target":["https:\/\/www.belenushotel.hu\/de\/hotel\/gastronomie\/"]}]},{"@type":"ImageObject","inLanguage":"de","@id":"https:\/\/www.belenushotel.hu\/de\/hotel\/gastronomie\/#primaryimage","url":"https:\/\/www.belenushotel.hu\/files\/2024\/05\/etlap-212x300.webp","contentUrl":"https:\/\/www.belenushotel.hu\/files\/2024\/05\/etlap-212x300.webp"},{"@type":"BreadcrumbList","@id":"https:\/\/www.belenushotel.hu\/de\/hotel\/gastronomie\/#breadcrumb","itemListElement":[{"@type":"ListItem","position":1,"name":"Hotel","item":"https:\/\/www.belenushotel.hu\/de\/hotel\/"},{"@type":"ListItem","position":2,"name":"Gastronomie"}]},{"@type":"WebSite","@id":"https:\/\/www.belenushotel.hu\/#website","url":"https:\/\/www.belenushotel.hu\/","name":"Belenus Thermalhotel *** Superior Zalakaros","description":"Egy \u201eisteni\u201d hely...","publisher":{"@id":"https:\/\/www.belenushotel.hu\/#organization"},"potentialAction":[{"@type":"SearchAction","target":{"@type":"EntryPoint","urlTemplate":"https:\/\/www.belenushotel.hu\/?s={search_term_string}"},"query-input":{"@type":"PropertyValueSpecification","valueRequired":true,"valueName":"search_term_string"}}],"inLanguage":"de"},{"@type":"Organization","@id":"https:\/\/www.belenushotel.hu\/#organization","name":"Belenus Thermalhotel *** Superior Zalakaros","url":"https:\/\/www.belenushotel.hu\/","logo":{"@type":"ImageObject","inLanguage":"de","@id":"https:\/\/www.belenushotel.hu\/#\/schema\/logo\/image\/","url":"https:\/\/www.belenushotel.hu\/files\/2024\/06\/belenus_logo_696.webp","contentUrl":"https:\/\/www.belenushotel.hu\/files\/2024\/06\/belenus_logo_696.webp","width":696,"height":696,"caption":"Belenus Thermalhotel *** Superior Zalakaros"},"image":{"@id":"https:\/\/www.belenushotel.hu\/#\/schema\/logo\/image\/"},"sameAs":["https:\/\/www.facebook.com\/belenushotel"]}]}},"_links":{"self":[{"href":"https:\/\/www.belenushotel.hu\/de\/wp-json\/wp\/v2\/pages\/1242","targetHints":{"allow":["GET"]}}],"collection":[{"href":"https:\/\/www.belenushotel.hu\/de\/wp-json\/wp\/v2\/pages"}],"about":[{"href":"https:\/\/www.belenushotel.hu\/de\/wp-json\/wp\/v2\/types\/page"}],"author":[{"embeddable":true,"href":"https:\/\/www.belenushotel.hu\/de\/wp-json\/wp\/v2\/users\/1"}],"replies":[{"embeddable":true,"href":"https:\/\/www.belenushotel.hu\/de\/wp-json\/wp\/v2\/comments?post=1242"}],"version-history":[{"count":0,"href":"https:\/\/www.belenushotel.hu\/de\/wp-json\/wp\/v2\/pages\/1242\/revisions"}],"up":[{"embeddable":true,"href":"https:\/\/www.belenushotel.hu\/de\/wp-json\/wp\/v2\/pages\/1542"}],"wp:attachment":[{"href":"https:\/\/www.belenushotel.hu\/de\/wp-json\/wp\/v2\/media?parent=1242"}],"curies":[{"name":"wp","href":"https:\/\/api.w.org\/{rel}","templated":true}]}}