{"id":1234,"date":"2024-05-21T14:11:11","date_gmt":"2024-05-21T12:11:11","guid":{"rendered":"https:\/\/www.belenushotel.hu\/?page_id=1234"},"modified":"2025-06-10T13:30:00","modified_gmt":"2025-06-10T11:30:00","slug":"spa-wellness","status":"publish","type":"page","link":"https:\/\/www.belenushotel.hu\/de\/hotel\/spa-wellness\/","title":{"rendered":"Spa, Wellness"},"content":{"rendered":"<div class=\"row section justify-content-end\">\n\t<div class=\"col-md-1 d-none d-md-block icon\"><img decoding=\"async\" src=\"https:\/\/www.belenushotel.hu\/wp-content\/themes\/belenus\/images\/description.svg\"><\/div>\n\t<div class=\"col-md-11 align-self-end description\">\n\t\t<h3>Leistungen, die im Zimmerpreis enthalten sind<\/h3>\n\t\t\n<ul>\n<li>ganzj\u00e4hrig beheiztes, Thermalwasser-Au\u00dfenschwimmbecken (15&#215;8 m, 120 cm Wassertiefe, 33 \u00b0C Temperatur)<\/li>\n<li>Multifunktions-Innen-Erlebnisbecken mit Ausstiegsm\u00f6glichkeit (42 m<sup>2<\/sup> Wasserfl\u00e4che, 90 cm Wassertiefe, 35 \u00b0C Temperatur)<\/li>\n<li>aromatherapeutische finnische Sauna und Infrarotsauna<\/li>\n<li>aromatherapeutische Dampfh\u00f6hle<\/li>\n<li>verschiedene tropische Erlebnisduschen<\/li>\n<li>beheizte Ruheb\u00e4nke<\/li>\n<li>Kneipp-Tretbecken<\/li>\n<li>Sonnenliegewiese und Terrasse<\/li>\n<li>Ruheinseln<\/li>\n<li>Belenus Strand<\/li>\n<li>Wellness-Handt\u00fccher (1 St\u00fcck pro Person)<\/li>\n<li>Tennisplatz: automatisch bew\u00e4sserter Sandplatz (15. M\u00e4rz &#8211; 30. Oktober)<\/li>\n<li>Igluzelte: befinden sich im Hotelgarten am Poolrand. Mit modernem Heizsystem, komfortablen Betten und weichen Decken im Inneren. (15. Oktober &#8211; 30. April)<\/li>\n<\/ul>\n<p>\n\t<\/div>\n<\/div><br \/>\n<div class=\"row section justify-content-end\">\n\t<div class=\"col-md-1 d-none d-md-block icon\"><img decoding=\"async\" src=\"https:\/\/www.belenushotel.hu\/wp-content\/themes\/belenus\/images\/wellness.svg\"><\/div>\n\t<div class=\"col-md-11 align-self-end description\">\n\t\t<h3>Unsere verw\u00f6hnenden, Wellness- und sonstigen Dienstleistungen in unserem Hotel sind kostenpflichtig<\/h3>\n\t\t<\/p>\n<p><img loading=\"lazy\" decoding=\"async\" class=\"img-fluid alignnone wp-image-840 size-full\" src=\"https:\/\/www.belenushotel.hu\/files\/2024\/06\/masszazs_2.webp\" alt=\"\" width=\"1500\" height=\"698\" srcset=\"https:\/\/www.belenushotel.hu\/files\/2024\/06\/masszazs_2.webp 1500w, https:\/\/www.belenushotel.hu\/files\/2024\/06\/masszazs_2-300x140.webp 300w, https:\/\/www.belenushotel.hu\/files\/2024\/06\/masszazs_2-1024x477.webp 1024w\" sizes=\"auto, (max-width: 1500px) 100vw, 1500px\" \/><\/p>\n<table class=\"table-responsive\" class=\"table-responsive\">\n<thead>\n<tr>\n<th>Behandlung<\/th>\n<th>Preis<\/th>\n<\/tr>\n<\/thead>\n<tbody>\n<tr>\n<td>Aroma\u00f6l-Ganzk\u00f6rpermassage (25 Minuten)<\/td>\n<td>9 000 HUF \/Person \/Sitzung<\/td>\n<\/tr>\n<tr>\n<td>Fu\u00dfmassage (40 Minuten)<\/td>\n<td>12 500 HUF \/Person \/Sitzung<\/td>\n<\/tr>\n<tr>\n<td>Entspannungsmassage (50 Minuten)<\/td>\n<td>14 000 HUF \/Person \/Sitzung<\/td>\n<\/tr>\n<tr>\n<td>Schokoladen-Ganzk\u00f6rper- und Dekollet\u00e9-Massage (50 Minuten)<\/td>\n<td>15 000 HUF \/Person \/Sitzung<\/td>\n<\/tr>\n<tr>\n<td>Stressabbauende Kopf-, Nacken- und R\u00fcckenmassage (40 Minuten)<\/td>\n<td>12 500 HUF \/Person \/Sitzung<\/td>\n<\/tr>\n<tr>\n<td>Augenmassage (25 Minuten)<\/td>\n<td>9 000 HUF \/Person \/Sitzung<\/td>\n<\/tr>\n<tr>\n<td>Gesichts-, Nacken- und Dekollet\u00e9-Massage (55 Minuten)<\/td>\n<td>12 000 HUF \/Person \/Sitzung<\/td>\n<\/tr>\n<tr>\n<td>Migr\u00e4nemassage (25 Minuten)<\/td>\n<td>9 000 HUF \/Person \/Sitzung<\/td>\n<\/tr>\n<tr>\n<td>Honig-Milch-Massage (50 Minuten)<\/td>\n<td>15 000 HUF \/Person \/Sitzung<\/td>\n<\/tr>\n<tr>\n<td>Lavasteinmassage (50 Minuten)<\/td>\n<td>18 000 HUF \/Person \/Sitzung<\/td>\n<\/tr>\n<tr>\n<td>Kr\u00e4utermassage (50 Minuten)<\/td>\n<td>18 000 HUF \/Person \/Sitzung<\/td>\n<\/tr>\n<tr>\n<td>Bambusmassage (50 Minuten)<\/td>\n<td>15 000 HUF \/Person \/Sitzung<\/td>\n<\/tr>\n<tr>\n<td>Manik\u00fcre (40 Minuten)<\/td>\n<td>7 000 HUF \/Person \/Sitzung<\/td>\n<\/tr>\n<tr>\n<td>Manik\u00fcre mit Lack (60 Minuten)<\/td>\n<td>9 500 HUF \/Person \/Sitzung<\/td>\n<\/tr>\n<tr>\n<td>Manik\u00fcre mit Gel-Lack (60 Minuten)<\/td>\n<td>12 500 HUF \/Person \/Sitzung<\/td>\n<\/tr>\n<tr>\n<td>Franz\u00f6sische Manik\u00fcre mit Gel-Lack (60 Minuten)<\/td>\n<td>12 500 HUF \/Person \/Sitzung<\/td>\n<\/tr>\n<tr>\n<td>Pedik\u00fcre (60 Minuten)<\/td>\n<td>10 000 HUF \/Person \/Sitzung<\/td>\n<\/tr>\n<tr>\n<td>Pedik\u00fcre mit Lack (80 Minuten)<\/td>\n<td>12 500 HUF \/Person \/Sitzung<\/td>\n<\/tr>\n<tr>\n<td>Pedik\u00fcre mit Gel-Lack (80 Minuten)<\/td>\n<td>15 500 HUF \/Person \/Sitzung<\/td>\n<\/tr>\n<tr>\n<td>Franz\u00f6sische Pedik\u00fcre mit Gel-Lack (80 Minuten)<\/td>\n<td>15 500 HUF \/Person \/Sitzung<\/td>\n<\/tr>\n<tr>\n<td>Japanische Manik\u00fcre (60 Minuten)<\/td>\n<td>9 500 HUF \/Person \/Sitzung<\/td>\n<\/tr>\n<tr>\n<td>Fahrradverleih<\/td>\n<td>1 000 HUF \/St\u00fcck \/Stunde<\/td>\n<\/tr>\n<tr>\n<td>Elektroroller<\/td>\n<td>4 500 HUF \/St\u00fcck \/Stunde<\/td>\n<\/tr>\n<tr>\n<td>Golfwagen<\/td>\n<td>10 000 HUF \/Stunde<\/td>\n<\/tr>\n<tr>\n<td>Bademantelverleih \/ Umtausch au\u00dferhalb der Reihe<\/td>\n<td>1 000 HUF \/St\u00fcck \/Ereignis<\/td>\n<\/tr>\n<tr>\n<td>Wellness-Handtuch Umtausch au\u00dferhalb der Reihe<\/td>\n<td>500 HUF \/St\u00fcck \/Ereignis<\/td>\n<\/tr>\n<tr>\n<td>Tennisplatz f\u00fcr Hotelg\u00e4ste<\/td>\n<td>kostenlos<\/td>\n<\/tr>\n<tr>\n<td>Tennisplatz f\u00fcr externe G\u00e4ste<\/td>\n<td>6 000 HUF \/Stunde<\/td>\n<\/tr>\n<tr>\n<td>Tennisplatz Saisonkarte (Jahreskarte)<\/td>\n<td>60 000 HUF<\/td>\n<\/tr>\n<tr>\n<td>Tennisplatz 5er-Karte (30 Tage g\u00fcltig)<\/td>\n<td>20 000 HUF<\/td>\n<\/tr>\n<\/tbody>\n<\/table>\n<p>\n\t<\/div>\n<\/div><br \/>\n<div class=\"row section justify-content-end\">\n\t<div class=\"col-md-1 d-none d-md-block icon\"><img decoding=\"async\" src=\"https:\/\/www.belenushotel.hu\/wp-content\/themes\/belenus\/images\/cosmetic_treatment.svg\"><\/div>\n\t<div class=\"col-md-11 align-self-end description\">\n\t\t<h3>Kosmetische Dienstleistungen<\/h3>\n\t\t<\/p>\n<p>Unsere Behandlungen werden mit hochwertigen Helia-D Produkten durchgef\u00fchrt, die als Symbol der ungarischen Kosmetikindustrie gelten. Diese professionellen Produkte enthalten Vitamine, nat\u00fcrliche Pflanzenextrakte (Sonnenblumenstiel, Ringelblume, pflanzliche Stammzellextrakte) sowie feuchtigkeitsspendende Pflanzen\u00f6le (Traubenkern\u00f6l, Argan\u00f6l, Jojoba\u00f6l, Sheabutter).<\/p>\n<p>Sie sind frei von k\u00fcnstlichen Farbstoffen, Parabenen und Erd\u00f6lderivaten.<\/p>\n<table class=\"table-responsive\" class=\"table-responsive\">\n<thead>\n<tr>\n<th>Behandlung<\/th>\n<th>Preis<\/th>\n<\/tr>\n<\/thead>\n<tbody>\n<tr>\n<td>Regenerationsbehandlung mit der Hyaluron-Produktlinie (80 Minuten)<\/td>\n<td>26 000 HUF<\/td>\n<\/tr>\n<tr>\n<td>Kirsch-Pflaumen-Regenerationsbehandlung (80 Minuten)<\/td>\n<td>26 000 HUF<\/td>\n<\/tr>\n<tr>\n<td>Hyalurons\u00e4ure-Auffrischungsbehandlung (25 Minuten)<\/td>\n<td>12 000 HUF<\/td>\n<\/tr>\n<tr>\n<td>Kirsch-Pflaumen-Auffrischungsbehandlung (25 Minuten)<\/td>\n<td>12 000 HUF<\/td>\n<\/tr>\n<\/tbody>\n<\/table>\n<p>\n\t<\/div>\n<\/div><\/p>\n<div class=\"row section justify-content-end\">\n\t<div class=\"col-md-1 d-none d-md-block icon\"><img decoding=\"async\" src=\"https:\/\/www.belenushotel.hu\/wp-content\/themes\/belenus\/images\/gallery.svg\"><\/div>\n\t<div class=\"col-md-11 align-self-end description\">\n\t\t<h3><\/h3>\n\t\t<\/p>\n<div class=\"row\">\n<div class=\"col-sm-6 p-video\"><video controls=\"controls\" width=\"300\" height=\"150\"><source src=\"https:\/\/belenushotel.hu\/files\/medence.mp4\" type=\"video\/mp4\" \/><\/video><\/div>\n<div class=\"col-sm-6 p-video\"><video controls=\"controls\" width=\"300\" height=\"150\"><source src=\"https:\/\/belenushotel.hu\/files\/plazs.mp4\" type=\"video\/mp4\" \/><\/video><\/div>\n<\/div>\n<p>\n\t<\/div>\n<\/div>\n<div class=\"row section justify-content-end\"><div class=\"col-md-1 d-none d-md-block icon\"><img decoding=\"async\" src=\"https:\/\/www.belenushotel.hu\/wp-content\/themes\/belenus\/images\/gallery.svg\"><h4>23<\/h4> <span>Bilder<\/span><\/div><div class=\"col-md-11 align-self-end description\"><div class=\"gallery-imgs gal-18841064 row\">\n\t\t\t<div class=\"gallery-item col-sm-10 pref-img\">\n\t\t\t\t\t\t<a href=\"https:\/\/www.belenushotel.hu\/files\/2025\/06\/DSC08098.webp\">\n\t\t\t\t\t\t\t<img decoding=\"async\" src=\"https:\/\/www.belenushotel.hu\/files\/2025\/06\/DSC08098.webp\" alt=\"\" class=\"img-fluid\">\n\t\t\t\t\t\t\t\n\t\t\t\t\t\t\t<span class=\"g-text\">Um auf die anderen Elemente der Galerie zuzugreifen, klicken Sie auf das Bild!<\/span>\n\t\t\t\t\t\t<\/a>\n\t\t\t\t\t  \n    \t\t<\/div><a href=\"https:\/\/www.belenushotel.hu\/files\/2024\/06\/DSC06150kocka_Vagas.webp\" class=\"d-none\">.<\/a><a href=\"https:\/\/www.belenushotel.hu\/files\/2024\/06\/KEP_9079.webp\" class=\"d-none\">.<\/a><a href=\"https:\/\/www.belenushotel.hu\/files\/2024\/06\/DSC06165.webp\" class=\"d-none\">.<\/a><a href=\"https:\/\/www.belenushotel.hu\/files\/2024\/06\/DSC01064.webp\" class=\"d-none\">.<\/a><a href=\"https:\/\/www.belenushotel.hu\/files\/2024\/06\/DSC09881.webp\" class=\"d-none\">.<\/a><a href=\"https:\/\/www.belenushotel.hu\/files\/2024\/06\/DSC09962.webp\" class=\"d-none\">.<\/a><a href=\"https:\/\/www.belenushotel.hu\/files\/2024\/06\/DSC01145.webp\" class=\"d-none\">.<\/a><a href=\"https:\/\/www.belenushotel.hu\/files\/2024\/06\/DSC00011.webp\" class=\"d-none\">.<\/a><a href=\"https:\/\/www.belenushotel.hu\/files\/2024\/06\/100_0887_20190616132001.webp\" class=\"d-none\">.<\/a><a href=\"https:\/\/www.belenushotel.hu\/files\/2024\/06\/100_0882_20190616131933.webp\" class=\"d-none\">.<\/a><a href=\"https:\/\/www.belenushotel.hu\/files\/2024\/06\/KEP_9106.webp\" class=\"d-none\">.<\/a><a href=\"https:\/\/www.belenushotel.hu\/files\/2024\/06\/DSC00057.webp\" class=\"d-none\">.<\/a><a href=\"https:\/\/www.belenushotel.hu\/files\/2024\/06\/3444.webp\" class=\"d-none\">.<\/a><a href=\"https:\/\/www.belenushotel.hu\/files\/2024\/06\/3517.webp\" class=\"d-none\">.<\/a><a href=\"https:\/\/www.belenushotel.hu\/files\/2024\/06\/3641.webp\" class=\"d-none\">.<\/a><a href=\"https:\/\/www.belenushotel.hu\/files\/2024\/06\/3748.webp\" class=\"d-none\">.<\/a><a href=\"https:\/\/www.belenushotel.hu\/files\/2024\/06\/3779.webp\" class=\"d-none\">.<\/a><a href=\"https:\/\/www.belenushotel.hu\/files\/2024\/06\/3923.webp\" class=\"d-none\">.<\/a><a href=\"https:\/\/www.belenushotel.hu\/files\/2024\/06\/DSC09742.webp\" class=\"d-none\">.<\/a><a href=\"https:\/\/www.belenushotel.hu\/files\/2024\/06\/DSC00855.webp\" class=\"d-none\">.<\/a><a href=\"https:\/\/www.belenushotel.hu\/files\/2024\/06\/DSC09679.webp\" class=\"d-none\">.<\/a><a href=\"https:\/\/www.belenushotel.hu\/files\/2024\/06\/DSC09721.webp\" class=\"d-none\">.<\/a><\/div><\/div><\/div>\n","protected":false},"excerpt":{"rendered":"","protected":false},"author":1,"featured_media":0,"parent":1542,"menu_order":132,"comment_status":"closed","ping_status":"closed","template":"","meta":{"footnotes":""},"class_list":["post-1234","page","type-page","status-publish","hentry"],"yoast_head":"<!-- This site is optimized with the Yoast SEO plugin v27.0 - https:\/\/yoast.com\/product\/yoast-seo-wordpress\/ -->\n<title>Spa, Wellness | Belenus Thermalhotel *** Zalakaros<\/title>\n<meta name=\"description\" content=\"Legjobb \u00e1rak a saj\u00e1t honlapon - Igaz\u00e1n isteni hely a felt\u00f6lt\u0151 wellness pihen\u00e9sre. Csod\u00e1s parkkal \u00e9s term\u00e1lvizes medenc\u00e9vel\" \/>\n<meta name=\"robots\" content=\"index, follow, max-snippet:-1, max-image-preview:large, max-video-preview:-1\" \/>\n<link rel=\"canonical\" href=\"https:\/\/www.belenushotel.hu\/de\/hotel\/spa-wellness\/\" \/>\n<meta property=\"og:locale\" content=\"de_DE\" \/>\n<meta property=\"og:type\" content=\"article\" \/>\n<meta property=\"og:title\" content=\"Spa, Wellness | Belenus Thermalhotel *** Zalakaros\" \/>\n<meta property=\"og:description\" content=\"Legjobb \u00e1rak a saj\u00e1t honlapon - Igaz\u00e1n isteni hely a felt\u00f6lt\u0151 wellness pihen\u00e9sre. Csod\u00e1s parkkal \u00e9s term\u00e1lvizes medenc\u00e9vel\" \/>\n<meta property=\"og:url\" content=\"https:\/\/www.belenushotel.hu\/de\/hotel\/spa-wellness\/\" \/>\n<meta property=\"og:site_name\" content=\"Belenus Thermalhotel *** Zalakaros\" \/>\n<meta property=\"article:publisher\" content=\"https:\/\/www.facebook.com\/belenushotel\" \/>\n<meta property=\"article:modified_time\" content=\"2025-06-10T11:30:00+00:00\" \/>\n<meta property=\"og:image\" content=\"https:\/\/www.belenushotel.hu\/wp-content\/themes\/belenus\/images\/gallery.svg\" \/>\n<meta name=\"twitter:card\" content=\"summary_large_image\" \/>\n<meta name=\"twitter:label1\" content=\"Gesch\u00e4tzte Lesezeit\" \/>\n\t<meta name=\"twitter:data1\" content=\"4\u00a0Minuten\" \/>\n<script type=\"application\/ld+json\" class=\"yoast-schema-graph\">{\"@context\":\"https:\/\/schema.org\",\"@graph\":[{\"@type\":\"WebPage\",\"@id\":\"https:\/\/www.belenushotel.hu\/de\/hotel\/spa-wellness\/\",\"url\":\"https:\/\/www.belenushotel.hu\/de\/hotel\/spa-wellness\/\",\"name\":\"Spa, Wellness | Belenus Thermalhotel *** Zalakaros\",\"isPartOf\":{\"@id\":\"https:\/\/www.belenushotel.hu\/#website\"},\"primaryImageOfPage\":{\"@id\":\"https:\/\/www.belenushotel.hu\/de\/hotel\/spa-wellness\/#primaryimage\"},\"image\":{\"@id\":\"https:\/\/www.belenushotel.hu\/de\/hotel\/spa-wellness\/#primaryimage\"},\"thumbnailUrl\":\"https:\/\/www.belenushotel.hu\/files\/2024\/06\/masszazs_2.webp\",\"datePublished\":\"2024-05-21T12:11:11+00:00\",\"dateModified\":\"2025-06-10T11:30:00+00:00\",\"description\":\"Legjobb \u00e1rak a saj\u00e1t honlapon - Igaz\u00e1n isteni hely a felt\u00f6lt\u0151 wellness pihen\u00e9sre. Csod\u00e1s parkkal \u00e9s term\u00e1lvizes medenc\u00e9vel\",\"breadcrumb\":{\"@id\":\"https:\/\/www.belenushotel.hu\/de\/hotel\/spa-wellness\/#breadcrumb\"},\"inLanguage\":\"de\",\"potentialAction\":[{\"@type\":\"ReadAction\",\"target\":[\"https:\/\/www.belenushotel.hu\/de\/hotel\/spa-wellness\/\"]}]},{\"@type\":\"ImageObject\",\"inLanguage\":\"de\",\"@id\":\"https:\/\/www.belenushotel.hu\/de\/hotel\/spa-wellness\/#primaryimage\",\"url\":\"https:\/\/www.belenushotel.hu\/files\/2024\/06\/masszazs_2.webp\",\"contentUrl\":\"https:\/\/www.belenushotel.hu\/files\/2024\/06\/masszazs_2.webp\"},{\"@type\":\"BreadcrumbList\",\"@id\":\"https:\/\/www.belenushotel.hu\/de\/hotel\/spa-wellness\/#breadcrumb\",\"itemListElement\":[{\"@type\":\"ListItem\",\"position\":1,\"name\":\"Hotel\",\"item\":\"https:\/\/www.belenushotel.hu\/de\/hotel\/\"},{\"@type\":\"ListItem\",\"position\":2,\"name\":\"Spa, Wellness\"}]},{\"@type\":\"WebSite\",\"@id\":\"https:\/\/www.belenushotel.hu\/#website\",\"url\":\"https:\/\/www.belenushotel.hu\/\",\"name\":\"Belenus Thermalhotel *** Superior Zalakaros\",\"description\":\"Egy \u201eisteni\u201d hely...\",\"publisher\":{\"@id\":\"https:\/\/www.belenushotel.hu\/#organization\"},\"potentialAction\":[{\"@type\":\"SearchAction\",\"target\":{\"@type\":\"EntryPoint\",\"urlTemplate\":\"https:\/\/www.belenushotel.hu\/?s={search_term_string}\"},\"query-input\":{\"@type\":\"PropertyValueSpecification\",\"valueRequired\":true,\"valueName\":\"search_term_string\"}}],\"inLanguage\":\"de\"},{\"@type\":\"Organization\",\"@id\":\"https:\/\/www.belenushotel.hu\/#organization\",\"name\":\"Belenus Thermalhotel *** Superior Zalakaros\",\"url\":\"https:\/\/www.belenushotel.hu\/\",\"logo\":{\"@type\":\"ImageObject\",\"inLanguage\":\"de\",\"@id\":\"https:\/\/www.belenushotel.hu\/#\/schema\/logo\/image\/\",\"url\":\"https:\/\/www.belenushotel.hu\/files\/2024\/06\/belenus_logo_696.webp\",\"contentUrl\":\"https:\/\/www.belenushotel.hu\/files\/2024\/06\/belenus_logo_696.webp\",\"width\":696,\"height\":696,\"caption\":\"Belenus Thermalhotel *** Superior Zalakaros\"},\"image\":{\"@id\":\"https:\/\/www.belenushotel.hu\/#\/schema\/logo\/image\/\"},\"sameAs\":[\"https:\/\/www.facebook.com\/belenushotel\"]}]}<\/script>\n<!-- \/ Yoast SEO plugin. -->","yoast_head_json":{"title":"Spa, Wellness | Belenus Thermalhotel *** Zalakaros","description":"Legjobb \u00e1rak a saj\u00e1t honlapon - Igaz\u00e1n isteni hely a felt\u00f6lt\u0151 wellness pihen\u00e9sre. Csod\u00e1s parkkal \u00e9s term\u00e1lvizes medenc\u00e9vel","robots":{"index":"index","follow":"follow","max-snippet":"max-snippet:-1","max-image-preview":"max-image-preview:large","max-video-preview":"max-video-preview:-1"},"canonical":"https:\/\/www.belenushotel.hu\/de\/hotel\/spa-wellness\/","og_locale":"de_DE","og_type":"article","og_title":"Spa, Wellness | Belenus Thermalhotel *** Zalakaros","og_description":"Legjobb \u00e1rak a saj\u00e1t honlapon - Igaz\u00e1n isteni hely a felt\u00f6lt\u0151 wellness pihen\u00e9sre. Csod\u00e1s parkkal \u00e9s term\u00e1lvizes medenc\u00e9vel","og_url":"https:\/\/www.belenushotel.hu\/de\/hotel\/spa-wellness\/","og_site_name":"Belenus Thermalhotel *** Zalakaros","article_publisher":"https:\/\/www.facebook.com\/belenushotel","article_modified_time":"2025-06-10T11:30:00+00:00","og_image":[{"url":"https:\/\/www.belenushotel.hu\/wp-content\/themes\/belenus\/images\/gallery.svg","type":"","width":"","height":""}],"twitter_card":"summary_large_image","twitter_misc":{"Gesch\u00e4tzte Lesezeit":"4\u00a0Minuten"},"schema":{"@context":"https:\/\/schema.org","@graph":[{"@type":"WebPage","@id":"https:\/\/www.belenushotel.hu\/de\/hotel\/spa-wellness\/","url":"https:\/\/www.belenushotel.hu\/de\/hotel\/spa-wellness\/","name":"Spa, Wellness | Belenus Thermalhotel *** Zalakaros","isPartOf":{"@id":"https:\/\/www.belenushotel.hu\/#website"},"primaryImageOfPage":{"@id":"https:\/\/www.belenushotel.hu\/de\/hotel\/spa-wellness\/#primaryimage"},"image":{"@id":"https:\/\/www.belenushotel.hu\/de\/hotel\/spa-wellness\/#primaryimage"},"thumbnailUrl":"https:\/\/www.belenushotel.hu\/files\/2024\/06\/masszazs_2.webp","datePublished":"2024-05-21T12:11:11+00:00","dateModified":"2025-06-10T11:30:00+00:00","description":"Legjobb \u00e1rak a saj\u00e1t honlapon - Igaz\u00e1n isteni hely a felt\u00f6lt\u0151 wellness pihen\u00e9sre. Csod\u00e1s parkkal \u00e9s term\u00e1lvizes medenc\u00e9vel","breadcrumb":{"@id":"https:\/\/www.belenushotel.hu\/de\/hotel\/spa-wellness\/#breadcrumb"},"inLanguage":"de","potentialAction":[{"@type":"ReadAction","target":["https:\/\/www.belenushotel.hu\/de\/hotel\/spa-wellness\/"]}]},{"@type":"ImageObject","inLanguage":"de","@id":"https:\/\/www.belenushotel.hu\/de\/hotel\/spa-wellness\/#primaryimage","url":"https:\/\/www.belenushotel.hu\/files\/2024\/06\/masszazs_2.webp","contentUrl":"https:\/\/www.belenushotel.hu\/files\/2024\/06\/masszazs_2.webp"},{"@type":"BreadcrumbList","@id":"https:\/\/www.belenushotel.hu\/de\/hotel\/spa-wellness\/#breadcrumb","itemListElement":[{"@type":"ListItem","position":1,"name":"Hotel","item":"https:\/\/www.belenushotel.hu\/de\/hotel\/"},{"@type":"ListItem","position":2,"name":"Spa, Wellness"}]},{"@type":"WebSite","@id":"https:\/\/www.belenushotel.hu\/#website","url":"https:\/\/www.belenushotel.hu\/","name":"Belenus Thermalhotel *** Superior Zalakaros","description":"Egy \u201eisteni\u201d hely...","publisher":{"@id":"https:\/\/www.belenushotel.hu\/#organization"},"potentialAction":[{"@type":"SearchAction","target":{"@type":"EntryPoint","urlTemplate":"https:\/\/www.belenushotel.hu\/?s={search_term_string}"},"query-input":{"@type":"PropertyValueSpecification","valueRequired":true,"valueName":"search_term_string"}}],"inLanguage":"de"},{"@type":"Organization","@id":"https:\/\/www.belenushotel.hu\/#organization","name":"Belenus Thermalhotel *** Superior Zalakaros","url":"https:\/\/www.belenushotel.hu\/","logo":{"@type":"ImageObject","inLanguage":"de","@id":"https:\/\/www.belenushotel.hu\/#\/schema\/logo\/image\/","url":"https:\/\/www.belenushotel.hu\/files\/2024\/06\/belenus_logo_696.webp","contentUrl":"https:\/\/www.belenushotel.hu\/files\/2024\/06\/belenus_logo_696.webp","width":696,"height":696,"caption":"Belenus Thermalhotel *** Superior Zalakaros"},"image":{"@id":"https:\/\/www.belenushotel.hu\/#\/schema\/logo\/image\/"},"sameAs":["https:\/\/www.facebook.com\/belenushotel"]}]}},"_links":{"self":[{"href":"https:\/\/www.belenushotel.hu\/de\/wp-json\/wp\/v2\/pages\/1234","targetHints":{"allow":["GET"]}}],"collection":[{"href":"https:\/\/www.belenushotel.hu\/de\/wp-json\/wp\/v2\/pages"}],"about":[{"href":"https:\/\/www.belenushotel.hu\/de\/wp-json\/wp\/v2\/types\/page"}],"author":[{"embeddable":true,"href":"https:\/\/www.belenushotel.hu\/de\/wp-json\/wp\/v2\/users\/1"}],"replies":[{"embeddable":true,"href":"https:\/\/www.belenushotel.hu\/de\/wp-json\/wp\/v2\/comments?post=1234"}],"version-history":[{"count":0,"href":"https:\/\/www.belenushotel.hu\/de\/wp-json\/wp\/v2\/pages\/1234\/revisions"}],"up":[{"embeddable":true,"href":"https:\/\/www.belenushotel.hu\/de\/wp-json\/wp\/v2\/pages\/1542"}],"wp:attachment":[{"href":"https:\/\/www.belenushotel.hu\/de\/wp-json\/wp\/v2\/media?parent=1234"}],"curies":[{"name":"wp","href":"https:\/\/api.w.org\/{rel}","templated":true}]}}